{"id":103,"date":"2015-09-23T08:03:28","date_gmt":"2015-09-23T08:03:28","guid":{"rendered":"http:\/\/csavoly.hu\/wp\/?p=103"},"modified":"2020-05-12T08:29:17","modified_gmt":"2020-05-12T06:29:17","slug":"csavolyi-sportkor-labdarugas","status":"publish","type":"page","link":"https:\/\/csavoly.hu\/wp\/?page_id=103","title":{"rendered":"Cs\u00e1volyi Sportk\u00f6r (labdar\u00fag\u00e1s)"},"content":{"rendered":"<h2><a href=\"https:\/\/csavoly.hu\/wp\/?page_id=363\" target=\"_blank\" rel=\"noopener noreferrer\">P\u00c1LY\u00c1ZATOK<\/a><\/h2>\n","protected":false},"excerpt":{"rendered":"<p>P\u00c1LY\u00c1ZATOK<\/p>\n","protected":false},"author":1,"featured_media":0,"parent":0,"menu_order":0,"comment_status":"closed","ping_status":"open","template":"","meta":{"footnotes":""},"class_list":["post-103","page","type-page","status-publish","hentry"],"_links":{"self":[{"href":"https:\/\/csavoly.hu\/wp\/index.php?rest_route=\/wp\/v2\/pages\/103"}],"collection":[{"href":"https:\/\/csavoly.hu\/wp\/index.php?rest_route=\/wp\/v2\/pages"}],"about":[{"href":"https:\/\/csavoly.hu\/wp\/index.php?rest_route=\/wp\/v2\/types\/page"}],"author":[{"embeddable":true,"href":"https:\/\/csavoly.hu\/wp\/index.php?rest_route=\/wp\/v2\/users\/1"}],"replies":[{"embeddable":true,"href":"https:\/\/csavoly.hu\/wp\/index.php?rest_route=%2Fwp%2Fv2%2Fcomments&post=103"}],"version-history":[{"count":1,"href":"https:\/\/csavoly.hu\/wp\/index.php?rest_route=\/wp\/v2\/pages\/103\/revisions"}],"predecessor-version":[{"id":2840,"href":"https:\/\/csavoly.hu\/wp\/index.php?rest_route=\/wp\/v2\/pages\/103\/revisions\/2840"}],"wp:attachment":[{"href":"https:\/\/csavoly.hu\/wp\/index.php?rest_route=%2Fwp%2Fv2%2Fmedia&parent=103"}],"curies":[{"name":"wp","href":"https:\/\/api.w.org\/{rel}","templated":true}]}}