{"id":1095,"date":"2018-04-18T09:50:19","date_gmt":"2018-04-18T09:50:19","guid":{"rendered":"http:\/\/csavoly.hu\/wp\/?page_id=1095"},"modified":"2018-04-18T09:50:19","modified_gmt":"2018-04-18T09:50:19","slug":"emlektablak-koszoruzasa-2018-04-14","status":"publish","type":"page","link":"https:\/\/csavoly.hu\/wp\/?page_id=1095","title":{"rendered":"Eml\u00e9kt\u00e1bl\u00e1k koszor\u00faz\u00e1sa 2018. 04. 14."},"content":{"rendered":"<p><img loading=\"lazy\" decoding=\"async\" class=\"alignnone size-medium wp-image-1096\" src=\"https:\/\/csavoly.hu\/wp\/wp-content\/uploads\/2018\/04\/IMG_3802-300x225.jpg\" alt=\"\" width=\"300\" height=\"225\" srcset=\"https:\/\/csavoly.hu\/wp\/wp-content\/uploads\/2018\/04\/IMG_3802-300x225.jpg 300w, https:\/\/csavoly.hu\/wp\/wp-content\/uploads\/2018\/04\/IMG_3802-768x576.jpg 768w, https:\/\/csavoly.hu\/wp\/wp-content\/uploads\/2018\/04\/IMG_3802-1024x768.jpg 1024w, https:\/\/csavoly.hu\/wp\/wp-content\/uploads\/2018\/04\/IMG_3802-1170x878.jpg 1170w\" sizes=\"(max-width: 300px) 100vw, 300px\" \/> <img loading=\"lazy\" decoding=\"async\" class=\"alignnone size-medium wp-image-1097\" src=\"https:\/\/csavoly.hu\/wp\/wp-content\/uploads\/2018\/04\/IMG_3823-300x225.jpg\" alt=\"\" width=\"300\" height=\"225\" srcset=\"https:\/\/csavoly.hu\/wp\/wp-content\/uploads\/2018\/04\/IMG_3823-300x225.jpg 300w, https:\/\/csavoly.hu\/wp\/wp-content\/uploads\/2018\/04\/IMG_3823-768x576.jpg 768w, https:\/\/csavoly.hu\/wp\/wp-content\/uploads\/2018\/04\/IMG_3823-1024x768.jpg 1024w, https:\/\/csavoly.hu\/wp\/wp-content\/uploads\/2018\/04\/IMG_3823-1170x878.jpg 1170w\" sizes=\"(max-width: 300px) 100vw, 300px\" \/> <img loading=\"lazy\" decoding=\"async\" class=\"alignnone size-medium wp-image-1098\" src=\"https:\/\/csavoly.hu\/wp\/wp-content\/uploads\/2018\/04\/IMG_3831-225x300.jpg\" alt=\"\" width=\"225\" height=\"300\" srcset=\"https:\/\/csavoly.hu\/wp\/wp-content\/uploads\/2018\/04\/IMG_3831-225x300.jpg 225w, https:\/\/csavoly.hu\/wp\/wp-content\/uploads\/2018\/04\/IMG_3831-768x1024.jpg 768w, https:\/\/csavoly.hu\/wp\/wp-content\/uploads\/2018\/04\/IMG_3831-1170x1560.jpg 1170w\" sizes=\"(max-width: 225px) 100vw, 225px\" \/> <img loading=\"lazy\" decoding=\"async\" class=\"alignnone size-medium wp-image-1099\" src=\"https:\/\/csavoly.hu\/wp\/wp-content\/uploads\/2018\/04\/IMG_3834-225x300.jpg\" alt=\"\" width=\"225\" height=\"300\" srcset=\"https:\/\/csavoly.hu\/wp\/wp-content\/uploads\/2018\/04\/IMG_3834-225x300.jpg 225w, https:\/\/csavoly.hu\/wp\/wp-content\/uploads\/2018\/04\/IMG_3834-768x1024.jpg 768w, https:\/\/csavoly.hu\/wp\/wp-content\/uploads\/2018\/04\/IMG_3834-1170x1560.jpg 1170w\" sizes=\"(max-width: 225px) 100vw, 225px\" \/> <img loading=\"lazy\" decoding=\"async\" class=\"alignnone size-medium wp-image-1100\" src=\"https:\/\/csavoly.hu\/wp\/wp-content\/uploads\/2018\/04\/IMG_3835-225x300.jpg\" alt=\"\" width=\"225\" height=\"300\" srcset=\"https:\/\/csavoly.hu\/wp\/wp-content\/uploads\/2018\/04\/IMG_3835-225x300.jpg 225w, https:\/\/csavoly.hu\/wp\/wp-content\/uploads\/2018\/04\/IMG_3835-768x1024.jpg 768w, https:\/\/csavoly.hu\/wp\/wp-content\/uploads\/2018\/04\/IMG_3835-1170x1560.jpg 1170w\" sizes=\"(max-width: 225px) 100vw, 225px\" \/> <img loading=\"lazy\" decoding=\"async\" class=\"alignnone size-medium wp-image-1101\" src=\"https:\/\/csavoly.hu\/wp\/wp-content\/uploads\/2018\/04\/IMG_3890-300x225.jpg\" alt=\"\" width=\"300\" height=\"225\" srcset=\"https:\/\/csavoly.hu\/wp\/wp-content\/uploads\/2018\/04\/IMG_3890-300x225.jpg 300w, https:\/\/csavoly.hu\/wp\/wp-content\/uploads\/2018\/04\/IMG_3890-768x576.jpg 768w, https:\/\/csavoly.hu\/wp\/wp-content\/uploads\/2018\/04\/IMG_3890-1024x768.jpg 1024w, https:\/\/csavoly.hu\/wp\/wp-content\/uploads\/2018\/04\/IMG_3890-1170x878.jpg 1170w\" sizes=\"(max-width: 300px) 100vw, 300px\" \/> <img loading=\"lazy\" decoding=\"async\" class=\"alignnone size-medium wp-image-1102\" src=\"https:\/\/csavoly.hu\/wp\/wp-content\/uploads\/2018\/04\/IMG_3894-300x225.jpg\" alt=\"\" width=\"300\" height=\"225\" srcset=\"https:\/\/csavoly.hu\/wp\/wp-content\/uploads\/2018\/04\/IMG_3894-300x225.jpg 300w, https:\/\/csavoly.hu\/wp\/wp-content\/uploads\/2018\/04\/IMG_3894-768x576.jpg 768w, https:\/\/csavoly.hu\/wp\/wp-content\/uploads\/2018\/04\/IMG_3894-1024x768.jpg 1024w, https:\/\/csavoly.hu\/wp\/wp-content\/uploads\/2018\/04\/IMG_3894-1170x878.jpg 1170w\" sizes=\"(max-width: 300px) 100vw, 300px\" \/> <img loading=\"lazy\" decoding=\"async\" class=\"alignnone size-medium wp-image-1103\" src=\"https:\/\/csavoly.hu\/wp\/wp-content\/uploads\/2018\/04\/IMG_20180414_140830-300x168.jpg\" alt=\"\" width=\"300\" height=\"168\" srcset=\"https:\/\/csavoly.hu\/wp\/wp-content\/uploads\/2018\/04\/IMG_20180414_140830-300x168.jpg 300w, https:\/\/csavoly.hu\/wp\/wp-content\/uploads\/2018\/04\/IMG_20180414_140830-768x431.jpg 768w, https:\/\/csavoly.hu\/wp\/wp-content\/uploads\/2018\/04\/IMG_20180414_140830-1024x575.jpg 1024w, https:\/\/csavoly.hu\/wp\/wp-content\/uploads\/2018\/04\/IMG_20180414_140830-1170x657.jpg 1170w\" sizes=\"(max-width: 300px) 100vw, 300px\" \/> <img loading=\"lazy\" decoding=\"async\" class=\"alignnone size-medium wp-image-1104\" src=\"https:\/\/csavoly.hu\/wp\/wp-content\/uploads\/2018\/04\/IMG_20180414_141947-300x168.jpg\" alt=\"\" width=\"300\" height=\"168\" srcset=\"https:\/\/csavoly.hu\/wp\/wp-content\/uploads\/2018\/04\/IMG_20180414_141947-300x168.jpg 300w, https:\/\/csavoly.hu\/wp\/wp-content\/uploads\/2018\/04\/IMG_20180414_141947-768x431.jpg 768w, https:\/\/csavoly.hu\/wp\/wp-content\/uploads\/2018\/04\/IMG_20180414_141947-1024x575.jpg 1024w, https:\/\/csavoly.hu\/wp\/wp-content\/uploads\/2018\/04\/IMG_20180414_141947-1170x657.jpg 1170w\" sizes=\"(max-width: 300px) 100vw, 300px\" \/> <img loading=\"lazy\" decoding=\"async\" class=\"alignnone size-medium wp-image-1105\" src=\"https:\/\/csavoly.hu\/wp\/wp-content\/uploads\/2018\/04\/IMG_20180414_142925-300x168.jpg\" alt=\"\" width=\"300\" height=\"168\" srcset=\"https:\/\/csavoly.hu\/wp\/wp-content\/uploads\/2018\/04\/IMG_20180414_142925-300x168.jpg 300w, https:\/\/csavoly.hu\/wp\/wp-content\/uploads\/2018\/04\/IMG_20180414_142925-768x431.jpg 768w, https:\/\/csavoly.hu\/wp\/wp-content\/uploads\/2018\/04\/IMG_20180414_142925-1024x575.jpg 1024w, https:\/\/csavoly.hu\/wp\/wp-content\/uploads\/2018\/04\/IMG_20180414_142925-1170x657.jpg 1170w\" sizes=\"(max-width: 300px) 100vw, 300px\" \/> <img loading=\"lazy\" decoding=\"async\" class=\"alignnone size-medium wp-image-1106\" src=\"https:\/\/csavoly.hu\/wp\/wp-content\/uploads\/2018\/04\/IMG_20180414_144014-300x168.jpg\" alt=\"\" width=\"300\" height=\"168\" srcset=\"https:\/\/csavoly.hu\/wp\/wp-content\/uploads\/2018\/04\/IMG_20180414_144014-300x168.jpg 300w, https:\/\/csavoly.hu\/wp\/wp-content\/uploads\/2018\/04\/IMG_20180414_144014-768x431.jpg 768w, https:\/\/csavoly.hu\/wp\/wp-content\/uploads\/2018\/04\/IMG_20180414_144014-1024x575.jpg 1024w, https:\/\/csavoly.hu\/wp\/wp-content\/uploads\/2018\/04\/IMG_20180414_144014-1170x657.jpg 1170w\" sizes=\"(max-width: 300px) 100vw, 300px\" \/> <img loading=\"lazy\" decoding=\"async\" class=\"alignnone size-medium wp-image-1107\" src=\"https:\/\/csavoly.hu\/wp\/wp-content\/uploads\/2018\/04\/IMG_20180414_144736-300x168.jpg\" alt=\"\" width=\"300\" height=\"168\" srcset=\"https:\/\/csavoly.hu\/wp\/wp-content\/uploads\/2018\/04\/IMG_20180414_144736-300x168.jpg 300w, https:\/\/csavoly.hu\/wp\/wp-content\/uploads\/2018\/04\/IMG_20180414_144736-768x431.jpg 768w, https:\/\/csavoly.hu\/wp\/wp-content\/uploads\/2018\/04\/IMG_20180414_144736-1024x575.jpg 1024w, https:\/\/csavoly.hu\/wp\/wp-content\/uploads\/2018\/04\/IMG_20180414_144736-1170x657.jpg 1170w\" sizes=\"(max-width: 300px) 100vw, 300px\" \/> <img loading=\"lazy\" decoding=\"async\" class=\"alignnone size-medium wp-image-1108\" src=\"https:\/\/csavoly.hu\/wp\/wp-content\/uploads\/2018\/04\/IMG_20180414_145350-300x168.jpg\" alt=\"\" width=\"300\" height=\"168\" srcset=\"https:\/\/csavoly.hu\/wp\/wp-content\/uploads\/2018\/04\/IMG_20180414_145350-300x168.jpg 300w, https:\/\/csavoly.hu\/wp\/wp-content\/uploads\/2018\/04\/IMG_20180414_145350-768x431.jpg 768w, https:\/\/csavoly.hu\/wp\/wp-content\/uploads\/2018\/04\/IMG_20180414_145350-1024x575.jpg 1024w, https:\/\/csavoly.hu\/wp\/wp-content\/uploads\/2018\/04\/IMG_20180414_145350-1170x657.jpg 1170w\" sizes=\"(max-width: 300px) 100vw, 300px\" \/> <img loading=\"lazy\" decoding=\"async\" class=\"alignnone size-medium wp-image-1109\" src=\"https:\/\/csavoly.hu\/wp\/wp-content\/uploads\/2018\/04\/IMG_20180414_145935-300x168.jpg\" alt=\"\" width=\"300\" height=\"168\" srcset=\"https:\/\/csavoly.hu\/wp\/wp-content\/uploads\/2018\/04\/IMG_20180414_145935-300x168.jpg 300w, https:\/\/csavoly.hu\/wp\/wp-content\/uploads\/2018\/04\/IMG_20180414_145935-768x431.jpg 768w, https:\/\/csavoly.hu\/wp\/wp-content\/uploads\/2018\/04\/IMG_20180414_145935-1024x575.jpg 1024w, https:\/\/csavoly.hu\/wp\/wp-content\/uploads\/2018\/04\/IMG_20180414_145935-1170x657.jpg 1170w\" sizes=\"(max-width: 300px) 100vw, 300px\" \/> <img loading=\"lazy\" decoding=\"async\" class=\"alignnone size-medium wp-image-1110\" src=\"https:\/\/csavoly.hu\/wp\/wp-content\/uploads\/2018\/04\/IMG_20180414_150518-300x168.jpg\" alt=\"\" width=\"300\" height=\"168\" srcset=\"https:\/\/csavoly.hu\/wp\/wp-content\/uploads\/2018\/04\/IMG_20180414_150518-300x168.jpg 300w, https:\/\/csavoly.hu\/wp\/wp-content\/uploads\/2018\/04\/IMG_20180414_150518-768x431.jpg 768w, https:\/\/csavoly.hu\/wp\/wp-content\/uploads\/2018\/04\/IMG_20180414_150518-1024x575.jpg 1024w, https:\/\/csavoly.hu\/wp\/wp-content\/uploads\/2018\/04\/IMG_20180414_150518-1170x657.jpg 1170w\" sizes=\"(max-width: 300px) 100vw, 300px\" \/> <img loading=\"lazy\" decoding=\"async\" class=\"alignnone size-medium wp-image-1111\" src=\"https:\/\/csavoly.hu\/wp\/wp-content\/uploads\/2018\/04\/IMG_20180414_152428-168x300.jpg\" alt=\"\" width=\"168\" height=\"300\" srcset=\"https:\/\/csavoly.hu\/wp\/wp-content\/uploads\/2018\/04\/IMG_20180414_152428-168x300.jpg 168w, https:\/\/csavoly.hu\/wp\/wp-content\/uploads\/2018\/04\/IMG_20180414_152428-768x1368.jpg 768w, https:\/\/csavoly.hu\/wp\/wp-content\/uploads\/2018\/04\/IMG_20180414_152428-575x1024.jpg 575w, https:\/\/csavoly.hu\/wp\/wp-content\/uploads\/2018\/04\/IMG_20180414_152428-1170x2084.jpg 1170w\" sizes=\"(max-width: 168px) 100vw, 168px\" \/> <img loading=\"lazy\" decoding=\"async\" class=\"alignnone size-medium wp-image-1112\" src=\"https:\/\/csavoly.hu\/wp\/wp-content\/uploads\/2018\/04\/IMG_20180414_153055-300x168.jpg\" alt=\"\" width=\"300\" height=\"168\" srcset=\"https:\/\/csavoly.hu\/wp\/wp-content\/uploads\/2018\/04\/IMG_20180414_153055-300x168.jpg 300w, https:\/\/csavoly.hu\/wp\/wp-content\/uploads\/2018\/04\/IMG_20180414_153055-768x431.jpg 768w, https:\/\/csavoly.hu\/wp\/wp-content\/uploads\/2018\/04\/IMG_20180414_153055-1024x575.jpg 1024w, https:\/\/csavoly.hu\/wp\/wp-content\/uploads\/2018\/04\/IMG_20180414_153055-1170x657.jpg 1170w\" sizes=\"(max-width: 300px) 100vw, 300px\" \/> <img loading=\"lazy\" decoding=\"async\" class=\"alignnone size-medium wp-image-1113\" src=\"https:\/\/csavoly.hu\/wp\/wp-content\/uploads\/2018\/04\/IMG_20180414_153155-300x168.jpg\" alt=\"\" width=\"300\" height=\"168\" srcset=\"https:\/\/csavoly.hu\/wp\/wp-content\/uploads\/2018\/04\/IMG_20180414_153155-300x168.jpg 300w, https:\/\/csavoly.hu\/wp\/wp-content\/uploads\/2018\/04\/IMG_20180414_153155-768x431.jpg 768w, https:\/\/csavoly.hu\/wp\/wp-content\/uploads\/2018\/04\/IMG_20180414_153155-1024x575.jpg 1024w, https:\/\/csavoly.hu\/wp\/wp-content\/uploads\/2018\/04\/IMG_20180414_153155-1170x657.jpg 1170w\" sizes=\"(max-width: 300px) 100vw, 300px\" \/> <img loading=\"lazy\" decoding=\"async\" class=\"alignnone size-medium wp-image-1114\" src=\"https:\/\/csavoly.hu\/wp\/wp-content\/uploads\/2018\/04\/IMG_20180414_153231-300x168.jpg\" alt=\"\" width=\"300\" height=\"168\" srcset=\"https:\/\/csavoly.hu\/wp\/wp-content\/uploads\/2018\/04\/IMG_20180414_153231-300x168.jpg 300w, https:\/\/csavoly.hu\/wp\/wp-content\/uploads\/2018\/04\/IMG_20180414_153231-768x431.jpg 768w, https:\/\/csavoly.hu\/wp\/wp-content\/uploads\/2018\/04\/IMG_20180414_153231-1024x575.jpg 1024w, https:\/\/csavoly.hu\/wp\/wp-content\/uploads\/2018\/04\/IMG_20180414_153231-1170x657.jpg 1170w\" sizes=\"(max-width: 300px) 100vw, 300px\" \/> <img loading=\"lazy\" decoding=\"async\" class=\"alignnone size-medium wp-image-1115\" src=\"https:\/\/csavoly.hu\/wp\/wp-content\/uploads\/2018\/04\/IMG_20180414_154601-300x168.jpg\" alt=\"\" width=\"300\" height=\"168\" srcset=\"https:\/\/csavoly.hu\/wp\/wp-content\/uploads\/2018\/04\/IMG_20180414_154601-300x168.jpg 300w, https:\/\/csavoly.hu\/wp\/wp-content\/uploads\/2018\/04\/IMG_20180414_154601-768x431.jpg 768w, https:\/\/csavoly.hu\/wp\/wp-content\/uploads\/2018\/04\/IMG_20180414_154601-1024x575.jpg 1024w, https:\/\/csavoly.hu\/wp\/wp-content\/uploads\/2018\/04\/IMG_20180414_154601-1170x657.jpg 1170w\" sizes=\"(max-width: 300px) 100vw, 300px\" \/> <img loading=\"lazy\" decoding=\"async\" class=\"alignnone size-medium wp-image-1116\" src=\"https:\/\/csavoly.hu\/wp\/wp-content\/uploads\/2018\/04\/IMG_20180414_154703-300x168.jpg\" alt=\"\" width=\"300\" height=\"168\" srcset=\"https:\/\/csavoly.hu\/wp\/wp-content\/uploads\/2018\/04\/IMG_20180414_154703-300x168.jpg 300w, https:\/\/csavoly.hu\/wp\/wp-content\/uploads\/2018\/04\/IMG_20180414_154703-768x431.jpg 768w, https:\/\/csavoly.hu\/wp\/wp-content\/uploads\/2018\/04\/IMG_20180414_154703-1024x575.jpg 1024w, https:\/\/csavoly.hu\/wp\/wp-content\/uploads\/2018\/04\/IMG_20180414_154703-1170x657.jpg 1170w\" sizes=\"(max-width: 300px) 100vw, 300px\" \/> <img loading=\"lazy\" decoding=\"async\" class=\"alignnone size-medium wp-image-1117\" src=\"https:\/\/csavoly.hu\/wp\/wp-content\/uploads\/2018\/04\/IMG_20180414_154723-300x168.jpg\" alt=\"\" width=\"300\" height=\"168\" srcset=\"https:\/\/csavoly.hu\/wp\/wp-content\/uploads\/2018\/04\/IMG_20180414_154723-300x168.jpg 300w, https:\/\/csavoly.hu\/wp\/wp-content\/uploads\/2018\/04\/IMG_20180414_154723-768x431.jpg 768w, https:\/\/csavoly.hu\/wp\/wp-content\/uploads\/2018\/04\/IMG_20180414_154723-1024x575.jpg 1024w, https:\/\/csavoly.hu\/wp\/wp-content\/uploads\/2018\/04\/IMG_20180414_154723-1170x657.jpg 1170w\" sizes=\"(max-width: 300px) 100vw, 300px\" \/> <img loading=\"lazy\" decoding=\"async\" class=\"alignnone size-medium wp-image-1118\" src=\"https:\/\/csavoly.hu\/wp\/wp-content\/uploads\/2018\/04\/IMG_20180414_154823-300x168.jpg\" alt=\"\" width=\"300\" height=\"168\" srcset=\"https:\/\/csavoly.hu\/wp\/wp-content\/uploads\/2018\/04\/IMG_20180414_154823-300x168.jpg 300w, https:\/\/csavoly.hu\/wp\/wp-content\/uploads\/2018\/04\/IMG_20180414_154823-768x431.jpg 768w, https:\/\/csavoly.hu\/wp\/wp-content\/uploads\/2018\/04\/IMG_20180414_154823-1024x575.jpg 1024w, https:\/\/csavoly.hu\/wp\/wp-content\/uploads\/2018\/04\/IMG_20180414_154823-1170x657.jpg 1170w\" sizes=\"(max-width: 300px) 100vw, 300px\" \/> <img loading=\"lazy\" decoding=\"async\" class=\"alignnone size-medium wp-image-1119\" src=\"https:\/\/csavoly.hu\/wp\/wp-content\/uploads\/2018\/04\/IMG_20180414_154858-300x168.jpg\" alt=\"\" width=\"300\" height=\"168\" srcset=\"https:\/\/csavoly.hu\/wp\/wp-content\/uploads\/2018\/04\/IMG_20180414_154858-300x168.jpg 300w, https:\/\/csavoly.hu\/wp\/wp-content\/uploads\/2018\/04\/IMG_20180414_154858-768x431.jpg 768w, https:\/\/csavoly.hu\/wp\/wp-content\/uploads\/2018\/04\/IMG_20180414_154858-1024x575.jpg 1024w, https:\/\/csavoly.hu\/wp\/wp-content\/uploads\/2018\/04\/IMG_20180414_154858-1170x657.jpg 1170w\" sizes=\"(max-width: 300px) 100vw, 300px\" \/> <img loading=\"lazy\" decoding=\"async\" class=\"alignnone size-medium wp-image-1120\" src=\"https:\/\/csavoly.hu\/wp\/wp-content\/uploads\/2018\/04\/IMG_20180414_154927-300x168.jpg\" alt=\"\" width=\"300\" height=\"168\" srcset=\"https:\/\/csavoly.hu\/wp\/wp-content\/uploads\/2018\/04\/IMG_20180414_154927-300x168.jpg 300w, https:\/\/csavoly.hu\/wp\/wp-content\/uploads\/2018\/04\/IMG_20180414_154927-768x431.jpg 768w, https:\/\/csavoly.hu\/wp\/wp-content\/uploads\/2018\/04\/IMG_20180414_154927-1024x575.jpg 1024w, https:\/\/csavoly.hu\/wp\/wp-content\/uploads\/2018\/04\/IMG_20180414_154927-1170x657.jpg 1170w\" sizes=\"(max-width: 300px) 100vw, 300px\" \/> <img loading=\"lazy\" decoding=\"async\" class=\"alignnone size-medium wp-image-1121\" src=\"https:\/\/csavoly.hu\/wp\/wp-content\/uploads\/2018\/04\/IMG_20180414_155004-300x168.jpg\" alt=\"\" width=\"300\" height=\"168\" srcset=\"https:\/\/csavoly.hu\/wp\/wp-content\/uploads\/2018\/04\/IMG_20180414_155004-300x168.jpg 300w, https:\/\/csavoly.hu\/wp\/wp-content\/uploads\/2018\/04\/IMG_20180414_155004-768x431.jpg 768w, https:\/\/csavoly.hu\/wp\/wp-content\/uploads\/2018\/04\/IMG_20180414_155004-1024x575.jpg 1024w, https:\/\/csavoly.hu\/wp\/wp-content\/uploads\/2018\/04\/IMG_20180414_155004-1170x657.jpg 1170w\" sizes=\"(max-width: 300px) 100vw, 300px\" \/> <img loading=\"lazy\" decoding=\"async\" class=\"alignnone size-medium wp-image-1122\" src=\"https:\/\/csavoly.hu\/wp\/wp-content\/uploads\/2018\/04\/IMG_20180414_155033-300x168.jpg\" alt=\"\" width=\"300\" height=\"168\" srcset=\"https:\/\/csavoly.hu\/wp\/wp-content\/uploads\/2018\/04\/IMG_20180414_155033-300x168.jpg 300w, https:\/\/csavoly.hu\/wp\/wp-content\/uploads\/2018\/04\/IMG_20180414_155033-768x431.jpg 768w, https:\/\/csavoly.hu\/wp\/wp-content\/uploads\/2018\/04\/IMG_20180414_155033-1024x575.jpg 1024w, https:\/\/csavoly.hu\/wp\/wp-content\/uploads\/2018\/04\/IMG_20180414_155033-1170x657.jpg 1170w\" sizes=\"(max-width: 300px) 100vw, 300px\" \/> <img loading=\"lazy\" decoding=\"async\" class=\"alignnone size-medium wp-image-1123\" src=\"https:\/\/csavoly.hu\/wp\/wp-content\/uploads\/2018\/04\/IMG_20180414_155105-300x168.jpg\" alt=\"\" width=\"300\" height=\"168\" srcset=\"https:\/\/csavoly.hu\/wp\/wp-content\/uploads\/2018\/04\/IMG_20180414_155105-300x168.jpg 300w, https:\/\/csavoly.hu\/wp\/wp-content\/uploads\/2018\/04\/IMG_20180414_155105-768x431.jpg 768w, https:\/\/csavoly.hu\/wp\/wp-content\/uploads\/2018\/04\/IMG_20180414_155105-1024x575.jpg 1024w, https:\/\/csavoly.hu\/wp\/wp-content\/uploads\/2018\/04\/IMG_20180414_155105-1170x657.jpg 1170w\" sizes=\"(max-width: 300px) 100vw, 300px\" \/> <img loading=\"lazy\" decoding=\"async\" class=\"alignnone size-medium wp-image-1124\" src=\"https:\/\/csavoly.hu\/wp\/wp-content\/uploads\/2018\/04\/IMG_20180414_155150-300x168.jpg\" alt=\"\" width=\"300\" height=\"168\" srcset=\"https:\/\/csavoly.hu\/wp\/wp-content\/uploads\/2018\/04\/IMG_20180414_155150-300x168.jpg 300w, https:\/\/csavoly.hu\/wp\/wp-content\/uploads\/2018\/04\/IMG_20180414_155150-768x431.jpg 768w, https:\/\/csavoly.hu\/wp\/wp-content\/uploads\/2018\/04\/IMG_20180414_155150-1024x575.jpg 1024w, https:\/\/csavoly.hu\/wp\/wp-content\/uploads\/2018\/04\/IMG_20180414_155150-1170x657.jpg 1170w\" sizes=\"(max-width: 300px) 100vw, 300px\" \/><\/p>\n<div class=\"pvc_clear\"><\/div>\n<p id=\"pvc_stats_1095\" class=\"pvc_stats all  \" data-element-id=\"1095\" style=\"\"><i class=\"pvc-stats-icon medium\" aria-hidden=\"true\"><svg aria-hidden=\"true\" focusable=\"false\" data-prefix=\"far\" data-icon=\"chart-bar\" role=\"img\" xmlns=\"http:\/\/www.w3.org\/2000\/svg\" viewBox=\"0 0 512 512\" class=\"svg-inline--fa fa-chart-bar fa-w-16 fa-2x\"><path fill=\"currentColor\" d=\"M396.8 352h22.4c6.4 0 12.8-6.4 12.8-12.8V108.8c0-6.4-6.4-12.8-12.8-12.8h-22.4c-6.4 0-12.8 6.4-12.8 12.8v230.4c0 6.4 6.4 12.8 12.8 12.8zm-192 0h22.4c6.4 0 12.8-6.4 12.8-12.8V140.8c0-6.4-6.4-12.8-12.8-12.8h-22.4c-6.4 0-12.8 6.4-12.8 12.8v198.4c0 6.4 6.4 12.8 12.8 12.8zm96 0h22.4c6.4 0 12.8-6.4 12.8-12.8V204.8c0-6.4-6.4-12.8-12.8-12.8h-22.4c-6.4 0-12.8 6.4-12.8 12.8v134.4c0 6.4 6.4 12.8 12.8 12.8zM496 400H48V80c0-8.84-7.16-16-16-16H16C7.16 64 0 71.16 0 80v336c0 17.67 14.33 32 32 32h464c8.84 0 16-7.16 16-16v-16c0-8.84-7.16-16-16-16zm-387.2-48h22.4c6.4 0 12.8-6.4 12.8-12.8v-70.4c0-6.4-6.4-12.8-12.8-12.8h-22.4c-6.4 0-12.8 6.4-12.8 12.8v70.4c0 6.4 6.4 12.8 12.8 12.8z\" class=\"\"><\/path><\/svg><\/i> <img loading=\"lazy\" decoding=\"async\" width=\"16\" height=\"16\" alt=\"Loading\" src=\"https:\/\/csavoly.hu\/wp\/wp-content\/plugins\/page-views-count\/ajax-loader-2x.gif\" border=0 \/><\/p>\n<div class=\"pvc_clear\"><\/div>\n","protected":false},"excerpt":{"rendered":"<div class=\"pvc_clear\"><\/div>\n<p id=\"pvc_stats_1095\" class=\"pvc_stats all  \" data-element-id=\"1095\" style=\"\"><i class=\"pvc-stats-icon medium\" aria-hidden=\"true\"><svg aria-hidden=\"true\" focusable=\"false\" data-prefix=\"far\" data-icon=\"chart-bar\" role=\"img\" xmlns=\"http:\/\/www.w3.org\/2000\/svg\" viewBox=\"0 0 512 512\" class=\"svg-inline--fa fa-chart-bar fa-w-16 fa-2x\"><path fill=\"currentColor\" d=\"M396.8 352h22.4c6.4 0 12.8-6.4 12.8-12.8V108.8c0-6.4-6.4-12.8-12.8-12.8h-22.4c-6.4 0-12.8 6.4-12.8 12.8v230.4c0 6.4 6.4 12.8 12.8 12.8zm-192 0h22.4c6.4 0 12.8-6.4 12.8-12.8V140.8c0-6.4-6.4-12.8-12.8-12.8h-22.4c-6.4 0-12.8 6.4-12.8 12.8v198.4c0 6.4 6.4 12.8 12.8 12.8zm96 0h22.4c6.4 0 12.8-6.4 12.8-12.8V204.8c0-6.4-6.4-12.8-12.8-12.8h-22.4c-6.4 0-12.8 6.4-12.8 12.8v134.4c0 6.4 6.4 12.8 12.8 12.8zM496 400H48V80c0-8.84-7.16-16-16-16H16C7.16 64 0 71.16 0 80v336c0 17.67 14.33 32 32 32h464c8.84 0 16-7.16 16-16v-16c0-8.84-7.16-16-16-16zm-387.2-48h22.4c6.4 0 12.8-6.4 12.8-12.8v-70.4c0-6.4-6.4-12.8-12.8-12.8h-22.4c-6.4 0-12.8 6.4-12.8 12.8v70.4c0 6.4 6.4 12.8 12.8 12.8z\" class=\"\"><\/path><\/svg><\/i> <img loading=\"lazy\" decoding=\"async\" width=\"16\" height=\"16\" alt=\"Loading\" src=\"https:\/\/csavoly.hu\/wp\/wp-content\/plugins\/page-views-count\/ajax-loader-2x.gif\" border=0 \/><\/p>\n<div class=\"pvc_clear\"><\/div>\n","protected":false},"author":3,"featured_media":0,"parent":0,"menu_order":0,"comment_status":"closed","ping_status":"closed","template":"","meta":{"footnotes":""},"class_list":["post-1095","page","type-page","status-publish","hentry"],"_links":{"self":[{"href":"https:\/\/csavoly.hu\/wp\/index.php?rest_route=\/wp\/v2\/pages\/1095"}],"collection":[{"href":"https:\/\/csavoly.hu\/wp\/index.php?rest_route=\/wp\/v2\/pages"}],"about":[{"href":"https:\/\/csavoly.hu\/wp\/index.php?rest_route=\/wp\/v2\/types\/page"}],"author":[{"embeddable":true,"href":"https:\/\/csavoly.hu\/wp\/index.php?rest_route=\/wp\/v2\/users\/3"}],"replies":[{"embeddable":true,"href":"https:\/\/csavoly.hu\/wp\/index.php?rest_route=%2Fwp%2Fv2%2Fcomments&post=1095"}],"version-history":[{"count":0,"href":"https:\/\/csavoly.hu\/wp\/index.php?rest_route=\/wp\/v2\/pages\/1095\/revisions"}],"wp:attachment":[{"href":"https:\/\/csavoly.hu\/wp\/index.php?rest_route=%2Fwp%2Fv2%2Fmedia&parent=1095"}],"curies":[{"name":"wp","href":"https:\/\/api.w.org\/{rel}","templated":true}]}}