{"id":1313,"date":"2018-08-22T07:08:47","date_gmt":"2018-08-22T07:08:47","guid":{"rendered":"http:\/\/csavoly.hu\/wp\/?page_id=1313"},"modified":"2020-05-12T09:20:48","modified_gmt":"2020-05-12T07:20:48","slug":"rezsicsokkentes","status":"publish","type":"page","link":"https:\/\/csavoly.hu\/wp\/?page_id=1313","title":{"rendered":"REZSICS\u00d6KKENT\u00c9S"},"content":{"rendered":"<p>A t\u00e9li rezsics\u00f6kkent\u00e9sben nem r\u00e9szes\u00fclt h\u00e1ztart\u00e1sok t\u00e1mogat\u00e1s\u00e1nak ig\u00e9nyfelm\u00e9r\u00e9se<\/p>\n<p>&nbsp;<\/p>\n<p style=\"text-align: center;\"><strong>H I R D E T M \u00c9 N Y<br \/>\na t\u00e9li rezsics\u00f6kkent\u00e9s kor\u00e1bbi int\u00e9zked\u00e9seiben nem r\u00e9szes\u00fclt<br \/>\nh\u00e1ztart\u00e1sok t\u00e1mogat\u00e1sr\u00f3l<\/strong><\/p>\n<p>Magyarorsz\u00e1g Korm\u00e1nya a 1364\/2018. (VII. 27.) Korm. hat\u00e1rozat\u00e1ban (tov\u00e1bbiakban: Korm. hat\u00e1rozat) d\u00f6nt\u00f6tt a t\u00e9li rezsics\u00f6kkent\u00e9s v\u00e9grehajt\u00e1s\u00e1t k\u00f6vet\u0151en sz\u00fcks\u00e9gess\u00e9 v\u00e1l\u00f3 tov\u00e1bbi int\u00e9zked\u00e9sekr\u0151l. A Korm. hat\u00e1rozat szerint&nbsp;<strong>a t\u00e9li rezsics\u00f6kken\u00e9sben kor\u00e1bban nem r\u00e9szes\u00fclt, a vezet\u00e9kes g\u00e1z- vagy t\u00e1vf\u0171t\u00e9st\u0151l elt\u00e9r\u0151 f\u0171t\u0151anyagot haszn\u00e1l\u00f3 h\u00e1ztart\u00e1sok is egyszeri, term\u00e9szetbeni t\u00e1mogat\u00e1sban r\u00e9szes\u00fclnek a f\u0171t\u00e9si k\u00f6lts\u00e9gek visel\u00e9s\u00e9vel \u00f6sszef\u00fcgg\u00e9sben.<\/strong><\/p>\n<p>A term\u00e9szetbeni t\u00e1mogat\u00e1s ig\u00e9nybev\u00e9tel\u00e9hez ig\u00e9nybejelent\u0151 nyilatkozat kit\u00f6lt\u00e9se sz\u00fcks\u00e9ges, melyben az ig\u00e9nybejelent\u0151 b\u00fcntet\u0151jogi felel\u0151ss\u00e9ge tudat\u00e1ban nyilatkozik \u2013 t\u00f6bbek k\u00f6z\u00f6tt \u2013 arr\u00f3l, hogy m\u00e9g nem r\u00e9szes\u00fclt a t\u00e9li rezsics\u00f6kkent\u00e9sben.<br \/>\nA t\u00e1mogat\u00e1sra val\u00f3 jogosults\u00e1got a Bel\u00fcgyminiszt\u00e9rium Orsz\u00e1gos Katasztr\u00f3fav\u00e9delmi F\u0151igazgat\u00f3s\u00e1g ellen\u0151rzi.<\/p>\n<p>A Korm. hat\u00e1rozat alapj\u00e1n&nbsp;<strong>h\u00e1ztart\u00e1sonk\u00e9nt egy darab ig\u00e9nybejelent\u00e9s ny\u00fajthat\u00f3 be legk\u00e9s\u0151bb 2018. okt\u00f3ber 15. napj\u00e1ig, amely hat\u00e1rid\u0151 elmulaszt\u00e1sa jogveszt\u0151<\/strong>. Az ig\u00e9nybejelent\u0151 nyilatkozaton meg kell jel\u00f6lni az ig\u00e9nyelt f\u0171t\u0151anyag fajt\u00e1j\u00e1t \u2013 t\u0171zifa, PB palackos g\u00e1z, PB tart\u00e1lyos g\u00e1z, sz\u00e9n, f\u0171t\u0151olaj vagy pellet\/brikett \u2013, amely&nbsp;<strong>k\u00e9s\u0151bb nem m\u00f3dos\u00edthat\u00f3<\/strong>.<br \/>\n<strong><br \/>\n<\/strong>A kiz\u00e1r\u00f3lag elektromos f\u0171t\u00e9si m\u00f3ddal rendelkez\u0151 h\u00e1ztart\u00e1sok nem jogosultak az ig\u00e9nybejelent\u00e9sre.<\/p>\n<p>Az ig\u00e9nybejelent\u00e9ssel \u00e9rintett h\u00e1ztart\u00e1s c\u00edm\u00e9nek \u00e9s az ig\u00e9nyl\u0151 szem\u00e9ly bejelentett lak\u00f3hely\u00e9nek, vagy bejelentett tart\u00f3zkod\u00e1si hely\u00e9nek azonosnak kell lennie.<\/p>\n<p>A Korm. hat\u00e1rozat \u00e9rtelm\u00e9ben&nbsp;h\u00e1ztart\u00e1s alatt&nbsp;&#8211;&nbsp;<em>a szoci\u00e1lis igazgat\u00e1sr\u00f3l \u00e9s szoci\u00e1lis ell\u00e1t\u00e1sokr\u00f3l sz\u00f3l\u00f3 1993. \u00e9vi III. t\u00f6rv\u00e9ny<\/em>&nbsp;4. \u00a7 (1) bekezd\u00e9se alapj\u00e1n &#8211;&nbsp;az egy lak\u00e1sban egy\u00fctt lak\u00f3, ott bejelentett lak\u00f3hellyel vagy tart\u00f3zkod\u00e1si hellyel rendelkez\u0151 szem\u00e9lyek k\u00f6z\u00f6ss\u00e9ge \u00e9rtend\u0151.<\/p>\n<p>A term\u00e9szetbeni t\u00e1mogat\u00e1s kiz\u00e1r\u00f3lag a f\u0171t\u0151anyagra vonatkozik, a t\u00e1mogat\u00e1s nem fedezi az egy\u00e9b, p\u00e9ld\u00e1ul a sz\u00e1ll\u00edt\u00e1si, darabol\u00e1si k\u00f6lts\u00e9geket.<\/p>\n<p><strong>&nbsp;<\/strong><\/p>\n<p><strong><u>Az ig\u00e9nybejelent\u0151 lap let\u00f6lthet\u0151 e hirdetm\u00e9ny mell\u00e9kletek\u00e9nt, tov\u00e1bb\u00e1 \u00fcgyf\u00e9lfogad\u00e1si id\u0151ben pap\u00edr alapon k\u00e9rhet\u0151, illetve beny\u00fajthat\u00f3 a Cs\u00e1voly K\u00f6zs\u00e9gi \u00d6nkorm\u00e1nyzat \u00dcgyf\u00e9lszolg\u00e1lat\u00e1n (6448 Cs\u00e1voly, Arany J. u. 39.)<\/u><\/strong><\/p>\n<p><strong>&nbsp;<\/strong><\/p>\n<p><strong>A Cs\u00e1volyi \u00d6nkorm\u00e1nyzat az ig\u00e9nybejelent\u00e9seket \u00f6sszes\u00edti \u00e9s 2018. okt\u00f3ber 17. napj\u00e1ig tov\u00e1bb\u00edtja a Bel\u00fcgyminiszt\u00e9riumnak.<\/strong><\/p>\n<p><strong>&nbsp;<\/strong><\/p>\n<p>Az ig\u00e9nyfelm\u00e9r\u00e9s eredm\u00e9ny\u00e9r\u0151l a bel\u00fcgyminiszter t\u00e1j\u00e9koztatja a Korm\u00e1nyt, \u00e9s javaslatot tesz a forr\u00e1sbiztos\u00edt\u00e1s m\u00f3dj\u00e1ra.<\/p>\n<p><strong>&nbsp;<\/strong><\/p>\n<p>Cs\u00e1voly, 2018. augusztus 29.<\/p>\n<p style=\"text-align: right;\">dr. Gyenes Gabriella<\/p>\n<p style=\"text-align: right;\">jegyz\u0151<\/p>\n<p>&nbsp;<\/p>\n<p>A t\u00e9li rezsics\u00f6kkent\u00e9s kor\u00e1bbi int\u00e9zked\u00e9seiben nem r\u00e9szes\u00fclt h\u00e1ztart\u00e1sok t\u00e1mogat\u00e1s\u00e1hoz sz\u00fcks\u00e9ges<\/p>\n<p><a href=\"https:\/\/csavoly.hu\/wp\/wp-content\/uploads\/2018\/08\/Ig\u00e9nybejelent-nyilatkozat.doc\">Ig\u00e9nybejelent\u0151 nyilatkozat<\/a> \u00e9s&nbsp;<a href=\"https:\/\/csavoly.hu\/wp\/wp-content\/uploads\/2018\/08\/Adatkezel\u00e9si-t\u00e1j\u00e9koztat\u00f3.doc\">Adatkezel\u00e9si t\u00e1j\u00e9koztat\u00f3<\/a> let\u00f6lt\u00e9se.<\/p>\n<p>A hirdetm\u00e9ny sz\u00f6vege, pdf form\u00e1tumban&nbsp;<a href=\"https:\/\/csavoly.hu\/wp\/wp-content\/uploads\/2018\/08\/Hirdetm\u00e9ny-t\u00e9li-rezsics\u00f6kkent\u00e9s.pdf\" target=\"_blank\" rel=\"noopener noreferrer\">innen let\u00f6lthet\u0151.<\/a><\/p>\n","protected":false},"excerpt":{"rendered":"<p>A t\u00e9li rezsics\u00f6kkent\u00e9sben nem r\u00e9szes\u00fclt h\u00e1ztart\u00e1sok t\u00e1mogat\u00e1s\u00e1nak ig\u00e9nyfelm\u00e9r\u00e9se &nbsp; H I R D E T M \u00c9 N Y a t\u00e9li rezsics\u00f6kkent\u00e9s kor\u00e1bbi int\u00e9zked\u00e9seiben nem r\u00e9szes\u00fclt h\u00e1ztart\u00e1sok t\u00e1mogat\u00e1sr\u00f3l Magyarorsz\u00e1g Korm\u00e1nya a 1364\/2018. (VII. 27.) Korm. hat\u00e1rozat\u00e1ban (tov\u00e1bbiakban: Korm. hat\u00e1rozat) d\u00f6nt\u00f6tt a t\u00e9li rezsics\u00f6kkent\u00e9s v\u00e9grehajt\u00e1s\u00e1t k\u00f6vet\u0151en sz\u00fcks\u00e9gess\u00e9 v\u00e1l\u00f3 tov\u00e1bbi int\u00e9zked\u00e9sekr\u0151l. A Korm. hat\u00e1rozat szerint&nbsp;a t\u00e9li rezsics\u00f6kken\u00e9sben &hellip; <a href=\"https:\/\/csavoly.hu\/wp\/?page_id=1313\" class=\"more-link\"><span class=\"screen-reader-text\">REZSICS\u00d6KKENT\u00c9S<\/span> b\u0151vebben&#8230; <span class=\"meta-nav\">&rarr;<\/span><\/a><\/p>\n","protected":false},"author":3,"featured_media":0,"parent":0,"menu_order":0,"comment_status":"closed","ping_status":"closed","template":"","meta":{"footnotes":""},"class_list":["post-1313","page","type-page","status-publish","hentry"],"_links":{"self":[{"href":"https:\/\/csavoly.hu\/wp\/index.php?rest_route=\/wp\/v2\/pages\/1313"}],"collection":[{"href":"https:\/\/csavoly.hu\/wp\/index.php?rest_route=\/wp\/v2\/pages"}],"about":[{"href":"https:\/\/csavoly.hu\/wp\/index.php?rest_route=\/wp\/v2\/types\/page"}],"author":[{"embeddable":true,"href":"https:\/\/csavoly.hu\/wp\/index.php?rest_route=\/wp\/v2\/users\/3"}],"replies":[{"embeddable":true,"href":"https:\/\/csavoly.hu\/wp\/index.php?rest_route=%2Fwp%2Fv2%2Fcomments&post=1313"}],"version-history":[{"count":1,"href":"https:\/\/csavoly.hu\/wp\/index.php?rest_route=\/wp\/v2\/pages\/1313\/revisions"}],"predecessor-version":[{"id":3115,"href":"https:\/\/csavoly.hu\/wp\/index.php?rest_route=\/wp\/v2\/pages\/1313\/revisions\/3115"}],"wp:attachment":[{"href":"https:\/\/csavoly.hu\/wp\/index.php?rest_route=%2Fwp%2Fv2%2Fmedia&parent=1313"}],"curies":[{"name":"wp","href":"https:\/\/api.w.org\/{rel}","templated":true}]}}