{"id":1327,"date":"2018-08-27T10:51:46","date_gmt":"2018-08-27T10:51:46","guid":{"rendered":"http:\/\/csavoly.hu\/wp\/?page_id=1327"},"modified":"2023-09-12T13:33:12","modified_gmt":"2023-09-12T11:33:12","slug":"falumuzeum","status":"publish","type":"page","link":"https:\/\/csavoly.hu\/wp\/?page_id=1327","title":{"rendered":"helyt\u00f6rt\u00e9neti gy\u0171jtem\u00e9ny"},"content":{"rendered":"<h4><img loading=\"lazy\" decoding=\"async\" class=\"alignnone size-full wp-image-1049\" src=\"https:\/\/csavoly.hu\/wp\/wp-content\/uploads\/2018\/03\/IMG_3775.jpg\" alt=\"\" width=\"1280\" height=\"960\" srcset=\"https:\/\/csavoly.hu\/wp\/wp-content\/uploads\/2018\/03\/IMG_3775.jpg 1280w, https:\/\/csavoly.hu\/wp\/wp-content\/uploads\/2018\/03\/IMG_3775-300x225.jpg 300w, https:\/\/csavoly.hu\/wp\/wp-content\/uploads\/2018\/03\/IMG_3775-768x576.jpg 768w, https:\/\/csavoly.hu\/wp\/wp-content\/uploads\/2018\/03\/IMG_3775-1024x768.jpg 1024w, https:\/\/csavoly.hu\/wp\/wp-content\/uploads\/2018\/03\/IMG_3775-1170x878.jpg 1170w\" sizes=\"(max-width: 1280px) 100vw, 1280px\" \/><\/h4>\n<h4 style=\"text-align: center;\"><strong>Szeptembert\u0151l a m\u00fazeum ingyenesen nyitva tart az \u00e9rdekl\u0151d\u0151k sz\u00e1m\u00e1ra minden h\u00e9ten cs\u00fct\u00f6rt\u00f6k\u00f6nk\u00e9nt 10.00 \u2013 14.00 \u00f3r\u00e1ig.<\/strong><\/h4>\n<h4 style=\"text-align: center;\"><strong>El\u0151zetes egyeztet\u00e9s alapj\u00e1n h\u00e9tv\u00e9g\u00e9n is sz\u00edvesen v\u00e1rjuk a l\u00e1togat\u00f3kat.<\/strong><\/h4>\n<h4 style=\"text-align: center;\"><strong>\u00c9rdekl\u0151dni a 0620 993 3830 telefonsz\u00e1mon lehet.<\/strong><\/h4>\n<p><em>&#8222;A sz\u0171kebb k\u00f6rnyezetr\u0151l sz\u00f3l ez a kiadv\u00e1ny, ahol \u00e9l\u00fcnk \u00e9s dolgozunk, amely legk\u00f6zelebb \u00e1ll a sz\u00edv\u00fcnkh\u00f6z. Az eg\u00e9sz falunak \u00e9s az \u00e9rdekl\u0151d\u0151 ki\u00e1ll\u00edt\u00e1s l\u00e1togat\u00f3 k\u00f6z\u00f6ns\u00e9gnek mutatjuk be a sz\u00fcl\u0151falu \u2013 ezen kereszt\u00fcl a haza \u2013 szeretet\u00e9nek \u00e1pol\u00e1s\u00e1t. A pedag\u00f3gusi felel\u0151ss\u00e9gtudat \u00e9s sok\u00e9ves kutat\u00f3 tev\u00e9kenys\u00e9g h\u00e1tter\u00e9ben gondoltam arra, hogy a n\u00e9phagyom\u00e1ny \u00e1ltal \u0151rz\u00f6tt \u00e9rt\u00e9keket min\u00e9l fiatalabb korban kell megismertetni \u00e9s k\u00f6zz\u00e9tenni a helyi ismereteket.&#8221;<\/em><\/p>\n<p style=\"text-align: right;\"><em>dr. M\u00e1ndics Mih\u00e1ly<\/em><\/p>\n<p style=\"text-align: center;\"><strong>A FALUM\u00daZEUM<\/strong><\/p>\n<p>Nem a szok\u00e1sos kerek \u00e9vfordul\u00f3, mindenesetre arra sarkall benn\u00fcnket, hogy e kis \u00f6ssze\u00e1ll\u00edt\u00e1ssal visszatekints\u00fcnk az elm\u00falt \u00e9vekre. Ezzel szeretn\u00e9nk \u00fcnnepelni m\u00fazemunk alap\u00edt\u00e1s\u00e1t.<\/p>\n<p>A falum\u00fazeum h\u00e1rom \u00e9vsz\u00e1zad k\u00f6z\u00f6s sors\u00e1t t\u00e1rja a l\u00e1togat\u00f3 el\u00e9: a magyars\u00e1ggal sorsk\u00f6z\u00f6ss\u00e9gben \u00e9l\u0151 bunyev\u00e1cok \u00e9s n\u00e9metek haz\u00e1t \u00e9p\u00edt\u0151 szimbi\u00f3zis\u00e1r\u00f3l, az egy\u00fctt\u00e9l\u00e9s sor\u00e1n kialakult hagyom\u00e1nyos kult\u00far\u00e1j\u00e1r\u00f3l villant fel a k\u00e9peket. Mindaz, ami a m\u00falt eml\u00e9keib\u0151l ebben a hajl\u00e9kban l\u00e1that\u00f3, az a Honismereti Bar\u00e1ti K\u00f6r keretei k\u00f6zt a cs\u00e1volyiak rokonszenves lok\u00e1lpatriotizmus\u00e1nak k\u00f6sz\u00f6nhet\u0151en \u00f6sszegy\u0171jt\u00f6tt aj\u00e1nd\u00e9k. \u00d6t \u00e9vtizeddel ezel\u0151tt j\u00f6tt l\u00e9tre az alkalmi helyt\u00f6rt\u00e9neti-gy\u0171jtem\u00e9ny ki\u00e1ll\u00edt\u00e1si anyag\u00e1b\u00f3l. Alap\u00edt\u00e1sa e sorok \u00edr\u00f3j\u00e1nak nev\u00e9hez k\u00f6t\u0151dik, mint a \u201eBar\u00e1ti K\u00f6r\u02dd eln\u00f6k\u00e9hez. A gy\u00f6kerei messzebb ny\u00falnak vissza. Az 1959\/60-as tan\u00e9vben alak\u00edtottuk meg az iskolai \u00e9s feln\u0151tt koroszt\u00e1ly honismereti-helyt\u00f6rt\u00e9neti szakk\u00f6r\u00e9t. Tagjaik az \u00e9vek sor\u00e1n sz\u00e1mos helyi, ter\u00fcleti \u00e9s orsz\u00e1gos vet\u00e9lked\u0151n vettek r\u00e9szt. Megszak\u00edt\u00e1s n\u00e9lk\u00fcl 1962-t\u0151l napjaink esem\u00e9nyeinek kr\u00f3nikaszer\u0171 lejegyz\u00e9se folyik. 1970-ben e m\u0171fajjal orsz\u00e1gos p\u00e1ly\u00e1zaton els\u0151 d\u00edjat nyert\u00fcnk. Ugyancsak a \u201e Hej, reg\u0151 rejtem\u2026\u02dd r\u00e1di\u00f3s vet\u00e9lked\u0151n orsz\u00e1gos d\u00f6nt\u0151be jutottunk. Tengerpart volt a jutalom. Vagy a feln\u0151tt koroszt\u00e1ly \u00e1ltal bemutatott \u201eMegb\u00e9k\u00e9l\u00e9s\u02dd c\u00edm\u0171 59 perces r\u00e1di\u00f3 dokumentumj\u00e1t\u00e9k \u2013 k\u00f6zs\u00e9gt\u00f6rt\u00e9net lakodalmas keretben -, melyet t\u00f6bb mint t\u00edzszer sug\u00e1rzott a r\u00e1di\u00f3. (Mar\u00e1z L\u00e1szl\u00f3 m\u0171ve az 1976-os Prix It\u00e1li\u00e1n az olasz sajt\u00f3 d\u00edj\u00e1t kapta.)<\/p>\n<p>Nem szokatlan, hagy a sz\u00fcl\u0151falunkr\u00f3l \u2013 gy\u0171jtem\u00e9ny\u00fcnkr\u0151l \u2013 sajt\u00f3ban, r\u00e1di\u00f3ban, tv-ben is tud\u00f3s\u00edtanak. A r\u00f3lunk sz\u00f3l\u00f3 tud\u00f3s\u00edt\u00e1sokat, magn\u00f3 \u2013 \u00e9s vide\u00f3felv\u00e9teleket arch\u00edvumunkban \u0151rizz\u00fck a fot\u00f3negat\u00edvumokkal egy\u00fctt. M\u00fazeumunkban ilyen el\u0151zm\u00e9nyekkel a mintegy n\u00e9gyezer t\u00e1rgyi eml\u00e9k \u00e1lland\u00f3an b\u0151v\u00fcl. Minden t\u00e1rgynak k\u00fcl\u00f6n t\u00f6rt\u00e9nete van! Az adom\u00e1nyoz\u00f3kr\u00f3l, mec\u00e9n\u00e1sainkr\u00f3l nyilv\u00e1ntart\u00e1st vezet\u00fcnk.<\/p>\n<p>A Csall\u00f3k\u00f6zb\u0151l idesz\u00e1rmazott magyarok eml\u00e9k\u00e9t is m\u00e9lt\u00f3k\u00e9ppen \u0151rizz\u00fck.<\/p>\n<p>L\u00e1togatotts\u00e1g\u00e1r\u00f3l \u00e9s az elismer\u00e9sekr\u0151l a vend\u00e9gk\u00f6nyv\u00fcnk bejegyz\u00e9sei tan\u00faskodnak. Nem ritka a k\u00fclf\u00f6ldi vend\u00e9g sem. Szer\u00e9nytelens\u00e9g n\u00e9lk\u00fcl \u00e1ll\u00edtom, hogy a kollekt\u00edv munka gy\u00fcm\u00f6lcse be\u00e9rett \u00e9s tev\u00e9kenys\u00e9g\u00fcnk t\u00faln\u0151tt a falu,s\u0151t orsz\u00e1g hat\u00e1r\u00e1n k\u00edv\u00fcl is jub\u00edleumi esztend\u0151ben a sz\u0171kebb haza, k\u00f6zs\u00e9g\u00fcnk \u00e9rt\u00e9keinek \u00f6sszegy\u0171jt\u00e9se, meg\u00f3v\u00e1sa \u00e9s k\u00f6zkinccs\u00e9 t\u00e9tele \u00e9rdek\u00e9ben.<\/p>\n<p>C\u00e9lunk, hogy olyan \u00e1llampolg\u00e1rokat nevelj\u00fcnk, akiknek \u00e1ltal\u00e1nos m\u0171velts\u00e9ge a hagyom\u00e1nyismeretre is kiterjed, s akik \u00e9rzelmileg is k\u00f6t\u0151dnek a n\u00e9p\u00fck \u2013 vagy nemzetis\u00e9g\u00fck \u2013 hagyom\u00e1nyos kult\u00far\u00e1ja \u00e1ltal \u0151rz\u00f6tt \u00e9rt\u00e9kekhez.<\/p>\n<p>N\u00e9zz\u00fck, hol \u00e9s mi minden l\u00e1that\u00f3 n\u00e1lunk:<\/p>\n<p>Az utcai bej\u00e1rattal (E\u00f6tv\u00f6s u. 1.) rendelkez\u0151 \u00e9p\u00fcletr\u00e9sz, melyben 1988 \u00f3ta a falum\u00fazeum otthonra lelt, a falu legm\u00f3dosabb n\u00e9met gazd\u00e1j\u00e1nak egykori, utcafrontos h\u00e1za volt, oktat\u00e1s c\u00e9lj\u00e1t szolg\u00e1lja.<\/p>\n<p>A bel\u00e9p\u0151ben a k\u00f6zs\u00e9g t\u00e9rk\u00e9p\u00e9vel \u00e9s nagym\u00e9ret\u0171 els\u0151 pecs\u00e9tj\u00e9vel szembes\u00fcl\u00fcnk. Az \u00fcvegszekr\u00e9nyben r\u00e9gi saj\u00e1t k\u00e9sz\u00edt\u00e9s\u0171 gyermekj\u00e1t\u00e9kok l\u00e1that\u00f3ak, vele szemben kegyt\u00e1rgyak, relikvi\u00e1k\u2026<\/p>\n<p>Az utcafront els\u0151 helyis\u00e9g\u00e9ben a k\u00f6zs\u00e9g t\u00f6rt\u00e9net\u00e9nek f\u0151bb dokumentumait t\u00e1rja el\u00e9nk napjainkig, a k\u00f6zs\u00e9g makettj\u00e9vel egy\u00fctt, f\u00e9nyk\u00e9peken, t\u00e9rk\u00e9peken, tabl\u00f3kon meg\u0151rz\u00f6tt esem\u00e9nyek, h\u00e1zt\u00edpusok. A K\u00f6zs\u00e9g sz\u00fcl\u00f6tteinek k\u00f6nyvei: (Keszthelyi Ern\u0151, dr. M\u00e1ndics Mih\u00e1ly, Szekulity P\u00e9ter, Vid\u00e1kovics R\u00f3za. Tank\u00f6nyv\u00edr\u00e1s: M\u00e1ndics Izabella.)<\/p>\n<p>A m\u00e1sodik helyis\u00e9g vitrinj\u00e9ben fel\u00f6lt\u00f6ztetett b\u00e1bukon az itt \u00e9l\u0151 h\u00e1rom \u2013magyar, bunyev\u00e1c, n\u00e9met, &#8211; etnikai csoport n\u00e9pviselet\u00e9t, ruh\u00e1zkod\u00e1s\u00e1t mutatja be. K\u00fcl\u00f6n t\u00e1rol\u00f3kban \u00e9s parav\u00e1non l\u00e1tjuk a nemzetis\u00e9gi megoszl\u00e1snak megfelel\u0151en a h\u00edmz\u00e9skult\u00fara \u2013 n\u00e9pm\u0171v\u00e9szet \u2013 legszebb darabjait, jellemz\u0151 sz\u0151tteseit, text\u00edli\u00e1it \u2013a h\u00e1ziipar k\u00e9sz\u00edtm\u00e9nyeit \u2013 \u00e9s a k\u00f6znapi paraszti ruh\u00e1zat egyes darabjait.<\/p>\n<p>A harmadik nagyobbik helys\u00e9gben mutatjuk be a r\u00e9gi cs\u00e1volyi n\u00e9prajzi hiteless\u00e9g\u0171 szobabels\u0151t-lakhelyet. A paraszti csal\u00e1d berendez\u00e9se, felszerel\u00e9se a sz\u00e1zadfordul\u00f3 n\u00e9p\u00e9let\u00e9b\u0151l ad \u00edzel\u00edt\u0151t: Banyakemence sarokpaddal, helyben k\u00e9sz\u00fcltfestett tulip\u00e1nos l\u00e1da, \u00e1gy d\u00edszhuzattal, sifon\u00e9r (szekr\u00e9ny), subl\u00f3d \u2013 rajta elrendezve a h\u00e1zi olt\u00e1r &#8211; , b\u00f6lcs\u0151, \u00e1ll\u00f3ka, vessz\u0151b\u0151l font babakocsi, \u00f6nt\u00f6ttvas sparhert (t\u0171zhely), dagaszt\u0151 tekn\u0151, h\u00e1ztart\u00e1si eszk\u00f6z\u00f6k-ed\u00e9nyek\u2026K\u00f6z\u00e9p\u00fctt a sz\u00f6v\u0151sz\u00e9k. Falon fesz\u00fclet \u00e9s szentk\u00e9pek a kor \u00edzl\u00e9s\u00e9t \u00e9s hangulat\u00e1t id\u00e9zik.<\/p>\n<p>Az udvar fel\u00f6li kis helyis\u00e9g \u00fcveg szekr\u00e9nyeiben kaptak helyet a katonai \u00e9s egy\u00e9b t\u00f6rt\u00e9neti-n\u00e9prajzi jelleg\u0171 t\u00e1rgyi eml\u00e9kek. (Egyh\u00e1zt\u00f6rt\u00e9neti eml\u00e9kek. Int\u00e9zm\u00e9nyek, esem\u00e9nyek fot\u00f3albumai, tabl\u00f3i). \u00cdzel\u00edt\u0151t kapunk a helyb\u00e9li k\u00e9pz\u0151m\u0171v\u00e9szeti alkot\u00e1sokb\u00f3l. Itt kaptak helyet a kismesters\u00e9gek eszk\u00f6zei.<\/p>\n<p>Legnagyobb helyt\u00f6rt\u00e9neti-ki\u00e1ll\u00edt\u00f3term\u00fcnk fekv\u0151 t\u00e1rl\u00f3iban \u00e9s szekr\u00e9nyeiben a k\u00f6zs\u00e9g sz\u00e1rnybont\u00e1s\u00e1t\u00f3l napjainkig ismerkedhet\u00fcnk a k\u00f6zs\u00e9g lak\u00f3inak \u00e9let\u00e9vel \u2013 a k\u00fcl\u00f6nb\u00f6z\u0151 korb\u00f3l sz\u00e1rmaz\u00f3 \u2013 dokumentumain, t\u00e1rgyi eml\u00e9kein \u00e9s tabl\u00f3in kereszt\u00fcl. R\u00e9g\u00e9szeti leletek, p\u00e9nzek, jelv\u00e9nyek, igazolv\u00e1nyok\u2026 \u00d3ra, l\u00e1mpa, r\u00e1di\u00f3 \u00e9s cser\u00e9ped\u00e9ny-kors\u00f3 gy\u0171jtem\u00e9ny. El\u0151deink munkaeszk\u00f6z gy\u0171jtem\u00e9nye: f\u00f6ldm\u0171vel\u00e9s, \u00e1llattart\u00e1s, p\u00e1sztorkod\u00e1s, v\u00edzi \u00e9let, sz\u0151l\u0151termeszt\u00e9s t\u00e9mak\u00f6r\u00e9b\u0151l eml\u00edt\u00e9sre m\u00e9lt\u00f3.<\/p>\n<p>Ez a terem a szellemi \u00e9let, \u00edrott hagyom\u00e1nyok gy\u0171jtem\u00e9nye: k\u00f6zs\u00e9gi kr\u00f3nikak\u00f6tetek 1962-t\u0151l napjainkig, int\u00e9zm\u00e9nyt\u00f6rt\u00e9netek, p\u00e1lyamunk\u00e1k. Szakdolgozatok, plak\u00e1tgy\u0171jtem\u00e9ny, r\u00e9gi \u00fajs\u00e1gok, kalend\u00e1riumok, amat\u0151r f\u00e9nyk\u00e9pek, magn\u00f3 \u2013 \u00e9s videofelv\u00e9telek, visszaeml\u00e9kez\u00e9sek\u2026 Igen gazdag anyag.<\/p>\n<p>Az udvarba n\u00e9z\u0151 teremben az iskolat\u00f6rt\u00e9net t\u00e1rgyi \u00e9s szellemi eml\u00e9keit mutatjuk be a \u201er\u00e9gi tanterem rekonstru\u00e1l\u00e1s\u00e1val\u02dd. Korabeli \u00f3vodai \u00e9s iskolai b\u00fatorok \u2013 pad, asztal, t\u00e1bla, harm\u00f3nium-, felszerel\u00e9sek, szeml\u00e9ltet\u0151eszk\u00f6z\u00f6k. Korabeli tank\u00f6nyvek, f\u00fczetek, t\u00e9rk\u00e9pek\u2026 Iskolai z\u00e1szl\u00f3 1928. Sz\u00edvg\u00e1rdist\u00e1k z\u00e1szlaja. Eml\u00e9kt\u00e1bl\u00e1k m\u00e1rv\u00e1nyb\u00f3l, s\u00edrk\u00f6vek, s n\u00e9h\u00e1ny iskolai \u00e9lettel kapcsolatos tabl\u00f3, tanyasi \u00e9let.<\/p>\n<p>A ki\u00e1ll\u00edt\u00e1s r\u00e9sze az orsz\u00e1gosan els\u0151k\u00e9nt lef\u00e9nyk\u00e9pezett falunk, melyet a k\u00f6zeli k\u00f6zs\u00e9gh\u00e1za el\u0151ter\u00e9ben lehet megtekinteni. Bel- \u00e9s k\u00fclter\u00fcleti h\u00e1zak l\u00e1that\u00f3an tabl\u00f3szer\u0171en, utc\u00e1k-d\u0171l\u0151k szerint.<\/p>\n<p>Mindezekben a lakoss\u00e1g \u00f6sszet\u00e9tel\u00e9nek megfelel\u0151en a nemzetis\u00e9gi \u2013n\u00e9met, bunyev\u00e1c\/horv\u00e1t \u2013jelleg is t\u00fckr\u00f6z\u0151dik, mint a k\u00f6zs\u00e9gi kr\u00f3nik\u00e1ban. A R\u00e9gi id\u0151kb\u0151l meg\u0151rz\u00f6tt eml\u00e9kek a t\u00e1voli id\u0151kben zajlott esem\u00e9nyeket var\u00e1zsolj\u00e1k el\u00e9nk egy-egy val\u00f3s\u00e1gh\u0171 pillanattal. Nek\u00fcnk sz\u00f3lnak, a jelennek \u00e9s j\u00f6v\u0151nek!<\/p>\n<p>A bel\u00e9p\u00e9s ingyenes!<\/p>\n<p>K\u00e9r\u00e9sre b\u00e1rmikor megtekinthet\u0151! Mindenkit szeretettel v\u00e1runk!<\/p>\n<h2><a href=\"https:\/\/csavoly.hu\/wp\/?page_id=2486\" target=\"_blank\" rel=\"noopener noreferrer\">BETEKINT\u00c9S A M\u00daZEUMBA<\/a><\/h2>\n<h2><a href=\"https:\/\/csavoly.hu\/wp\/?page_id=379\" target=\"_blank\" rel=\"noopener noreferrer\">\u00c9RT\u00c9KT\u00c1R<\/a><\/h2>\n<div class=\"pvc_clear\"><\/div>\n<p id=\"pvc_stats_1327\" class=\"pvc_stats all  \" data-element-id=\"1327\" style=\"\"><i class=\"pvc-stats-icon medium\" aria-hidden=\"true\"><svg aria-hidden=\"true\" focusable=\"false\" data-prefix=\"far\" data-icon=\"chart-bar\" role=\"img\" xmlns=\"http:\/\/www.w3.org\/2000\/svg\" viewBox=\"0 0 512 512\" class=\"svg-inline--fa fa-chart-bar fa-w-16 fa-2x\"><path fill=\"currentColor\" d=\"M396.8 352h22.4c6.4 0 12.8-6.4 12.8-12.8V108.8c0-6.4-6.4-12.8-12.8-12.8h-22.4c-6.4 0-12.8 6.4-12.8 12.8v230.4c0 6.4 6.4 12.8 12.8 12.8zm-192 0h22.4c6.4 0 12.8-6.4 12.8-12.8V140.8c0-6.4-6.4-12.8-12.8-12.8h-22.4c-6.4 0-12.8 6.4-12.8 12.8v198.4c0 6.4 6.4 12.8 12.8 12.8zm96 0h22.4c6.4 0 12.8-6.4 12.8-12.8V204.8c0-6.4-6.4-12.8-12.8-12.8h-22.4c-6.4 0-12.8 6.4-12.8 12.8v134.4c0 6.4 6.4 12.8 12.8 12.8zM496 400H48V80c0-8.84-7.16-16-16-16H16C7.16 64 0 71.16 0 80v336c0 17.67 14.33 32 32 32h464c8.84 0 16-7.16 16-16v-16c0-8.84-7.16-16-16-16zm-387.2-48h22.4c6.4 0 12.8-6.4 12.8-12.8v-70.4c0-6.4-6.4-12.8-12.8-12.8h-22.4c-6.4 0-12.8 6.4-12.8 12.8v70.4c0 6.4 6.4 12.8 12.8 12.8z\" class=\"\"><\/path><\/svg><\/i> <img loading=\"lazy\" decoding=\"async\" width=\"16\" height=\"16\" alt=\"Loading\" src=\"https:\/\/csavoly.hu\/wp\/wp-content\/plugins\/page-views-count\/ajax-loader-2x.gif\" border=0 \/><\/p>\n<div class=\"pvc_clear\"><\/div>\n","protected":false},"excerpt":{"rendered":"<p>Szeptembert\u0151l a m\u00fazeum ingyenesen nyitva tart az \u00e9rdekl\u0151d\u0151k sz\u00e1m\u00e1ra minden h\u00e9ten cs\u00fct\u00f6rt\u00f6k\u00f6nk\u00e9nt 10.00 \u2013 14.00 \u00f3r\u00e1ig. El\u0151zetes egyeztet\u00e9s alapj\u00e1n h\u00e9tv\u00e9g\u00e9n is sz\u00edvesen v\u00e1rjuk a l\u00e1togat\u00f3kat. \u00c9rdekl\u0151dni a 0620 993 3830 telefonsz\u00e1mon lehet. &#8222;A sz\u0171kebb k\u00f6rnyezetr\u0151l sz\u00f3l ez a kiadv\u00e1ny, ahol \u00e9l\u00fcnk \u00e9s dolgozunk, amely legk\u00f6zelebb \u00e1ll a sz\u00edv\u00fcnkh\u00f6z. Az eg\u00e9sz falunak \u00e9s az \u00e9rdekl\u0151d\u0151 ki\u00e1ll\u00edt\u00e1s &hellip; <a href=\"https:\/\/csavoly.hu\/wp\/?page_id=1327\" class=\"more-link\"><span class=\"screen-reader-text\">helyt\u00f6rt\u00e9neti gy\u0171jtem\u00e9ny<\/span> b\u0151vebben&#8230; <span class=\"meta-nav\">&rarr;<\/span><\/a><\/p>\n<div class=\"pvc_clear\"><\/div>\n<p id=\"pvc_stats_1327\" class=\"pvc_stats all  \" data-element-id=\"1327\" style=\"\"><i class=\"pvc-stats-icon medium\" aria-hidden=\"true\"><svg aria-hidden=\"true\" focusable=\"false\" data-prefix=\"far\" data-icon=\"chart-bar\" role=\"img\" xmlns=\"http:\/\/www.w3.org\/2000\/svg\" viewBox=\"0 0 512 512\" class=\"svg-inline--fa fa-chart-bar fa-w-16 fa-2x\"><path fill=\"currentColor\" d=\"M396.8 352h22.4c6.4 0 12.8-6.4 12.8-12.8V108.8c0-6.4-6.4-12.8-12.8-12.8h-22.4c-6.4 0-12.8 6.4-12.8 12.8v230.4c0 6.4 6.4 12.8 12.8 12.8zm-192 0h22.4c6.4 0 12.8-6.4 12.8-12.8V140.8c0-6.4-6.4-12.8-12.8-12.8h-22.4c-6.4 0-12.8 6.4-12.8 12.8v198.4c0 6.4 6.4 12.8 12.8 12.8zm96 0h22.4c6.4 0 12.8-6.4 12.8-12.8V204.8c0-6.4-6.4-12.8-12.8-12.8h-22.4c-6.4 0-12.8 6.4-12.8 12.8v134.4c0 6.4 6.4 12.8 12.8 12.8zM496 400H48V80c0-8.84-7.16-16-16-16H16C7.16 64 0 71.16 0 80v336c0 17.67 14.33 32 32 32h464c8.84 0 16-7.16 16-16v-16c0-8.84-7.16-16-16-16zm-387.2-48h22.4c6.4 0 12.8-6.4 12.8-12.8v-70.4c0-6.4-6.4-12.8-12.8-12.8h-22.4c-6.4 0-12.8 6.4-12.8 12.8v70.4c0 6.4 6.4 12.8 12.8 12.8z\" class=\"\"><\/path><\/svg><\/i> <img loading=\"lazy\" decoding=\"async\" width=\"16\" height=\"16\" alt=\"Loading\" src=\"https:\/\/csavoly.hu\/wp\/wp-content\/plugins\/page-views-count\/ajax-loader-2x.gif\" border=0 \/><\/p>\n<div class=\"pvc_clear\"><\/div>\n","protected":false},"author":3,"featured_media":0,"parent":0,"menu_order":1,"comment_status":"closed","ping_status":"closed","template":"","meta":{"footnotes":""},"class_list":["post-1327","page","type-page","status-publish","hentry"],"_links":{"self":[{"href":"https:\/\/csavoly.hu\/wp\/index.php?rest_route=\/wp\/v2\/pages\/1327"}],"collection":[{"href":"https:\/\/csavoly.hu\/wp\/index.php?rest_route=\/wp\/v2\/pages"}],"about":[{"href":"https:\/\/csavoly.hu\/wp\/index.php?rest_route=\/wp\/v2\/types\/page"}],"author":[{"embeddable":true,"href":"https:\/\/csavoly.hu\/wp\/index.php?rest_route=\/wp\/v2\/users\/3"}],"replies":[{"embeddable":true,"href":"https:\/\/csavoly.hu\/wp\/index.php?rest_route=%2Fwp%2Fv2%2Fcomments&post=1327"}],"version-history":[{"count":8,"href":"https:\/\/csavoly.hu\/wp\/index.php?rest_route=\/wp\/v2\/pages\/1327\/revisions"}],"predecessor-version":[{"id":6334,"href":"https:\/\/csavoly.hu\/wp\/index.php?rest_route=\/wp\/v2\/pages\/1327\/revisions\/6334"}],"wp:attachment":[{"href":"https:\/\/csavoly.hu\/wp\/index.php?rest_route=%2Fwp%2Fv2%2Fmedia&parent=1327"}],"curies":[{"name":"wp","href":"https:\/\/api.w.org\/{rel}","templated":true}]}}