{"id":1393,"date":"2018-09-24T10:08:08","date_gmt":"2018-09-24T08:08:08","guid":{"rendered":"http:\/\/csavoly.hu\/wp\/?page_id=1393"},"modified":"2020-05-05T10:42:54","modified_gmt":"2020-05-05T08:42:54","slug":"csavolyi-templom","status":"publish","type":"page","link":"https:\/\/csavoly.hu\/wp\/?page_id=1393","title":{"rendered":"PL\u00c9B\u00c1NIA \/  TEMPLOM"},"content":{"rendered":"<p><img loading=\"lazy\" decoding=\"async\" class=\"size-full wp-image-3028\" src=\"https:\/\/csavoly.hu\/wp\/wp-content\/uploads\/2020\/05\/Templom.jpg\" alt=\"\" width=\"2000\" height=\"1125\" srcset=\"https:\/\/csavoly.hu\/wp\/wp-content\/uploads\/2020\/05\/Templom.jpg 2000w, https:\/\/csavoly.hu\/wp\/wp-content\/uploads\/2020\/05\/Templom-768x432.jpg 768w\" sizes=\"(max-width: 2000px) 100vw, 2000px\" \/><\/p>\n<h4 style=\"text-align: center;\">A Cs\u00e1volyi R\u00f3mai katolikus Pl\u00e9b\u00e1niatemplom t\u00f6rt\u00e9nete.<\/h4>\n<p>Sajnos a megb\u00edzhat\u00f3 irodalmi forr\u00e1sok nem \u00e1llnak rendelkez\u00e9sre, mivel a Pl\u00e9b\u00e1nia T\u00f6rt\u00e9neti feljegyz\u00e9sei az \u00fagynevezett Hist\u00f3ria Domus\u00a0 az 1980-90-es \u00e9vekben elt\u0171nt, \u00edgy a templom t\u00f6rt\u00e9nete, \u00e9p\u00edt\u00e9s\u00e9nek pontos k\u00f6r\u00fclm\u00e9nyei a mai napig felt\u00e1ratlanok.\u00a0 Cs\u00e1voly 1198. \u00f3ta l\u00e9tez\u0151 telep\u00fcl\u00e9s. Val\u00f3sz\u00edn\u0171leg ez okn\u00e1l fogva is rendelkezett templommal a t\u00f6r\u00f6k h\u00f3dolts\u00e1g el\u0151tti id\u0151kben. A t\u00f6r\u00f6k azonban mindent elpuszt\u00edtott. Nyomai nem tal\u00e1lhat\u00f3ak. \u00a0A t\u00f6r\u00f6k ki\u0171z\u00e9se ut\u00e1n ide betelep\u00fcl\u0151k els\u0151 dolga 1734 ut\u00e1ni id\u0151kben, nagy val\u00f3sz\u00edn\u0171s\u00e9ggel egy sebt\u00e9ben f\u00e1b\u00f3l, n\u00e1db\u00f3l, s\u00e1rb\u00f3l emelt k\u00e1polna \u00e9p\u00edt\u00e9se lehetett, ahov\u00e1 az 1722-ben \u00f6nt\u00f6tt mai napig a temet\u0151k\u00e1poln\u00e1ban l\u00e9v\u0151 kis harangot is elhelyezt\u00e9k. Baj\u00e1r\u00f3l a ferences rendi bar\u00e1tok l\u00e1tt\u00e1k el az egyh\u00e1zi szolg\u00e1latot eg\u00e9szen 1748-ig, amikor is a kegy\u00far \u00e9s egyben kalocsai \u00e9rsek, Patacsics G\u00e1bor megalap\u00edtotta a pl\u00e9b\u00e1ni\u00e1t, annak els\u0151 pl\u00e9b\u00e1nosak\u00e9nt Kalinka Gy\u00f6rgy-\u00f6t kinevezve. Nagy val\u00f3sz\u00edn\u0171s\u00e9ggel az els\u0151 pl\u00e9b\u00e1nos a mai napig \u00e1ll\u00f3, az\u00f3ta t\u00f6bbsz\u00f6r b\u0151v\u00edtett, pl\u00e9b\u00e1nia\u00e9p\u00fcletben lakott, amelynek legut\u00f3bbi fel\u00faj\u00edt\u00e1sa sor\u00e1n a falakb\u00f3l el\u0151ker\u00fclt egy 1747-ben \u00e9getett t\u00e9gla. \u00cdgy biztosak lehet\u00fcnk abban, hogy szer\u00e9ny templom is \u00e1llt a ma \u00e1ll\u00f3 templom\u00e9p\u00fclet hely\u00e9n. Ahogy a falu fejl\u0151d\u00f6tt, lakosainak sz\u00e1ma gyarapodott sz\u00fcks\u00e9gess\u00e9 v\u00e1lhatott komolyabb templom\u00e9p\u00fclet \u00e9p\u00edt\u00e9se. Ez Patacsics \u00c1d\u00e1m az alap\u00edt\u00f3 kalocsai \u00e9rsek unoka\u00f6ccs\u00e9nek \u00e9s egyben ut\u00f3dj\u00e1nak lett a feladata, \u201eaki\u00e9 a f\u00f6ld az\u00e9 a vall\u00e1s\u201d alapon.\u00a0 \u00cdgy kegy\u00fark\u00e9nt fel\u00e9p\u00edtette 1783-ra az egyhaj\u00f3s, toronnyal \u00e9s sekresty\u00e9vel, illetve orat\u00f3riummal ell\u00e1tott templomot, \u00e9s nagy val\u00f3sz\u00edn\u0171s\u00e9ggel b\u0151v\u00edtett\u00e9k \u00e9s fel\u00faj\u00edtott\u00e1k a pl\u00e9b\u00e1nia \u00e9p\u00fclet\u00e9t, azaz a paplakot is egyben. A templom homlokzat\u00e1n ez\u00e9rt szerepel az \u00e9p\u00edttet\u0151 \u00c9rsek, Patacsics \u00c1d\u00e1m c\u00edmere. Templom m\u00e9retei: 35,75 m hossz\u00fa, 20,75 m sz\u00e9les. Titulusa: Urunk sz\u00ednev\u00e1ltoz\u00e1sa, \u00fcnnepe augusztus 6.<\/p>\n<p>A falu b\u0151v\u00fcl\u00e9s\u00e9vel 1883-a sz\u00fcks\u00e9gess\u00e9 v\u00e1lt a templom b\u0151v\u00edt\u00e9se is. A oldalfalakat \u00e1tt\u00f6rve, a t\u00e1maszt\u00f3 pill\u00e9reket oszlopokk\u00e1 alak\u00edtva\u00a0 oldalr\u00f3l megtoldott\u00e1k imm\u00e1r h\u00e1rom haj\u00f3ss\u00e1 alak\u00edtva a templomot. Teljes barokk berendez\u00e9seit kicser\u00e9lt\u00e9k, a f\u0151olt\u00e1rt klasszicista jelleg\u0171re k\u00e9sz\u00edtett\u00e9k benne elhelyezve az 1870-ben Johann H\u00f6frich fest\u0151 \u00e1ltal a R\u00f3m\u00e1ban \u0151rz\u00f6tt Raffaello :Urunk sz\u00ednev\u00e1ltoz\u00e1s\u00e1nak m\u00e1solat\u00e1t, Szent P\u00e9ter \u00e9s P\u00e1l ,Tirolban k\u00e9sz\u00fclt szobraival egyetemben. A k\u00e9t oldalhaj\u00f3ba is mell\u00e9kolt\u00e1rok ker\u00fcltek: Boldogs\u00e1gos Sz\u0171z M\u00e1ria illetve Szent J\u00f3zsef olt\u00e1ra. Az Orgona 1892-ben P\u00e9csett Angster J\u00f3zsef gy\u00e1r\u00e1ban k\u00e9sz\u00fclt 8 regiszterrel, \/S\u00edpsor\/\u00a0 572, f\u00e9m illetve fa s\u00edppal. Mivel a sz\u0171k\u00f6s karzaton nem f\u00e9rt el az orgona, \u00edgy a karzat is b\u0151v\u00edtve lett, &#8211; ak\u00e1r csak a templom- nem t\u00fal j\u00f3l siker\u00fclt m\u00f3don. 1916-ban M\u00fcnchenben k\u00e9sz\u00fclt \u00f3lom-\u00fcveg ablakok, 1918-ban Tirolban faragott kereszt\u00fattal \u00e9s Magyarok nagyasszonya szoborral b\u0151v\u00fclt a templom. 1926-ban \u00faj olt\u00e1rk\u00e9pet festett Kuczka Gy\u00f6rgy templomfest\u0151, mely jelenleg az oldalhaj\u00f3ban l\u00e1that\u00f3. 1994-ben Schauer Mikl\u00f3s \u00e9s V\u00f6r\u00f6s Ferenc munk\u00e1ja nyom\u00e1n olt\u00e1rasztal \u00e9s sz\u00f3sz\u00e9k k\u00e9sz\u00fclt a meg\u00faj\u00edtott liturgi\u00e1nak megfelel\u0151en N\u00e9metorsz\u00e1gba kitelep\u00edtettek adom\u00e1ny\u00e1b\u00f3l. 2003-ban az orat\u00f3rium k\u00e1poln\u00e1v\u00e1 lett \u00e1talak\u00edtva N\u00e9ri Szent F\u00fcl\u00f6p tisztelet\u00e9re meg\u00e1ldva. 2008-ban a bej\u00e1ratn\u00e1l a jelen\u00e9sek 150-ik \u00e9vfordul\u00f3j\u00e1ra Lourdes-i barlang lett kialak\u00edtva, a r\u00e9gi szent\u00e9lyelv\u00e1laszt\u00f3 korl\u00e1tot felhaszn\u00e1lva. A k\u00f6z\u00f6ss\u00e9get 2013-ban <strong>Szent ll. J\u00e1nos P\u00e1l p\u00e1pa haj\u00e1nak erekly\u00e9j\u00e9<\/strong>vel \u00e9s annak \u0151rz\u00e9s\u00e9re szolg\u00e1l\u00f3 pasztof\u00f3riummal aj\u00e1nd\u00e9kozt\u00e1k meg. Torny\u00e1ban jelenleg 3 harang lakik: Nagyharang kb. 420 kg. 1980-ban \u00f6nt\u00f6tt\u00e9k. K\u00f6z\u00e9ps\u0151 harang kb. 150 kg. 1830-b\u00f3l. A L\u00e9lek harang kb. 50 kg \u00e9s 1939-b\u0151l val\u00f3.<\/p>\n<p>A templom csak egy \u00e9p\u00fclet. \u00c9l\u0151v\u00e9, \u00e9rt\u00e9kess\u00e9 a benne im\u00e1dkoz\u00f3 lelkek teszik!<\/p>\n<p><img loading=\"lazy\" decoding=\"async\" class=\"alignnone size-medium wp-image-1390\" src=\"https:\/\/csavoly.hu\/wp\/wp-content\/uploads\/2018\/09\/Urunk-sz\u00ednev\u00e1ltoz\u00e1sa-f\u0151olt\u00e1r-3-169x300.jpg\" alt=\"\" width=\"169\" height=\"300\" srcset=\"https:\/\/csavoly.hu\/wp\/wp-content\/uploads\/2018\/09\/Urunk-sz\u00ednev\u00e1ltoz\u00e1sa-f\u0151olt\u00e1r-3-169x300.jpg 169w, https:\/\/csavoly.hu\/wp\/wp-content\/uploads\/2018\/09\/Urunk-sz\u00ednev\u00e1ltoz\u00e1sa-f\u0151olt\u00e1r-3-768x1365.jpg 768w, https:\/\/csavoly.hu\/wp\/wp-content\/uploads\/2018\/09\/Urunk-sz\u00ednev\u00e1ltoz\u00e1sa-f\u0151olt\u00e1r-3-576x1024.jpg 576w, https:\/\/csavoly.hu\/wp\/wp-content\/uploads\/2018\/09\/Urunk-sz\u00ednev\u00e1ltoz\u00e1sa-f\u0151olt\u00e1r-3-1170x2080.jpg 1170w, https:\/\/csavoly.hu\/wp\/wp-content\/uploads\/2018\/09\/Urunk-sz\u00ednev\u00e1ltoz\u00e1sa-f\u0151olt\u00e1r-3.jpg 1836w\" sizes=\"(max-width: 169px) 100vw, 169px\" \/> <img loading=\"lazy\" decoding=\"async\" class=\"alignnone size-medium wp-image-1389\" src=\"https:\/\/csavoly.hu\/wp\/wp-content\/uploads\/2018\/09\/templombels\u0151-169x300.jpg\" alt=\"\" width=\"169\" height=\"300\" srcset=\"https:\/\/csavoly.hu\/wp\/wp-content\/uploads\/2018\/09\/templombels\u0151-169x300.jpg 169w, https:\/\/csavoly.hu\/wp\/wp-content\/uploads\/2018\/09\/templombels\u0151-768x1365.jpg 768w, https:\/\/csavoly.hu\/wp\/wp-content\/uploads\/2018\/09\/templombels\u0151-576x1024.jpg 576w, https:\/\/csavoly.hu\/wp\/wp-content\/uploads\/2018\/09\/templombels\u0151-1170x2080.jpg 1170w, https:\/\/csavoly.hu\/wp\/wp-content\/uploads\/2018\/09\/templombels\u0151.jpg 1836w\" sizes=\"(max-width: 169px) 100vw, 169px\" \/> <img loading=\"lazy\" decoding=\"async\" class=\"alignnone size-medium wp-image-1388\" src=\"https:\/\/csavoly.hu\/wp\/wp-content\/uploads\/2018\/09\/Temlom-300x169.jpg\" alt=\"\" width=\"300\" height=\"169\" srcset=\"https:\/\/csavoly.hu\/wp\/wp-content\/uploads\/2018\/09\/Temlom-300x169.jpg 300w, https:\/\/csavoly.hu\/wp\/wp-content\/uploads\/2018\/09\/Temlom-768x432.jpg 768w, https:\/\/csavoly.hu\/wp\/wp-content\/uploads\/2018\/09\/Temlom-1024x576.jpg 1024w, https:\/\/csavoly.hu\/wp\/wp-content\/uploads\/2018\/09\/Temlom-1170x658.jpg 1170w\" sizes=\"(max-width: 300px) 100vw, 300px\" \/> <img loading=\"lazy\" decoding=\"async\" class=\"alignnone size-medium wp-image-1387\" src=\"https:\/\/csavoly.hu\/wp\/wp-content\/uploads\/2018\/09\/Sz\u00f3sz\u00e9k-169x300.jpg\" alt=\"\" width=\"169\" height=\"300\" srcset=\"https:\/\/csavoly.hu\/wp\/wp-content\/uploads\/2018\/09\/Sz\u00f3sz\u00e9k-169x300.jpg 169w, https:\/\/csavoly.hu\/wp\/wp-content\/uploads\/2018\/09\/Sz\u00f3sz\u00e9k-768x1365.jpg 768w, https:\/\/csavoly.hu\/wp\/wp-content\/uploads\/2018\/09\/Sz\u00f3sz\u00e9k-576x1024.jpg 576w, https:\/\/csavoly.hu\/wp\/wp-content\/uploads\/2018\/09\/Sz\u00f3sz\u00e9k-1170x2080.jpg 1170w, https:\/\/csavoly.hu\/wp\/wp-content\/uploads\/2018\/09\/Sz\u00f3sz\u00e9k.jpg 1836w\" sizes=\"(max-width: 169px) 100vw, 169px\" \/> <img loading=\"lazy\" decoding=\"async\" class=\"alignnone size-medium wp-image-1386\" src=\"https:\/\/csavoly.hu\/wp\/wp-content\/uploads\/2018\/09\/Szent-Vendel-169x300.jpg\" alt=\"\" width=\"169\" height=\"300\" srcset=\"https:\/\/csavoly.hu\/wp\/wp-content\/uploads\/2018\/09\/Szent-Vendel-169x300.jpg 169w, https:\/\/csavoly.hu\/wp\/wp-content\/uploads\/2018\/09\/Szent-Vendel-768x1365.jpg 768w, https:\/\/csavoly.hu\/wp\/wp-content\/uploads\/2018\/09\/Szent-Vendel-576x1024.jpg 576w, https:\/\/csavoly.hu\/wp\/wp-content\/uploads\/2018\/09\/Szent-Vendel-1170x2080.jpg 1170w, https:\/\/csavoly.hu\/wp\/wp-content\/uploads\/2018\/09\/Szent-Vendel.jpg 1836w\" sizes=\"(max-width: 169px) 100vw, 169px\" \/> <img loading=\"lazy\" decoding=\"async\" class=\"alignnone size-medium wp-image-1385\" src=\"https:\/\/csavoly.hu\/wp\/wp-content\/uploads\/2018\/09\/Szent-J\u00f3zsef-olt\u00e1r-169x300.jpg\" alt=\"\" width=\"169\" height=\"300\" srcset=\"https:\/\/csavoly.hu\/wp\/wp-content\/uploads\/2018\/09\/Szent-J\u00f3zsef-olt\u00e1r-169x300.jpg 169w, https:\/\/csavoly.hu\/wp\/wp-content\/uploads\/2018\/09\/Szent-J\u00f3zsef-olt\u00e1r-768x1365.jpg 768w, https:\/\/csavoly.hu\/wp\/wp-content\/uploads\/2018\/09\/Szent-J\u00f3zsef-olt\u00e1r-576x1024.jpg 576w, https:\/\/csavoly.hu\/wp\/wp-content\/uploads\/2018\/09\/Szent-J\u00f3zsef-olt\u00e1r-1170x2080.jpg 1170w, https:\/\/csavoly.hu\/wp\/wp-content\/uploads\/2018\/09\/Szent-J\u00f3zsef-olt\u00e1r.jpg 1836w\" sizes=\"(max-width: 169px) 100vw, 169px\" \/> <img loading=\"lazy\" decoding=\"async\" class=\"alignnone size-medium wp-image-1384\" src=\"https:\/\/csavoly.hu\/wp\/wp-content\/uploads\/2018\/09\/Szent-II.-J\u00e1nos-P\u00e1l-p\u00e1pa-ereklye-1-169x300.jpg\" alt=\"\" width=\"169\" height=\"300\" srcset=\"https:\/\/csavoly.hu\/wp\/wp-content\/uploads\/2018\/09\/Szent-II.-J\u00e1nos-P\u00e1l-p\u00e1pa-ereklye-1-169x300.jpg 169w, https:\/\/csavoly.hu\/wp\/wp-content\/uploads\/2018\/09\/Szent-II.-J\u00e1nos-P\u00e1l-p\u00e1pa-ereklye-1-768x1365.jpg 768w, https:\/\/csavoly.hu\/wp\/wp-content\/uploads\/2018\/09\/Szent-II.-J\u00e1nos-P\u00e1l-p\u00e1pa-ereklye-1-576x1024.jpg 576w, https:\/\/csavoly.hu\/wp\/wp-content\/uploads\/2018\/09\/Szent-II.-J\u00e1nos-P\u00e1l-p\u00e1pa-ereklye-1-1170x2080.jpg 1170w, https:\/\/csavoly.hu\/wp\/wp-content\/uploads\/2018\/09\/Szent-II.-J\u00e1nos-P\u00e1l-p\u00e1pa-ereklye-1.jpg 1836w\" sizes=\"(max-width: 169px) 100vw, 169px\" \/> <img loading=\"lazy\" decoding=\"async\" class=\"alignnone size-medium wp-image-1383\" src=\"https:\/\/csavoly.hu\/wp\/wp-content\/uploads\/2018\/09\/Pieta-169x300.jpg\" alt=\"\" width=\"169\" height=\"300\" srcset=\"https:\/\/csavoly.hu\/wp\/wp-content\/uploads\/2018\/09\/Pieta-169x300.jpg 169w, https:\/\/csavoly.hu\/wp\/wp-content\/uploads\/2018\/09\/Pieta-768x1365.jpg 768w, https:\/\/csavoly.hu\/wp\/wp-content\/uploads\/2018\/09\/Pieta-576x1024.jpg 576w, https:\/\/csavoly.hu\/wp\/wp-content\/uploads\/2018\/09\/Pieta-1170x2080.jpg 1170w, https:\/\/csavoly.hu\/wp\/wp-content\/uploads\/2018\/09\/Pieta.jpg 1836w\" sizes=\"(max-width: 169px) 100vw, 169px\" \/> <img loading=\"lazy\" decoding=\"async\" class=\"alignnone size-medium wp-image-1382\" src=\"https:\/\/csavoly.hu\/wp\/wp-content\/uploads\/2018\/09\/Orgona-169x300.jpg\" alt=\"\" width=\"169\" height=\"300\" srcset=\"https:\/\/csavoly.hu\/wp\/wp-content\/uploads\/2018\/09\/Orgona-169x300.jpg 169w, https:\/\/csavoly.hu\/wp\/wp-content\/uploads\/2018\/09\/Orgona-768x1365.jpg 768w, https:\/\/csavoly.hu\/wp\/wp-content\/uploads\/2018\/09\/Orgona-576x1024.jpg 576w, https:\/\/csavoly.hu\/wp\/wp-content\/uploads\/2018\/09\/Orgona-1170x2080.jpg 1170w, https:\/\/csavoly.hu\/wp\/wp-content\/uploads\/2018\/09\/Orgona.jpg 1836w\" sizes=\"(max-width: 169px) 100vw, 169px\" \/> <img loading=\"lazy\" decoding=\"async\" class=\"alignnone size-medium wp-image-1381\" src=\"https:\/\/csavoly.hu\/wp\/wp-content\/uploads\/2018\/09\/N\u00e9ri-Szent-F\u00fcl\u00f6p-k\u00e1polna-2-169x300.jpg\" alt=\"\" width=\"169\" height=\"300\" srcset=\"https:\/\/csavoly.hu\/wp\/wp-content\/uploads\/2018\/09\/N\u00e9ri-Szent-F\u00fcl\u00f6p-k\u00e1polna-2-169x300.jpg 169w, https:\/\/csavoly.hu\/wp\/wp-content\/uploads\/2018\/09\/N\u00e9ri-Szent-F\u00fcl\u00f6p-k\u00e1polna-2-768x1365.jpg 768w, https:\/\/csavoly.hu\/wp\/wp-content\/uploads\/2018\/09\/N\u00e9ri-Szent-F\u00fcl\u00f6p-k\u00e1polna-2-576x1024.jpg 576w, https:\/\/csavoly.hu\/wp\/wp-content\/uploads\/2018\/09\/N\u00e9ri-Szent-F\u00fcl\u00f6p-k\u00e1polna-2-1170x2080.jpg 1170w, https:\/\/csavoly.hu\/wp\/wp-content\/uploads\/2018\/09\/N\u00e9ri-Szent-F\u00fcl\u00f6p-k\u00e1polna-2.jpg 1836w\" sizes=\"(max-width: 169px) 100vw, 169px\" \/> <img loading=\"lazy\" decoding=\"async\" class=\"alignnone size-medium wp-image-1380\" src=\"https:\/\/csavoly.hu\/wp\/wp-content\/uploads\/2018\/09\/Nagy-kereszt-169x300.jpg\" alt=\"\" width=\"169\" height=\"300\" srcset=\"https:\/\/csavoly.hu\/wp\/wp-content\/uploads\/2018\/09\/Nagy-kereszt-169x300.jpg 169w, https:\/\/csavoly.hu\/wp\/wp-content\/uploads\/2018\/09\/Nagy-kereszt-768x1365.jpg 768w, https:\/\/csavoly.hu\/wp\/wp-content\/uploads\/2018\/09\/Nagy-kereszt-576x1024.jpg 576w, https:\/\/csavoly.hu\/wp\/wp-content\/uploads\/2018\/09\/Nagy-kereszt-1170x2080.jpg 1170w, https:\/\/csavoly.hu\/wp\/wp-content\/uploads\/2018\/09\/Nagy-kereszt.jpg 1836w\" sizes=\"(max-width: 169px) 100vw, 169px\" \/> <img loading=\"lazy\" decoding=\"async\" class=\"alignnone size-medium wp-image-1379\" src=\"https:\/\/csavoly.hu\/wp\/wp-content\/uploads\/2018\/09\/M\u00e1ria-olt\u00e1r-169x300.jpg\" alt=\"\" width=\"169\" height=\"300\" srcset=\"https:\/\/csavoly.hu\/wp\/wp-content\/uploads\/2018\/09\/M\u00e1ria-olt\u00e1r-169x300.jpg 169w, https:\/\/csavoly.hu\/wp\/wp-content\/uploads\/2018\/09\/M\u00e1ria-olt\u00e1r-768x1365.jpg 768w, https:\/\/csavoly.hu\/wp\/wp-content\/uploads\/2018\/09\/M\u00e1ria-olt\u00e1r-576x1024.jpg 576w, https:\/\/csavoly.hu\/wp\/wp-content\/uploads\/2018\/09\/M\u00e1ria-olt\u00e1r-1170x2080.jpg 1170w, https:\/\/csavoly.hu\/wp\/wp-content\/uploads\/2018\/09\/M\u00e1ria-olt\u00e1r.jpg 1836w\" sizes=\"(max-width: 169px) 100vw, 169px\" \/> <img loading=\"lazy\" decoding=\"async\" class=\"alignnone size-medium wp-image-1378\" src=\"https:\/\/csavoly.hu\/wp\/wp-content\/uploads\/2018\/09\/Magyarok-nagyasszonya-169x300.jpg\" alt=\"\" width=\"169\" height=\"300\" srcset=\"https:\/\/csavoly.hu\/wp\/wp-content\/uploads\/2018\/09\/Magyarok-nagyasszonya-169x300.jpg 169w, https:\/\/csavoly.hu\/wp\/wp-content\/uploads\/2018\/09\/Magyarok-nagyasszonya-768x1365.jpg 768w, https:\/\/csavoly.hu\/wp\/wp-content\/uploads\/2018\/09\/Magyarok-nagyasszonya-576x1024.jpg 576w, https:\/\/csavoly.hu\/wp\/wp-content\/uploads\/2018\/09\/Magyarok-nagyasszonya-1170x2080.jpg 1170w, https:\/\/csavoly.hu\/wp\/wp-content\/uploads\/2018\/09\/Magyarok-nagyasszonya.jpg 1836w\" sizes=\"(max-width: 169px) 100vw, 169px\" \/> <img loading=\"lazy\" decoding=\"async\" class=\"alignnone size-medium wp-image-1377\" src=\"https:\/\/csavoly.hu\/wp\/wp-content\/uploads\/2018\/09\/Lourdesi-barlang-2-169x300.jpg\" alt=\"\" width=\"169\" height=\"300\" srcset=\"https:\/\/csavoly.hu\/wp\/wp-content\/uploads\/2018\/09\/Lourdesi-barlang-2-169x300.jpg 169w, https:\/\/csavoly.hu\/wp\/wp-content\/uploads\/2018\/09\/Lourdesi-barlang-2-768x1365.jpg 768w, https:\/\/csavoly.hu\/wp\/wp-content\/uploads\/2018\/09\/Lourdesi-barlang-2-576x1024.jpg 576w, https:\/\/csavoly.hu\/wp\/wp-content\/uploads\/2018\/09\/Lourdesi-barlang-2-1170x2080.jpg 1170w, https:\/\/csavoly.hu\/wp\/wp-content\/uploads\/2018\/09\/Lourdesi-barlang-2.jpg 1836w\" sizes=\"(max-width: 169px) 100vw, 169px\" \/> <img loading=\"lazy\" decoding=\"async\" class=\"alignnone size-medium wp-image-1376\" src=\"https:\/\/csavoly.hu\/wp\/wp-content\/uploads\/2018\/09\/Kerszt\u00fat-1-169x300.jpg\" alt=\"\" width=\"169\" height=\"300\" srcset=\"https:\/\/csavoly.hu\/wp\/wp-content\/uploads\/2018\/09\/Kerszt\u00fat-1-169x300.jpg 169w, https:\/\/csavoly.hu\/wp\/wp-content\/uploads\/2018\/09\/Kerszt\u00fat-1-768x1365.jpg 768w, https:\/\/csavoly.hu\/wp\/wp-content\/uploads\/2018\/09\/Kerszt\u00fat-1-576x1024.jpg 576w, https:\/\/csavoly.hu\/wp\/wp-content\/uploads\/2018\/09\/Kerszt\u00fat-1-1170x2080.jpg 1170w, https:\/\/csavoly.hu\/wp\/wp-content\/uploads\/2018\/09\/Kerszt\u00fat-1.jpg 1836w\" sizes=\"(max-width: 169px) 100vw, 169px\" \/><\/p>\n<div class=\"pvc_clear\"><\/div>\n<p id=\"pvc_stats_1393\" class=\"pvc_stats all  \" data-element-id=\"1393\" style=\"\"><i class=\"pvc-stats-icon medium\" aria-hidden=\"true\"><svg aria-hidden=\"true\" focusable=\"false\" data-prefix=\"far\" data-icon=\"chart-bar\" role=\"img\" xmlns=\"http:\/\/www.w3.org\/2000\/svg\" viewBox=\"0 0 512 512\" class=\"svg-inline--fa fa-chart-bar fa-w-16 fa-2x\"><path fill=\"currentColor\" d=\"M396.8 352h22.4c6.4 0 12.8-6.4 12.8-12.8V108.8c0-6.4-6.4-12.8-12.8-12.8h-22.4c-6.4 0-12.8 6.4-12.8 12.8v230.4c0 6.4 6.4 12.8 12.8 12.8zm-192 0h22.4c6.4 0 12.8-6.4 12.8-12.8V140.8c0-6.4-6.4-12.8-12.8-12.8h-22.4c-6.4 0-12.8 6.4-12.8 12.8v198.4c0 6.4 6.4 12.8 12.8 12.8zm96 0h22.4c6.4 0 12.8-6.4 12.8-12.8V204.8c0-6.4-6.4-12.8-12.8-12.8h-22.4c-6.4 0-12.8 6.4-12.8 12.8v134.4c0 6.4 6.4 12.8 12.8 12.8zM496 400H48V80c0-8.84-7.16-16-16-16H16C7.16 64 0 71.16 0 80v336c0 17.67 14.33 32 32 32h464c8.84 0 16-7.16 16-16v-16c0-8.84-7.16-16-16-16zm-387.2-48h22.4c6.4 0 12.8-6.4 12.8-12.8v-70.4c0-6.4-6.4-12.8-12.8-12.8h-22.4c-6.4 0-12.8 6.4-12.8 12.8v70.4c0 6.4 6.4 12.8 12.8 12.8z\" class=\"\"><\/path><\/svg><\/i> <img loading=\"lazy\" decoding=\"async\" width=\"16\" height=\"16\" alt=\"Loading\" src=\"https:\/\/csavoly.hu\/wp\/wp-content\/plugins\/page-views-count\/ajax-loader-2x.gif\" border=0 \/><\/p>\n<div class=\"pvc_clear\"><\/div>\n","protected":false},"excerpt":{"rendered":"<p>A Cs\u00e1volyi R\u00f3mai katolikus Pl\u00e9b\u00e1niatemplom t\u00f6rt\u00e9nete. Sajnos a megb\u00edzhat\u00f3 irodalmi forr\u00e1sok nem \u00e1llnak rendelkez\u00e9sre, mivel a Pl\u00e9b\u00e1nia T\u00f6rt\u00e9neti feljegyz\u00e9sei az \u00fagynevezett Hist\u00f3ria Domus\u00a0 az 1980-90-es \u00e9vekben elt\u0171nt, \u00edgy a templom t\u00f6rt\u00e9nete, \u00e9p\u00edt\u00e9s\u00e9nek pontos k\u00f6r\u00fclm\u00e9nyei a mai napig felt\u00e1ratlanok.\u00a0 Cs\u00e1voly 1198. \u00f3ta l\u00e9tez\u0151 telep\u00fcl\u00e9s. Val\u00f3sz\u00edn\u0171leg ez okn\u00e1l fogva is rendelkezett templommal a t\u00f6r\u00f6k h\u00f3dolts\u00e1g el\u0151tti id\u0151kben. &hellip; <a href=\"https:\/\/csavoly.hu\/wp\/?page_id=1393\" class=\"more-link\"><span class=\"screen-reader-text\">PL\u00c9B\u00c1NIA \/  TEMPLOM<\/span> b\u0151vebben&#8230; <span class=\"meta-nav\">&rarr;<\/span><\/a><\/p>\n<div class=\"pvc_clear\"><\/div>\n<p id=\"pvc_stats_1393\" class=\"pvc_stats all  \" data-element-id=\"1393\" style=\"\"><i class=\"pvc-stats-icon medium\" aria-hidden=\"true\"><svg aria-hidden=\"true\" focusable=\"false\" data-prefix=\"far\" data-icon=\"chart-bar\" role=\"img\" xmlns=\"http:\/\/www.w3.org\/2000\/svg\" viewBox=\"0 0 512 512\" class=\"svg-inline--fa fa-chart-bar fa-w-16 fa-2x\"><path fill=\"currentColor\" d=\"M396.8 352h22.4c6.4 0 12.8-6.4 12.8-12.8V108.8c0-6.4-6.4-12.8-12.8-12.8h-22.4c-6.4 0-12.8 6.4-12.8 12.8v230.4c0 6.4 6.4 12.8 12.8 12.8zm-192 0h22.4c6.4 0 12.8-6.4 12.8-12.8V140.8c0-6.4-6.4-12.8-12.8-12.8h-22.4c-6.4 0-12.8 6.4-12.8 12.8v198.4c0 6.4 6.4 12.8 12.8 12.8zm96 0h22.4c6.4 0 12.8-6.4 12.8-12.8V204.8c0-6.4-6.4-12.8-12.8-12.8h-22.4c-6.4 0-12.8 6.4-12.8 12.8v134.4c0 6.4 6.4 12.8 12.8 12.8zM496 400H48V80c0-8.84-7.16-16-16-16H16C7.16 64 0 71.16 0 80v336c0 17.67 14.33 32 32 32h464c8.84 0 16-7.16 16-16v-16c0-8.84-7.16-16-16-16zm-387.2-48h22.4c6.4 0 12.8-6.4 12.8-12.8v-70.4c0-6.4-6.4-12.8-12.8-12.8h-22.4c-6.4 0-12.8 6.4-12.8 12.8v70.4c0 6.4 6.4 12.8 12.8 12.8z\" class=\"\"><\/path><\/svg><\/i> <img loading=\"lazy\" decoding=\"async\" width=\"16\" height=\"16\" alt=\"Loading\" src=\"https:\/\/csavoly.hu\/wp\/wp-content\/plugins\/page-views-count\/ajax-loader-2x.gif\" border=0 \/><\/p>\n<div class=\"pvc_clear\"><\/div>\n","protected":false},"author":3,"featured_media":0,"parent":0,"menu_order":0,"comment_status":"closed","ping_status":"closed","template":"","meta":{"footnotes":""},"class_list":["post-1393","page","type-page","status-publish","hentry"],"_links":{"self":[{"href":"https:\/\/csavoly.hu\/wp\/index.php?rest_route=\/wp\/v2\/pages\/1393"}],"collection":[{"href":"https:\/\/csavoly.hu\/wp\/index.php?rest_route=\/wp\/v2\/pages"}],"about":[{"href":"https:\/\/csavoly.hu\/wp\/index.php?rest_route=\/wp\/v2\/types\/page"}],"author":[{"embeddable":true,"href":"https:\/\/csavoly.hu\/wp\/index.php?rest_route=\/wp\/v2\/users\/3"}],"replies":[{"embeddable":true,"href":"https:\/\/csavoly.hu\/wp\/index.php?rest_route=%2Fwp%2Fv2%2Fcomments&post=1393"}],"version-history":[{"count":3,"href":"https:\/\/csavoly.hu\/wp\/index.php?rest_route=\/wp\/v2\/pages\/1393\/revisions"}],"predecessor-version":[{"id":3029,"href":"https:\/\/csavoly.hu\/wp\/index.php?rest_route=\/wp\/v2\/pages\/1393\/revisions\/3029"}],"wp:attachment":[{"href":"https:\/\/csavoly.hu\/wp\/index.php?rest_route=%2Fwp%2Fv2%2Fmedia&parent=1393"}],"curies":[{"name":"wp","href":"https:\/\/api.w.org\/{rel}","templated":true}]}}