{"id":1418,"date":"2018-10-24T08:20:49","date_gmt":"2018-10-24T06:20:49","guid":{"rendered":"http:\/\/csavoly.hu\/wp\/?page_id=1418"},"modified":"2018-10-24T08:39:18","modified_gmt":"2018-10-24T06:39:18","slug":"kornyezetvedelem","status":"publish","type":"page","link":"https:\/\/csavoly.hu\/wp\/?page_id=1418","title":{"rendered":"K\u00d6RNYEZETV\u00c9DELEM"},"content":{"rendered":"<h1 style=\"text-align: center;\">T\u00c1J\u00c9KOZTAT\u00c1S az enged\u00e9ly n\u00e9lk\u00fcl f\u00fart vagy \u00e1sott kutak enged\u00e9lyeztet\u00e9s\u00e9r\u0151l<\/h1>\n<p>&nbsp;<\/p>\n<p>Az Orsz\u00e1ggy\u0171l\u00e9s 2017. \u00e9vben is m\u00f3dos\u00edtotta a v\u00edzgazd\u00e1lkod\u00e1sr\u00f3l sz\u00f3l\u00f3 1995. \u00e9vi LVII. t\u00f6rv\u00e9nyt (a tov\u00e1bbiakban: Vgtv.), amely 2018. janu\u00e1r 1. l\u00e9pett hat\u00e1lyba. A m\u00f3dos\u00edt\u00e1s \u00e9rtelm\u00e9ben <strong>mentes\u00fcl a v\u00edzgazd\u00e1lkod\u00e1si b\u00edrs\u00e1g megfizet\u00e9se al\u00f3l<\/strong> az a l\u00e9tes\u00edt\u0151, aki 2018. janu\u00e1r 1-j\u00e9t megel\u0151z\u0151en enged\u00e9ly n\u00e9lk\u00fcl vagy enged\u00e9lyt\u0151l elt\u00e9r\u0151en l\u00e9tes\u00edtett v\u00edzkiv\u00e9telt biztos\u00edt\u00f3 v\u00edzil\u00e9tes\u00edtm\u00e9nyt, ha a <strong>v\u00edzjogi<\/strong> <strong>fennmarad\u00e1si enged\u00e9lyez\u00e9si elj\u00e1r\u00e1st 2018. december 31-ig k\u00e9relmezi<\/strong>, \u00e9s az enged\u00e9ly megad\u00e1s\u00e1nak felt\u00e9telei fenn\u00e1llnak.<\/p>\n<p><strong>Milyen enged\u00e9lyt ad ki a jegyz\u0151?<\/strong><\/p>\n<p>A kutak meg\u00e9p\u00edt\u00e9s\u00e9hez, \u00e1talak\u00edt\u00e1s\u00e1hoz, \u00fczemeltet\u00e9s\u00e9hez \u00e9s megsz\u00fcntet\u00e9s\u00e9hez v\u00edzjogi enged\u00e9ly sz\u00fcks\u00e9ges. Abban az esetben, ha a v\u00edzkiv\u00e9telt biztos\u00edt\u00f3 k\u00fat <strong>v\u00edzjogi enged\u00e9ly n\u00e9lk\u00fcl ker\u00fclt meg\u00e9p\u00edt\u00e9sre<\/strong>, vagy att\u00f3l elt\u00e9r\u0151en ker\u00fclt megval\u00f3s\u00edt\u00e1sra, <strong>fennmarad\u00e1si enged\u00e9lyt kell k\u00e9rni<\/strong>. Tekintettel arra, hogy a Vgtv. nem tesz k\u00fcl\u00f6nbs\u00e9get a v\u00edzkiv\u00e9telt biztos\u00edt\u00f3 kutak k\u00f6z\u00f6tt, \u00edgy ezek ut\u00f3lagos enged\u00e9lyez\u00e9s\u00e9nek hat\u00e1sk\u00f6re megoszlik a helyi v\u00edzgazd\u00e1lkod\u00e1si hat\u00f3s\u00e1gi jogk\u00f6rrel rendelkez\u0151 jegyz\u0151, illetve a v\u00edz\u00fcgyi \u00e9s v\u00edzv\u00e9delmi hat\u00e1sk\u00f6rrel rendelkez\u0151 f\u0151v\u00e1rosi, \u00e9s a kijel\u00f6lt megyei katasztr\u00f3fav\u00e9delmi igazgat\u00f3s\u00e1gok (a tov\u00e1bbiakban: katasztr\u00f3fav\u00e9delmi igazgat\u00f3s\u00e1g) k\u00f6z\u00f6tt. A v\u00edzgazd\u00e1lkod\u00e1si hat\u00f3s\u00e1gi jogk\u00f6r gyakorl\u00e1s\u00e1r\u00f3l sz\u00f3l\u00f3 72\/1996. (V.22.) Korm\u00e1nyrendelet (a tov\u00e1bbiakban: Korm. rendelet) alapj\u00e1n a jegyz\u0151 enged\u00e9lye sz\u00fcks\u00e9ges<\/p>\n<ol>\n<li><em>a)<\/em> olyan k\u00fat l\u00e9tes\u00edt\u00e9s\u00e9hez, \u00fczemeltet\u00e9s\u00e9hez, fennmarad\u00e1s\u00e1hoz \u00e9s megsz\u00fcntet\u00e9s\u00e9hez, amely a <strong><u>k\u00f6vetkez\u0151 felt\u00e9teleket egy\u00fcttesen teljes\u00edti:<\/u><\/strong><\/li>\n<\/ol>\n<h1><em>aa) <\/em>a v\u00edzb\u00e1zisok, a t\u00e1vlati v\u00edzb\u00e1zisok, valamint az iv\u00f3v\u00edzell\u00e1t\u00e1st szolg\u00e1l\u00f3 v\u00edzil\u00e9tes\u00edtm\u00e9nyek v\u00e9delm\u00e9r\u0151l sz\u00f3l\u00f3 123\/1997. (VII. 18.) Korm. rendelet szerint kijel\u00f6lt, kijel\u00f6l\u00e9s alatt \u00e1ll\u00f3, illetve el\u0151zetesen lehat\u00e1rolt bels\u0151, k\u00fcls\u0151 \u00e9s hidrogeol\u00f3giai v\u00e9d\u0151idom, v\u00e9d\u0151ter\u00fclet, valamint karszt- vagy r\u00e9tegv\u00edzk\u00e9szlet ig\u00e9nybev\u00e9tele, \u00e9rint\u00e9se n\u00e9lk\u00fcl, \u00e9s 500 m3\/\u00e9v v\u00edzig\u00e9nybev\u00e9tellel kiz\u00e1r\u00f3lag talajv\u00edzk\u00e9szlet vagy parti sz\u0171r\u00e9s\u0171 v\u00edzk\u00e9szlet felhaszn\u00e1l\u00e1s\u00e1val \u00fczemel,<\/h1>\n<ol>\n<li><em>ab) <\/em>\u00e9p\u00fclettel vagy annak \u00e9p\u00edt\u00e9s\u00e9re jogos\u00edt\u00f3 hat\u00f3s\u00e1gi hat\u00e1rozattal, egyszer\u0171 bejelent\u00e9ssel rendelkez\u0151 ingatlanon van, \u00e9s mag\u00e1nszem\u00e9lyek r\u00e9sz\u00e9r\u0151l a h\u00e1zi iv\u00f3v\u00edzig\u00e9ny \u00e9s a h\u00e1ztart\u00e1si ig\u00e9nyek kiel\u00e9g\u00edt\u00e9s\u00e9t szolg\u00e1lja, \u00e9s<\/li>\n<li><em>ac) <\/em>nem gazdas\u00e1gi c\u00e9l\u00fa v\u00edzig\u00e9ny;<\/li>\n<li><em>b) <\/em>az <em>ab) <\/em>pontban szerepl\u0151 h\u00e1zi iv\u00f3v\u00edzig\u00e9ny kiel\u00e9g\u00edt\u00e9s\u00e9t szolg\u00e1l\u00f3 k\u00fathoz tartoz\u00f3, v\u00edztiszt\u00edt\u00e1si feladatokat ell\u00e1t\u00f3 v\u00edzil\u00e9tes\u00edtm\u00e9ny l\u00e9tes\u00edt\u00e9s\u00e9hez, \u00fczemeltet\u00e9s\u00e9hez, fennmarad\u00e1s\u00e1hoz \u00e9s megsz\u00fcntet\u00e9s\u00e9hez.<\/li>\n<\/ol>\n<p><strong><u>R\u00f6viden \u00f6sszefoglalva a fenti felt\u00e9teleket<\/u>: a k\u00fat nem \u00e9rint karszt- vagy r\u00e9tegvizet, 500 m3\/\u00e9v v\u00edzig\u00e9nybev\u00e9tel alatti, a k\u00fat \u00e9p\u00fclettel rendelkez\u0151 ingatlanon van, mag\u00e1nszem\u00e9ly a k\u00e9relmez\u0151, a k\u00fat h\u00e1zi iv\u00f3v\u00edzig\u00e9ny \u00e9s a h\u00e1ztart\u00e1si ig\u00e9nyek kiel\u00e9g\u00edt\u00e9s\u00e9t szolg\u00e1lja; a k\u00fat nem gazdas\u00e1gi c\u00e9l\u00fa v\u00edzig\u00e9nyt szolg\u00e1l, akkor a fennmarad\u00e1si enged\u00e9lyez\u00e9s a jegyz\u0151 hat\u00e1sk\u00f6r\u00e9be tartozik.<\/strong><\/p>\n<p><strong>Amennyiben az el\u0151z\u0151 felt\u00e9telek k\u00f6z\u00fcl b\u00e1rmelyik nem teljes\u00fcl, akkor nem a jegyz\u0151, hanem a katasztr\u00f3fav\u00e9delmi igazgat\u00f3s\u00e1g hat\u00e1sk\u00f6r\u00e9be tartozik a k\u00fat fennmarad\u00e1si enged\u00e9lyez\u00e9si elj\u00e1r\u00e1sa!<\/strong><\/p>\n<p><strong>\u00a0<\/strong><\/p>\n<p><strong>A jogszab\u00e1ly meghat\u00e1rozza-e a gazdas\u00e1gi c\u00e9l\u00fa v\u00edzig\u00e9ny fogalm\u00e1t?<\/strong><\/p>\n<p>Gazdas\u00e1gi c\u00e9l\u00fa v\u00edzig\u00e9nynek min\u0151s\u00fcl minden, a h\u00e1ztart\u00e1si ig\u00e9nyt\u0151l elt\u00e9r\u0151, azt meghalad\u00f3 v\u00edzig\u00e9ny. A gazdas\u00e1gi c\u00e9l\u00fa v\u00edzig\u00e9nybe beletartozhat a locsol\u00e1s, vagy az \u00e1llatitat\u00e1s is, amennyiben ezzel az enged\u00e9lyes nem a saj\u00e1t h\u00e1ztart\u00e1si ig\u00e9nyeit el\u00e9g\u00edti ki, azaz a v\u00edz haszn\u00e1lat\u00e1val gazdas\u00e1gi haszonnal j\u00e1r\u00f3 tev\u00e9kenys\u00e9get v\u00e9gez.<\/p>\n<p><strong>V\u00edzjogi fennmarad\u00e1si enged\u00e9lyez\u00e9s menete:<\/strong><\/p>\n<p>A fennmarad\u00e1si enged\u00e9lyez\u00e9si elj\u00e1r\u00e1s ir\u00e1nti k\u00e9relem beny\u00fajt\u00e1sa el\u0151tt tervdokument\u00e1ci\u00f3t kell k\u00e9sz\u00edttetni a v\u00edzjogi enged\u00e9lyez\u00e9si elj\u00e1r\u00e1shoz sz\u00fcks\u00e9ges dokument\u00e1ci\u00f3 tartalm\u00e1r\u00f3l sz\u00f3l\u00f3 41\/2017. (XII. 29.) BM rendelet (a tov\u00e1bbiakban: BM rendelet) szerint. Fontos, hogy a felsz\u00edn alatti v\u00edzk\u00e9szletekbe t\u00f6rt\u00e9n\u0151 beavatkoz\u00e1s \u00e9s a v\u00edzk\u00fatf\u00far\u00e1s szakmai k\u00f6vetelm\u00e9nyeir\u0151l sz\u00f3l\u00f3 101\/2007. (XII.23.) KvVM rendelet (a tov\u00e1bbiakban: KvVM rendelet) szerint tervdokument\u00e1ci\u00f3t csak olyan tervez\u0151 k\u00e9sz\u00edtheti, aki a Magyar M\u00e9rn\u00f6ki Kamara erre f\u00f6ljogos\u00edt\u00f3 szakter\u00fcleti tervez\u0151i jogosults\u00e1g\u00e1val rendelkezik. A fennmarad\u00e1si enged\u00e9lyez\u00e9si elj\u00e1r\u00e1s ir\u00e1nti k\u00e9relemnek tartalmazni kell a BM rendelet \u00e1ltal el\u0151\u00edrt adatokat.<\/p>\n<p>Az elj\u00e1r\u00e1s <strong>mentes az igazgat\u00e1si szolg\u00e1ltat\u00e1si d\u00edjfizet\u00e9si k\u00f6telezetts\u00e9g al\u00f3l:<\/strong><\/p>\n<p><em>\u2013 <\/em>a v\u00edzkiv\u00e9telt biztos\u00edt\u00f3 v\u00edzil\u00e9tes\u00edtm\u00e9nyek enged\u00e9lyez\u00e9si elj\u00e1r\u00e1sa 2018. december 31-ig.<\/p>\n<p>A k\u00e9relemhez csatolni kell a tervdokument\u00e1ci\u00f3t \u00e9s a tervez\u0151 m\u00e9rn\u00f6ki jogosults\u00e1g\u00e1t igazol\u00f3 igazol\u00e1sokat a BM rendelet szerint.<\/p>\n<p>A fennmarad\u00e1si enged\u00e9lyez\u00e9si elj\u00e1r\u00e1s sor\u00e1n <em>szak\u00e9rt\u0151k\u00e9nt be kell vonni<\/em> az illet\u00e9kes Katasztr\u00f3fav\u00e9delmi Igazgat\u00f3s\u00e1got annak meg\u00e1llap\u00edt\u00e1s\u00e1ra, hogy a k\u00fat nem vesz\u00e9lyeztet karszt- vagy r\u00e9tegv\u00edz k\u00e9szletet.<\/p>\n<p>Csak a szakhat\u00f3s\u00e1gi hozz\u00e1j\u00e1rul\u00e1s, valamint a szak\u00e9rt\u0151i v\u00e9lem\u00e9ny eset\u00e9n adhat ki a jegyz\u0151 fennmarad\u00e1si enged\u00e9lyt!<\/p>\n<p><strong>Milyen k\u00fatra kell fennmarad\u00e1si enged\u00e9lyt k\u00e9rni?<\/strong><\/p>\n<p>Fontos, hogy a fennmarad\u00e1si enged\u00e9lyez\u00e9si elj\u00e1r\u00e1st a jogalkot\u00f3 kiterjeszti mind az \u00e1sott, mind a f\u00fart kutakra. Vagyis minden olyan k\u00fatra vonatkoz\u00f3an fennmarad\u00e1si enged\u00e9lyt kell k\u00e9rni, amelyet enged\u00e9ly n\u00e9lk\u00fcl l\u00e9tes\u00edtettek.<\/p>\n<p><strong>A locsol\u00e1si c\u00e9llal l\u00e9tes\u00fclt kutak fennmarad\u00e1si enged\u00e9lyeztet\u00e9se eset\u00e9ben is sz\u00fcks\u00e9ges-e a szakhat\u00f3s\u00e1g bevon\u00e1sa?<\/strong><\/p>\n<p>Csak akkor kell a szakhat\u00f3s\u00e1got bevonni, ha a k\u00fat iv\u00f3v\u00edz ig\u00e9ny kiel\u00e9g\u00edt\u00e9s\u00e9re szolg\u00e1l. Vagyis amennyiben van vezet\u00e9kes iv\u00f3v\u00edz az ingatlanon \u00e9s a k\u00fat pl.: csak locsol\u00e1sra, vagy \u00e1llatitat\u00e1sra szolg\u00e1l \u00e9s ez nem gazdas\u00e1gi c\u00e9lb\u00f3l haszn\u00e1lj\u00e1k, akkor nem kell a N\u00e9peg\u00e9szs\u00e9g\u00fcgyi F\u0151oszt\u00e1lyt szakhat\u00f3s\u00e1gk\u00e9nt bevonni. A szakhat\u00f3s\u00e1g az elj\u00e1r\u00e1sa sor\u00e1n a k\u00e9relmez\u0151t akkredit\u00e1lt laborat\u00f3rium v\u00edzmintav\u00e9telre k\u00f6telezi \u00e9s megfelel\u0151 v\u00edzmin\u0151s\u00e9g eset\u00e9n adja meg a szakhat\u00f3s\u00e1gi hozz\u00e1j\u00e1rul\u00e1s\u00e1t.<\/p>\n<p><strong>A v\u00edzgazd\u00e1lkod\u00e1si b\u00edrs\u00e1g<\/strong><\/p>\n<p>A Vgtv. 2018. december 31-ig mentes\u00edti a v\u00edzgazd\u00e1lkod\u00e1si b\u00edrs\u00e1g kiszab\u00e1sa al\u00f3l azokat a l\u00e9tes\u00edt\u0151ket, akik a Vgtv. m\u00f3dos\u00edt\u00e1sa el\u0151tt l\u00e9tes\u00edtettek kutat. Azonban aki 2018. december 31-ig nem k\u00e9r fennmarad\u00e1si enged\u00e9lyt az enged\u00e9ly n\u00e9lk\u00fcl f\u00fart k\u00fatra, annak 2019. janu\u00e1r 1-t\u0151l v\u00edzgazd\u00e1lkod\u00e1si b\u00edrs\u00e1got kell fizetni. A b\u00edrs\u00e1g az enged\u00e9ly n\u00e9lk\u00fcl l\u00e9trehozott \u00e9p\u00edtm\u00e9ny \u00e9rt\u00e9k\u00e9nek 80%-\u00e1ig, enged\u00e9ly n\u00e9lk\u00fcli v\u00edzimunka vagy v\u00edzhaszn\u00e1lat eset\u00e9n 1 000 000 forintig terjedhet. A term\u00e9szetes szem\u00e9lyre kiszabott b\u00edrs\u00e1g \u00f6sszege nem haladhatja meg a 300 000 forintot. A fentiekb\u0151l is l\u00e1that\u00f3, hogy a jogalkot\u00f3 a kutak enged\u00e9lyeztet\u00e9si elj\u00e1r\u00e1s\u00e1t tette d\u00edjmentess\u00e9.<\/p>\n<p><strong>A k\u00e9relem<\/strong> beny\u00fajt\u00e1s\u00e1hoz formanyomtatv\u00e1nyt k\u00e9sz\u00edtett\u00fcnk, ami a honlapr\u00f3l let\u00f6lthet\u0151, illetve a k\u00f6zs\u00e9gh\u00e1z\u00e1n \u00e1tvehet\u0151:<\/p>\n<p>Fels\u0151szentiv\u00e1non: Blah\u00f3 Juditn\u00e1l<\/p>\n<p>Cs\u00e1volyon Bittnern\u00e9 Ujfalusi \u00c9v\u00e1n\u00e1l<\/p>\n<p>A k\u00e9relmet Fels\u0151szentiv\u00e1ni K\u00f6z\u00f6d \u00d6nkorm\u00e1nyzati Hivatal Jegyz\u0151je, dr. Gyenes Gabriella r\u00e9sz\u00e9re kell beny\u00fajtani.<\/p>\n<p><strong>Az enged\u00e9lyt<\/strong> hivatalunk adja ki.<\/p>\n<p>&nbsp;<\/p>\n<p><a href=\"https:\/\/csavoly.hu\/wp\/wp-content\/uploads\/2018\/10\/T\u00c1J\u00c9KOZTAT\u00c1S-az-enged\u00e9ly-n\u00e9lk\u00fcl-f\u00fart-vagy-\u00e1sott-kutak-enged\u00e9lyeztet\u00e9s\u00e9r\u0151l.docx\" target=\"_blank\" rel=\"noopener\">T\u00c1J\u00c9KOZTAT\u00c1S az enged\u00e9ly n\u00e9lk\u00fcl f\u00fart vagy \u00e1sott kutak enged\u00e9lyeztet\u00e9s\u00e9r\u0151l<\/a><\/p>\n<p><a href=\"https:\/\/csavoly.hu\/wp\/wp-content\/uploads\/2018\/10\/kerelem_kut_vizjogi_letesitesi_engedelyhez.doc\" target=\"_blank\" rel=\"noopener\">K\u00e9relem k\u00fat v\u00edzjogi l\u00e9tes\u00edt\u00e9si enged\u00e9lyhez<\/a><\/p>\n<p><a href=\"https:\/\/csavoly.hu\/wp\/wp-content\/uploads\/2018\/10\/kerelem_kut_vizjogi_megszuntetes.doc\" target=\"_blank\" rel=\"noopener\">K\u00e9relem k\u00fat v\u00edzjogi megsz\u00fcntet\u00e9s\u00e9hez<\/a><\/p>\n<p><a href=\"https:\/\/csavoly.hu\/wp\/wp-content\/uploads\/2018\/10\/kerelem_kut_vizjogi_uzem._es_fennmarad._engedelyhez.doc\" target=\"_blank\" rel=\"noopener\">K\u00e9relem k\u00fat v\u00edzjogi \u00fczemeltet\u00e9si \u00e9s fennmarad\u00e1si enged\u00e9lyhez<\/a><\/p>\n<p>&nbsp;<\/p>\n<p style=\"text-align: left;\">Fels\u0151szentiv\u00e1n, 2018. okt\u00f3ber 20.<\/p>\n<div class=\"pvc_clear\"><\/div>\n<p id=\"pvc_stats_1418\" class=\"pvc_stats all  \" data-element-id=\"1418\" style=\"\"><i class=\"pvc-stats-icon medium\" aria-hidden=\"true\"><svg aria-hidden=\"true\" focusable=\"false\" data-prefix=\"far\" data-icon=\"chart-bar\" role=\"img\" xmlns=\"http:\/\/www.w3.org\/2000\/svg\" viewBox=\"0 0 512 512\" class=\"svg-inline--fa fa-chart-bar fa-w-16 fa-2x\"><path fill=\"currentColor\" d=\"M396.8 352h22.4c6.4 0 12.8-6.4 12.8-12.8V108.8c0-6.4-6.4-12.8-12.8-12.8h-22.4c-6.4 0-12.8 6.4-12.8 12.8v230.4c0 6.4 6.4 12.8 12.8 12.8zm-192 0h22.4c6.4 0 12.8-6.4 12.8-12.8V140.8c0-6.4-6.4-12.8-12.8-12.8h-22.4c-6.4 0-12.8 6.4-12.8 12.8v198.4c0 6.4 6.4 12.8 12.8 12.8zm96 0h22.4c6.4 0 12.8-6.4 12.8-12.8V204.8c0-6.4-6.4-12.8-12.8-12.8h-22.4c-6.4 0-12.8 6.4-12.8 12.8v134.4c0 6.4 6.4 12.8 12.8 12.8zM496 400H48V80c0-8.84-7.16-16-16-16H16C7.16 64 0 71.16 0 80v336c0 17.67 14.33 32 32 32h464c8.84 0 16-7.16 16-16v-16c0-8.84-7.16-16-16-16zm-387.2-48h22.4c6.4 0 12.8-6.4 12.8-12.8v-70.4c0-6.4-6.4-12.8-12.8-12.8h-22.4c-6.4 0-12.8 6.4-12.8 12.8v70.4c0 6.4 6.4 12.8 12.8 12.8z\" class=\"\"><\/path><\/svg><\/i> <img loading=\"lazy\" decoding=\"async\" width=\"16\" height=\"16\" alt=\"Loading\" src=\"https:\/\/csavoly.hu\/wp\/wp-content\/plugins\/page-views-count\/ajax-loader-2x.gif\" border=0 \/><\/p>\n<div class=\"pvc_clear\"><\/div>\n","protected":false},"excerpt":{"rendered":"<p>T\u00c1J\u00c9KOZTAT\u00c1S az enged\u00e9ly n\u00e9lk\u00fcl f\u00fart vagy \u00e1sott kutak enged\u00e9lyeztet\u00e9s\u00e9r\u0151l &nbsp; Az Orsz\u00e1ggy\u0171l\u00e9s 2017. \u00e9vben is m\u00f3dos\u00edtotta a v\u00edzgazd\u00e1lkod\u00e1sr\u00f3l sz\u00f3l\u00f3 1995. \u00e9vi LVII. t\u00f6rv\u00e9nyt (a tov\u00e1bbiakban: Vgtv.), amely 2018. janu\u00e1r 1. l\u00e9pett hat\u00e1lyba. A m\u00f3dos\u00edt\u00e1s \u00e9rtelm\u00e9ben mentes\u00fcl a v\u00edzgazd\u00e1lkod\u00e1si b\u00edrs\u00e1g megfizet\u00e9se al\u00f3l az a l\u00e9tes\u00edt\u0151, aki 2018. janu\u00e1r 1-j\u00e9t megel\u0151z\u0151en enged\u00e9ly n\u00e9lk\u00fcl vagy enged\u00e9lyt\u0151l elt\u00e9r\u0151en l\u00e9tes\u00edtett &hellip; <a href=\"https:\/\/csavoly.hu\/wp\/?page_id=1418\" class=\"more-link\"><span class=\"screen-reader-text\">K\u00d6RNYEZETV\u00c9DELEM<\/span> b\u0151vebben&#8230; <span class=\"meta-nav\">&rarr;<\/span><\/a><\/p>\n<div class=\"pvc_clear\"><\/div>\n<p id=\"pvc_stats_1418\" class=\"pvc_stats all  \" data-element-id=\"1418\" style=\"\"><i class=\"pvc-stats-icon medium\" aria-hidden=\"true\"><svg aria-hidden=\"true\" focusable=\"false\" data-prefix=\"far\" data-icon=\"chart-bar\" role=\"img\" xmlns=\"http:\/\/www.w3.org\/2000\/svg\" viewBox=\"0 0 512 512\" class=\"svg-inline--fa fa-chart-bar fa-w-16 fa-2x\"><path fill=\"currentColor\" d=\"M396.8 352h22.4c6.4 0 12.8-6.4 12.8-12.8V108.8c0-6.4-6.4-12.8-12.8-12.8h-22.4c-6.4 0-12.8 6.4-12.8 12.8v230.4c0 6.4 6.4 12.8 12.8 12.8zm-192 0h22.4c6.4 0 12.8-6.4 12.8-12.8V140.8c0-6.4-6.4-12.8-12.8-12.8h-22.4c-6.4 0-12.8 6.4-12.8 12.8v198.4c0 6.4 6.4 12.8 12.8 12.8zm96 0h22.4c6.4 0 12.8-6.4 12.8-12.8V204.8c0-6.4-6.4-12.8-12.8-12.8h-22.4c-6.4 0-12.8 6.4-12.8 12.8v134.4c0 6.4 6.4 12.8 12.8 12.8zM496 400H48V80c0-8.84-7.16-16-16-16H16C7.16 64 0 71.16 0 80v336c0 17.67 14.33 32 32 32h464c8.84 0 16-7.16 16-16v-16c0-8.84-7.16-16-16-16zm-387.2-48h22.4c6.4 0 12.8-6.4 12.8-12.8v-70.4c0-6.4-6.4-12.8-12.8-12.8h-22.4c-6.4 0-12.8 6.4-12.8 12.8v70.4c0 6.4 6.4 12.8 12.8 12.8z\" class=\"\"><\/path><\/svg><\/i> <img loading=\"lazy\" decoding=\"async\" width=\"16\" height=\"16\" alt=\"Loading\" src=\"https:\/\/csavoly.hu\/wp\/wp-content\/plugins\/page-views-count\/ajax-loader-2x.gif\" border=0 \/><\/p>\n<div class=\"pvc_clear\"><\/div>\n","protected":false},"author":3,"featured_media":0,"parent":0,"menu_order":0,"comment_status":"closed","ping_status":"closed","template":"","meta":{"footnotes":""},"class_list":["post-1418","page","type-page","status-publish","hentry"],"_links":{"self":[{"href":"https:\/\/csavoly.hu\/wp\/index.php?rest_route=\/wp\/v2\/pages\/1418"}],"collection":[{"href":"https:\/\/csavoly.hu\/wp\/index.php?rest_route=\/wp\/v2\/pages"}],"about":[{"href":"https:\/\/csavoly.hu\/wp\/index.php?rest_route=\/wp\/v2\/types\/page"}],"author":[{"embeddable":true,"href":"https:\/\/csavoly.hu\/wp\/index.php?rest_route=\/wp\/v2\/users\/3"}],"replies":[{"embeddable":true,"href":"https:\/\/csavoly.hu\/wp\/index.php?rest_route=%2Fwp%2Fv2%2Fcomments&post=1418"}],"version-history":[{"count":5,"href":"https:\/\/csavoly.hu\/wp\/index.php?rest_route=\/wp\/v2\/pages\/1418\/revisions"}],"predecessor-version":[{"id":1430,"href":"https:\/\/csavoly.hu\/wp\/index.php?rest_route=\/wp\/v2\/pages\/1418\/revisions\/1430"}],"wp:attachment":[{"href":"https:\/\/csavoly.hu\/wp\/index.php?rest_route=%2Fwp%2Fv2%2Fmedia&parent=1418"}],"curies":[{"name":"wp","href":"https:\/\/api.w.org\/{rel}","templated":true}]}}