{"id":1531,"date":"2018-12-18T10:18:53","date_gmt":"2018-12-18T08:18:53","guid":{"rendered":"http:\/\/csavoly.hu\/wp\/?page_id=1531"},"modified":"2018-12-18T10:18:53","modified_gmt":"2018-12-18T08:18:53","slug":"i-jotekonysagi-adventi-forgatag-2018-12-16","status":"publish","type":"page","link":"https:\/\/csavoly.hu\/wp\/?page_id=1531","title":{"rendered":"I. J\u00d3T\u00c9KONYS\u00c1GI ADVENTI FORGATAG (2018. 12. 16.)"},"content":{"rendered":"<p><img loading=\"lazy\" decoding=\"async\" class=\"alignnone size-large wp-image-1510\" src=\"https:\/\/csavoly.hu\/wp\/wp-content\/uploads\/2015\/09\/20181216_144356_HDR-1024x512.jpg\" alt=\"\" width=\"734\" height=\"367\" srcset=\"https:\/\/csavoly.hu\/wp\/wp-content\/uploads\/2015\/09\/20181216_144356_HDR.jpg 1024w, https:\/\/csavoly.hu\/wp\/wp-content\/uploads\/2015\/09\/20181216_144356_HDR-300x150.jpg 300w, https:\/\/csavoly.hu\/wp\/wp-content\/uploads\/2015\/09\/20181216_144356_HDR-768x384.jpg 768w\" sizes=\"(max-width: 734px) 100vw, 734px\" \/><img loading=\"lazy\" decoding=\"async\" class=\"alignnone size-full wp-image-1529\" src=\"https:\/\/csavoly.hu\/wp\/wp-content\/uploads\/2015\/09\/IMG_5798.jpg\" alt=\"\" width=\"900\" height=\"675\" srcset=\"https:\/\/csavoly.hu\/wp\/wp-content\/uploads\/2015\/09\/IMG_5798.jpg 900w, https:\/\/csavoly.hu\/wp\/wp-content\/uploads\/2015\/09\/IMG_5798-300x225.jpg 300w, https:\/\/csavoly.hu\/wp\/wp-content\/uploads\/2015\/09\/IMG_5798-768x576.jpg 768w\" sizes=\"(max-width: 900px) 100vw, 900px\" \/> <img loading=\"lazy\" decoding=\"async\" class=\"alignnone size-large wp-image-1528\" src=\"https:\/\/csavoly.hu\/wp\/wp-content\/uploads\/2015\/09\/IMG_5788.jpg\" alt=\"\" width=\"700\" height=\"933\" srcset=\"https:\/\/csavoly.hu\/wp\/wp-content\/uploads\/2015\/09\/IMG_5788.jpg 700w, https:\/\/csavoly.hu\/wp\/wp-content\/uploads\/2015\/09\/IMG_5788-225x300.jpg 225w\" sizes=\"(max-width: 700px) 100vw, 700px\" \/> <img loading=\"lazy\" decoding=\"async\" class=\"alignnone size-large wp-image-1526\" src=\"https:\/\/csavoly.hu\/wp\/wp-content\/uploads\/2015\/09\/IMG_5780.jpg\" alt=\"\" width=\"734\" height=\"551\" srcset=\"https:\/\/csavoly.hu\/wp\/wp-content\/uploads\/2015\/09\/IMG_5780.jpg 900w, https:\/\/csavoly.hu\/wp\/wp-content\/uploads\/2015\/09\/IMG_5780-300x225.jpg 300w, https:\/\/csavoly.hu\/wp\/wp-content\/uploads\/2015\/09\/IMG_5780-768x576.jpg 768w\" sizes=\"(max-width: 734px) 100vw, 734px\" \/> <img loading=\"lazy\" decoding=\"async\" class=\"alignnone size-large wp-image-1527\" src=\"https:\/\/csavoly.hu\/wp\/wp-content\/uploads\/2015\/09\/IMG_5785.jpg\" alt=\"\" width=\"734\" height=\"551\" srcset=\"https:\/\/csavoly.hu\/wp\/wp-content\/uploads\/2015\/09\/IMG_5785.jpg 900w, https:\/\/csavoly.hu\/wp\/wp-content\/uploads\/2015\/09\/IMG_5785-300x225.jpg 300w, https:\/\/csavoly.hu\/wp\/wp-content\/uploads\/2015\/09\/IMG_5785-768x576.jpg 768w\" sizes=\"(max-width: 734px) 100vw, 734px\" \/> <img loading=\"lazy\" decoding=\"async\" class=\"alignnone size-large wp-image-1525\" src=\"https:\/\/csavoly.hu\/wp\/wp-content\/uploads\/2015\/09\/IMG_5779.jpg\" alt=\"\" width=\"734\" height=\"551\" srcset=\"https:\/\/csavoly.hu\/wp\/wp-content\/uploads\/2015\/09\/IMG_5779.jpg 900w, https:\/\/csavoly.hu\/wp\/wp-content\/uploads\/2015\/09\/IMG_5779-300x225.jpg 300w, https:\/\/csavoly.hu\/wp\/wp-content\/uploads\/2015\/09\/IMG_5779-768x576.jpg 768w\" sizes=\"(max-width: 734px) 100vw, 734px\" \/> <img loading=\"lazy\" decoding=\"async\" class=\"alignnone size-large wp-image-1524\" src=\"https:\/\/csavoly.hu\/wp\/wp-content\/uploads\/2015\/09\/IMG_5778.jpg\" alt=\"\" width=\"734\" height=\"551\" srcset=\"https:\/\/csavoly.hu\/wp\/wp-content\/uploads\/2015\/09\/IMG_5778.jpg 900w, https:\/\/csavoly.hu\/wp\/wp-content\/uploads\/2015\/09\/IMG_5778-300x225.jpg 300w, https:\/\/csavoly.hu\/wp\/wp-content\/uploads\/2015\/09\/IMG_5778-768x576.jpg 768w\" sizes=\"(max-width: 734px) 100vw, 734px\" \/> <img loading=\"lazy\" decoding=\"async\" class=\"alignnone size-large wp-image-1523\" src=\"https:\/\/csavoly.hu\/wp\/wp-content\/uploads\/2015\/09\/IMG_5777.jpg\" alt=\"\" width=\"734\" height=\"551\" srcset=\"https:\/\/csavoly.hu\/wp\/wp-content\/uploads\/2015\/09\/IMG_5777.jpg 900w, https:\/\/csavoly.hu\/wp\/wp-content\/uploads\/2015\/09\/IMG_5777-300x225.jpg 300w, https:\/\/csavoly.hu\/wp\/wp-content\/uploads\/2015\/09\/IMG_5777-768x576.jpg 768w\" sizes=\"(max-width: 734px) 100vw, 734px\" \/> <img loading=\"lazy\" decoding=\"async\" class=\"alignnone size-large wp-image-1522\" src=\"https:\/\/csavoly.hu\/wp\/wp-content\/uploads\/2015\/09\/IMG_5776.jpg\" alt=\"\" width=\"734\" height=\"551\" srcset=\"https:\/\/csavoly.hu\/wp\/wp-content\/uploads\/2015\/09\/IMG_5776.jpg 900w, https:\/\/csavoly.hu\/wp\/wp-content\/uploads\/2015\/09\/IMG_5776-300x225.jpg 300w, https:\/\/csavoly.hu\/wp\/wp-content\/uploads\/2015\/09\/IMG_5776-768x576.jpg 768w\" sizes=\"(max-width: 734px) 100vw, 734px\" \/> <img loading=\"lazy\" decoding=\"async\" class=\"alignnone size-large wp-image-1521\" src=\"https:\/\/csavoly.hu\/wp\/wp-content\/uploads\/2015\/09\/IMG_5775.jpg\" alt=\"\" width=\"734\" height=\"551\" srcset=\"https:\/\/csavoly.hu\/wp\/wp-content\/uploads\/2015\/09\/IMG_5775.jpg 900w, https:\/\/csavoly.hu\/wp\/wp-content\/uploads\/2015\/09\/IMG_5775-300x225.jpg 300w, https:\/\/csavoly.hu\/wp\/wp-content\/uploads\/2015\/09\/IMG_5775-768x576.jpg 768w\" sizes=\"(max-width: 734px) 100vw, 734px\" \/> <img loading=\"lazy\" decoding=\"async\" class=\"alignnone size-large wp-image-1520\" src=\"https:\/\/csavoly.hu\/wp\/wp-content\/uploads\/2015\/09\/IMG_5774.jpg\" alt=\"\" width=\"734\" height=\"551\" srcset=\"https:\/\/csavoly.hu\/wp\/wp-content\/uploads\/2015\/09\/IMG_5774.jpg 900w, https:\/\/csavoly.hu\/wp\/wp-content\/uploads\/2015\/09\/IMG_5774-300x225.jpg 300w, https:\/\/csavoly.hu\/wp\/wp-content\/uploads\/2015\/09\/IMG_5774-768x576.jpg 768w\" sizes=\"(max-width: 734px) 100vw, 734px\" \/> <img loading=\"lazy\" decoding=\"async\" class=\"alignnone size-large wp-image-1519\" src=\"https:\/\/csavoly.hu\/wp\/wp-content\/uploads\/2015\/09\/IMG_5773.jpg\" alt=\"\" width=\"734\" height=\"551\" srcset=\"https:\/\/csavoly.hu\/wp\/wp-content\/uploads\/2015\/09\/IMG_5773.jpg 900w, https:\/\/csavoly.hu\/wp\/wp-content\/uploads\/2015\/09\/IMG_5773-300x225.jpg 300w, https:\/\/csavoly.hu\/wp\/wp-content\/uploads\/2015\/09\/IMG_5773-768x576.jpg 768w\" sizes=\"(max-width: 734px) 100vw, 734px\" \/> <img loading=\"lazy\" decoding=\"async\" class=\"alignnone size-large wp-image-1518\" src=\"https:\/\/csavoly.hu\/wp\/wp-content\/uploads\/2015\/09\/IMG_5772.jpg\" alt=\"\" width=\"734\" height=\"551\" srcset=\"https:\/\/csavoly.hu\/wp\/wp-content\/uploads\/2015\/09\/IMG_5772.jpg 900w, https:\/\/csavoly.hu\/wp\/wp-content\/uploads\/2015\/09\/IMG_5772-300x225.jpg 300w, https:\/\/csavoly.hu\/wp\/wp-content\/uploads\/2015\/09\/IMG_5772-768x576.jpg 768w\" sizes=\"(max-width: 734px) 100vw, 734px\" \/> <img loading=\"lazy\" decoding=\"async\" class=\"alignnone size-large wp-image-1517\" src=\"https:\/\/csavoly.hu\/wp\/wp-content\/uploads\/2015\/09\/IMG_5771.jpg\" alt=\"\" width=\"734\" height=\"551\" srcset=\"https:\/\/csavoly.hu\/wp\/wp-content\/uploads\/2015\/09\/IMG_5771.jpg 900w, https:\/\/csavoly.hu\/wp\/wp-content\/uploads\/2015\/09\/IMG_5771-300x225.jpg 300w, https:\/\/csavoly.hu\/wp\/wp-content\/uploads\/2015\/09\/IMG_5771-768x576.jpg 768w\" sizes=\"(max-width: 734px) 100vw, 734px\" \/> <img loading=\"lazy\" decoding=\"async\" class=\"alignnone size-large wp-image-1516\" src=\"https:\/\/csavoly.hu\/wp\/wp-content\/uploads\/2015\/09\/IMG_5770.jpg\" alt=\"\" width=\"734\" height=\"551\" srcset=\"https:\/\/csavoly.hu\/wp\/wp-content\/uploads\/2015\/09\/IMG_5770.jpg 900w, https:\/\/csavoly.hu\/wp\/wp-content\/uploads\/2015\/09\/IMG_5770-300x225.jpg 300w, https:\/\/csavoly.hu\/wp\/wp-content\/uploads\/2015\/09\/IMG_5770-768x576.jpg 768w\" sizes=\"(max-width: 734px) 100vw, 734px\" \/> <img loading=\"lazy\" decoding=\"async\" class=\"alignnone size-large wp-image-1515\" src=\"https:\/\/csavoly.hu\/wp\/wp-content\/uploads\/2015\/09\/IMG_5769.jpg\" alt=\"\" width=\"734\" height=\"551\" srcset=\"https:\/\/csavoly.hu\/wp\/wp-content\/uploads\/2015\/09\/IMG_5769.jpg 900w, https:\/\/csavoly.hu\/wp\/wp-content\/uploads\/2015\/09\/IMG_5769-300x225.jpg 300w, https:\/\/csavoly.hu\/wp\/wp-content\/uploads\/2015\/09\/IMG_5769-768x576.jpg 768w\" sizes=\"(max-width: 734px) 100vw, 734px\" \/> <img loading=\"lazy\" decoding=\"async\" class=\"alignnone size-large wp-image-1514\" src=\"https:\/\/csavoly.hu\/wp\/wp-content\/uploads\/2015\/09\/IMG_5768.jpg\" alt=\"\" width=\"734\" height=\"551\" srcset=\"https:\/\/csavoly.hu\/wp\/wp-content\/uploads\/2015\/09\/IMG_5768.jpg 900w, https:\/\/csavoly.hu\/wp\/wp-content\/uploads\/2015\/09\/IMG_5768-300x225.jpg 300w, https:\/\/csavoly.hu\/wp\/wp-content\/uploads\/2015\/09\/IMG_5768-768x576.jpg 768w\" sizes=\"(max-width: 734px) 100vw, 734px\" \/> <img loading=\"lazy\" decoding=\"async\" class=\"alignnone size-large wp-image-1513\" src=\"https:\/\/csavoly.hu\/wp\/wp-content\/uploads\/2015\/09\/IMG_5765.jpg\" alt=\"\" width=\"734\" height=\"551\" srcset=\"https:\/\/csavoly.hu\/wp\/wp-content\/uploads\/2015\/09\/IMG_5765.jpg 900w, https:\/\/csavoly.hu\/wp\/wp-content\/uploads\/2015\/09\/IMG_5765-300x225.jpg 300w, https:\/\/csavoly.hu\/wp\/wp-content\/uploads\/2015\/09\/IMG_5765-768x576.jpg 768w\" sizes=\"(max-width: 734px) 100vw, 734px\" \/> <img loading=\"lazy\" decoding=\"async\" class=\"alignnone size-large wp-image-1512\" src=\"https:\/\/csavoly.hu\/wp\/wp-content\/uploads\/2015\/09\/48919318_2045427415553990_7342970118407716864_n-1-1024x768.jpg\" alt=\"\" width=\"734\" height=\"551\" srcset=\"https:\/\/csavoly.hu\/wp\/wp-content\/uploads\/2015\/09\/48919318_2045427415553990_7342970118407716864_n-1-1024x768.jpg 1024w, https:\/\/csavoly.hu\/wp\/wp-content\/uploads\/2015\/09\/48919318_2045427415553990_7342970118407716864_n-1-300x225.jpg 300w, https:\/\/csavoly.hu\/wp\/wp-content\/uploads\/2015\/09\/48919318_2045427415553990_7342970118407716864_n-1-768x576.jpg 768w, https:\/\/csavoly.hu\/wp\/wp-content\/uploads\/2015\/09\/48919318_2045427415553990_7342970118407716864_n-1-1170x878.jpg 1170w\" sizes=\"(max-width: 734px) 100vw, 734px\" \/> <img loading=\"lazy\" decoding=\"async\" class=\"alignnone size-large wp-image-1511\" src=\"https:\/\/csavoly.hu\/wp\/wp-content\/uploads\/2015\/09\/48392061_569311500156883_4150388964420747264_n-1-1024x768.jpg\" alt=\"\" width=\"734\" height=\"551\" srcset=\"https:\/\/csavoly.hu\/wp\/wp-content\/uploads\/2015\/09\/48392061_569311500156883_4150388964420747264_n-1-1024x768.jpg 1024w, https:\/\/csavoly.hu\/wp\/wp-content\/uploads\/2015\/09\/48392061_569311500156883_4150388964420747264_n-1-300x225.jpg 300w, https:\/\/csavoly.hu\/wp\/wp-content\/uploads\/2015\/09\/48392061_569311500156883_4150388964420747264_n-1-768x576.jpg 768w, https:\/\/csavoly.hu\/wp\/wp-content\/uploads\/2015\/09\/48392061_569311500156883_4150388964420747264_n-1-1170x878.jpg 1170w\" sizes=\"(max-width: 734px) 100vw, 734px\" \/> \u00a0<img loading=\"lazy\" decoding=\"async\" class=\"alignnone size-large wp-image-1508\" src=\"https:\/\/csavoly.hu\/wp\/wp-content\/uploads\/2015\/09\/48919318_2045427415553990_7342970118407716864_n-1024x768.jpg\" alt=\"\" width=\"734\" height=\"551\" srcset=\"https:\/\/csavoly.hu\/wp\/wp-content\/uploads\/2015\/09\/48919318_2045427415553990_7342970118407716864_n-1024x768.jpg 1024w, https:\/\/csavoly.hu\/wp\/wp-content\/uploads\/2015\/09\/48919318_2045427415553990_7342970118407716864_n-300x225.jpg 300w, https:\/\/csavoly.hu\/wp\/wp-content\/uploads\/2015\/09\/48919318_2045427415553990_7342970118407716864_n-768x576.jpg 768w, https:\/\/csavoly.hu\/wp\/wp-content\/uploads\/2015\/09\/48919318_2045427415553990_7342970118407716864_n-1170x878.jpg 1170w\" sizes=\"(max-width: 734px) 100vw, 734px\" \/> <img loading=\"lazy\" decoding=\"async\" class=\"alignnone size-large wp-image-1507\" src=\"https:\/\/csavoly.hu\/wp\/wp-content\/uploads\/2015\/09\/48392061_569311500156883_4150388964420747264_n-1024x768.jpg\" alt=\"\" width=\"734\" height=\"551\" srcset=\"https:\/\/csavoly.hu\/wp\/wp-content\/uploads\/2015\/09\/48392061_569311500156883_4150388964420747264_n-1024x768.jpg 1024w, https:\/\/csavoly.hu\/wp\/wp-content\/uploads\/2015\/09\/48392061_569311500156883_4150388964420747264_n-300x225.jpg 300w, https:\/\/csavoly.hu\/wp\/wp-content\/uploads\/2015\/09\/48392061_569311500156883_4150388964420747264_n-768x576.jpg 768w, https:\/\/csavoly.hu\/wp\/wp-content\/uploads\/2015\/09\/48392061_569311500156883_4150388964420747264_n-1170x878.jpg 1170w\" sizes=\"(max-width: 734px) 100vw, 734px\" \/><\/p>\n<div class=\"pvc_clear\"><\/div>\n<p id=\"pvc_stats_1531\" class=\"pvc_stats all  \" data-element-id=\"1531\" style=\"\"><i class=\"pvc-stats-icon medium\" aria-hidden=\"true\"><svg aria-hidden=\"true\" focusable=\"false\" data-prefix=\"far\" data-icon=\"chart-bar\" role=\"img\" xmlns=\"http:\/\/www.w3.org\/2000\/svg\" viewBox=\"0 0 512 512\" class=\"svg-inline--fa fa-chart-bar fa-w-16 fa-2x\"><path fill=\"currentColor\" d=\"M396.8 352h22.4c6.4 0 12.8-6.4 12.8-12.8V108.8c0-6.4-6.4-12.8-12.8-12.8h-22.4c-6.4 0-12.8 6.4-12.8 12.8v230.4c0 6.4 6.4 12.8 12.8 12.8zm-192 0h22.4c6.4 0 12.8-6.4 12.8-12.8V140.8c0-6.4-6.4-12.8-12.8-12.8h-22.4c-6.4 0-12.8 6.4-12.8 12.8v198.4c0 6.4 6.4 12.8 12.8 12.8zm96 0h22.4c6.4 0 12.8-6.4 12.8-12.8V204.8c0-6.4-6.4-12.8-12.8-12.8h-22.4c-6.4 0-12.8 6.4-12.8 12.8v134.4c0 6.4 6.4 12.8 12.8 12.8zM496 400H48V80c0-8.84-7.16-16-16-16H16C7.16 64 0 71.16 0 80v336c0 17.67 14.33 32 32 32h464c8.84 0 16-7.16 16-16v-16c0-8.84-7.16-16-16-16zm-387.2-48h22.4c6.4 0 12.8-6.4 12.8-12.8v-70.4c0-6.4-6.4-12.8-12.8-12.8h-22.4c-6.4 0-12.8 6.4-12.8 12.8v70.4c0 6.4 6.4 12.8 12.8 12.8z\" class=\"\"><\/path><\/svg><\/i> <img loading=\"lazy\" decoding=\"async\" width=\"16\" height=\"16\" alt=\"Loading\" src=\"https:\/\/csavoly.hu\/wp\/wp-content\/plugins\/page-views-count\/ajax-loader-2x.gif\" border=0 \/><\/p>\n<div class=\"pvc_clear\"><\/div>\n","protected":false},"excerpt":{"rendered":"<p>\u00a0<\/p>\n<div class=\"pvc_clear\"><\/div>\n<p id=\"pvc_stats_1531\" class=\"pvc_stats all  \" data-element-id=\"1531\" style=\"\"><i class=\"pvc-stats-icon medium\" aria-hidden=\"true\"><svg aria-hidden=\"true\" focusable=\"false\" data-prefix=\"far\" data-icon=\"chart-bar\" role=\"img\" xmlns=\"http:\/\/www.w3.org\/2000\/svg\" viewBox=\"0 0 512 512\" class=\"svg-inline--fa fa-chart-bar fa-w-16 fa-2x\"><path fill=\"currentColor\" d=\"M396.8 352h22.4c6.4 0 12.8-6.4 12.8-12.8V108.8c0-6.4-6.4-12.8-12.8-12.8h-22.4c-6.4 0-12.8 6.4-12.8 12.8v230.4c0 6.4 6.4 12.8 12.8 12.8zm-192 0h22.4c6.4 0 12.8-6.4 12.8-12.8V140.8c0-6.4-6.4-12.8-12.8-12.8h-22.4c-6.4 0-12.8 6.4-12.8 12.8v198.4c0 6.4 6.4 12.8 12.8 12.8zm96 0h22.4c6.4 0 12.8-6.4 12.8-12.8V204.8c0-6.4-6.4-12.8-12.8-12.8h-22.4c-6.4 0-12.8 6.4-12.8 12.8v134.4c0 6.4 6.4 12.8 12.8 12.8zM496 400H48V80c0-8.84-7.16-16-16-16H16C7.16 64 0 71.16 0 80v336c0 17.67 14.33 32 32 32h464c8.84 0 16-7.16 16-16v-16c0-8.84-7.16-16-16-16zm-387.2-48h22.4c6.4 0 12.8-6.4 12.8-12.8v-70.4c0-6.4-6.4-12.8-12.8-12.8h-22.4c-6.4 0-12.8 6.4-12.8 12.8v70.4c0 6.4 6.4 12.8 12.8 12.8z\" class=\"\"><\/path><\/svg><\/i> <img loading=\"lazy\" decoding=\"async\" width=\"16\" height=\"16\" alt=\"Loading\" src=\"https:\/\/csavoly.hu\/wp\/wp-content\/plugins\/page-views-count\/ajax-loader-2x.gif\" border=0 \/><\/p>\n<div class=\"pvc_clear\"><\/div>\n","protected":false},"author":3,"featured_media":0,"parent":0,"menu_order":0,"comment_status":"closed","ping_status":"closed","template":"","meta":{"footnotes":""},"class_list":["post-1531","page","type-page","status-publish","hentry"],"_links":{"self":[{"href":"https:\/\/csavoly.hu\/wp\/index.php?rest_route=\/wp\/v2\/pages\/1531"}],"collection":[{"href":"https:\/\/csavoly.hu\/wp\/index.php?rest_route=\/wp\/v2\/pages"}],"about":[{"href":"https:\/\/csavoly.hu\/wp\/index.php?rest_route=\/wp\/v2\/types\/page"}],"author":[{"embeddable":true,"href":"https:\/\/csavoly.hu\/wp\/index.php?rest_route=\/wp\/v2\/users\/3"}],"replies":[{"embeddable":true,"href":"https:\/\/csavoly.hu\/wp\/index.php?rest_route=%2Fwp%2Fv2%2Fcomments&post=1531"}],"version-history":[{"count":1,"href":"https:\/\/csavoly.hu\/wp\/index.php?rest_route=\/wp\/v2\/pages\/1531\/revisions"}],"predecessor-version":[{"id":1532,"href":"https:\/\/csavoly.hu\/wp\/index.php?rest_route=\/wp\/v2\/pages\/1531\/revisions\/1532"}],"wp:attachment":[{"href":"https:\/\/csavoly.hu\/wp\/index.php?rest_route=%2Fwp%2Fv2%2Fmedia&parent=1531"}],"curies":[{"name":"wp","href":"https:\/\/api.w.org\/{rel}","templated":true}]}}