{"id":1546,"date":"2019-01-10T15:53:56","date_gmt":"2019-01-10T13:53:56","guid":{"rendered":"http:\/\/csavoly.hu\/wp\/?page_id=1546"},"modified":"2021-04-29T13:18:29","modified_gmt":"2021-04-29T11:18:29","slug":"civil-tamogatas","status":"publish","type":"page","link":"https:\/\/csavoly.hu\/wp\/?page_id=1546","title":{"rendered":"Civil t\u00e1mogat\u00e1s 2020."},"content":{"rendered":"<p style=\"text-align: center;\">Cs\u00e1voly K\u00f6zs\u00e9gi \u00d6nkorm\u00e1nyzat K\u00e9pvisel\u0151-test\u00fclete <em>&#8211; <strong>a katasztr\u00f3fav\u00e9delemr\u0151l \u00e9s a hozz\u00e1 kapcsol\u00f3d\u00f3 egyes t\u00f6rv\u00e9nyek m\u00f3dos\u00edt\u00e1s\u00e1r\u00f3l sz\u00f3l\u00f3 2011. \u00e9vi CXXVIII. t\u00f6rv\u00e9ny 46. \u00a7 (4) bekezd\u00e9se szerinti &#8211; hat\u00e1sk\u00f6r\u00e9ben elj\u00e1r\u00f3 Cs\u00e1voly K\u00f6zs\u00e9g polg\u00e1rmestere <\/strong>a vesz\u00e9lyhelyzet kihirdet\u00e9s\u00e9r\u0151l sz\u00f3l\u00f3 40\/2020. (II. 11.) Korm. rendelettel kihirdetett vesz\u00e9lyhelyzetben \u2013<\/em><\/p>\n<p style=\"text-align: center;\"><em>\u00a0<\/em><\/p>\n<p style=\"text-align: center;\">\u00a0<strong>n y \u00ed l t\u00a0 \u00a0 p \u00e1 l y \u00e1 z a t o t\u00a0 \u00a0 h i r d e t<\/strong><\/p>\n<p style=\"text-align: center;\"><strong>Cs\u00e1voly k\u00f6zs\u00e9gben a 2020. \u00e9vben Cs\u00e1voly sz\u00e9khellyel rendelkez\u0151 \u00e9s Cs\u00e1voly k\u00f6zs\u00e9gben m\u0171k\u00f6d\u0151 szervezetek, csoportok<\/strong> <strong><u>m\u0171k\u00f6d\u00e9si<\/u><\/strong><u> <strong>t\u00e1mogat\u00e1s\u00e1ra<\/strong><\/u><\/p>\n<h3><a href=\"https:\/\/csavoly.hu\/wp\/wp-content\/uploads\/2020\/04\/P\u00e1ly\u00e1zati-felh\u00edv\u00e1s-2020.pdf\" target=\"_blank\" rel=\"noopener noreferrer\">P\u00c1LY\u00c1ZATI FELH\u00cdV\u00c1S<\/a><\/h3>\n<h3><a href=\"https:\/\/csavoly.hu\/wp\/wp-content\/uploads\/2020\/04\/1.melleklet_Palyazati.adatlap2020_M\u0170K\u00d6D\u00c9S.docx\" target=\"_blank\" rel=\"noopener noreferrer\">1. melleklet Palyazati.adatlap 2020.<\/a><\/h3>\n<h3><a href=\"https:\/\/csavoly.hu\/wp\/wp-content\/uploads\/2020\/04\/2.melleklet_Koltsegvetesi.tablazat2020_M\u0170K\u00d6D\u00c9S.doc\" target=\"_blank\" rel=\"noopener noreferrer\">2. melleklet K\u00f6ltsegvetesi tablazat 2020.<\/a><\/h3>\n<h3><a href=\"https:\/\/csavoly.hu\/wp\/wp-content\/uploads\/2020\/04\/3.melleklet_Nyilatkozat-2020.doc\" target=\"_blank\" rel=\"noopener noreferrer\">3. melleklet Nyilatkozat 2020.<\/a><\/h3>\n<h3><a href=\"https:\/\/csavoly.hu\/wp\/wp-content\/uploads\/2020\/04\/4.melleklet_Banki_felhatalmazo_level2020_m\u0171k\u00f6d\u00e9s.docx\" target=\"_blank\" rel=\"noopener noreferrer\">4. melleklet Banki felhatalmaz\u00f3 lev\u00e9l 2020.<\/a><\/h3>\n<h3><a href=\"https:\/\/csavoly.hu\/wp\/wp-content\/uploads\/2020\/04\/83_2020.IV_.14.-Polg\u00e1rmesteri-hat\u00e1rozat.pdf\" target=\"_blank\" rel=\"noopener noreferrer\">Polg\u00e1rmesteri hat\u00e1rozat<\/a><\/h3>\n<h3><strong><a href=\"https:\/\/csavoly.hu\/wp\/wp-content\/uploads\/2021\/04\/Civil-szervezetek-t\u00e1mogat\u00e1sa-2020_Honlapra.docx\">Civil szervezetek t\u00e1mogat\u00e1sa 2020<\/a><span style=\"color: #008000;\">.<\/span><\/strong><\/h3>\n<div class=\"pvc_clear\"><\/div>\n<p id=\"pvc_stats_1546\" class=\"pvc_stats all  \" data-element-id=\"1546\" style=\"\"><i class=\"pvc-stats-icon medium\" aria-hidden=\"true\"><svg aria-hidden=\"true\" focusable=\"false\" data-prefix=\"far\" data-icon=\"chart-bar\" role=\"img\" xmlns=\"http:\/\/www.w3.org\/2000\/svg\" viewBox=\"0 0 512 512\" class=\"svg-inline--fa fa-chart-bar fa-w-16 fa-2x\"><path fill=\"currentColor\" d=\"M396.8 352h22.4c6.4 0 12.8-6.4 12.8-12.8V108.8c0-6.4-6.4-12.8-12.8-12.8h-22.4c-6.4 0-12.8 6.4-12.8 12.8v230.4c0 6.4 6.4 12.8 12.8 12.8zm-192 0h22.4c6.4 0 12.8-6.4 12.8-12.8V140.8c0-6.4-6.4-12.8-12.8-12.8h-22.4c-6.4 0-12.8 6.4-12.8 12.8v198.4c0 6.4 6.4 12.8 12.8 12.8zm96 0h22.4c6.4 0 12.8-6.4 12.8-12.8V204.8c0-6.4-6.4-12.8-12.8-12.8h-22.4c-6.4 0-12.8 6.4-12.8 12.8v134.4c0 6.4 6.4 12.8 12.8 12.8zM496 400H48V80c0-8.84-7.16-16-16-16H16C7.16 64 0 71.16 0 80v336c0 17.67 14.33 32 32 32h464c8.84 0 16-7.16 16-16v-16c0-8.84-7.16-16-16-16zm-387.2-48h22.4c6.4 0 12.8-6.4 12.8-12.8v-70.4c0-6.4-6.4-12.8-12.8-12.8h-22.4c-6.4 0-12.8 6.4-12.8 12.8v70.4c0 6.4 6.4 12.8 12.8 12.8z\" class=\"\"><\/path><\/svg><\/i> <img loading=\"lazy\" decoding=\"async\" width=\"16\" height=\"16\" alt=\"Loading\" src=\"https:\/\/csavoly.hu\/wp\/wp-content\/plugins\/page-views-count\/ajax-loader-2x.gif\" border=0 \/><\/p>\n<div class=\"pvc_clear\"><\/div>\n","protected":false},"excerpt":{"rendered":"<p>Cs\u00e1voly K\u00f6zs\u00e9gi \u00d6nkorm\u00e1nyzat K\u00e9pvisel\u0151-test\u00fclete &#8211; a katasztr\u00f3fav\u00e9delemr\u0151l \u00e9s a hozz\u00e1 kapcsol\u00f3d\u00f3 egyes t\u00f6rv\u00e9nyek m\u00f3dos\u00edt\u00e1s\u00e1r\u00f3l sz\u00f3l\u00f3 2011. \u00e9vi CXXVIII. t\u00f6rv\u00e9ny 46. \u00a7 (4) bekezd\u00e9se szerinti &#8211; hat\u00e1sk\u00f6r\u00e9ben elj\u00e1r\u00f3 Cs\u00e1voly K\u00f6zs\u00e9g polg\u00e1rmestere a vesz\u00e9lyhelyzet kihirdet\u00e9s\u00e9r\u0151l sz\u00f3l\u00f3 40\/2020. (II. 11.) Korm. rendelettel kihirdetett vesz\u00e9lyhelyzetben \u2013 \u00a0 \u00a0n y \u00ed l t\u00a0 \u00a0 p \u00e1 l y \u00e1 z &hellip; <a href=\"https:\/\/csavoly.hu\/wp\/?page_id=1546\" class=\"more-link\"><span class=\"screen-reader-text\">Civil t\u00e1mogat\u00e1s 2020.<\/span> b\u0151vebben&#8230; <span class=\"meta-nav\">&rarr;<\/span><\/a><\/p>\n<div class=\"pvc_clear\"><\/div>\n<p id=\"pvc_stats_1546\" class=\"pvc_stats all  \" data-element-id=\"1546\" style=\"\"><i class=\"pvc-stats-icon medium\" aria-hidden=\"true\"><svg aria-hidden=\"true\" focusable=\"false\" data-prefix=\"far\" data-icon=\"chart-bar\" role=\"img\" xmlns=\"http:\/\/www.w3.org\/2000\/svg\" viewBox=\"0 0 512 512\" class=\"svg-inline--fa fa-chart-bar fa-w-16 fa-2x\"><path fill=\"currentColor\" d=\"M396.8 352h22.4c6.4 0 12.8-6.4 12.8-12.8V108.8c0-6.4-6.4-12.8-12.8-12.8h-22.4c-6.4 0-12.8 6.4-12.8 12.8v230.4c0 6.4 6.4 12.8 12.8 12.8zm-192 0h22.4c6.4 0 12.8-6.4 12.8-12.8V140.8c0-6.4-6.4-12.8-12.8-12.8h-22.4c-6.4 0-12.8 6.4-12.8 12.8v198.4c0 6.4 6.4 12.8 12.8 12.8zm96 0h22.4c6.4 0 12.8-6.4 12.8-12.8V204.8c0-6.4-6.4-12.8-12.8-12.8h-22.4c-6.4 0-12.8 6.4-12.8 12.8v134.4c0 6.4 6.4 12.8 12.8 12.8zM496 400H48V80c0-8.84-7.16-16-16-16H16C7.16 64 0 71.16 0 80v336c0 17.67 14.33 32 32 32h464c8.84 0 16-7.16 16-16v-16c0-8.84-7.16-16-16-16zm-387.2-48h22.4c6.4 0 12.8-6.4 12.8-12.8v-70.4c0-6.4-6.4-12.8-12.8-12.8h-22.4c-6.4 0-12.8 6.4-12.8 12.8v70.4c0 6.4 6.4 12.8 12.8 12.8z\" class=\"\"><\/path><\/svg><\/i> <img loading=\"lazy\" decoding=\"async\" width=\"16\" height=\"16\" alt=\"Loading\" src=\"https:\/\/csavoly.hu\/wp\/wp-content\/plugins\/page-views-count\/ajax-loader-2x.gif\" border=0 \/><\/p>\n<div class=\"pvc_clear\"><\/div>\n","protected":false},"author":3,"featured_media":0,"parent":0,"menu_order":0,"comment_status":"closed","ping_status":"closed","template":"","meta":{"footnotes":""},"class_list":["post-1546","page","type-page","status-publish","hentry"],"_links":{"self":[{"href":"https:\/\/csavoly.hu\/wp\/index.php?rest_route=\/wp\/v2\/pages\/1546"}],"collection":[{"href":"https:\/\/csavoly.hu\/wp\/index.php?rest_route=\/wp\/v2\/pages"}],"about":[{"href":"https:\/\/csavoly.hu\/wp\/index.php?rest_route=\/wp\/v2\/types\/page"}],"author":[{"embeddable":true,"href":"https:\/\/csavoly.hu\/wp\/index.php?rest_route=\/wp\/v2\/users\/3"}],"replies":[{"embeddable":true,"href":"https:\/\/csavoly.hu\/wp\/index.php?rest_route=%2Fwp%2Fv2%2Fcomments&post=1546"}],"version-history":[{"count":17,"href":"https:\/\/csavoly.hu\/wp\/index.php?rest_route=\/wp\/v2\/pages\/1546\/revisions"}],"predecessor-version":[{"id":4197,"href":"https:\/\/csavoly.hu\/wp\/index.php?rest_route=\/wp\/v2\/pages\/1546\/revisions\/4197"}],"wp:attachment":[{"href":"https:\/\/csavoly.hu\/wp\/index.php?rest_route=%2Fwp%2Fv2%2Fmedia&parent=1546"}],"curies":[{"name":"wp","href":"https:\/\/api.w.org\/{rel}","templated":true}]}}