{"id":1558,"date":"2019-01-10T16:45:02","date_gmt":"2019-01-10T14:45:02","guid":{"rendered":"http:\/\/csavoly.hu\/wp\/?page_id=1558"},"modified":"2019-01-10T16:45:19","modified_gmt":"2019-01-10T14:45:19","slug":"2018-evi-civil-tamogatasok","status":"publish","type":"page","link":"https:\/\/csavoly.hu\/wp\/?page_id=1558","title":{"rendered":"2018. \u00e9vi civil t\u00e1mogat\u00e1sok"},"content":{"rendered":"<p style=\"font-weight: 400;\">Cs\u00e1voly K\u00f6zs\u00e9gi \u00d6nkorm\u00e1nyzat K\u00e9pvisel\u0151-test\u00fclet\u00e9nek az \u00e1llamh\u00e1ztart\u00e1son k\u00edv\u00fcli forr\u00e1s \u00e1tv\u00e9tel\u00e9r\u0151l \u00e9s a civil \u00e9s egy\u00e9b szervezetek t\u00e1mogat\u00e1s\u00e1r\u00f3l sz\u00f3l\u00f3 9\/2018. (II. 26.) \u00f6nkorm\u00e1nyzati rendelete\u00a07. \u00a7-a alapj\u00e1n k\u00f6zz\u00e9tessz\u00fck az \u00d6nkorm\u00e1nyzat \u00e1ltal ny\u00fajtott t\u00e1mogat\u00e1sok kedvezm\u00e9nyezettjeinek nev\u00e9t, valamint a t\u00e1mogat\u00e1si \u00f6sszeget az \u00d6nkorm\u00e1nyzat honlapj\u00e1n.<\/p>\n<table style=\"font-weight: 400; height: 365px;\" width=\"801\">\n<tbody>\n<tr>\n<td width=\"268\"><\/td>\n<td width=\"128\"><\/td>\n<td width=\"335\"><\/td>\n<td width=\"143\"><\/td>\n<\/tr>\n<tr>\n<td width=\"268\"><\/td>\n<td width=\"128\"><\/td>\n<td width=\"335\"><\/td>\n<td width=\"143\"><\/td>\n<\/tr>\n<tr>\n<td width=\"268\"><strong>T\u00e1mogatott<br \/>\nneve<\/strong><\/td>\n<td width=\"128\"><strong>Sz\u00e9khelytelep\u00fcl\u00e9s<\/strong><\/td>\n<td width=\"335\"><strong>T\u00e1mogat\u00e1s c\u00e9lja<\/strong><\/td>\n<td width=\"143\"><strong>T\u00e1mogat\u00e1s \u00f6sszege (Ft)<\/strong><\/td>\n<\/tr>\n<tr>\n<td width=\"268\">Fels\u0151-B\u00e1cska Vid\u00e9kfejleszt\u00e9si Egyes\u00fclet<\/td>\n<td width=\"128\">6430 B\u00e1csalm\u00e1s<\/td>\n<td width=\"335\">Tagd\u00edj<\/td>\n<td width=\"143\">10 000,00<\/td>\n<\/tr>\n<tr>\n<td width=\"268\">D\u00e9l-Vid\u00e9k K\u00e9zilabda Sport Egyes\u00fclet<\/td>\n<td width=\"128\">6448 Cs\u00e1voly<\/td>\n<td width=\"335\">Sportegyes\u00fclet m\u0171k\u00f6d\u00e9si t\u00e1mogat\u00e1sa<\/td>\n<td width=\"143\">300 000,00<\/td>\n<\/tr>\n<tr>\n<td width=\"268\">D\u00e9l-Vid\u00e9k K\u00e9zilabda Sport Egyes\u00fclet<\/td>\n<td width=\"128\">6448 Cs\u00e1voly<\/td>\n<td width=\"335\">Sportegyes\u00fclet m\u0171k\u00f6d\u00e9si t\u00e1mogat\u00e1sa<\/td>\n<td width=\"143\">300 000,00<\/td>\n<\/tr>\n<tr>\n<td width=\"268\">D\u00e9l-Vid\u00e9k K\u00e9zilabda Sport Egyes\u00fclet<\/td>\n<td width=\"128\">6448 Cs\u00e1voly<\/td>\n<td width=\"335\">Sportegyes\u00fclet m\u0171k\u00f6d\u00e9si t\u00e1mogat\u00e1sa (\u00fcgyv\u00e9di ktg)<\/td>\n<td width=\"143\">100 000,00<\/td>\n<\/tr>\n<\/tbody>\n<\/table>\n<div class=\"pvc_clear\"><\/div>\n<p id=\"pvc_stats_1558\" class=\"pvc_stats all  \" data-element-id=\"1558\" style=\"\"><i class=\"pvc-stats-icon medium\" aria-hidden=\"true\"><svg aria-hidden=\"true\" focusable=\"false\" data-prefix=\"far\" data-icon=\"chart-bar\" role=\"img\" xmlns=\"http:\/\/www.w3.org\/2000\/svg\" viewBox=\"0 0 512 512\" class=\"svg-inline--fa fa-chart-bar fa-w-16 fa-2x\"><path fill=\"currentColor\" d=\"M396.8 352h22.4c6.4 0 12.8-6.4 12.8-12.8V108.8c0-6.4-6.4-12.8-12.8-12.8h-22.4c-6.4 0-12.8 6.4-12.8 12.8v230.4c0 6.4 6.4 12.8 12.8 12.8zm-192 0h22.4c6.4 0 12.8-6.4 12.8-12.8V140.8c0-6.4-6.4-12.8-12.8-12.8h-22.4c-6.4 0-12.8 6.4-12.8 12.8v198.4c0 6.4 6.4 12.8 12.8 12.8zm96 0h22.4c6.4 0 12.8-6.4 12.8-12.8V204.8c0-6.4-6.4-12.8-12.8-12.8h-22.4c-6.4 0-12.8 6.4-12.8 12.8v134.4c0 6.4 6.4 12.8 12.8 12.8zM496 400H48V80c0-8.84-7.16-16-16-16H16C7.16 64 0 71.16 0 80v336c0 17.67 14.33 32 32 32h464c8.84 0 16-7.16 16-16v-16c0-8.84-7.16-16-16-16zm-387.2-48h22.4c6.4 0 12.8-6.4 12.8-12.8v-70.4c0-6.4-6.4-12.8-12.8-12.8h-22.4c-6.4 0-12.8 6.4-12.8 12.8v70.4c0 6.4 6.4 12.8 12.8 12.8z\" class=\"\"><\/path><\/svg><\/i> <img loading=\"lazy\" decoding=\"async\" width=\"16\" height=\"16\" alt=\"Loading\" src=\"https:\/\/csavoly.hu\/wp\/wp-content\/plugins\/page-views-count\/ajax-loader-2x.gif\" border=0 \/><\/p>\n<div class=\"pvc_clear\"><\/div>\n","protected":false},"excerpt":{"rendered":"<p>Cs\u00e1voly K\u00f6zs\u00e9gi \u00d6nkorm\u00e1nyzat K\u00e9pvisel\u0151-test\u00fclet\u00e9nek az \u00e1llamh\u00e1ztart\u00e1son k\u00edv\u00fcli forr\u00e1s \u00e1tv\u00e9tel\u00e9r\u0151l \u00e9s a civil \u00e9s egy\u00e9b szervezetek t\u00e1mogat\u00e1s\u00e1r\u00f3l sz\u00f3l\u00f3 9\/2018. (II. 26.) \u00f6nkorm\u00e1nyzati rendelete\u00a07. \u00a7-a alapj\u00e1n k\u00f6zz\u00e9tessz\u00fck az \u00d6nkorm\u00e1nyzat \u00e1ltal ny\u00fajtott t\u00e1mogat\u00e1sok kedvezm\u00e9nyezettjeinek nev\u00e9t, valamint a t\u00e1mogat\u00e1si \u00f6sszeget az \u00d6nkorm\u00e1nyzat honlapj\u00e1n. T\u00e1mogatott neve Sz\u00e9khelytelep\u00fcl\u00e9s T\u00e1mogat\u00e1s c\u00e9lja T\u00e1mogat\u00e1s \u00f6sszege (Ft) Fels\u0151-B\u00e1cska Vid\u00e9kfejleszt\u00e9si Egyes\u00fclet 6430 B\u00e1csalm\u00e1s Tagd\u00edj 10 000,00 &hellip; <a href=\"https:\/\/csavoly.hu\/wp\/?page_id=1558\" class=\"more-link\"><span class=\"screen-reader-text\">2018. \u00e9vi civil t\u00e1mogat\u00e1sok<\/span> b\u0151vebben&#8230; <span class=\"meta-nav\">&rarr;<\/span><\/a><\/p>\n<div class=\"pvc_clear\"><\/div>\n<p id=\"pvc_stats_1558\" class=\"pvc_stats all  \" data-element-id=\"1558\" style=\"\"><i class=\"pvc-stats-icon medium\" aria-hidden=\"true\"><svg aria-hidden=\"true\" focusable=\"false\" data-prefix=\"far\" data-icon=\"chart-bar\" role=\"img\" xmlns=\"http:\/\/www.w3.org\/2000\/svg\" viewBox=\"0 0 512 512\" class=\"svg-inline--fa fa-chart-bar fa-w-16 fa-2x\"><path fill=\"currentColor\" d=\"M396.8 352h22.4c6.4 0 12.8-6.4 12.8-12.8V108.8c0-6.4-6.4-12.8-12.8-12.8h-22.4c-6.4 0-12.8 6.4-12.8 12.8v230.4c0 6.4 6.4 12.8 12.8 12.8zm-192 0h22.4c6.4 0 12.8-6.4 12.8-12.8V140.8c0-6.4-6.4-12.8-12.8-12.8h-22.4c-6.4 0-12.8 6.4-12.8 12.8v198.4c0 6.4 6.4 12.8 12.8 12.8zm96 0h22.4c6.4 0 12.8-6.4 12.8-12.8V204.8c0-6.4-6.4-12.8-12.8-12.8h-22.4c-6.4 0-12.8 6.4-12.8 12.8v134.4c0 6.4 6.4 12.8 12.8 12.8zM496 400H48V80c0-8.84-7.16-16-16-16H16C7.16 64 0 71.16 0 80v336c0 17.67 14.33 32 32 32h464c8.84 0 16-7.16 16-16v-16c0-8.84-7.16-16-16-16zm-387.2-48h22.4c6.4 0 12.8-6.4 12.8-12.8v-70.4c0-6.4-6.4-12.8-12.8-12.8h-22.4c-6.4 0-12.8 6.4-12.8 12.8v70.4c0 6.4 6.4 12.8 12.8 12.8z\" class=\"\"><\/path><\/svg><\/i> <img loading=\"lazy\" decoding=\"async\" width=\"16\" height=\"16\" alt=\"Loading\" src=\"https:\/\/csavoly.hu\/wp\/wp-content\/plugins\/page-views-count\/ajax-loader-2x.gif\" border=0 \/><\/p>\n<div class=\"pvc_clear\"><\/div>\n","protected":false},"author":3,"featured_media":0,"parent":0,"menu_order":0,"comment_status":"closed","ping_status":"closed","template":"","meta":{"footnotes":""},"class_list":["post-1558","page","type-page","status-publish","hentry"],"_links":{"self":[{"href":"https:\/\/csavoly.hu\/wp\/index.php?rest_route=\/wp\/v2\/pages\/1558"}],"collection":[{"href":"https:\/\/csavoly.hu\/wp\/index.php?rest_route=\/wp\/v2\/pages"}],"about":[{"href":"https:\/\/csavoly.hu\/wp\/index.php?rest_route=\/wp\/v2\/types\/page"}],"author":[{"embeddable":true,"href":"https:\/\/csavoly.hu\/wp\/index.php?rest_route=\/wp\/v2\/users\/3"}],"replies":[{"embeddable":true,"href":"https:\/\/csavoly.hu\/wp\/index.php?rest_route=%2Fwp%2Fv2%2Fcomments&post=1558"}],"version-history":[{"count":2,"href":"https:\/\/csavoly.hu\/wp\/index.php?rest_route=\/wp\/v2\/pages\/1558\/revisions"}],"predecessor-version":[{"id":1560,"href":"https:\/\/csavoly.hu\/wp\/index.php?rest_route=\/wp\/v2\/pages\/1558\/revisions\/1560"}],"wp:attachment":[{"href":"https:\/\/csavoly.hu\/wp\/index.php?rest_route=%2Fwp%2Fv2%2Fmedia&parent=1558"}],"curies":[{"name":"wp","href":"https:\/\/api.w.org\/{rel}","templated":true}]}}