{"id":1619,"date":"2019-03-27T10:42:30","date_gmt":"2019-03-27T08:42:30","guid":{"rendered":"http:\/\/csavoly.hu\/wp\/?page_id=1619"},"modified":"2020-05-12T08:33:42","modified_gmt":"2020-05-12T06:33:42","slug":"onkormanyzati-valasztasok-2019","status":"publish","type":"page","link":"https:\/\/csavoly.hu\/wp\/?page_id=1619","title":{"rendered":"\u00d6NKORM\u00c1NYZATI V\u00c1LASZT\u00c1SOK 2019."},"content":{"rendered":"<h2><a href=\"https:\/\/csavoly.hu\/wp\/wp-content\/uploads\/2019\/03\/SKMBT_28319032111340.pdf\" target=\"_blank\" rel=\"noopener noreferrer\">V\u00e1laszt\u00e1ssal kapcsolatos hat\u00e1rozat<\/a><\/h2>\n","protected":false},"excerpt":{"rendered":"<p>V\u00e1laszt\u00e1ssal kapcsolatos hat\u00e1rozat<\/p>\n","protected":false},"author":3,"featured_media":0,"parent":0,"menu_order":0,"comment_status":"closed","ping_status":"closed","template":"","meta":{"footnotes":""},"class_list":["post-1619","page","type-page","status-publish","hentry"],"_links":{"self":[{"href":"https:\/\/csavoly.hu\/wp\/index.php?rest_route=\/wp\/v2\/pages\/1619"}],"collection":[{"href":"https:\/\/csavoly.hu\/wp\/index.php?rest_route=\/wp\/v2\/pages"}],"about":[{"href":"https:\/\/csavoly.hu\/wp\/index.php?rest_route=\/wp\/v2\/types\/page"}],"author":[{"embeddable":true,"href":"https:\/\/csavoly.hu\/wp\/index.php?rest_route=\/wp\/v2\/users\/3"}],"replies":[{"embeddable":true,"href":"https:\/\/csavoly.hu\/wp\/index.php?rest_route=%2Fwp%2Fv2%2Fcomments&post=1619"}],"version-history":[{"count":3,"href":"https:\/\/csavoly.hu\/wp\/index.php?rest_route=\/wp\/v2\/pages\/1619\/revisions"}],"predecessor-version":[{"id":3098,"href":"https:\/\/csavoly.hu\/wp\/index.php?rest_route=\/wp\/v2\/pages\/1619\/revisions\/3098"}],"wp:attachment":[{"href":"https:\/\/csavoly.hu\/wp\/index.php?rest_route=%2Fwp%2Fv2%2Fmedia&parent=1619"}],"curies":[{"name":"wp","href":"https:\/\/api.w.org\/{rel}","templated":true}]}}