{"id":1722,"date":"2019-08-11T10:47:37","date_gmt":"2019-08-11T08:47:37","guid":{"rendered":"http:\/\/csavoly.hu\/wp\/?page_id=1722"},"modified":"2019-09-18T15:47:30","modified_gmt":"2019-09-18T13:47:30","slug":"dontesek2","status":"publish","type":"page","link":"https:\/\/csavoly.hu\/wp\/?page_id=1722","title":{"rendered":"D\u00f6nt\u00e9sek"},"content":{"rendered":"<p><a href=\"https:\/\/csavoly.hu\/wp\/wp-content\/uploads\/2019\/09\/40-2019.IX_.18.HVB-hat\u00e1rozat-szavaz\u00f3lapok-adattartalm\u00e1nak-j\u00f3v\u00e1hagy\u00e1s\u00e1r\u00f3l-k\u00e9pvisel\u0151k.pdf\">40-2019.(IX.18.)HVB hat\u00e1rozat szavaz\u00f3lapok adattartalm\u00e1nak j\u00f3v\u00e1hagy\u00e1s\u00e1r\u00f3l-k\u00e9pvisel\u0151k<\/a><\/p>\n<p><a href=\"https:\/\/csavoly.hu\/wp\/wp-content\/uploads\/2019\/09\/41-2019.IX_.18.HVB-hat\u00e1rozat-szavaz\u00f3lapok-adattartalm\u00e1nak-j\u00f3v\u00e1hagy\u00e1s\u00e1r\u00f3l-polg\u00e1rmester.pdf\">41-2019.(IX.18.)HVB hat\u00e1rozat szavaz\u00f3lapok adattartalm\u00e1nak j\u00f3v\u00e1hagy\u00e1s\u00e1r\u00f3l-polg\u00e1rmester<\/a><\/p>\n<p><a href=\"https:\/\/csavoly.hu\/wp\/wp-content\/uploads\/2019\/09\/42-2019.IX_.18.HVB-hat\u00e1rozat-szavaz\u00f3lapok-adattartalm\u00e1nak-j\u00f3v\u00e1hagy\u00e1s\u00e1r\u00f3l-horv\u00e1t-nemzetis\u00e9g.pdf\">42-2019.(IX.18.)HVB hat\u00e1rozat szavaz\u00f3lapok adattartalm\u00e1nak j\u00f3v\u00e1hagy\u00e1s\u00e1r\u00f3l-horv\u00e1t nemzetis\u00e9g<\/a><br \/>\n<a href=\"https:\/\/csavoly.hu\/wp\/wp-content\/uploads\/2019\/09\/43-2019.IX_.18.HVB-hat\u00e1rozat-szavaz\u00f3lapok-adattartalm\u00e1nak-j\u00f3v\u00e1hagy\u00e1s\u00e1r\u00f3l-n\u00e9met-nemzetis\u00e9g.pdf\">43-2019.(IX.18.)HVB hat\u00e1rozat szavaz\u00f3lapok adattartalm\u00e1nak j\u00f3v\u00e1hagy\u00e1s\u00e1r\u00f3l-n\u00e9met nemzetis\u00e9g<\/a><\/p>\n<p><a href=\"https:\/\/csavoly.hu\/wp\/wp-content\/uploads\/2019\/09\/36-2019.IX_.09.HVB-hat\u00e1rozat-polg\u00e1rmester-jel\u00f6ltek-sorsol\u00e1sa.pdf\">36-2019.(IX.09.)HVB hat\u00e1rozat-polg\u00e1rmester jel\u00f6ltek sorsol\u00e1sa<\/a><\/p>\n<p><a href=\"https:\/\/csavoly.hu\/wp\/wp-content\/uploads\/2019\/09\/37-2019.IX_.09.HVB-hat\u00e1rozat-k\u00e9pvisel\u0151jel\u00f6ltek-sorsol\u00e1sa.pdf\">37-2019.(IX.09.)HVB hat\u00e1rozat-k\u00e9pvisel\u0151jel\u00f6ltek sorsol\u00e1sa<\/a><\/p>\n<p><a href=\"https:\/\/csavoly.hu\/wp\/wp-content\/uploads\/2019\/09\/38-2019.IX_.09.HVB-hat\u00e1rozat-Horv\u00e1r-k\u00e9pvisel\u0151jel\u00f6ltek-sorsol\u00e1sa.pdf\">38-2019.(IX.09.)HVB hat\u00e1rozat-Horv\u00e1r k\u00e9pvisel\u0151jel\u00f6ltek sorsol\u00e1sa<\/a><\/p>\n<p><a href=\"https:\/\/csavoly.hu\/wp\/wp-content\/uploads\/2019\/09\/39-2019.IX_.09.HVB-hat\u00e1rozat-N\u00e9met-k\u00e9pvisel\u0151jel\u00f6ltek-sorsol\u00e1sa.pdf\">39-2019.(IX.09.)HVB hat\u00e1rozat-N\u00e9met k\u00e9pvisel\u0151jel\u00f6ltek sorsol\u00e1sa<\/a><\/p>\n<p><a href=\"https:\/\/csavoly.hu\/wp\/wp-content\/uploads\/2019\/09\/20-2019.-IX.09.-HVB-hat_JE.pdf\">20-2019. (IX.09.) HVB hat_JE<\/a><br \/>\n<a href=\"https:\/\/csavoly.hu\/wp\/wp-content\/uploads\/2019\/09\/21-2019.-IX.09.-HVB-hat_JE.pdf\">21-2019. (IX.09.) HVB hat_JE<\/a><br \/>\n<a href=\"https:\/\/csavoly.hu\/wp\/wp-content\/uploads\/2019\/09\/22-2019.-IX.09.-HVB-hat_JE.pdf\">22-2019. (IX.09.) HVB hat_JE<\/a><br \/>\n<a href=\"https:\/\/csavoly.hu\/wp\/wp-content\/uploads\/2019\/09\/23-2019.-IX.09.-HVB-hat_JE.pdf\">23-2019. (IX.09.) HVB hat_JE<\/a><br \/>\n<a href=\"https:\/\/csavoly.hu\/wp\/wp-content\/uploads\/2019\/09\/24-2019.-IX.09.-HVB-hat_JE.pdf\">24-2019. (IX.09.) HVB hat_JE<\/a><br \/>\n<a href=\"https:\/\/csavoly.hu\/wp\/wp-content\/uploads\/2019\/09\/25-2019.-IX.09.-HVB-hat_JE.pdf\">25-2019. (IX.09.) HVB hat_JE<\/a><br \/>\n<a href=\"https:\/\/csavoly.hu\/wp\/wp-content\/uploads\/2019\/09\/26-2019.-IX.09.-HVB-hat_JE.pdf\">26-2019. (IX.09.) HVB hat_JE<\/a><br \/>\n<a href=\"https:\/\/csavoly.hu\/wp\/wp-content\/uploads\/2019\/09\/27-2019.-IX.09.-HVB-hat_JE.pdf\">27-2019. (IX.09.) HVB hat_JE<\/a><\/p>\n<p><a href=\"https:\/\/csavoly.hu\/wp\/wp-content\/uploads\/2019\/09\/28-2019.-IX.09.-HVB-hat_JE.pdf\">28-2019. (IX.09.) HVB hat_JE<\/a><br \/>\n<a href=\"https:\/\/csavoly.hu\/wp\/wp-content\/uploads\/2019\/09\/29-2019.-IX.09.-HVB-hat_JE.pdf\">29-2019. (IX.09.) HVB hat_JE<\/a><\/p>\n<p><a href=\"https:\/\/csavoly.hu\/wp\/wp-content\/uploads\/2019\/09\/30-2019.-IX.09.-HVB-hat_JE.pdf\">30-2019. (IX.09.) HVB hat_JE<\/a><\/p>\n<p><a href=\"https:\/\/csavoly.hu\/wp\/wp-content\/uploads\/2019\/09\/31-2019.-IX.09.-HVB-hat_JE.pdf\">31-2019. (IX.09.) HVB hat_JE<\/a><\/p>\n<p><a href=\"https:\/\/csavoly.hu\/wp\/wp-content\/uploads\/2019\/09\/32-2019.-IX.09.-HVB-hat_JE.pdf\">32-2019. (IX.09.) HVB hat_JE<\/a><\/p>\n<p><a href=\"https:\/\/csavoly.hu\/wp\/wp-content\/uploads\/2019\/09\/33-2019.-IX.09.-HVB-hat_JE.pdf\">33-2019. (IX.09.) HVB hat_JE<\/a><\/p>\n<p><a href=\"https:\/\/csavoly.hu\/wp\/wp-content\/uploads\/2019\/09\/34-2019.-IX.09.-HVB-hat_JE.pdf\">34-2019. (IX.09.) HVB hat_JE<\/a><br \/>\n<a href=\"https:\/\/csavoly.hu\/wp\/wp-content\/uploads\/2019\/09\/35-2019.-IX.09.-HVB-hat_JE.pdf\">35-2019. (IX.09.) HVB hat_JE<\/a><\/p>\n<p>&nbsp;<\/p>\n<p><a href=\"https:\/\/csavoly.hu\/wp\/wp-content\/uploads\/2019\/09\/7-2019-IX.04.-HVB-hat\u00e1rozat-je-1.pdf\">7-2019 (IX.04.) HVB hat\u00e1rozat je<\/a><\/p>\n<p><a href=\"https:\/\/csavoly.hu\/wp\/wp-content\/uploads\/2019\/09\/8-2019-IX.04.-HVB-hat\u00e1rozat-je.pdf\">8-2019 (IX.04.) HVB hat\u00e1rozat je<\/a><\/p>\n<p><a href=\"https:\/\/csavoly.hu\/wp\/wp-content\/uploads\/2019\/09\/9-2019-IX.04.-HVB-hat\u00e1rozat-je.pdf\">9-2019 (IX.04.) HVB hat\u00e1rozat je<\/a><\/p>\n<p><a href=\"https:\/\/csavoly.hu\/wp\/wp-content\/uploads\/2019\/09\/10-2019-IX.04-HVB-hat\u00e1rozat-je.pdf\">10-2019 (IX.04) HVB hat\u00e1rozat je<\/a><\/p>\n<p><a href=\"https:\/\/csavoly.hu\/wp\/wp-content\/uploads\/2019\/09\/11-2019-IX.04-HVB-hat\u00e1rozat-je.pdf\">11-2019 (IX.04) HVB hat\u00e1rozat je<\/a><\/p>\n<p><a href=\"https:\/\/csavoly.hu\/wp\/wp-content\/uploads\/2019\/09\/12-2019-IX.04-HVB-hat\u00e1rozat-je.pdf\">12-2019 (IX.04) HVB hat\u00e1rozat je<\/a><\/p>\n<p><a href=\"https:\/\/csavoly.hu\/wp\/wp-content\/uploads\/2019\/09\/13-2019-IX.04-HVB-hat\u00e1rozat-je.pdf\">13-2019 (IX.04) HVB hat\u00e1rozat je<\/a><\/p>\n<p><a href=\"https:\/\/csavoly.hu\/wp\/wp-content\/uploads\/2019\/09\/14-2019-IX.04-HVB-hat\u00e1rozat-je.pdf\">14-2019 (IX.04) HVB hat\u00e1rozat je<\/a><\/p>\n<p><a href=\"https:\/\/csavoly.hu\/wp\/wp-content\/uploads\/2019\/09\/15-2019-IX.04-HVB-hat\u00e1rozat-je-1.pdf\">15-2019 (IX.04) HVB hat\u00e1rozat je<\/a><\/p>\n<p><a href=\"https:\/\/csavoly.hu\/wp\/wp-content\/uploads\/2019\/09\/16-2019.-IX.04.-HVB-hat\u00e1rozat-je.pdf\">16-2019. (IX.04.) HVB hat\u00e1rozat je<\/a><\/p>\n<p><a href=\"https:\/\/csavoly.hu\/wp\/wp-content\/uploads\/2019\/09\/17-2019-IX.04-HVB-hat\u00e1rozat-je.pdf\">17-2019 (IX.04) HVB hat\u00e1rozat je<\/a><\/p>\n<p><a href=\"https:\/\/csavoly.hu\/wp\/wp-content\/uploads\/2019\/09\/18-2019-IX.04-HVB-hat\u00e1rozat-je.pdf\">18-2019 (IX.04) HVB hat\u00e1rozat je<\/a><\/p>\n<p><a href=\"https:\/\/csavoly.hu\/wp\/wp-content\/uploads\/2019\/09\/19-2019-IX.04-HVB-hat\u00e1rozat-je.pdf\">19-2019 (IX.04) HVB hat\u00e1rozat je<\/a><\/p>\n<p>&nbsp;<\/p>\n<p>&nbsp;<\/p>\n<p>&nbsp;<\/p>\n<p><a href=\"https:\/\/csavoly.hu\/wp\/wp-content\/uploads\/2019\/09\/3-2019.-VIII.29..pdf\">3-<\/a><a href=\"https:\/\/csavoly.hu\/wp\/wp-content\/uploads\/2019\/09\/8-2019-IX.04.-HVB-hat\u00e1rozat-je.pdf\">2019 (IX.04.) HV<\/a><a href=\"https:\/\/csavoly.hu\/wp\/wp-content\/uploads\/2019\/09\/3-2019.-VIII.29..pdf\">III.29.<\/a><a href=\"https:\/\/csavoly.hu\/wp\/wp-content\/uploads\/2019\/09\/8-2019-IX.04.-HVB-hat\u00e1rozat-je.pdf\">B hat\u00e1rozat je<\/a><a href=\"https:\/\/csavoly.hu\/wp\/wp-content\/uploads\/2019\/09\/3-2019.-VIII.29..pdf\">019. (V<\/a><br \/>\n<a href=\"https:\/\/csavoly.hu\/wp\/wp-content\/uploads\/2019\/09\/4-2019-VIII.29..pdf\">4-2019 (VIII.29.)<\/a><br \/>\n<a href=\"https:\/\/csavoly.hu\/wp\/wp-content\/uploads\/2019\/09\/5-2019-VIII.29.pdf\">5-2019 (VIII.29)<\/a><br \/>\n<a href=\"https:\/\/csavoly.hu\/wp\/wp-content\/uploads\/2019\/09\/6-2019-VIII.29..pdf\">6-2019 (VIII.29.)<\/a><br \/>\n<a href=\"https:\/\/csavoly.hu\/wp\/wp-content\/uploads\/2019\/09\/1-2019.-VIII.29..pdf\">1-2019. (VIII.29.)<\/a><br \/>\n<a href=\"https:\/\/csavoly.hu\/wp\/wp-content\/uploads\/2019\/09\/2-2019.-VIII.29.pdf\">2-2019. (VIII.29)<\/a><\/p>\n<div class=\"pvc_clear\"><\/div>\n<p id=\"pvc_stats_1722\" class=\"pvc_stats all  \" data-element-id=\"1722\" style=\"\"><i class=\"pvc-stats-icon medium\" aria-hidden=\"true\"><svg aria-hidden=\"true\" focusable=\"false\" data-prefix=\"far\" data-icon=\"chart-bar\" role=\"img\" xmlns=\"http:\/\/www.w3.org\/2000\/svg\" viewBox=\"0 0 512 512\" class=\"svg-inline--fa fa-chart-bar fa-w-16 fa-2x\"><path fill=\"currentColor\" d=\"M396.8 352h22.4c6.4 0 12.8-6.4 12.8-12.8V108.8c0-6.4-6.4-12.8-12.8-12.8h-22.4c-6.4 0-12.8 6.4-12.8 12.8v230.4c0 6.4 6.4 12.8 12.8 12.8zm-192 0h22.4c6.4 0 12.8-6.4 12.8-12.8V140.8c0-6.4-6.4-12.8-12.8-12.8h-22.4c-6.4 0-12.8 6.4-12.8 12.8v198.4c0 6.4 6.4 12.8 12.8 12.8zm96 0h22.4c6.4 0 12.8-6.4 12.8-12.8V204.8c0-6.4-6.4-12.8-12.8-12.8h-22.4c-6.4 0-12.8 6.4-12.8 12.8v134.4c0 6.4 6.4 12.8 12.8 12.8zM496 400H48V80c0-8.84-7.16-16-16-16H16C7.16 64 0 71.16 0 80v336c0 17.67 14.33 32 32 32h464c8.84 0 16-7.16 16-16v-16c0-8.84-7.16-16-16-16zm-387.2-48h22.4c6.4 0 12.8-6.4 12.8-12.8v-70.4c0-6.4-6.4-12.8-12.8-12.8h-22.4c-6.4 0-12.8 6.4-12.8 12.8v70.4c0 6.4 6.4 12.8 12.8 12.8z\" class=\"\"><\/path><\/svg><\/i> <img loading=\"lazy\" decoding=\"async\" width=\"16\" height=\"16\" alt=\"Loading\" src=\"https:\/\/csavoly.hu\/wp\/wp-content\/plugins\/page-views-count\/ajax-loader-2x.gif\" border=0 \/><\/p>\n<div class=\"pvc_clear\"><\/div>\n","protected":false},"excerpt":{"rendered":"<p>40-2019.(IX.18.)HVB hat\u00e1rozat szavaz\u00f3lapok adattartalm\u00e1nak j\u00f3v\u00e1hagy\u00e1s\u00e1r\u00f3l-k\u00e9pvisel\u0151k 41-2019.(IX.18.)HVB hat\u00e1rozat szavaz\u00f3lapok adattartalm\u00e1nak j\u00f3v\u00e1hagy\u00e1s\u00e1r\u00f3l-polg\u00e1rmester 42-2019.(IX.18.)HVB hat\u00e1rozat szavaz\u00f3lapok adattartalm\u00e1nak j\u00f3v\u00e1hagy\u00e1s\u00e1r\u00f3l-horv\u00e1t nemzetis\u00e9g 43-2019.(IX.18.)HVB hat\u00e1rozat szavaz\u00f3lapok adattartalm\u00e1nak j\u00f3v\u00e1hagy\u00e1s\u00e1r\u00f3l-n\u00e9met nemzetis\u00e9g 36-2019.(IX.09.)HVB hat\u00e1rozat-polg\u00e1rmester jel\u00f6ltek sorsol\u00e1sa 37-2019.(IX.09.)HVB hat\u00e1rozat-k\u00e9pvisel\u0151jel\u00f6ltek sorsol\u00e1sa 38-2019.(IX.09.)HVB hat\u00e1rozat-Horv\u00e1r k\u00e9pvisel\u0151jel\u00f6ltek sorsol\u00e1sa 39-2019.(IX.09.)HVB hat\u00e1rozat-N\u00e9met k\u00e9pvisel\u0151jel\u00f6ltek sorsol\u00e1sa 20-2019. (IX.09.) HVB hat_JE 21-2019. (IX.09.) HVB hat_JE 22-2019. (IX.09.) HVB hat_JE 23-2019. (IX.09.) HVB hat_JE 24-2019. (IX.09.) &hellip; <a href=\"https:\/\/csavoly.hu\/wp\/?page_id=1722\" class=\"more-link\"><span class=\"screen-reader-text\">D\u00f6nt\u00e9sek<\/span> b\u0151vebben&#8230; <span class=\"meta-nav\">&rarr;<\/span><\/a><\/p>\n<div class=\"pvc_clear\"><\/div>\n<p id=\"pvc_stats_1722\" class=\"pvc_stats all  \" data-element-id=\"1722\" style=\"\"><i class=\"pvc-stats-icon medium\" aria-hidden=\"true\"><svg aria-hidden=\"true\" focusable=\"false\" data-prefix=\"far\" data-icon=\"chart-bar\" role=\"img\" xmlns=\"http:\/\/www.w3.org\/2000\/svg\" viewBox=\"0 0 512 512\" class=\"svg-inline--fa fa-chart-bar fa-w-16 fa-2x\"><path fill=\"currentColor\" d=\"M396.8 352h22.4c6.4 0 12.8-6.4 12.8-12.8V108.8c0-6.4-6.4-12.8-12.8-12.8h-22.4c-6.4 0-12.8 6.4-12.8 12.8v230.4c0 6.4 6.4 12.8 12.8 12.8zm-192 0h22.4c6.4 0 12.8-6.4 12.8-12.8V140.8c0-6.4-6.4-12.8-12.8-12.8h-22.4c-6.4 0-12.8 6.4-12.8 12.8v198.4c0 6.4 6.4 12.8 12.8 12.8zm96 0h22.4c6.4 0 12.8-6.4 12.8-12.8V204.8c0-6.4-6.4-12.8-12.8-12.8h-22.4c-6.4 0-12.8 6.4-12.8 12.8v134.4c0 6.4 6.4 12.8 12.8 12.8zM496 400H48V80c0-8.84-7.16-16-16-16H16C7.16 64 0 71.16 0 80v336c0 17.67 14.33 32 32 32h464c8.84 0 16-7.16 16-16v-16c0-8.84-7.16-16-16-16zm-387.2-48h22.4c6.4 0 12.8-6.4 12.8-12.8v-70.4c0-6.4-6.4-12.8-12.8-12.8h-22.4c-6.4 0-12.8 6.4-12.8 12.8v70.4c0 6.4 6.4 12.8 12.8 12.8z\" class=\"\"><\/path><\/svg><\/i> <img loading=\"lazy\" decoding=\"async\" width=\"16\" height=\"16\" alt=\"Loading\" src=\"https:\/\/csavoly.hu\/wp\/wp-content\/plugins\/page-views-count\/ajax-loader-2x.gif\" border=0 \/><\/p>\n<div class=\"pvc_clear\"><\/div>\n","protected":false},"author":3,"featured_media":0,"parent":0,"menu_order":0,"comment_status":"closed","ping_status":"closed","template":"","meta":{"footnotes":""},"class_list":["post-1722","page","type-page","status-publish","hentry"],"_links":{"self":[{"href":"https:\/\/csavoly.hu\/wp\/index.php?rest_route=\/wp\/v2\/pages\/1722"}],"collection":[{"href":"https:\/\/csavoly.hu\/wp\/index.php?rest_route=\/wp\/v2\/pages"}],"about":[{"href":"https:\/\/csavoly.hu\/wp\/index.php?rest_route=\/wp\/v2\/types\/page"}],"author":[{"embeddable":true,"href":"https:\/\/csavoly.hu\/wp\/index.php?rest_route=\/wp\/v2\/users\/3"}],"replies":[{"embeddable":true,"href":"https:\/\/csavoly.hu\/wp\/index.php?rest_route=%2Fwp%2Fv2%2Fcomments&post=1722"}],"version-history":[{"count":16,"href":"https:\/\/csavoly.hu\/wp\/index.php?rest_route=\/wp\/v2\/pages\/1722\/revisions"}],"predecessor-version":[{"id":1890,"href":"https:\/\/csavoly.hu\/wp\/index.php?rest_route=\/wp\/v2\/pages\/1722\/revisions\/1890"}],"wp:attachment":[{"href":"https:\/\/csavoly.hu\/wp\/index.php?rest_route=%2Fwp%2Fv2%2Fmedia&parent=1722"}],"curies":[{"name":"wp","href":"https:\/\/api.w.org\/{rel}","templated":true}]}}