{"id":18,"date":"2015-09-22T18:12:54","date_gmt":"2015-09-22T18:12:54","guid":{"rendered":"http:\/\/csavoly.hu\/wp\/?page_id=18"},"modified":"2020-04-24T11:16:20","modified_gmt":"2020-04-24T09:16:20","slug":"nyitooldal","status":"publish","type":"page","link":"https:\/\/csavoly.hu\/wp\/?page_id=18","title":{"rendered":"K\u00d6SZ\u00d6NT\u0150"},"content":{"rendered":"<p><strong>Cs\u00e1voly K\u00f6zs\u00e9gi \u00d6nkorm\u00e1nyzat nev\u00e9ben szeretettel \u00e9s tisztelettel k\u00f6sz\u00f6nt\u00f6m \u00d6n\u00f6ket meg\u00fajult honlapunkon!<img loading=\"lazy\" decoding=\"async\" class=\"wp-image-2684 alignright\" src=\"https:\/\/csavoly.hu\/wp\/wp-content\/uploads\/2020\/04\/1.jpg\" alt=\"\" width=\"150\" height=\"150\" srcset=\"https:\/\/csavoly.hu\/wp\/wp-content\/uploads\/2020\/04\/1.jpg 298w, https:\/\/csavoly.hu\/wp\/wp-content\/uploads\/2020\/04\/1-150x150.jpg 150w\" sizes=\"(max-width: 150px) 100vw, 150px\" \/> <\/strong><\/p>\n<p>K\u00f6sz\u00f6nj\u00fck, hogy felkerest\u00e9k inform\u00e1ci\u00f3s oldalunkat, mely seg\u00edts\u00e9get k\u00edv\u00e1n ny\u00fajtani mindazoknak, akik szem\u00e9lyesen vagy az internet vil\u00e1g\u00e1n kereszt\u00fcl szeretn\u00e9nek betekinteni telep\u00fcl\u00e9s\u00fcnk \u00e9let\u00e9be.<\/p>\n<p>Honlapunkon id\u0151zve megismerhetik telep\u00fcl\u00e9s\u00fcnk m\u00faltj\u00e1t, jelen\u00e9t, betekint\u00e9st nyerhetnek a k\u00f6zs\u00e9g \u00e9let\u00e9be.<\/p>\n<p>K\u00e9rem, l\u00e1togassanak el hozz\u00e1nk, ismerj\u00e9k meg k\u00f6z\u00f6ss\u00e9g\u00fcnk kult\u00far\u00e1j\u00e1t, \u00e9p\u00edt\u00e9szeti \u00f6r\u00f6ks\u00e9geinket, a k\u00f6rnyez\u0151 t\u00e1jat, \u00e9s \u00e9lvezz\u00e9k az alf\u00f6ldi emberek vend\u00e9gszeretet\u00e9t!<\/p>\n<p>Telep\u00fcl\u00e9s\u00fcnk Baja v\u00e1ros\u00e1hoz k\u00f6zel, de a v\u00e1ros zaj\u00e1t\u00f3l t\u00e1vol v\u00e1rja az \u00fajonnan \u00e9rkez\u0151 \u00e9s visszal\u00e1togat\u00f3 vend\u00e9geit. A Falum\u00fazeum, a Bara t\u00f3 horg\u00e1szati \u00e9s turisztikai, az \u00e9tterem \u00e9tkez\u00e9si lehet\u0151s\u00e9geivel igazi kikapcsol\u00f3d\u00e1st k\u00edn\u00e1l a hozz\u00e1nk l\u00e1togat\u00f3knak.<\/p>\n<p>Vend\u00e9geinket sz\u00ednes programokkal is v\u00e1rjuk, melyeket megtal\u00e1lnak a honlapon.<\/p>\n<p>B\u00edzunk benne, hogy kellemes \u00e9s hasznos id\u0151t\u00f6lt\u00e9st k\u00edn\u00e1lunk \u00d6n\u00f6knek!<\/p>\n<p>Csala J\u00f3zsefn\u00e9<\/p>\n<p>polg\u00e1rmester<\/p>\n<h2 style=\"text-align: center;\"><\/h2>\n<hr>\n<p style=\"text-align: right;\">\n<h3><\/h3>\n","protected":false},"excerpt":{"rendered":"<p>Cs\u00e1voly K\u00f6zs\u00e9gi \u00d6nkorm\u00e1nyzat nev\u00e9ben szeretettel \u00e9s tisztelettel k\u00f6sz\u00f6nt\u00f6m \u00d6n\u00f6ket meg\u00fajult honlapunkon! K\u00f6sz\u00f6nj\u00fck, hogy felkerest\u00e9k inform\u00e1ci\u00f3s oldalunkat, mely seg\u00edts\u00e9get k\u00edv\u00e1n ny\u00fajtani mindazoknak, akik szem\u00e9lyesen vagy az internet vil\u00e1g\u00e1n kereszt\u00fcl szeretn\u00e9nek betekinteni telep\u00fcl\u00e9s\u00fcnk \u00e9let\u00e9be. Honlapunkon id\u0151zve megismerhetik telep\u00fcl\u00e9s\u00fcnk m\u00faltj\u00e1t, jelen\u00e9t, betekint\u00e9st nyerhetnek a k\u00f6zs\u00e9g \u00e9let\u00e9be. K\u00e9rem, l\u00e1togassanak el hozz\u00e1nk, ismerj\u00e9k meg k\u00f6z\u00f6ss\u00e9g\u00fcnk kult\u00far\u00e1j\u00e1t, \u00e9p\u00edt\u00e9szeti \u00f6r\u00f6ks\u00e9geinket, a k\u00f6rnyez\u0151 &hellip; <a href=\"https:\/\/csavoly.hu\/wp\/?page_id=18\" class=\"more-link\"><span class=\"screen-reader-text\">K\u00d6SZ\u00d6NT\u0150<\/span> b\u0151vebben&#8230; <span class=\"meta-nav\">&rarr;<\/span><\/a><\/p>\n","protected":false},"author":1,"featured_media":0,"parent":0,"menu_order":0,"comment_status":"closed","ping_status":"closed","template":"","meta":{"footnotes":""},"class_list":["post-18","page","type-page","status-publish","hentry"],"_links":{"self":[{"href":"https:\/\/csavoly.hu\/wp\/index.php?rest_route=\/wp\/v2\/pages\/18"}],"collection":[{"href":"https:\/\/csavoly.hu\/wp\/index.php?rest_route=\/wp\/v2\/pages"}],"about":[{"href":"https:\/\/csavoly.hu\/wp\/index.php?rest_route=\/wp\/v2\/types\/page"}],"author":[{"embeddable":true,"href":"https:\/\/csavoly.hu\/wp\/index.php?rest_route=\/wp\/v2\/users\/1"}],"replies":[{"embeddable":true,"href":"https:\/\/csavoly.hu\/wp\/index.php?rest_route=%2Fwp%2Fv2%2Fcomments&post=18"}],"version-history":[{"count":47,"href":"https:\/\/csavoly.hu\/wp\/index.php?rest_route=\/wp\/v2\/pages\/18\/revisions"}],"predecessor-version":[{"id":2731,"href":"https:\/\/csavoly.hu\/wp\/index.php?rest_route=\/wp\/v2\/pages\/18\/revisions\/2731"}],"wp:attachment":[{"href":"https:\/\/csavoly.hu\/wp\/index.php?rest_route=%2Fwp%2Fv2%2Fmedia&parent=18"}],"curies":[{"name":"wp","href":"https:\/\/api.w.org\/{rel}","templated":true}]}}