{"id":1922,"date":"2019-10-18T11:30:56","date_gmt":"2019-10-18T09:30:56","guid":{"rendered":"http:\/\/csavoly.hu\/wp\/?page_id=1922"},"modified":"2020-03-03T10:27:31","modified_gmt":"2020-03-03T08:27:31","slug":"allando-programjaink","status":"publish","type":"page","link":"https:\/\/csavoly.hu\/wp\/?page_id=1922","title":{"rendered":"\u00c1lland\u00f3 programjaink"},"content":{"rendered":"<h2>\u00c1lland\u00f3 programjaink, amikre minden \u00e9rdekl\u0151d\u0151t szeretettel v\u00e1runk!<\/h2>\n<hr \/>\n<h2>MINDEN H\u00c9TF\u0150N 14.00 \u00d3R\u00c1T\u00d3L:<\/h2>\n<p><img loading=\"lazy\" decoding=\"async\" class=\"alignnone size-full wp-image-1929\" src=\"https:\/\/csavoly.hu\/wp\/wp-content\/uploads\/2019\/10\/72337974_974619686247749_6835334825453289472_n.jpg\" alt=\"\" width=\"776\" height=\"586\" srcset=\"https:\/\/csavoly.hu\/wp\/wp-content\/uploads\/2019\/10\/72337974_974619686247749_6835334825453289472_n.jpg 776w, https:\/\/csavoly.hu\/wp\/wp-content\/uploads\/2019\/10\/72337974_974619686247749_6835334825453289472_n-300x227.jpg 300w, https:\/\/csavoly.hu\/wp\/wp-content\/uploads\/2019\/10\/72337974_974619686247749_6835334825453289472_n-768x580.jpg 768w\" sizes=\"(max-width: 776px) 100vw, 776px\" \/><\/p>\n<hr \/>\n<h2>MINDEN H\u00c9TF\u0150N 17.00 \u00d3RAKOR:<\/h2>\n<p><img loading=\"lazy\" decoding=\"async\" class=\"alignnone size-large wp-image-1924\" src=\"https:\/\/csavoly.hu\/wp\/wp-content\/uploads\/2019\/10\/72867468_947972995586124_8372650169270796288_n-1-724x1024.jpg\" alt=\"\" width=\"724\" height=\"1024\" srcset=\"https:\/\/csavoly.hu\/wp\/wp-content\/uploads\/2019\/10\/72867468_947972995586124_8372650169270796288_n-1-724x1024.jpg 724w, https:\/\/csavoly.hu\/wp\/wp-content\/uploads\/2019\/10\/72867468_947972995586124_8372650169270796288_n-1-212x300.jpg 212w, https:\/\/csavoly.hu\/wp\/wp-content\/uploads\/2019\/10\/72867468_947972995586124_8372650169270796288_n-1-768x1086.jpg 768w, https:\/\/csavoly.hu\/wp\/wp-content\/uploads\/2019\/10\/72867468_947972995586124_8372650169270796288_n-1-1170x1655.jpg 1170w, https:\/\/csavoly.hu\/wp\/wp-content\/uploads\/2019\/10\/72867468_947972995586124_8372650169270796288_n-1.jpg 1240w\" sizes=\"(max-width: 724px) 100vw, 724px\" \/><\/p>\n<h2 style=\"line-height: 25.2px;\">MINDEN KEDDEN 18.00 \u00f3r\u00e1t\u00f3l:<\/h2>\n<p><img loading=\"lazy\" decoding=\"async\" class=\"alignnone size-large wp-image-2200\" src=\"https:\/\/csavoly.hu\/wp\/wp-content\/uploads\/2020\/03\/84035666_1076757729367277_2390804527549775872_o-1024x724.jpg\" alt=\"\" width=\"734\" height=\"519\" srcset=\"https:\/\/csavoly.hu\/wp\/wp-content\/uploads\/2020\/03\/84035666_1076757729367277_2390804527549775872_o-1024x724.jpg 1024w, https:\/\/csavoly.hu\/wp\/wp-content\/uploads\/2020\/03\/84035666_1076757729367277_2390804527549775872_o-300x212.jpg 300w, https:\/\/csavoly.hu\/wp\/wp-content\/uploads\/2020\/03\/84035666_1076757729367277_2390804527549775872_o-768x543.jpg 768w, https:\/\/csavoly.hu\/wp\/wp-content\/uploads\/2020\/03\/84035666_1076757729367277_2390804527549775872_o-1170x827.jpg 1170w, https:\/\/csavoly.hu\/wp\/wp-content\/uploads\/2020\/03\/84035666_1076757729367277_2390804527549775872_o.jpg 1754w\" sizes=\"(max-width: 734px) 100vw, 734px\" \/><\/p>\n<hr \/>\n<h2>Minden h\u00e9tf\u0151n, \u00e9s cs\u00fct\u00f6rt\u00f6k\u00f6n 18:15-t\u0151l szeretettel v\u00e1runk mindenkit!<\/h2>\n<p><img loading=\"lazy\" decoding=\"async\" class=\"alignnone size-full wp-image-1932\" src=\"https:\/\/csavoly.hu\/wp\/wp-content\/uploads\/2019\/10\/73040693_978448125864905_8213759769710690304_n.jpg\" alt=\"\" width=\"776\" height=\"586\" srcset=\"https:\/\/csavoly.hu\/wp\/wp-content\/uploads\/2019\/10\/73040693_978448125864905_8213759769710690304_n.jpg 776w, https:\/\/csavoly.hu\/wp\/wp-content\/uploads\/2019\/10\/73040693_978448125864905_8213759769710690304_n-300x227.jpg 300w, https:\/\/csavoly.hu\/wp\/wp-content\/uploads\/2019\/10\/73040693_978448125864905_8213759769710690304_n-768x580.jpg 768w\" sizes=\"(max-width: 776px) 100vw, 776px\" \/><\/p>\n<hr \/>\n<h2>MINDEN CS\u00dcT\u00d6RT\u00d6K\u00d6N 16.00 \u00d3RA (FELS\u0150 TAGOZAT); 17.00 \u00d3RA (OVISOK \u00c9S KISISKOL\u00c1SOK):<\/h2>\n<p><img loading=\"lazy\" decoding=\"async\" class=\"alignnone size-large wp-image-1926\" src=\"https:\/\/csavoly.hu\/wp\/wp-content\/uploads\/2019\/10\/73341394_416259722623019_6976051448857493504_n-1024x640.jpg\" alt=\"\" width=\"734\" height=\"459\" srcset=\"https:\/\/csavoly.hu\/wp\/wp-content\/uploads\/2019\/10\/73341394_416259722623019_6976051448857493504_n-1024x640.jpg 1024w, https:\/\/csavoly.hu\/wp\/wp-content\/uploads\/2019\/10\/73341394_416259722623019_6976051448857493504_n-300x188.jpg 300w, https:\/\/csavoly.hu\/wp\/wp-content\/uploads\/2019\/10\/73341394_416259722623019_6976051448857493504_n-768x480.jpg 768w, https:\/\/csavoly.hu\/wp\/wp-content\/uploads\/2019\/10\/73341394_416259722623019_6976051448857493504_n-1170x731.jpg 1170w, https:\/\/csavoly.hu\/wp\/wp-content\/uploads\/2019\/10\/73341394_416259722623019_6976051448857493504_n.jpg 1920w\" sizes=\"(max-width: 734px) 100vw, 734px\" \/><\/p>\n<hr \/>\n<h2>MINDEN CS\u00dcT\u00d6RT\u00d6K\u00d6N 18.00 \u00d3R\u00c1T\u00d3L A GAL\u00c9RIA TEREMBEN:<\/h2>\n<p><img loading=\"lazy\" decoding=\"async\" class=\"alignnone size-large wp-image-1939\" src=\"https:\/\/csavoly.hu\/wp\/wp-content\/uploads\/2019\/10\/73349254_2346697805660206_4661422487039377408_n-1024x640.jpg\" alt=\"\" width=\"734\" height=\"459\" srcset=\"https:\/\/csavoly.hu\/wp\/wp-content\/uploads\/2019\/10\/73349254_2346697805660206_4661422487039377408_n-1024x640.jpg 1024w, https:\/\/csavoly.hu\/wp\/wp-content\/uploads\/2019\/10\/73349254_2346697805660206_4661422487039377408_n-300x188.jpg 300w, https:\/\/csavoly.hu\/wp\/wp-content\/uploads\/2019\/10\/73349254_2346697805660206_4661422487039377408_n-768x480.jpg 768w, https:\/\/csavoly.hu\/wp\/wp-content\/uploads\/2019\/10\/73349254_2346697805660206_4661422487039377408_n-1170x731.jpg 1170w, https:\/\/csavoly.hu\/wp\/wp-content\/uploads\/2019\/10\/73349254_2346697805660206_4661422487039377408_n.jpg 2048w\" sizes=\"(max-width: 734px) 100vw, 734px\" \/><\/p>\n<div class=\"pvc_clear\"><\/div>\n<p id=\"pvc_stats_1922\" class=\"pvc_stats all  \" data-element-id=\"1922\" style=\"\"><i class=\"pvc-stats-icon medium\" aria-hidden=\"true\"><svg aria-hidden=\"true\" focusable=\"false\" data-prefix=\"far\" data-icon=\"chart-bar\" role=\"img\" xmlns=\"http:\/\/www.w3.org\/2000\/svg\" viewBox=\"0 0 512 512\" class=\"svg-inline--fa fa-chart-bar fa-w-16 fa-2x\"><path fill=\"currentColor\" d=\"M396.8 352h22.4c6.4 0 12.8-6.4 12.8-12.8V108.8c0-6.4-6.4-12.8-12.8-12.8h-22.4c-6.4 0-12.8 6.4-12.8 12.8v230.4c0 6.4 6.4 12.8 12.8 12.8zm-192 0h22.4c6.4 0 12.8-6.4 12.8-12.8V140.8c0-6.4-6.4-12.8-12.8-12.8h-22.4c-6.4 0-12.8 6.4-12.8 12.8v198.4c0 6.4 6.4 12.8 12.8 12.8zm96 0h22.4c6.4 0 12.8-6.4 12.8-12.8V204.8c0-6.4-6.4-12.8-12.8-12.8h-22.4c-6.4 0-12.8 6.4-12.8 12.8v134.4c0 6.4 6.4 12.8 12.8 12.8zM496 400H48V80c0-8.84-7.16-16-16-16H16C7.16 64 0 71.16 0 80v336c0 17.67 14.33 32 32 32h464c8.84 0 16-7.16 16-16v-16c0-8.84-7.16-16-16-16zm-387.2-48h22.4c6.4 0 12.8-6.4 12.8-12.8v-70.4c0-6.4-6.4-12.8-12.8-12.8h-22.4c-6.4 0-12.8 6.4-12.8 12.8v70.4c0 6.4 6.4 12.8 12.8 12.8z\" class=\"\"><\/path><\/svg><\/i> <img loading=\"lazy\" decoding=\"async\" width=\"16\" height=\"16\" alt=\"Loading\" src=\"https:\/\/csavoly.hu\/wp\/wp-content\/plugins\/page-views-count\/ajax-loader-2x.gif\" border=0 \/><\/p>\n<div class=\"pvc_clear\"><\/div>\n","protected":false},"excerpt":{"rendered":"<p>\u00c1lland\u00f3 programjaink, amikre minden \u00e9rdekl\u0151d\u0151t szeretettel v\u00e1runk! MINDEN H\u00c9TF\u0150N 14.00 \u00d3R\u00c1T\u00d3L: MINDEN H\u00c9TF\u0150N 17.00 \u00d3RAKOR: MINDEN KEDDEN 18.00 \u00f3r\u00e1t\u00f3l: Minden h\u00e9tf\u0151n, \u00e9s cs\u00fct\u00f6rt\u00f6k\u00f6n 18:15-t\u0151l szeretettel v\u00e1runk mindenkit! MINDEN CS\u00dcT\u00d6RT\u00d6K\u00d6N 16.00 \u00d3RA (FELS\u0150 TAGOZAT); 17.00 \u00d3RA (OVISOK \u00c9S KISISKOL\u00c1SOK): MINDEN CS\u00dcT\u00d6RT\u00d6K\u00d6N 18.00 \u00d3R\u00c1T\u00d3L A GAL\u00c9RIA TEREMBEN:<\/p>\n<div class=\"pvc_clear\"><\/div>\n<p id=\"pvc_stats_1922\" class=\"pvc_stats all  \" data-element-id=\"1922\" style=\"\"><i class=\"pvc-stats-icon medium\" aria-hidden=\"true\"><svg aria-hidden=\"true\" focusable=\"false\" data-prefix=\"far\" data-icon=\"chart-bar\" role=\"img\" xmlns=\"http:\/\/www.w3.org\/2000\/svg\" viewBox=\"0 0 512 512\" class=\"svg-inline--fa fa-chart-bar fa-w-16 fa-2x\"><path fill=\"currentColor\" d=\"M396.8 352h22.4c6.4 0 12.8-6.4 12.8-12.8V108.8c0-6.4-6.4-12.8-12.8-12.8h-22.4c-6.4 0-12.8 6.4-12.8 12.8v230.4c0 6.4 6.4 12.8 12.8 12.8zm-192 0h22.4c6.4 0 12.8-6.4 12.8-12.8V140.8c0-6.4-6.4-12.8-12.8-12.8h-22.4c-6.4 0-12.8 6.4-12.8 12.8v198.4c0 6.4 6.4 12.8 12.8 12.8zm96 0h22.4c6.4 0 12.8-6.4 12.8-12.8V204.8c0-6.4-6.4-12.8-12.8-12.8h-22.4c-6.4 0-12.8 6.4-12.8 12.8v134.4c0 6.4 6.4 12.8 12.8 12.8zM496 400H48V80c0-8.84-7.16-16-16-16H16C7.16 64 0 71.16 0 80v336c0 17.67 14.33 32 32 32h464c8.84 0 16-7.16 16-16v-16c0-8.84-7.16-16-16-16zm-387.2-48h22.4c6.4 0 12.8-6.4 12.8-12.8v-70.4c0-6.4-6.4-12.8-12.8-12.8h-22.4c-6.4 0-12.8 6.4-12.8 12.8v70.4c0 6.4 6.4 12.8 12.8 12.8z\" class=\"\"><\/path><\/svg><\/i> <img loading=\"lazy\" decoding=\"async\" width=\"16\" height=\"16\" alt=\"Loading\" src=\"https:\/\/csavoly.hu\/wp\/wp-content\/plugins\/page-views-count\/ajax-loader-2x.gif\" border=0 \/><\/p>\n<div class=\"pvc_clear\"><\/div>\n","protected":false},"author":3,"featured_media":0,"parent":0,"menu_order":0,"comment_status":"closed","ping_status":"closed","template":"","meta":{"footnotes":""},"class_list":["post-1922","page","type-page","status-publish","hentry"],"_links":{"self":[{"href":"https:\/\/csavoly.hu\/wp\/index.php?rest_route=\/wp\/v2\/pages\/1922"}],"collection":[{"href":"https:\/\/csavoly.hu\/wp\/index.php?rest_route=\/wp\/v2\/pages"}],"about":[{"href":"https:\/\/csavoly.hu\/wp\/index.php?rest_route=\/wp\/v2\/types\/page"}],"author":[{"embeddable":true,"href":"https:\/\/csavoly.hu\/wp\/index.php?rest_route=\/wp\/v2\/users\/3"}],"replies":[{"embeddable":true,"href":"https:\/\/csavoly.hu\/wp\/index.php?rest_route=%2Fwp%2Fv2%2Fcomments&post=1922"}],"version-history":[{"count":8,"href":"https:\/\/csavoly.hu\/wp\/index.php?rest_route=\/wp\/v2\/pages\/1922\/revisions"}],"predecessor-version":[{"id":2201,"href":"https:\/\/csavoly.hu\/wp\/index.php?rest_route=\/wp\/v2\/pages\/1922\/revisions\/2201"}],"wp:attachment":[{"href":"https:\/\/csavoly.hu\/wp\/index.php?rest_route=%2Fwp%2Fv2%2Fmedia&parent=1922"}],"curies":[{"name":"wp","href":"https:\/\/api.w.org\/{rel}","templated":true}]}}