{"id":1999,"date":"2019-12-10T09:45:51","date_gmt":"2019-12-10T07:45:51","guid":{"rendered":"http:\/\/csavoly.hu\/wp\/?page_id=1999"},"modified":"2025-05-21T06:43:53","modified_gmt":"2025-05-21T04:43:53","slug":"del-videk-kezilabda-sport-egyesulet","status":"publish","type":"page","link":"https:\/\/csavoly.hu\/wp\/?page_id=1999","title":{"rendered":"D\u00e9l-Vid\u00e9k K\u00e9zilabda Sport Egyes\u00fclet"},"content":{"rendered":"\n<div data-wp-interactive=\"core\/file\" class=\"wp-block-file\"><object data-wp-bind--hidden=\"!state.hasPdfPreview\"  class=\"wp-block-file__embed\" data=\"https:\/\/csavoly.hu\/wp\/wp-content\/uploads\/2025\/05\/signed_20250519133332_ki_JH01_000941_2025_MKSZ_sfp_approval_9ef2894f-0da0-4a56-b101-1c89d9392075-1.pdf\" type=\"application\/pdf\" style=\"width:100%;height:600px\" aria-label=\"signed_20250519133332_ki_JH01_000941_2025_MKSZ_sfp_approval_9ef2894f-0da0-4a56-b101-1c89d9392075 (1) be\u00e1gyaz\u00e1sa\"><\/object><a id=\"wp-block-file--media-9820f394-edb7-4f48-899a-870b78ea7b80\" href=\"https:\/\/csavoly.hu\/wp\/wp-content\/uploads\/2025\/05\/signed_20250519133332_ki_JH01_000941_2025_MKSZ_sfp_approval_9ef2894f-0da0-4a56-b101-1c89d9392075-1.pdf\">signed_20250519133332_ki_JH01_000941_2025_MKSZ_sfp_approval_9ef2894f-0da0-4a56-b101-1c89d9392075 (1)<\/a><a href=\"https:\/\/csavoly.hu\/wp\/wp-content\/uploads\/2025\/05\/signed_20250519133332_ki_JH01_000941_2025_MKSZ_sfp_approval_9ef2894f-0da0-4a56-b101-1c89d9392075-1.pdf\" class=\"wp-block-file__button wp-element-button\" download aria-describedby=\"wp-block-file--media-9820f394-edb7-4f48-899a-870b78ea7b80\">Let\u00f6lt\u00e9s<\/a><\/div>\n\n\n\n<div data-wp-interactive=\"core\/file\" class=\"wp-block-file\"><object data-wp-bind--hidden=\"!state.hasPdfPreview\"  class=\"wp-block-file__embed\" data=\"https:\/\/csavoly.hu\/wp\/wp-content\/uploads\/2025\/05\/Unknown-113.pdf\" type=\"application\/pdf\" style=\"width:100%;height:600px\" aria-label=\"Unknown-113 be\u00e1gyaz\u00e1sa\"><\/object><a id=\"wp-block-file--media-8d94fc55-3716-4d6f-8cf6-d5e8d4afe768\" href=\"https:\/\/csavoly.hu\/wp\/wp-content\/uploads\/2025\/05\/Unknown-113.pdf\">Unknown-113<\/a><a href=\"https:\/\/csavoly.hu\/wp\/wp-content\/uploads\/2025\/05\/Unknown-113.pdf\" class=\"wp-block-file__button wp-element-button\" download aria-describedby=\"wp-block-file--media-8d94fc55-3716-4d6f-8cf6-d5e8d4afe768\">Let\u00f6lt\u00e9s<\/a><\/div>\n\n\n\n<figure class=\"wp-block-image\"><a href=\"https:\/\/csavoly.hu\/wp\/wp-content\/uploads\/2023\/08\/3349939989_c_fekvo_nyomdai_page-0001.jpg\" target=\"_blank\" rel=\"noreferrer noopener\"><img loading=\"lazy\" decoding=\"async\" width=\"3630\" height=\"2602\" src=\"https:\/\/csavoly.hu\/wp\/wp-content\/uploads\/2023\/08\/3349939989_c_fekvo_nyomdai_page-0001.jpg\" alt=\"\" class=\"wp-image-6072\" srcset=\"https:\/\/csavoly.hu\/wp\/wp-content\/uploads\/2023\/08\/3349939989_c_fekvo_nyomdai_page-0001.jpg 3630w, https:\/\/csavoly.hu\/wp\/wp-content\/uploads\/2023\/08\/3349939989_c_fekvo_nyomdai_page-0001-768x551.jpg 768w\" sizes=\"(max-width: 3630px) 100vw, 3630px\" \/><\/a><\/figure>\n\n\n\n<p class=\"has-text-align-center has-medium-font-size\">&nbsp;2024\/2025-\u00f6s sportfejleszt\u00e9si P\u00e1ly\u00e1zat:<\/p>\n\n\n\n<div data-wp-interactive=\"core\/file\" class=\"wp-block-file\"><object data-wp-bind--hidden=\"!state.hasPdfPreview\"  class=\"wp-block-file__embed\" data=\"https:\/\/csavoly.hu\/wp\/wp-content\/uploads\/2024\/05\/sfp_kerelem_12656_20240411_1712839961-1-1.pdf\" type=\"application\/pdf\" style=\"width:100%;height:600px\" aria-label=\"sfp_kerelem_12656_20240411_1712839961-1-1 be\u00e1gyaz\u00e1sa\"><\/object><a id=\"wp-block-file--media-4a266b4f-0b70-46e3-a965-ec23b869eff3\" href=\"https:\/\/csavoly.hu\/wp\/wp-content\/uploads\/2024\/05\/sfp_kerelem_12656_20240411_1712839961-1-1.pdf\">sfp_kerelem_12656_20240411_1712839961-1-1<\/a><a href=\"https:\/\/csavoly.hu\/wp\/wp-content\/uploads\/2024\/05\/sfp_kerelem_12656_20240411_1712839961-1-1.pdf\" class=\"wp-block-file__button wp-element-button\" download aria-describedby=\"wp-block-file--media-4a266b4f-0b70-46e3-a965-ec23b869eff3\">Let\u00f6lt\u00e9s<br><\/a><\/div>\n\n\n\n<div data-wp-interactive=\"core\/file\" class=\"wp-block-file\"><object data-wp-bind--hidden=\"!state.hasPdfPreview\"  class=\"wp-block-file__embed\" data=\"https:\/\/csavoly.hu\/wp\/wp-content\/uploads\/2024\/05\/sfp_jh_000_12656_2024_mksz_2024-04-22_1713776040_1713790283-1-1.pdf\" type=\"application\/pdf\" style=\"width:100%;height:600px\" aria-label=\"sfp_jh_000_12656_2024_mksz_2024-04-22_1713776040_1713790283-1-1 be\u00e1gyaz\u00e1sa\"><\/object><a id=\"wp-block-file--media-9ef8e0a9-a401-419b-9622-aa17840aec2d\" href=\"https:\/\/csavoly.hu\/wp\/wp-content\/uploads\/2024\/05\/sfp_jh_000_12656_2024_mksz_2024-04-22_1713776040_1713790283-1-1.pdf\">sfp_jh_000_12656_2024_mksz_2024-04-22_1713776040_1713790283-1-1<\/a><a href=\"https:\/\/csavoly.hu\/wp\/wp-content\/uploads\/2024\/05\/sfp_jh_000_12656_2024_mksz_2024-04-22_1713776040_1713790283-1-1.pdf\" class=\"wp-block-file__button wp-element-button\" download aria-describedby=\"wp-block-file--media-9ef8e0a9-a401-419b-9622-aa17840aec2d\">Let\u00f6lt\u00e9s<\/a><\/div>\n\n\n\n<p class=\"has-text-align-center has-medium-font-size\"><strong>2023\/2024. \u00e9v:<\/strong><\/p>\n\n\n\n<p class=\"has-text-align-center has-medium-font-size\"><strong>P\u00e1ly\u00e1zat:<\/strong><br><\/p>\n\n\n\n<p class=\"has-medium-font-size\"><a href=\"https:\/\/csavoly.hu\/wp\/wp-content\/uploads\/2023\/05\/sfp_kerelem_11656_20230426_1682505823.pdf\">K\u00e9relem<\/a><\/p>\n\n\n\n<p class=\"has-medium-font-size\"><a href=\"https:\/\/csavoly.hu\/wp\/wp-content\/uploads\/2023\/05\/sfp_jh_000_11656_2023_mksz_2023-04-26_1682506036_1682585117-1.pdf\">J\u00f3v\u00e1hagy\u00f3 hat\u00e1rozat<\/a><\/p>\n\n\n\n<figure class=\"wp-block-image\"><a href=\"https:\/\/csavoly.hu\/wp\/wp-content\/uploads\/2023\/05\/collage-3.png\" target=\"_blank\" rel=\"noreferrer noopener\"><img loading=\"lazy\" decoding=\"async\" width=\"1500\" height=\"1500\" src=\"https:\/\/csavoly.hu\/wp\/wp-content\/uploads\/2023\/05\/collage-3.png\" alt=\"\" class=\"wp-image-5961\" srcset=\"https:\/\/csavoly.hu\/wp\/wp-content\/uploads\/2023\/05\/collage-3.png 1500w, https:\/\/csavoly.hu\/wp\/wp-content\/uploads\/2023\/05\/collage-3-150x150.png 150w, https:\/\/csavoly.hu\/wp\/wp-content\/uploads\/2023\/05\/collage-3-768x768.png 768w\" sizes=\"(max-width: 1500px) 100vw, 1500px\" \/><\/a><\/figure>\n\n\n\n<p class=\"has-text-align-center has-medium-font-size\"><strong>2022\/2023. \u00e9v:<\/strong><\/p>\n\n\n\n<p class=\"has-text-align-center has-medium-font-size\"><strong>P\u00e1ly\u00e1zat:<\/strong><\/p>\n\n\n\n<p class=\"has-medium-font-size\"><a href=\"https:\/\/csavoly.hu\/wp\/wp-content\/uploads\/2022\/05\/SFP-piszkozat-1-1.pdf\" target=\"_blank\" rel=\"noreferrer noopener\" aria-label=\"K\u00e9relem (opens in a new tab)\">K\u00e9relem<\/a><\/p>\n\n\n\n<p class=\"has-medium-font-size\"><a href=\"https:\/\/csavoly.hu\/wp\/wp-content\/uploads\/2022\/05\/sfp_jh_000_10656_2022_mksz_2022-05-12_1652358175_1652361642-1.pdf\" target=\"_blank\" rel=\"noreferrer noopener\" aria-label=\"J\u00f3v\u00e1hagy\u00f3 hat\u00e1rozat (opens in a new tab)\">J\u00f3v\u00e1hagy\u00f3 hat\u00e1rozat<\/a><\/p>\n\n\n\n<h1 class=\"wp-block-heading has-text-align-center\">2021\/2022. \u00e9v:<\/h1>\n\n\n\n<h2 class=\"wp-block-heading has-text-align-center\">P\u00e1ly\u00e1zat:<\/h2>\n\n\n\n<h2 class=\"wp-block-heading\"><a href=\"https:\/\/csavoly.hu\/wp\/wp-content\/uploads\/2021\/05\/sfp_kerelem_09656_20210415_1618482268.pdf\" target=\"_blank\" rel=\"noreferrer noopener\" aria-label=\"K\u00e9relem (opens in a new tab)\">K\u00e9relem<\/a><\/h2>\n\n\n\n<h2 class=\"wp-block-heading\"><a href=\"https:\/\/csavoly.hu\/wp\/wp-content\/uploads\/2021\/05\/sfp_jh_000_09656_2021_mksz_2021-04-15_1618482449_1618568252.pdf\" target=\"_blank\" rel=\"noreferrer noopener\" aria-label=\"J\u00f3v\u00e1hagy\u00f3 hat\u00e1rozat (opens in a new tab)\">J\u00f3v\u00e1hagy\u00f3 hat\u00e1rozat<\/a><\/h2>\n\n\n\n<p><\/p>\n\n\n\n<h2 class=\"wp-block-heading has-text-align-center\">                      H\u00edrek az egyes\u00fclet \u00e9let\u00e9b\u0151l<\/h2>\n\n\n\n<figure class=\"wp-block-image\"><img loading=\"lazy\" decoding=\"async\" width=\"1506\" height=\"2048\" src=\"https:\/\/csavoly.hu\/wp\/wp-content\/uploads\/2022\/08\/1...jpg\" alt=\"\" class=\"wp-image-4919\" srcset=\"https:\/\/csavoly.hu\/wp\/wp-content\/uploads\/2022\/08\/1...jpg 1506w, https:\/\/csavoly.hu\/wp\/wp-content\/uploads\/2022\/08\/1..-768x1044.jpg 768w\" sizes=\"(max-width: 1506px) 100vw, 1506px\" \/><\/figure>\n\n\n\n<figure class=\"wp-block-image\"><img loading=\"lazy\" decoding=\"async\" width=\"1506\" height=\"2048\" src=\"https:\/\/csavoly.hu\/wp\/wp-content\/uploads\/2022\/08\/5.jpg\" alt=\"\" class=\"wp-image-4918\" srcset=\"https:\/\/csavoly.hu\/wp\/wp-content\/uploads\/2022\/08\/5.jpg 1506w, https:\/\/csavoly.hu\/wp\/wp-content\/uploads\/2022\/08\/5-768x1044.jpg 768w\" sizes=\"(max-width: 1506px) 100vw, 1506px\" \/><\/figure>\n\n\n\n<figure class=\"wp-block-image\"><img loading=\"lazy\" decoding=\"async\" width=\"1506\" height=\"2048\" src=\"https:\/\/csavoly.hu\/wp\/wp-content\/uploads\/2022\/08\/6.jpg\" alt=\"\" class=\"wp-image-4917\" srcset=\"https:\/\/csavoly.hu\/wp\/wp-content\/uploads\/2022\/08\/6.jpg 1506w, https:\/\/csavoly.hu\/wp\/wp-content\/uploads\/2022\/08\/6-768x1044.jpg 768w\" sizes=\"(max-width: 1506px) 100vw, 1506px\" \/><\/figure>\n\n\n\n<figure class=\"wp-block-image\"><img loading=\"lazy\" decoding=\"async\" width=\"1506\" height=\"2048\" src=\"https:\/\/csavoly.hu\/wp\/wp-content\/uploads\/2022\/08\/3.jpg\" alt=\"\" class=\"wp-image-4916\" srcset=\"https:\/\/csavoly.hu\/wp\/wp-content\/uploads\/2022\/08\/3.jpg 1506w, https:\/\/csavoly.hu\/wp\/wp-content\/uploads\/2022\/08\/3-768x1044.jpg 768w\" sizes=\"(max-width: 1506px) 100vw, 1506px\" \/><\/figure>\n\n\n\n<figure class=\"wp-block-image\"><img loading=\"lazy\" decoding=\"async\" width=\"1506\" height=\"2048\" src=\"https:\/\/csavoly.hu\/wp\/wp-content\/uploads\/2022\/08\/1..jpg\" alt=\"\" class=\"wp-image-4915\" srcset=\"https:\/\/csavoly.hu\/wp\/wp-content\/uploads\/2022\/08\/1..jpg 1506w, https:\/\/csavoly.hu\/wp\/wp-content\/uploads\/2022\/08\/1.-768x1044.jpg 768w\" sizes=\"(max-width: 1506px) 100vw, 1506px\" \/><\/figure>\n\n\n\n<figure class=\"wp-block-image\"><img loading=\"lazy\" decoding=\"async\" width=\"1506\" height=\"2048\" src=\"https:\/\/csavoly.hu\/wp\/wp-content\/uploads\/2022\/08\/4.jpg\" alt=\"\" class=\"wp-image-4914\" srcset=\"https:\/\/csavoly.hu\/wp\/wp-content\/uploads\/2022\/08\/4.jpg 1506w, https:\/\/csavoly.hu\/wp\/wp-content\/uploads\/2022\/08\/4-768x1044.jpg 768w\" sizes=\"(max-width: 1506px) 100vw, 1506px\" \/><\/figure>\n\n\n\n<hr class=\"wp-block-separator has-css-opacity\"\/>\n\n\n\n<p>A 2020-as \u00e9v egyes\u00fclet\u00fcnket is komoly megpr\u00f3b\u00e1ltat\u00e1sok el\u00e9 \u00e1ll\u00edtotta a koronav\u00edrus k\u00f6vetkezm\u00e9nyek\u00e9pp kialakult korl\u00e1toz\u00e1sok miatt.<\/p>\n\n\n\n<p>A hagyom\u00e1nyteremt\u0151 c\u00e9llal tavaly els\u0151k\u00e9nt megrendez\u00e9sre ker\u00fcl\u0151 j\u00f3t\u00e9konys\u00e1gi b\u00e1lunkat az idei \u00e9vben k\u00e9tszer is le kellett f\u00fajnunk az utols\u00f3 pillanatban a v\u00edrus miatt.<\/p>\n\n\n\n<p>Nem csak k\u00f6z\u00f6ss\u00e9g\u00e9p\u00edt\u00e9s c\u00e9llal szerett\u00fck volna megrendezni, hanem nyilv\u00e1n a &nbsp;&nbsp;D-V SE anyagi helyzet\u00e9t is megk\u00f6nny\u00edtette volna.<\/p>\n\n\n\n<p>Edz\u00e9slehet\u0151s\u00e9geink is igencsak nehez\u00edtett k\u00f6r\u00fclm\u00e9nyek k\u00f6zt zajlottak, hiszen az iskola tornaterm\u00e9ben, ahol eddig mozoghattunk az idei \u00e9v k\u00f6zep\u00e9t\u0151l nem tarthattunk edz\u00e9seket.<\/p>\n\n\n\n<p>\u00cdgy ezt a k\u00f6rnyez\u0151 telep\u00fcl\u00e9seken (B\u00e1csbokod, J\u00e1noshalma) igyekezt\u00fcnk megoldani kisebb-nagyobb sikerekkel.<\/p>\n\n\n\n<p>A nehez\u00edt\u0151 k\u00f6r\u00fclm\u00e9nyekr\u0151l ennyit\u2026hiszen szerencs\u00e9re m\u00e9g \u00edgy is t\u00f6bb pozit\u00edvumr\u00f3l tudunk besz\u00e1molni, mint negat\u00edvumr\u00f3l!<\/p>\n\n\n\n<p>Sok munka \u00e9s fejt\u00f6r\u00e9s ut\u00e1n az idei \u00e9vt\u0151l mi is a TAO p\u00e1ly\u00e1zat nyertesei k\u00f6z\u00e9 sorolhatjuk magunkat, \u00edgy l\u00e9nyegesen jobb az anyagi helyzet\u00fcnk.<\/p>\n\n\n\n<p>Sokkal k\u00f6nnyebben tudjuk megoldani a gyerekek versenyeztet\u00e9s\u00e9t, utaztat\u00e1s\u00e1t \u00e9s edz\u00e9seiket is.<\/p>\n\n\n\n<p>Tov\u00e1bb\u00e1 m\u00e1r egyenmeleg\u00edt\u0151ben tudjuk k\u00e9pviselni Cs\u00e1voly k\u00f6zs\u00e9g\u00e9t az orsz\u00e1g k\u00fcl\u00f6nb\u00f6z\u0151 pontjain h\u00e9tv\u00e9gente.<\/p>\n\n\n<div class=\"wp-block-image\">\n<figure class=\"aligncenter is-resized\"><img loading=\"lazy\" decoding=\"async\" width=\"960\" height=\"540\" src=\"https:\/\/csavoly.hu\/wp\/wp-content\/uploads\/2020\/12\/1.jpg\" alt=\"\" class=\"wp-image-3764\" style=\"width:488px;height:274px\" srcset=\"https:\/\/csavoly.hu\/wp\/wp-content\/uploads\/2020\/12\/1.jpg 960w, https:\/\/csavoly.hu\/wp\/wp-content\/uploads\/2020\/12\/1-768x432.jpg 768w\" sizes=\"(max-width: 960px) 100vw, 960px\" \/><\/figure><\/div>\n\n\n<p>A\nD\u00e9l-Vid\u00e9k KSE tagl\u00e9tsz\u00e1ma a 2020-as \u00e9vre k\u00f6zel 100 f\u0151re duzzadt.<\/p>\n\n\n\n<p>Ez sz\u00e1munkra nagyon nagy dolog, hiszen ennek a sz\u00e1mnak a nagy r\u00e9sz\u00e9t a feln\u0151tt f\u00e9rfi csapat mellett az \u00e1ltal\u00e1nos iskol\u00e1ba j\u00e1r\u00f3 gyerekek teszik ki. <\/p>\n\n\n\n<p>Feln\u0151tt csapatunk is er\u0151s\u00edteni tudott n\u00e9h\u00e1ny \u00faj j\u00e1t\u00e9kossal: <\/p>\n\n\n<div class=\"wp-block-image\">\n<figure class=\"aligncenter is-resized\"><img loading=\"lazy\" decoding=\"async\" width=\"1550\" height=\"771\" src=\"https:\/\/csavoly.hu\/wp\/wp-content\/uploads\/2020\/12\/2.jpg\" alt=\"\" class=\"wp-image-3765\" style=\"width:511px;height:253px\" srcset=\"https:\/\/csavoly.hu\/wp\/wp-content\/uploads\/2020\/12\/2.jpg 1550w, https:\/\/csavoly.hu\/wp\/wp-content\/uploads\/2020\/12\/2-768x382.jpg 768w\" sizes=\"(max-width: 1550px) 100vw, 1550px\" \/><\/figure><\/div>\n\n\n<p>A f\u00e9rfiak\nsikerei mellett gyerekcsapataink; U13-as fi\u00fak \u00e9s U13-as l\u00e1nyok is egyre t\u00f6bb\ngy\u0151ztes meccsel t\u00e9rnek haza a h\u00e9tv\u00e9gi fordul\u00f3kr\u00f3l. Nagyon b\u00fcszk\u00e9k vagyunk a\nkitart\u00f3 munk\u00e1jukra.<\/p>\n\n\n\n<p>K\u00f6sz\u00f6nj\u00fck a sz\u00fcl\u0151k t\u00e1mogat\u00e1s\u00e1t \u00e9s azt, hogy hisznek benn\u00fcnk!<\/p>\n\n\n\n<figure class=\"wp-block-gallery has-nested-images columns-default is-cropped wp-block-gallery-1 is-layout-flex wp-block-gallery-is-layout-flex\">\n<figure class=\"wp-block-image\"><img loading=\"lazy\" decoding=\"async\" width=\"336\" height=\"598\" data-id=\"3768\" src=\"https:\/\/csavoly.hu\/wp\/wp-content\/uploads\/2020\/12\/3-1.jpg\" alt=\"\" class=\"wp-image-3768\"\/><\/figure>\n\n\n\n<figure class=\"wp-block-image\"><img loading=\"lazy\" decoding=\"async\" width=\"720\" height=\"960\" data-id=\"3769\" src=\"https:\/\/csavoly.hu\/wp\/wp-content\/uploads\/2020\/12\/4-1.jpg\" alt=\"\" class=\"wp-image-3769\"\/><\/figure>\n<\/figure>\n\n\n\n<figure class=\"wp-block-image\"><img loading=\"lazy\" decoding=\"async\" width=\"853\" height=\"559\" src=\"https:\/\/csavoly.hu\/wp\/wp-content\/uploads\/2020\/12\/5.jpg\" alt=\"\" class=\"wp-image-3770\" srcset=\"https:\/\/csavoly.hu\/wp\/wp-content\/uploads\/2020\/12\/5.jpg 853w, https:\/\/csavoly.hu\/wp\/wp-content\/uploads\/2020\/12\/5-768x503.jpg 768w\" sizes=\"(max-width: 853px) 100vw, 853px\" \/><\/figure>\n\n\n\n<p> V\u00e9g\u00fcl, de nem utols\u00f3 sorban szeretn\u00e9nk \u00edrni n\u00e9h\u00e1ny sort szivacsk\u00e9zi csapatunkr\u00f3l is, akik nagyon kitart\u00f3an edzenek annak ellen\u00e9re, hogy versenyz\u00e9sben m\u00e9g nincs tapasztalatuk. <\/p>\n\n\n\n<p>Minden k\u00e9zilabd\u00e1zni v\u00e1gy\u00f3t sok szeretettel v\u00e1runk!&nbsp;&nbsp;&nbsp;&nbsp;&nbsp;&nbsp;&nbsp;  <\/p>\n\n\n\n<p class=\"has-text-align-right\"><em>Lakatos G\u00e1bor D\u00e9l-Vid\u00e9k KSE eln\u00f6k<\/em><\/p>\n\n\n\n<p class=\"has-text-align-right\"><em>Balla Eszter edz\u0151<\/em><\/p>\n\n\n\n<p><\/p>\n\n\n<hr>\n<h1 style=\"text-align: center;\">2019\/2020. \u00e9v:<\/h1>\n<h1>P\u00e1ly\u00e1zat:<\/h1>\n<h2><a href=\"https:\/\/csavoly.hu\/wp\/wp-content\/uploads\/2019\/12\/sfp_kerelem_07656_20190621_15611102_1561110287-1.pdf\" target=\"_blank\" rel=\"noopener noreferrer\">K\u00e9relem <\/a><\/h2>\n<h2><a href=\"https:\/\/csavoly.hu\/wp\/wp-content\/uploads\/2019\/12\/sfpjovahagyohatarozat_1562226693.pdf\" target=\"_blank\" rel=\"noopener noreferrer\">J\u00f3v\u00e1hagy\u00f3 hat\u00e1rozat<\/a><\/h2>\n<p>&#8212;&#8212;&#8212;&#8212;&#8212;&#8212;&#8212;&#8212;&#8212;&#8212;&#8212;&#8212;&#8212;&#8212;&#8212;&#8212;&#8212;&#8212;&#8212;&#8212;&#8212;&#8212;&#8212;&#8212;&#8211;<\/p>\n<h1 style=\"text-align: center;\">2020\/2021. \u00e9v:<\/h1>\n<h2 style=\"text-align: center;\">P\u00e1ly\u00e1zat:<\/h2>\n<h2><a href=\"https:\/\/csavoly.hu\/wp\/wp-content\/uploads\/2020\/07\/sfp_kerelem_08656_20200604_1591279756-1.pdf\" target=\"_blank\" rel=\"noopener noreferrer\">K\u00e9relem<\/a><\/h2>\n<h2><a href=\"https:\/\/csavoly.hu\/wp\/wp-content\/uploads\/2020\/07\/sfp_jh_000_08656_2020_mksz_2020-06-04_1591280309_1591339563-1.pdf\" target=\"_blank\" rel=\"noopener noreferrer\">J\u00f3v\u00e1hagy\u00f3 hat\u00e1rozat<\/a><\/h2>\n<\/p>\n<hr><div class=\"pvc_clear\"><\/div><p id=\"pvc_stats_1999\" class=\"pvc_stats all  \" data-element-id=\"1999\" style=\"\"><i class=\"pvc-stats-icon medium\" aria-hidden=\"true\"><svg aria-hidden=\"true\" focusable=\"false\" data-prefix=\"far\" data-icon=\"chart-bar\" role=\"img\" xmlns=\"http:\/\/www.w3.org\/2000\/svg\" viewBox=\"0 0 512 512\" class=\"svg-inline--fa fa-chart-bar fa-w-16 fa-2x\"><path fill=\"currentColor\" d=\"M396.8 352h22.4c6.4 0 12.8-6.4 12.8-12.8V108.8c0-6.4-6.4-12.8-12.8-12.8h-22.4c-6.4 0-12.8 6.4-12.8 12.8v230.4c0 6.4 6.4 12.8 12.8 12.8zm-192 0h22.4c6.4 0 12.8-6.4 12.8-12.8V140.8c0-6.4-6.4-12.8-12.8-12.8h-22.4c-6.4 0-12.8 6.4-12.8 12.8v198.4c0 6.4 6.4 12.8 12.8 12.8zm96 0h22.4c6.4 0 12.8-6.4 12.8-12.8V204.8c0-6.4-6.4-12.8-12.8-12.8h-22.4c-6.4 0-12.8 6.4-12.8 12.8v134.4c0 6.4 6.4 12.8 12.8 12.8zM496 400H48V80c0-8.84-7.16-16-16-16H16C7.16 64 0 71.16 0 80v336c0 17.67 14.33 32 32 32h464c8.84 0 16-7.16 16-16v-16c0-8.84-7.16-16-16-16zm-387.2-48h22.4c6.4 0 12.8-6.4 12.8-12.8v-70.4c0-6.4-6.4-12.8-12.8-12.8h-22.4c-6.4 0-12.8 6.4-12.8 12.8v70.4c0 6.4 6.4 12.8 12.8 12.8z\" class=\"\"><\/path><\/svg><\/i> <img loading=\"lazy\" decoding=\"async\" width=\"16\" height=\"16\" alt=\"Loading\" src=\"https:\/\/csavoly.hu\/wp\/wp-content\/plugins\/page-views-count\/ajax-loader-2x.gif\" border=0 \/><\/p><div class=\"pvc_clear\"><\/div>","protected":false},"excerpt":{"rendered":"<p>&nbsp;2024\/2025-\u00f6s sportfejleszt\u00e9si P\u00e1ly\u00e1zat: 2023\/2024. \u00e9v: P\u00e1ly\u00e1zat: K\u00e9relem J\u00f3v\u00e1hagy\u00f3 hat\u00e1rozat 2022\/2023. \u00e9v: P\u00e1ly\u00e1zat: K\u00e9relem J\u00f3v\u00e1hagy\u00f3 hat\u00e1rozat 2021\/2022. \u00e9v: P\u00e1ly\u00e1zat: K\u00e9relem J\u00f3v\u00e1hagy\u00f3 hat\u00e1rozat H\u00edrek az egyes\u00fclet \u00e9let\u00e9b\u0151l A 2020-as \u00e9v egyes\u00fclet\u00fcnket is komoly megpr\u00f3b\u00e1ltat\u00e1sok el\u00e9 \u00e1ll\u00edtotta a koronav\u00edrus k\u00f6vetkezm\u00e9nyek\u00e9pp kialakult korl\u00e1toz\u00e1sok miatt. A hagyom\u00e1nyteremt\u0151 c\u00e9llal tavaly els\u0151k\u00e9nt megrendez\u00e9sre ker\u00fcl\u0151 j\u00f3t\u00e9konys\u00e1gi b\u00e1lunkat az idei \u00e9vben k\u00e9tszer is le &hellip; <a href=\"https:\/\/csavoly.hu\/wp\/?page_id=1999\" class=\"more-link\"><span class=\"screen-reader-text\">D\u00e9l-Vid\u00e9k K\u00e9zilabda Sport Egyes\u00fclet<\/span> b\u0151vebben&#8230; <span class=\"meta-nav\">&rarr;<\/span><\/a><\/p>\n<div class=\"pvc_clear\"><\/div>\n<p id=\"pvc_stats_1999\" class=\"pvc_stats all  \" data-element-id=\"1999\" style=\"\"><i class=\"pvc-stats-icon medium\" aria-hidden=\"true\"><svg aria-hidden=\"true\" focusable=\"false\" data-prefix=\"far\" data-icon=\"chart-bar\" role=\"img\" xmlns=\"http:\/\/www.w3.org\/2000\/svg\" viewBox=\"0 0 512 512\" class=\"svg-inline--fa fa-chart-bar fa-w-16 fa-2x\"><path fill=\"currentColor\" d=\"M396.8 352h22.4c6.4 0 12.8-6.4 12.8-12.8V108.8c0-6.4-6.4-12.8-12.8-12.8h-22.4c-6.4 0-12.8 6.4-12.8 12.8v230.4c0 6.4 6.4 12.8 12.8 12.8zm-192 0h22.4c6.4 0 12.8-6.4 12.8-12.8V140.8c0-6.4-6.4-12.8-12.8-12.8h-22.4c-6.4 0-12.8 6.4-12.8 12.8v198.4c0 6.4 6.4 12.8 12.8 12.8zm96 0h22.4c6.4 0 12.8-6.4 12.8-12.8V204.8c0-6.4-6.4-12.8-12.8-12.8h-22.4c-6.4 0-12.8 6.4-12.8 12.8v134.4c0 6.4 6.4 12.8 12.8 12.8zM496 400H48V80c0-8.84-7.16-16-16-16H16C7.16 64 0 71.16 0 80v336c0 17.67 14.33 32 32 32h464c8.84 0 16-7.16 16-16v-16c0-8.84-7.16-16-16-16zm-387.2-48h22.4c6.4 0 12.8-6.4 12.8-12.8v-70.4c0-6.4-6.4-12.8-12.8-12.8h-22.4c-6.4 0-12.8 6.4-12.8 12.8v70.4c0 6.4 6.4 12.8 12.8 12.8z\" class=\"\"><\/path><\/svg><\/i> <img loading=\"lazy\" decoding=\"async\" width=\"16\" height=\"16\" alt=\"Loading\" src=\"https:\/\/csavoly.hu\/wp\/wp-content\/plugins\/page-views-count\/ajax-loader-2x.gif\" border=0 \/><\/p>\n<div class=\"pvc_clear\"><\/div>\n","protected":false},"author":3,"featured_media":0,"parent":0,"menu_order":0,"comment_status":"closed","ping_status":"closed","template":"","meta":{"footnotes":""},"class_list":["post-1999","page","type-page","status-publish","hentry"],"_links":{"self":[{"href":"https:\/\/csavoly.hu\/wp\/index.php?rest_route=\/wp\/v2\/pages\/1999"}],"collection":[{"href":"https:\/\/csavoly.hu\/wp\/index.php?rest_route=\/wp\/v2\/pages"}],"about":[{"href":"https:\/\/csavoly.hu\/wp\/index.php?rest_route=\/wp\/v2\/types\/page"}],"author":[{"embeddable":true,"href":"https:\/\/csavoly.hu\/wp\/index.php?rest_route=\/wp\/v2\/users\/3"}],"replies":[{"embeddable":true,"href":"https:\/\/csavoly.hu\/wp\/index.php?rest_route=%2Fwp%2Fv2%2Fcomments&post=1999"}],"version-history":[{"count":28,"href":"https:\/\/csavoly.hu\/wp\/index.php?rest_route=\/wp\/v2\/pages\/1999\/revisions"}],"predecessor-version":[{"id":7748,"href":"https:\/\/csavoly.hu\/wp\/index.php?rest_route=\/wp\/v2\/pages\/1999\/revisions\/7748"}],"wp:attachment":[{"href":"https:\/\/csavoly.hu\/wp\/index.php?rest_route=%2Fwp%2Fv2%2Fmedia&parent=1999"}],"curies":[{"name":"wp","href":"https:\/\/api.w.org\/{rel}","templated":true}]}}