{"id":22,"date":"2015-09-22T18:24:29","date_gmt":"2015-09-22T18:24:29","guid":{"rendered":"http:\/\/csavoly.hu\/wp\/?page_id=22"},"modified":"2020-05-12T08:29:46","modified_gmt":"2020-05-12T06:29:46","slug":"kozsegunkrol","status":"publish","type":"page","link":"https:\/\/csavoly.hu\/wp\/?page_id=22","title":{"rendered":"CS\u00c1VOLYR\u00d3L"},"content":{"rendered":"<p><strong>Cs\u00e1voly (n\u00e9met\u00fcl Tschawal, horv\u00e1tul \u010cavolj) k\u00f6zs\u00e9g B\u00e1cs-Kiskun megye Bajai t\u00e9rs\u00e9g\u00e9ben tal\u00e1lhat\u00f3.<\/strong><\/p>\n\n\n<p class=\"has-medium-font-size\"><a rel=\"noreferrer noopener\" aria-label=\"TELEP\u00dcL\u00c9S T\u00d6RT\u00c9NETE (\u00faj f\u00fcl\u00f6n nyitja meg)\" href=\"https:\/\/csavoly.hu\/wp\/?p=2700\" target=\"_blank\">TELEP\u00dcL\u00c9S T\u00d6RT\u00c9NETE<\/a><\/p>\n\n\n\n<p class=\"has-medium-font-size\"><a rel=\"noreferrer noopener\" aria-label=\"C\u00cdMER (\u00faj f\u00fcl\u00f6n nyitja meg)\" href=\"https:\/\/csavoly.hu\/wp\/?p=2702\" target=\"_blank\">C\u00cdMER<\/a><\/p>\n\n\n\n<p class=\"has-medium-font-size\"><a rel=\"noreferrer noopener\" aria-label=\"TELEP\u00dcL\u00c9S NEVEZETESS\u00c9GEI (\u00faj f\u00fcl\u00f6n nyitja meg)\" href=\"https:\/\/csavoly.hu\/wp\/?p=2704\" target=\"_blank\">TELEP\u00dcL\u00c9S NEVEZETESS\u00c9GEI<\/a><\/p>\n\n\n\n<p class=\"has-medium-font-size\"><a rel=\"noreferrer noopener\" aria-label=\"TELEP\u00dcL\u00c9S FEKV\u00c9SE (\u00faj f\u00fcl\u00f6n nyitja meg)\" href=\"https:\/\/csavoly.hu\/wp\/?p=2713\" target=\"_blank\">TELEP\u00dcL\u00c9S FEKV\u00c9SE<\/a><\/p>\n\n\n\n<p class=\"has-medium-font-size\"><a rel=\"noreferrer noopener\" aria-label=\"TELEP\u00dcL\u00c9S ADATAI (\u00faj f\u00fcl\u00f6n nyitja meg)\" href=\"https:\/\/csavoly.hu\/wp\/?p=2715\" target=\"_blank\">TELEP\u00dcL\u00c9S ADATAI<\/a><\/p>\n\n\n\n<p class=\"has-medium-font-size\"><a href=\"https:\/\/csavoly.hu\/wp\/?p=2733\" target=\"_blank\" rel=\"noreferrer noopener\" aria-label=\"KIT\u00dcNTETETTJEINK (\u00faj f\u00fcl\u00f6n nyitja meg)\">KIT\u00dcNTETETTJEINK<\/a><\/p>\n","protected":false},"excerpt":{"rendered":"<p>Cs\u00e1voly (n\u00e9met\u00fcl Tschawal, horv\u00e1tul \u010cavolj) k\u00f6zs\u00e9g B\u00e1cs-Kiskun megye Bajai t\u00e9rs\u00e9g\u00e9ben tal\u00e1lhat\u00f3. TELEP\u00dcL\u00c9S T\u00d6RT\u00c9NETE C\u00cdMER TELEP\u00dcL\u00c9S NEVEZETESS\u00c9GEI TELEP\u00dcL\u00c9S FEKV\u00c9SE TELEP\u00dcL\u00c9S ADATAI KIT\u00dcNTETETTJEINK<\/p>\n","protected":false},"author":1,"featured_media":0,"parent":0,"menu_order":0,"comment_status":"closed","ping_status":"closed","template":"","meta":{"footnotes":""},"class_list":["post-22","page","type-page","status-publish","hentry"],"_links":{"self":[{"href":"https:\/\/csavoly.hu\/wp\/index.php?rest_route=\/wp\/v2\/pages\/22"}],"collection":[{"href":"https:\/\/csavoly.hu\/wp\/index.php?rest_route=\/wp\/v2\/pages"}],"about":[{"href":"https:\/\/csavoly.hu\/wp\/index.php?rest_route=\/wp\/v2\/types\/page"}],"author":[{"embeddable":true,"href":"https:\/\/csavoly.hu\/wp\/index.php?rest_route=\/wp\/v2\/users\/1"}],"replies":[{"embeddable":true,"href":"https:\/\/csavoly.hu\/wp\/index.php?rest_route=%2Fwp%2Fv2%2Fcomments&post=22"}],"version-history":[{"count":10,"href":"https:\/\/csavoly.hu\/wp\/index.php?rest_route=\/wp\/v2\/pages\/22\/revisions"}],"predecessor-version":[{"id":2785,"href":"https:\/\/csavoly.hu\/wp\/index.php?rest_route=\/wp\/v2\/pages\/22\/revisions\/2785"}],"wp:attachment":[{"href":"https:\/\/csavoly.hu\/wp\/index.php?rest_route=%2Fwp%2Fv2%2Fmedia&parent=22"}],"curies":[{"name":"wp","href":"https:\/\/api.w.org\/{rel}","templated":true}]}}