{"id":2551,"date":"2020-04-20T12:44:52","date_gmt":"2020-04-20T10:44:52","guid":{"rendered":"http:\/\/csavoly.hu\/wp\/?page_id=2551"},"modified":"2020-04-27T09:36:22","modified_gmt":"2020-04-27T07:36:22","slug":"2017-ev","status":"publish","type":"page","link":"https:\/\/csavoly.hu\/wp\/?page_id=2551","title":{"rendered":"2017. \u00e9v"},"content":{"rendered":"\n<p class=\"has-medium-font-size\"><a rel=\"noreferrer noopener\" aria-label=\"FALU MIKUL\u00c1SA (\u00faj f\u00fcl\u00f6n nyitja meg)\" href=\"https:\/\/csavoly.hu\/wp\/?page_id=955\" target=\"_blank\">FALU MIKUL\u00c1SA<\/a><\/p>\n\n\n\n<p class=\"has-medium-font-size\"><a rel=\"noreferrer noopener\" aria-label=\"ID\u0150SEK KAR\u00c1CSONYA (\u00faj f\u00fcl\u00f6n nyitja meg)\" href=\"https:\/\/csavoly.hu\/wp\/?page_id=953\" target=\"_blank\">ID\u0150SEK KAR\u00c1CSONYA<\/a><\/p>\n\n\n\n<p class=\"has-medium-font-size\"><a rel=\"noreferrer noopener\" aria-label=\"CSAL\u00c1DI NAP AZ IKSZT-BEN (\u00faj f\u00fcl\u00f6n nyitja meg)\" href=\"https:\/\/csavoly.hu\/wp\/?page_id=922\" target=\"_blank\">CSAL\u00c1DI NAP AZ IKSZT-BEN<\/a><\/p>\n\n\n\n<p class=\"has-medium-font-size\"><a rel=\"noreferrer noopener\" aria-label=\"CS\u00c1VOLYI FALUNAPOK (\u00faj f\u00fcl\u00f6n nyitja meg)\" href=\"https:\/\/csavoly.hu\/wp\/?page_id=869\" target=\"_blank\">CS\u00c1VOLYI FALUNAPOK<\/a><\/p>\n\n\n\n<p class=\"has-medium-font-size\"><a rel=\"noreferrer noopener\" aria-label=\"\u00daJ HIVATAL \u00c1TAD\u00d3 (\u00faj f\u00fcl\u00f6n nyitja meg)\" href=\"https:\/\/csavoly.hu\/wp\/?page_id=841\" target=\"_blank\">\u00daJ HIVATAL \u00c1TAD\u00d3<\/a><\/p>\n\n\n\n<p class=\"has-medium-font-size\"><a href=\"https:\/\/csavoly.hu\/wp\/?page_id=811\" target=\"_blank\" rel=\"noreferrer noopener\" aria-label=\"MAJ\u00c1LIS 2017. (\u00faj f\u00fcl\u00f6n nyitja meg)\">MAJ\u00c1LIS 2017.<\/a><\/p>\n<div class=\"pvc_clear\"><\/div><p id=\"pvc_stats_2551\" class=\"pvc_stats all  \" data-element-id=\"2551\" style=\"\"><i class=\"pvc-stats-icon medium\" aria-hidden=\"true\"><svg aria-hidden=\"true\" focusable=\"false\" data-prefix=\"far\" data-icon=\"chart-bar\" role=\"img\" xmlns=\"http:\/\/www.w3.org\/2000\/svg\" viewBox=\"0 0 512 512\" class=\"svg-inline--fa fa-chart-bar fa-w-16 fa-2x\"><path fill=\"currentColor\" d=\"M396.8 352h22.4c6.4 0 12.8-6.4 12.8-12.8V108.8c0-6.4-6.4-12.8-12.8-12.8h-22.4c-6.4 0-12.8 6.4-12.8 12.8v230.4c0 6.4 6.4 12.8 12.8 12.8zm-192 0h22.4c6.4 0 12.8-6.4 12.8-12.8V140.8c0-6.4-6.4-12.8-12.8-12.8h-22.4c-6.4 0-12.8 6.4-12.8 12.8v198.4c0 6.4 6.4 12.8 12.8 12.8zm96 0h22.4c6.4 0 12.8-6.4 12.8-12.8V204.8c0-6.4-6.4-12.8-12.8-12.8h-22.4c-6.4 0-12.8 6.4-12.8 12.8v134.4c0 6.4 6.4 12.8 12.8 12.8zM496 400H48V80c0-8.84-7.16-16-16-16H16C7.16 64 0 71.16 0 80v336c0 17.67 14.33 32 32 32h464c8.84 0 16-7.16 16-16v-16c0-8.84-7.16-16-16-16zm-387.2-48h22.4c6.4 0 12.8-6.4 12.8-12.8v-70.4c0-6.4-6.4-12.8-12.8-12.8h-22.4c-6.4 0-12.8 6.4-12.8 12.8v70.4c0 6.4 6.4 12.8 12.8 12.8z\" class=\"\"><\/path><\/svg><\/i> <img loading=\"lazy\" decoding=\"async\" width=\"16\" height=\"16\" alt=\"Loading\" src=\"https:\/\/csavoly.hu\/wp\/wp-content\/plugins\/page-views-count\/ajax-loader-2x.gif\" border=0 \/><\/p><div class=\"pvc_clear\"><\/div>","protected":false},"excerpt":{"rendered":"<p>FALU MIKUL\u00c1SA ID\u0150SEK KAR\u00c1CSONYA CSAL\u00c1DI NAP AZ IKSZT-BEN CS\u00c1VOLYI FALUNAPOK \u00daJ HIVATAL \u00c1TAD\u00d3 MAJ\u00c1LIS 2017.<\/p>\n<div class=\"pvc_clear\"><\/div>\n<p id=\"pvc_stats_2551\" class=\"pvc_stats all  \" data-element-id=\"2551\" style=\"\"><i class=\"pvc-stats-icon medium\" aria-hidden=\"true\"><svg aria-hidden=\"true\" focusable=\"false\" data-prefix=\"far\" data-icon=\"chart-bar\" role=\"img\" xmlns=\"http:\/\/www.w3.org\/2000\/svg\" viewBox=\"0 0 512 512\" class=\"svg-inline--fa fa-chart-bar fa-w-16 fa-2x\"><path fill=\"currentColor\" d=\"M396.8 352h22.4c6.4 0 12.8-6.4 12.8-12.8V108.8c0-6.4-6.4-12.8-12.8-12.8h-22.4c-6.4 0-12.8 6.4-12.8 12.8v230.4c0 6.4 6.4 12.8 12.8 12.8zm-192 0h22.4c6.4 0 12.8-6.4 12.8-12.8V140.8c0-6.4-6.4-12.8-12.8-12.8h-22.4c-6.4 0-12.8 6.4-12.8 12.8v198.4c0 6.4 6.4 12.8 12.8 12.8zm96 0h22.4c6.4 0 12.8-6.4 12.8-12.8V204.8c0-6.4-6.4-12.8-12.8-12.8h-22.4c-6.4 0-12.8 6.4-12.8 12.8v134.4c0 6.4 6.4 12.8 12.8 12.8zM496 400H48V80c0-8.84-7.16-16-16-16H16C7.16 64 0 71.16 0 80v336c0 17.67 14.33 32 32 32h464c8.84 0 16-7.16 16-16v-16c0-8.84-7.16-16-16-16zm-387.2-48h22.4c6.4 0 12.8-6.4 12.8-12.8v-70.4c0-6.4-6.4-12.8-12.8-12.8h-22.4c-6.4 0-12.8 6.4-12.8 12.8v70.4c0 6.4 6.4 12.8 12.8 12.8z\" class=\"\"><\/path><\/svg><\/i> <img loading=\"lazy\" decoding=\"async\" width=\"16\" height=\"16\" alt=\"Loading\" src=\"https:\/\/csavoly.hu\/wp\/wp-content\/plugins\/page-views-count\/ajax-loader-2x.gif\" border=0 \/><\/p>\n<div class=\"pvc_clear\"><\/div>\n","protected":false},"author":3,"featured_media":0,"parent":0,"menu_order":0,"comment_status":"closed","ping_status":"closed","template":"","meta":{"footnotes":""},"class_list":["post-2551","page","type-page","status-publish","hentry"],"_links":{"self":[{"href":"https:\/\/csavoly.hu\/wp\/index.php?rest_route=\/wp\/v2\/pages\/2551"}],"collection":[{"href":"https:\/\/csavoly.hu\/wp\/index.php?rest_route=\/wp\/v2\/pages"}],"about":[{"href":"https:\/\/csavoly.hu\/wp\/index.php?rest_route=\/wp\/v2\/types\/page"}],"author":[{"embeddable":true,"href":"https:\/\/csavoly.hu\/wp\/index.php?rest_route=\/wp\/v2\/users\/3"}],"replies":[{"embeddable":true,"href":"https:\/\/csavoly.hu\/wp\/index.php?rest_route=%2Fwp%2Fv2%2Fcomments&post=2551"}],"version-history":[{"count":2,"href":"https:\/\/csavoly.hu\/wp\/index.php?rest_route=\/wp\/v2\/pages\/2551\/revisions"}],"predecessor-version":[{"id":2838,"href":"https:\/\/csavoly.hu\/wp\/index.php?rest_route=\/wp\/v2\/pages\/2551\/revisions\/2838"}],"wp:attachment":[{"href":"https:\/\/csavoly.hu\/wp\/index.php?rest_route=%2Fwp%2Fv2%2Fmedia&parent=2551"}],"curies":[{"name":"wp","href":"https:\/\/api.w.org\/{rel}","templated":true}]}}