{"id":26,"date":"2015-09-22T18:24:41","date_gmt":"2015-09-22T18:24:41","guid":{"rendered":"http:\/\/csavoly.hu\/wp\/?page_id=26"},"modified":"2020-05-12T08:30:08","modified_gmt":"2020-05-12T06:30:08","slug":"onkormanyzat","status":"publish","type":"page","link":"https:\/\/csavoly.hu\/wp\/?page_id=26","title":{"rendered":"\u00d6nkorm\u00e1nyzat"},"content":{"rendered":"\n<p class=\"has-medium-font-size\"><a rel=\"noreferrer noopener\" aria-label=\"POLG\u00c1RMESTERI HIVATAL (\u00faj f\u00fcl\u00f6n nyitja meg)\" href=\"https:\/\/csavoly.hu\/wp\/?p=70\" target=\"_blank\">POLG\u00c1RMESTERI HIVATAL<\/a><\/p>\n\n\n\n<p class=\"has-medium-font-size\"><a rel=\"noreferrer noopener\" aria-label=\"K\u00c9PVISEL\u0150TEST\u00dcLET (\u00faj f\u00fcl\u00f6n nyitja meg)\" href=\"https:\/\/csavoly.hu\/wp\/?p=47\" target=\"_blank\">K\u00c9PVISEL\u0150TEST\u00dcLET<\/a><\/p>\n\n\n\n<p class=\"has-medium-font-size\"><a rel=\"noreferrer noopener\" aria-label=\"TEST\u00dcLETI \u00dcL\u00c9SEK (\u00faj f\u00fcl\u00f6n nyitja meg)\" href=\"https:\/\/csavoly.hu\/wp\/?page_id=972\" target=\"_blank\">TEST\u00dcLETI \u00dcL\u00c9SEK<\/a><\/p>\n\n\n\n<p class=\"has-medium-font-size\"><a rel=\"noreferrer noopener\" aria-label=\"N\u00c9MET NEMZETIS\u00c9GI \u00d6NKORM\u00c1NYZAT (\u00faj f\u00fcl\u00f6n nyitja meg)\" href=\"https:\/\/csavoly.hu\/wp\/?p=72\" target=\"_blank\">N\u00c9MET NEMZETIS\u00c9GI \u00d6NKORM\u00c1NYZAT<\/a><\/p>\n\n\n\n<p class=\"has-medium-font-size\"><a rel=\"noreferrer noopener\" aria-label=\"HORV\u00c1T NEMZETIS\u00c9GI \u00d6NKORM\u00c1NYZAT (\u00faj f\u00fcl\u00f6n nyitja meg)\" href=\"https:\/\/csavoly.hu\/wp\/?p=74\" target=\"_blank\">HORV\u00c1T NEMZETIS\u00c9GI \u00d6NKORM\u00c1NYZAT<\/a><\/p>\n\n\n\n<p class=\"has-medium-font-size\"><a rel=\"noreferrer noopener\" aria-label=\"REZSICS\u00d6KKENT\u00c9S (\u00faj f\u00fcl\u00f6n nyitja meg)\" href=\"https:\/\/csavoly.hu\/wp\/?page_id=1313\" target=\"_blank\">REZSICS\u00d6KKENT\u00c9S<\/a><\/p>\n\n\n\n<p class=\"has-medium-font-size\"><a rel=\"noreferrer noopener\" aria-label=\"P\u00c1LY\u00c1ZATOK (\u00faj f\u00fcl\u00f6n nyitja meg)\" href=\"https:\/\/csavoly.hu\/wp\/?page_id=1319\" target=\"_blank\">P\u00c1LY\u00c1ZATOK<\/a><\/p>\n\n\n\n<p class=\"has-medium-font-size\"><a rel=\"noreferrer noopener\" aria-label=\"RENDEZV\u00c9NYEK (\u00faj f\u00fcl\u00f6n nyitja meg)\" href=\"https:\/\/csavoly.hu\/wp\/?page_id=2195\" target=\"_blank\">RENDEZV\u00c9NYEK<\/a><\/p>\n\n\n\n<p class=\"has-medium-font-size\"><a rel=\"noreferrer noopener\" aria-label=\"TRT-H\u00c9SZ (\u00faj f\u00fcl\u00f6n nyitja meg)\" href=\"https:\/\/csavoly.hu\/wp\/?page_id=1147\" target=\"_blank\">TRT-H\u00c9SZ<\/a><\/p>\n\n\n\n<p class=\"has-medium-font-size\"><a rel=\"noreferrer noopener\" aria-label=\"SZEM\u00c9TSZ\u00c1LL\u00cdT\u00c1S (\u00faj f\u00fcl\u00f6n nyitja meg)\" href=\"https:\/\/csavoly.hu\/wp\/?page_id=800\" target=\"_blank\">SZEM\u00c9TSZ\u00c1LL\u00cdT\u00c1S<\/a><\/p>\n\n\n\n<p class=\"has-medium-font-size\"><a href=\"https:\/\/csavoly.hu\/wp\/?page_id=1611\" target=\"_blank\" rel=\"noreferrer noopener\" aria-label=\"EUR\u00d3PAI PARLAMENTI V\u00c1LASZT\u00c1S 2019. (\u00faj f\u00fcl\u00f6n nyitja meg)\">EUR\u00d3PAI PARLAMENTI V\u00c1LASZT\u00c1S 2019.<\/a><\/p>\n","protected":false},"excerpt":{"rendered":"<p>POLG\u00c1RMESTERI HIVATAL K\u00c9PVISEL\u0150TEST\u00dcLET TEST\u00dcLETI \u00dcL\u00c9SEK N\u00c9MET NEMZETIS\u00c9GI \u00d6NKORM\u00c1NYZAT HORV\u00c1T NEMZETIS\u00c9GI \u00d6NKORM\u00c1NYZAT REZSICS\u00d6KKENT\u00c9S P\u00c1LY\u00c1ZATOK RENDEZV\u00c9NYEK TRT-H\u00c9SZ SZEM\u00c9TSZ\u00c1LL\u00cdT\u00c1S EUR\u00d3PAI PARLAMENTI V\u00c1LASZT\u00c1S 2019.<\/p>\n","protected":false},"author":1,"featured_media":0,"parent":0,"menu_order":0,"comment_status":"closed","ping_status":"closed","template":"","meta":{"footnotes":""},"class_list":["post-26","page","type-page","status-publish","hentry"],"_links":{"self":[{"href":"https:\/\/csavoly.hu\/wp\/index.php?rest_route=\/wp\/v2\/pages\/26"}],"collection":[{"href":"https:\/\/csavoly.hu\/wp\/index.php?rest_route=\/wp\/v2\/pages"}],"about":[{"href":"https:\/\/csavoly.hu\/wp\/index.php?rest_route=\/wp\/v2\/types\/page"}],"author":[{"embeddable":true,"href":"https:\/\/csavoly.hu\/wp\/index.php?rest_route=\/wp\/v2\/users\/1"}],"replies":[{"embeddable":true,"href":"https:\/\/csavoly.hu\/wp\/index.php?rest_route=%2Fwp%2Fv2%2Fcomments&post=26"}],"version-history":[{"count":11,"href":"https:\/\/csavoly.hu\/wp\/index.php?rest_route=\/wp\/v2\/pages\/26\/revisions"}],"predecessor-version":[{"id":2797,"href":"https:\/\/csavoly.hu\/wp\/index.php?rest_route=\/wp\/v2\/pages\/26\/revisions\/2797"}],"wp:attachment":[{"href":"https:\/\/csavoly.hu\/wp\/index.php?rest_route=%2Fwp%2Fv2%2Fmedia&parent=26"}],"curies":[{"name":"wp","href":"https:\/\/api.w.org\/{rel}","templated":true}]}}