{"id":2700,"date":"2020-04-23T18:01:03","date_gmt":"2020-04-23T16:01:03","guid":{"rendered":"http:\/\/csavoly.hu\/wp\/?p=2700"},"modified":"2020-05-12T09:08:51","modified_gmt":"2020-05-12T07:08:51","slug":"csavoly-tortenete","status":"publish","type":"page","link":"https:\/\/csavoly.hu\/wp\/?page_id=2700","title":{"rendered":"TELEP\u00dcL\u00c9S T\u00d6RT\u00c9NETE"},"content":{"rendered":"\n<p><strong>T\u00f6rt\u00e9net\u00e9t 1198-ig lehet visszavezetni. Els\u0151 eml\u00edt\u00e9sei <\/strong><em><strong>Chayol<\/strong><\/em><strong>nak, illetve&nbsp;<\/strong><em><strong>Thayal<\/strong><\/em><strong>nak h\u00edvj\u00e1k. A&nbsp;k\u00f6z\u00e9pkorban&nbsp;a b\u00e1tmonostori T\u00f6tt\u00f6s csal\u00e1d birtoka volt. 1580-ban a t\u00f6r\u00f6k ad\u00f3lajstromok szerint 22 h\u00e1znyi lak\u00f3ja volt. A k\u00e9s\u0151bbiek sor\u00e1n a falu t\u00f6bbsz\u00f6r is elpusztult, majd \u00fajj\u00e1\u00e9p\u00fclt.<\/strong><\/p>\n\n\n\n<p><strong>1726-ban lakatlan pusztak\u00e9nt eml\u00edtik. Mai alakja&nbsp;1734-ben alakult ki, az els\u0151&nbsp;templom&nbsp;1740-ben \u00e9p\u00fclt,1748-ban pl\u00e9b\u00e1nia rangra emelt\u00e9k. 1782 \u00e9s 1784 k\u00f6z\u00f6tt a kalocsai&nbsp;\u00e9rsek&nbsp;parancs\u00e1ra 424&nbsp;n\u00e9met&nbsp;telep\u00fclt ide&nbsp;Soroks\u00e1rr\u00f3l&nbsp;\u00e9s&nbsp;Haj\u00f3sr\u00f3l. Az \u00e9rseks\u00e9g mellett a M\u00e1ndics \u00e9s a gr\u00f3f&nbsp;Milv\u00e1nyi Cseszneky&nbsp;csal\u00e1d rendelkezett Cs\u00e1volyon nemesi birtokkal. 1800-ban \u00e9p\u00fclt az els\u0151 temet\u0151i k\u00e1polna, 1874-ben pedig a \u201eVodica\u02dd n\u00e9ven ismert b\u00facs\u00faj\u00e1r\u00f3helyi K\u00e1polna. <\/strong><\/p>\n\n\n\n<p><strong>Az 1918-as belgr\u00e1di konvenci\u00f3 \u00e9rtelm\u00e9ben a demark\u00e1ci\u00f3s vonal a falut\u00f3l \u00e9szakra h\u00faz\u00f3dott. A szerb megsz\u00e1ll\u00e1s miatt a Tan\u00e1csk\u00f6zt\u00e1rsas\u00e1g&nbsp;esem\u00e9nyei Cs\u00e1volyt nem \u00e9rintett\u00e9k, s 1921. augusztus 20-\u00e1n a szerbek v\u00e9gleg kivonultak. 1926-ban ker\u00fclt sor az els\u0151 vil\u00e1gh\u00e1bor\u00fas h\u0151si eml\u00e9km\u0171 fel\u00e1ll\u00edt\u00e1s\u00e1ra. <\/strong><\/p>\n\n\n\n<p><strong>A nemzetis\u00e9gi \u00f6sszet\u00e9telt az&nbsp;1947-es&nbsp;Potsdami dekr\u00e9tum&nbsp;jelent\u0151sen megv\u00e1ltoztatta: 803 n\u00e9met sz\u00e1rmaz\u00e1s\u00fa szem\u00e9lyt kitelep\u00edtettek&nbsp;N\u00e9metorsz\u00e1gba. A hely\u00fckre&nbsp;csehszlov\u00e1kiai&nbsp;otthonaikb\u00f3l a&nbsp;Bene\u0161-dekr\u00e9tummal&nbsp;el\u00fcld\u00f6z\u00f6tt&nbsp;magyarokat&nbsp;k\u00f6lt\u00f6ztettek.2001-ben a lakoss\u00e1g 1,3%-a n\u00e9met, 1,6%-a horv\u00e1t nemzetis\u00e9g\u0171nek vallotta mag\u00e1t, a t\u00f6bbiek nagyr\u00e9szt magyarok.<\/strong><\/p>\n\n\n\n<p><strong>N\u00e9gy n\u00e9pi kult\u00fara olvadt itt \u00f6ssze, \u00e1tvett\u00e9k egym\u00e1s szok\u00e1sait, b\u00e9kess\u00e9gben \u00e9lnek egym\u00e1s mellett.<\/strong><\/p>\n\n\n\n<p><strong>V\u00e1lyi Andr\u00e1s&nbsp;szerint:&nbsp;<\/strong><em><strong>CS\u00c1VOLY. R\u00e1tz falu B\u00e1cs V\u00e1rmegy\u00e9ben, f\u00f6ldes Ura a\u2019 Kalocsai \u00c9rseks\u00e9g, lakosai katolikusok, fekszik Baj\u00e1t\u00f3l m\u00e1s f\u00e9l m\u00e9rtf\u00f6ldnyire, hat\u00e1rj\u00e1ban meglehet\u0151s sz\u00e1nt\u00f3 f\u00f6ldgyei vagynak, mellyeknek mivel\u00e9s\u00e9re n\u00e9gy, \u00e9s hat marha is sz\u00fcks\u00e9ges n\u00e9ha, tiszta b\u00faz\u00e1t ritk\u00e1n terem; mez\u0151jik k\u00f6z\u00e9pszer\u0171 sz\u00e9n\u00e1t termenek, sz\u0151lei term\u00e9kenyek, de selejtes borokkal fizetnek, \u2019s alig lehet f\u00e9l esztendeig is tartani, nedves esztend\u0151ben az itat\u00f3 helye a\u2019 falu k\u00f6zep\u00e9ben vagyon; kendert 383 \u00e1ztat\u00f3 vize alkalmatos, ellenben az \u00f6rl\u00e9s kedv\u00e9\u00e9rt, h\u00e1rom \u00f3r\u00e1nyi f\u00f6ldre kell n\u00e9kiek j\u00e1rni Baj\u00e1ra, m\u00e1sodik Oszt\u00e1lyb\u00e9li.<\/strong><\/em><\/p>\n\n\n\n<p><strong>F\u00e9nyes Elek&nbsp;szerint:&nbsp;<\/strong><em><strong>Cs\u00e1voly, n\u00e9met s dalm\u00e1t falu, B\u00e1cs v\u00e1rmegy\u00e9ben, Baj\u00e1t\u00f3l keletre 2 mfd. 2145 kath., 11 zsid\u00f3 lak. Kath. anyaszentegyh\u00e1z. F\u00f6ldje neh\u00e9z mivel\u00e9s\u00fc, hanem igen term\u00e9keny \u00e9s 2-ik oszt\u00e1lyu. Sz\u0151l\u0151s kertjei gyenge borral fizetnek. F. u. a kalocsai \u00e9rsek. Kiterjed\u00e9se 10964 hold 1100 n\u00e9gysz\u00f6g\u00f6l\u00e9vel, mellyb\u0151l 92 urb. telek ut\u00e1n van 3196 hold sz\u00e1nt\u00f3, 2183 hold r\u00e9t, 1137 hold j\u00f3, s 3200 hold homokos legel\u0151, 412 h. sz\u0151l\u0151, 712 h. majors\u00e1gi sz\u00e1nt\u00f3 \u00e9s r\u00e9t, 124 hold k\u00f6zutak.<\/strong><\/em><\/p>\n","protected":false},"excerpt":{"rendered":"<p>T\u00f6rt\u00e9net\u00e9t 1198-ig lehet visszavezetni. Els\u0151 eml\u00edt\u00e9sei Chayolnak, illetve&nbsp;Thayalnak h\u00edvj\u00e1k. A&nbsp;k\u00f6z\u00e9pkorban&nbsp;a b\u00e1tmonostori T\u00f6tt\u00f6s csal\u00e1d birtoka volt. 1580-ban a t\u00f6r\u00f6k ad\u00f3lajstromok szerint 22 h\u00e1znyi lak\u00f3ja volt. A k\u00e9s\u0151bbiek sor\u00e1n a falu t\u00f6bbsz\u00f6r is elpusztult, majd \u00fajj\u00e1\u00e9p\u00fclt. 1726-ban lakatlan pusztak\u00e9nt eml\u00edtik. Mai alakja&nbsp;1734-ben alakult ki, az els\u0151&nbsp;templom&nbsp;1740-ben \u00e9p\u00fclt,1748-ban pl\u00e9b\u00e1nia rangra emelt\u00e9k. 1782 \u00e9s 1784 k\u00f6z\u00f6tt a kalocsai&nbsp;\u00e9rsek&nbsp;parancs\u00e1ra 424&nbsp;n\u00e9met&nbsp;telep\u00fclt &hellip; <a href=\"https:\/\/csavoly.hu\/wp\/?page_id=2700\" class=\"more-link\"><span class=\"screen-reader-text\">TELEP\u00dcL\u00c9S T\u00d6RT\u00c9NETE<\/span> b\u0151vebben&#8230; <span class=\"meta-nav\">&rarr;<\/span><\/a><\/p>\n","protected":false},"author":3,"featured_media":0,"parent":0,"menu_order":0,"comment_status":"closed","ping_status":"closed","template":"","meta":{"footnotes":""},"class_list":["post-2700","page","type-page","status-publish","hentry"],"_links":{"self":[{"href":"https:\/\/csavoly.hu\/wp\/index.php?rest_route=\/wp\/v2\/pages\/2700"}],"collection":[{"href":"https:\/\/csavoly.hu\/wp\/index.php?rest_route=\/wp\/v2\/pages"}],"about":[{"href":"https:\/\/csavoly.hu\/wp\/index.php?rest_route=\/wp\/v2\/types\/page"}],"author":[{"embeddable":true,"href":"https:\/\/csavoly.hu\/wp\/index.php?rest_route=\/wp\/v2\/users\/3"}],"replies":[{"embeddable":true,"href":"https:\/\/csavoly.hu\/wp\/index.php?rest_route=%2Fwp%2Fv2%2Fcomments&post=2700"}],"version-history":[{"count":4,"href":"https:\/\/csavoly.hu\/wp\/index.php?rest_route=\/wp\/v2\/pages\/2700\/revisions"}],"predecessor-version":[{"id":2722,"href":"https:\/\/csavoly.hu\/wp\/index.php?rest_route=\/wp\/v2\/pages\/2700\/revisions\/2722"}],"wp:attachment":[{"href":"https:\/\/csavoly.hu\/wp\/index.php?rest_route=%2Fwp%2Fv2%2Fmedia&parent=2700"}],"curies":[{"name":"wp","href":"https:\/\/api.w.org\/{rel}","templated":true}]}}