{"id":2702,"date":"2020-04-23T18:01:21","date_gmt":"2020-04-23T16:01:21","guid":{"rendered":"http:\/\/csavoly.hu\/wp\/?p=2702"},"modified":"2020-05-12T10:23:11","modified_gmt":"2020-05-12T08:23:11","slug":"csavoly-cimere","status":"publish","type":"page","link":"https:\/\/csavoly.hu\/wp\/?page_id=2702","title":{"rendered":"C\u00cdMER"},"content":{"rendered":"\n<p style=\"text-align:center\">A k\u00e9tfel\u00e9 osztott, \u00e1ll\u00f3, hegyes talp\u00fa pajzs fels\u0151 mezej\u00e9ben v\u00edzszintesen Cs\u00e1voly aranyozott bet\u0171s felirat van. A m\u00e1sodik mez\u0151 \u00e1tl\u00f3san jobb har\u00e1nt osztott, balr\u00f3l jobbra a z\u00e1szl\u00f3 k\u00e9t sz\u00edn\u00e9b\u0151l \u00e1ll, feh\u00e9r illetve \u00e9gsz\u00ednk\u00e9k sz\u00ednb\u0151l. Ebben fel\u00fcl, v\u00edzszintesen az <strong>1734<\/strong>-es <strong>\u00e9vsz\u00e1m<\/strong> osztott form\u00e1ban, a &#8222;17&#8221; a feh\u00e9r mez\u0151ben, mellette <strong>sz\u00e1nt\u00f3vas<\/strong> \u00e9rint\u0151legesen a k\u00e9k mez\u0151vel, melyben a &#8222;34&#8221;-es sz\u00e1m l\u00e1that\u00f3. Ez alatt, a k\u00e9k mez\u0151ben balr\u00f3l \u00e9rint\u0151legesen a feh\u00e9r mez\u0151vel k\u00f6z\u00e9p\u00fctt <strong>kocsiker\u00e9k b\u00fazakal\u00e1sszal<\/strong>, k\u00f6rbe fonva. Mindezek aranyozott sz\u00ednben. A <strong>feh\u00e9r sz\u00edn<\/strong> itt a tisztas\u00e1got &#8211;<strong> \u00faj \u00e9let kezdet\u00e9t <\/strong>&#8211; jelenti. A <strong>k\u00e9k sz\u00edn <\/strong>az \u00e9g, a<strong> rem\u00e9nys\u00e9g<\/strong>, a bizakod\u00e1s, a szellemis\u00e9g sz\u00edne, alapvet\u0151en pozit\u00edv sz\u00edn. A K\u00edgy\u00f3s-patakra is eml\u00e9keztet. Az <strong>arany <\/strong>a leggyakrabban haszn\u00e1lt c\u00edmer sz\u00edn &#8211; heraldikai megk\u00f6zel\u00edt\u00e9sben. A sz\u00e1nt\u00f3vas, kocsi vagy eke-, talyga-ker\u00e9k, a b\u00fazakal\u00e1sz koszor\u00fa a jobb\u00e1gys\u00e1got szimboliz\u00e1lja.<\/p>\n\n\n\n<div class=\"wp-block-image\"><figure class=\"aligncenter\"><img loading=\"lazy\" decoding=\"async\" width=\"413\" height=\"508\" src=\"https:\/\/csavoly.hu\/wp\/wp-content\/uploads\/2020\/04\/c\u00edmer.jpg\" alt=\"\" class=\"wp-image-2941\"\/><\/figure><\/div>\n","protected":false},"excerpt":{"rendered":"<p>A k\u00e9tfel\u00e9 osztott, \u00e1ll\u00f3, hegyes talp\u00fa pajzs fels\u0151 mezej\u00e9ben v\u00edzszintesen Cs\u00e1voly aranyozott bet\u0171s felirat van. A m\u00e1sodik mez\u0151 \u00e1tl\u00f3san jobb har\u00e1nt osztott, balr\u00f3l jobbra a z\u00e1szl\u00f3 k\u00e9t sz\u00edn\u00e9b\u0151l \u00e1ll, feh\u00e9r illetve \u00e9gsz\u00ednk\u00e9k sz\u00ednb\u0151l. Ebben fel\u00fcl, v\u00edzszintesen az 1734-es \u00e9vsz\u00e1m osztott form\u00e1ban, a &#8222;17&#8221; a feh\u00e9r mez\u0151ben, mellette sz\u00e1nt\u00f3vas \u00e9rint\u0151legesen a k\u00e9k mez\u0151vel, melyben a &#8222;34&#8221;-es &hellip; <a href=\"https:\/\/csavoly.hu\/wp\/?page_id=2702\" class=\"more-link\"><span class=\"screen-reader-text\">C\u00cdMER<\/span> b\u0151vebben&#8230; <span class=\"meta-nav\">&rarr;<\/span><\/a><\/p>\n","protected":false},"author":3,"featured_media":0,"parent":0,"menu_order":0,"comment_status":"closed","ping_status":"closed","template":"","meta":{"footnotes":""},"class_list":["post-2702","page","type-page","status-publish","hentry"],"_links":{"self":[{"href":"https:\/\/csavoly.hu\/wp\/index.php?rest_route=\/wp\/v2\/pages\/2702"}],"collection":[{"href":"https:\/\/csavoly.hu\/wp\/index.php?rest_route=\/wp\/v2\/pages"}],"about":[{"href":"https:\/\/csavoly.hu\/wp\/index.php?rest_route=\/wp\/v2\/types\/page"}],"author":[{"embeddable":true,"href":"https:\/\/csavoly.hu\/wp\/index.php?rest_route=\/wp\/v2\/users\/3"}],"replies":[{"embeddable":true,"href":"https:\/\/csavoly.hu\/wp\/index.php?rest_route=%2Fwp%2Fv2%2Fcomments&post=2702"}],"version-history":[{"count":7,"href":"https:\/\/csavoly.hu\/wp\/index.php?rest_route=\/wp\/v2\/pages\/2702\/revisions"}],"predecessor-version":[{"id":3117,"href":"https:\/\/csavoly.hu\/wp\/index.php?rest_route=\/wp\/v2\/pages\/2702\/revisions\/3117"}],"wp:attachment":[{"href":"https:\/\/csavoly.hu\/wp\/index.php?rest_route=%2Fwp%2Fv2%2Fmedia&parent=2702"}],"curies":[{"name":"wp","href":"https:\/\/api.w.org\/{rel}","templated":true}]}}