{"id":2704,"date":"2020-04-23T18:01:42","date_gmt":"2020-04-23T16:01:42","guid":{"rendered":"http:\/\/csavoly.hu\/wp\/?p=2704"},"modified":"2020-05-12T09:09:42","modified_gmt":"2020-05-12T07:09:42","slug":"csavoly-nevezetessegei","status":"publish","type":"page","link":"https:\/\/csavoly.hu\/wp\/?page_id=2704","title":{"rendered":"TELEP\u00dcL\u00c9S NEVEZETESS\u00c9GEI"},"content":{"rendered":"\n<p><strong>N<\/strong><strong>R\u00f3mai katolikus templom (Urunk Sz\u00ednev\u00e1ltoz\u00e1sa):&nbsp;1783 -ban barokk st\u00edlusban \u00e9p\u00fclt, majd&nbsp;1883 -ban b\u0151v\u00edtett\u00e9k.<\/strong><\/p>\n\n\n\n<p><strong>Falum\u00fazeum<\/strong><\/p>\n","protected":false},"excerpt":{"rendered":"<p>NR\u00f3mai katolikus templom (Urunk Sz\u00ednev\u00e1ltoz\u00e1sa):&nbsp;1783 -ban barokk st\u00edlusban \u00e9p\u00fclt, majd&nbsp;1883 -ban b\u0151v\u00edtett\u00e9k. Falum\u00fazeum<\/p>\n","protected":false},"author":3,"featured_media":0,"parent":0,"menu_order":0,"comment_status":"closed","ping_status":"closed","template":"","meta":{"footnotes":""},"class_list":["post-2704","page","type-page","status-publish","hentry"],"_links":{"self":[{"href":"https:\/\/csavoly.hu\/wp\/index.php?rest_route=\/wp\/v2\/pages\/2704"}],"collection":[{"href":"https:\/\/csavoly.hu\/wp\/index.php?rest_route=\/wp\/v2\/pages"}],"about":[{"href":"https:\/\/csavoly.hu\/wp\/index.php?rest_route=\/wp\/v2\/types\/page"}],"author":[{"embeddable":true,"href":"https:\/\/csavoly.hu\/wp\/index.php?rest_route=\/wp\/v2\/users\/3"}],"replies":[{"embeddable":true,"href":"https:\/\/csavoly.hu\/wp\/index.php?rest_route=%2Fwp%2Fv2%2Fcomments&post=2704"}],"version-history":[{"count":3,"href":"https:\/\/csavoly.hu\/wp\/index.php?rest_route=\/wp\/v2\/pages\/2704\/revisions"}],"predecessor-version":[{"id":2724,"href":"https:\/\/csavoly.hu\/wp\/index.php?rest_route=\/wp\/v2\/pages\/2704\/revisions\/2724"}],"wp:attachment":[{"href":"https:\/\/csavoly.hu\/wp\/index.php?rest_route=%2Fwp%2Fv2%2Fmedia&parent=2704"}],"curies":[{"name":"wp","href":"https:\/\/api.w.org\/{rel}","templated":true}]}}