{"id":2713,"date":"2020-04-23T18:11:10","date_gmt":"2020-04-23T16:11:10","guid":{"rendered":"http:\/\/csavoly.hu\/wp\/?p=2713"},"modified":"2020-05-12T09:10:06","modified_gmt":"2020-05-12T07:10:06","slug":"telepules-fekvese","status":"publish","type":"page","link":"https:\/\/csavoly.hu\/wp\/?page_id=2713","title":{"rendered":"TELEP\u00dcL\u00c9S FEKV\u00c9SE"},"content":{"rendered":"\n<p><strong>FBaj\u00e1t\u00f3l&nbsp;mintegy 15 kilom\u00e9terre tal\u00e1lhat\u00f3, az&nbsp;55-\u00f6s f\u0151\u00fat&nbsp;ment\u00e9n Szeged ir\u00e1ny\u00e1ban. 1850-t\u0151l J\u00f3zsefh\u00e1za tanyak\u00f6zpont is hozz\u00e1 tartozik. K\u00f6rnyezet\u00e9t nagyban az&nbsp;Alf\u00f6ldre&nbsp;jellemz\u0151 tulajdons\u00e1gok hat\u00e1rozz\u00e1k meg. A t\u00e1jba v\u00e1ltozatoss\u00e1got a&nbsp;K\u00edgy\u00f3s-patak&nbsp;a falut kett\u00e9szel\u0151 v\u00f6lgye, illetve az abban kialak\u00edtott k\u00e9t mesters\u00e9ges t\u00f3.<\/strong><\/p>\n\n\n\n<p><strong>GPS koordin\u00e1t\u00e1k : 46.19167, 19.14750<br>EOV koordin\u00e1t\u00e1k : 657722, 94128 <\/strong><\/p>\n","protected":false},"excerpt":{"rendered":"<p>FBaj\u00e1t\u00f3l&nbsp;mintegy 15 kilom\u00e9terre tal\u00e1lhat\u00f3, az&nbsp;55-\u00f6s f\u0151\u00fat&nbsp;ment\u00e9n Szeged ir\u00e1ny\u00e1ban. 1850-t\u0151l J\u00f3zsefh\u00e1za tanyak\u00f6zpont is hozz\u00e1 tartozik. K\u00f6rnyezet\u00e9t nagyban az&nbsp;Alf\u00f6ldre&nbsp;jellemz\u0151 tulajdons\u00e1gok hat\u00e1rozz\u00e1k meg. A t\u00e1jba v\u00e1ltozatoss\u00e1got a&nbsp;K\u00edgy\u00f3s-patak&nbsp;a falut kett\u00e9szel\u0151 v\u00f6lgye, illetve az abban kialak\u00edtott k\u00e9t mesters\u00e9ges t\u00f3. GPS koordin\u00e1t\u00e1k : 46.19167, 19.14750EOV koordin\u00e1t\u00e1k : 657722, 94128<\/p>\n","protected":false},"author":3,"featured_media":0,"parent":0,"menu_order":0,"comment_status":"closed","ping_status":"closed","template":"","meta":{"footnotes":""},"class_list":["post-2713","page","type-page","status-publish","hentry"],"_links":{"self":[{"href":"https:\/\/csavoly.hu\/wp\/index.php?rest_route=\/wp\/v2\/pages\/2713"}],"collection":[{"href":"https:\/\/csavoly.hu\/wp\/index.php?rest_route=\/wp\/v2\/pages"}],"about":[{"href":"https:\/\/csavoly.hu\/wp\/index.php?rest_route=\/wp\/v2\/types\/page"}],"author":[{"embeddable":true,"href":"https:\/\/csavoly.hu\/wp\/index.php?rest_route=\/wp\/v2\/users\/3"}],"replies":[{"embeddable":true,"href":"https:\/\/csavoly.hu\/wp\/index.php?rest_route=%2Fwp%2Fv2%2Fcomments&post=2713"}],"version-history":[{"count":4,"href":"https:\/\/csavoly.hu\/wp\/index.php?rest_route=\/wp\/v2\/pages\/2713\/revisions"}],"predecessor-version":[{"id":2725,"href":"https:\/\/csavoly.hu\/wp\/index.php?rest_route=\/wp\/v2\/pages\/2713\/revisions\/2725"}],"wp:attachment":[{"href":"https:\/\/csavoly.hu\/wp\/index.php?rest_route=%2Fwp%2Fv2%2Fmedia&parent=2713"}],"curies":[{"name":"wp","href":"https:\/\/api.w.org\/{rel}","templated":true}]}}