{"id":2715,"date":"2020-04-23T18:11:24","date_gmt":"2020-04-23T16:11:24","guid":{"rendered":"http:\/\/csavoly.hu\/wp\/?p=2715"},"modified":"2020-05-12T09:10:30","modified_gmt":"2020-05-12T07:10:30","slug":"telepules-adatai","status":"publish","type":"page","link":"https:\/\/csavoly.hu\/wp\/?page_id=2715","title":{"rendered":"TELEP\u00dcL\u00c9S ADATAI"},"content":{"rendered":"\n<p><strong>Lakosok sz\u00e1ma : 1858 f\u0151,<br>Lak\u00e1sok sz\u00e1ma : 820.<\/strong><br><\/p>\n\n\n\n<p><strong>Ter\u00fclet : 4742 ha,<\/strong><\/p>\n\n\n\n<p><strong>Polg\u00e1rmesteri Hivatal c\u00edme : 6448 Cs\u00e1voly, Arany J\u00e1nos u. 39.<\/strong><\/p>\n","protected":false},"excerpt":{"rendered":"<p>Lakosok sz\u00e1ma : 1858 f\u0151,Lak\u00e1sok sz\u00e1ma : 820. Ter\u00fclet : 4742 ha, Polg\u00e1rmesteri Hivatal c\u00edme : 6448 Cs\u00e1voly, Arany J\u00e1nos u. 39.<\/p>\n","protected":false},"author":3,"featured_media":0,"parent":0,"menu_order":0,"comment_status":"closed","ping_status":"closed","template":"","meta":{"footnotes":""},"class_list":["post-2715","page","type-page","status-publish","hentry"],"_links":{"self":[{"href":"https:\/\/csavoly.hu\/wp\/index.php?rest_route=\/wp\/v2\/pages\/2715"}],"collection":[{"href":"https:\/\/csavoly.hu\/wp\/index.php?rest_route=\/wp\/v2\/pages"}],"about":[{"href":"https:\/\/csavoly.hu\/wp\/index.php?rest_route=\/wp\/v2\/types\/page"}],"author":[{"embeddable":true,"href":"https:\/\/csavoly.hu\/wp\/index.php?rest_route=\/wp\/v2\/users\/3"}],"replies":[{"embeddable":true,"href":"https:\/\/csavoly.hu\/wp\/index.php?rest_route=%2Fwp%2Fv2%2Fcomments&post=2715"}],"version-history":[{"count":2,"href":"https:\/\/csavoly.hu\/wp\/index.php?rest_route=\/wp\/v2\/pages\/2715\/revisions"}],"predecessor-version":[{"id":2721,"href":"https:\/\/csavoly.hu\/wp\/index.php?rest_route=\/wp\/v2\/pages\/2715\/revisions\/2721"}],"wp:attachment":[{"href":"https:\/\/csavoly.hu\/wp\/index.php?rest_route=%2Fwp%2Fv2%2Fmedia&parent=2715"}],"curies":[{"name":"wp","href":"https:\/\/api.w.org\/{rel}","templated":true}]}}