{"id":2733,"date":"2020-04-24T09:30:36","date_gmt":"2020-04-24T07:30:36","guid":{"rendered":"http:\/\/csavoly.hu\/wp\/?p=2733"},"modified":"2022-08-24T07:27:53","modified_gmt":"2022-08-24T05:27:53","slug":"kituntetettjeink","status":"publish","type":"page","link":"https:\/\/csavoly.hu\/wp\/?page_id=2733","title":{"rendered":"kit\u00fcntetettjeink"},"content":{"rendered":"\n<p style=\"text-align:center\"><strong>2022. \u00c9V<\/strong><\/p>\n\n\n\n<figure class=\"wp-block-image\"><a href=\"https:\/\/csavoly.hu\/wp\/wp-content\/uploads\/2022\/08\/anitak\u00fcld2.jpg\" target=\"_blank\" rel=\"noreferrer noopener\"><img loading=\"lazy\" decoding=\"async\" width=\"2481\" height=\"3508\" src=\"https:\/\/csavoly.hu\/wp\/wp-content\/uploads\/2022\/08\/anitak\u00fcld2.jpg\" alt=\"\" class=\"wp-image-4989\" srcset=\"https:\/\/csavoly.hu\/wp\/wp-content\/uploads\/2022\/08\/anitak\u00fcld2.jpg 2481w, https:\/\/csavoly.hu\/wp\/wp-content\/uploads\/2022\/08\/anitak\u00fcld2-768x1086.jpg 768w\" sizes=\"(max-width: 2481px) 100vw, 2481px\" \/><\/a><\/figure>\n\n\n\n<p style=\"text-align:center\" class=\"has-huge-font-size\"><strong>2020. \u00c9V<\/strong><\/p>\n\n\n\n<figure class=\"wp-block-image\"><img loading=\"lazy\" decoding=\"async\" width=\"2327\" height=\"3161\" src=\"https:\/\/csavoly.hu\/wp\/wp-content\/uploads\/2020\/11\/Koch-M\u00e1rtonn\u00e9-\u00daj.jpg\" alt=\"\" class=\"wp-image-3737\" srcset=\"https:\/\/csavoly.hu\/wp\/wp-content\/uploads\/2020\/11\/Koch-M\u00e1rtonn\u00e9-\u00daj.jpg 2327w, https:\/\/csavoly.hu\/wp\/wp-content\/uploads\/2020\/11\/Koch-M\u00e1rtonn\u00e9-\u00daj-768x1043.jpg 768w\" sizes=\"(max-width: 2327px) 100vw, 2327px\" \/><\/figure>\n\n\n\n<figure class=\"wp-block-image\"><img loading=\"lazy\" decoding=\"async\" width=\"2301\" height=\"3212\" src=\"https:\/\/csavoly.hu\/wp\/wp-content\/uploads\/2020\/11\/B\u00edr\u00f3n\u00e9\u00faj.jpg\" alt=\"\" class=\"wp-image-3735\" srcset=\"https:\/\/csavoly.hu\/wp\/wp-content\/uploads\/2020\/11\/B\u00edr\u00f3n\u00e9\u00faj.jpg 2301w, https:\/\/csavoly.hu\/wp\/wp-content\/uploads\/2020\/11\/B\u00edr\u00f3n\u00e9\u00faj-768x1072.jpg 768w\" sizes=\"(max-width: 2301px) 100vw, 2301px\" \/><\/figure>\n\n\n\n<figure class=\"wp-block-image\"><img loading=\"lazy\" decoding=\"async\" width=\"2480\" height=\"3201\" src=\"https:\/\/csavoly.hu\/wp\/wp-content\/uploads\/2020\/11\/mukak\u00e9sz\u00faj.jpg\" alt=\"\" class=\"wp-image-3739\" srcset=\"https:\/\/csavoly.hu\/wp\/wp-content\/uploads\/2020\/11\/mukak\u00e9sz\u00faj.jpg 2480w, https:\/\/csavoly.hu\/wp\/wp-content\/uploads\/2020\/11\/mukak\u00e9sz\u00faj-768x991.jpg 768w\" sizes=\"(max-width: 2480px) 100vw, 2480px\" \/><\/figure>\n\n\n\n<figure class=\"wp-block-image\"><img loading=\"lazy\" decoding=\"async\" width=\"2261\" height=\"3222\" src=\"https:\/\/csavoly.hu\/wp\/wp-content\/uploads\/2020\/11\/Babicz-Jani-\u00faj.jpg\" alt=\"\" class=\"wp-image-3738\" srcset=\"https:\/\/csavoly.hu\/wp\/wp-content\/uploads\/2020\/11\/Babicz-Jani-\u00faj.jpg 2261w, https:\/\/csavoly.hu\/wp\/wp-content\/uploads\/2020\/11\/Babicz-Jani-\u00faj-768x1094.jpg 768w\" sizes=\"(max-width: 2261px) 100vw, 2261px\" \/><\/figure>\n\n\n\n<p style=\"text-align:center\" class=\"has-huge-font-size\"><strong>2019. \u00c9V<\/strong><\/p>\n\n\n\n<figure class=\"wp-block-image\"><img loading=\"lazy\" decoding=\"async\" width=\"827\" height=\"1169\" src=\"https:\/\/csavoly.hu\/wp\/wp-content\/uploads\/2020\/04\/M\u00e1ndity-Istv\u00e1n-1.jpg\" alt=\"\" class=\"wp-image-2936\" srcset=\"https:\/\/csavoly.hu\/wp\/wp-content\/uploads\/2020\/04\/M\u00e1ndity-Istv\u00e1n-1.jpg 827w, https:\/\/csavoly.hu\/wp\/wp-content\/uploads\/2020\/04\/M\u00e1ndity-Istv\u00e1n-1-768x1086.jpg 768w\" sizes=\"(max-width: 827px) 100vw, 827px\" \/><\/figure>\n\n\n\n<figure class=\"wp-block-image\"><img loading=\"lazy\" decoding=\"async\" width=\"827\" height=\"1169\" src=\"https:\/\/csavoly.hu\/wp\/wp-content\/uploads\/2020\/04\/P\u00e1ncsics-J\u00f3zsefn\u00e9-Valcsik-Veronika.jpg\" alt=\"\" class=\"wp-image-2909\" srcset=\"https:\/\/csavoly.hu\/wp\/wp-content\/uploads\/2020\/04\/P\u00e1ncsics-J\u00f3zsefn\u00e9-Valcsik-Veronika.jpg 827w, https:\/\/csavoly.hu\/wp\/wp-content\/uploads\/2020\/04\/P\u00e1ncsics-J\u00f3zsefn\u00e9-Valcsik-Veronika-768x1086.jpg 768w\" sizes=\"(max-width: 827px) 100vw, 827px\" \/><\/figure>\n\n\n\n<p style=\"text-align:center\" class=\"has-huge-font-size\"><strong>2018. \u00c9V<\/strong><\/p>\n\n\n\n<figure class=\"wp-block-image\"><img loading=\"lazy\" decoding=\"async\" width=\"827\" height=\"1169\" src=\"https:\/\/csavoly.hu\/wp\/wp-content\/uploads\/2020\/04\/\u00c1bel-Gy\u00f6rgy.jpg\" alt=\"\" class=\"wp-image-2910\" srcset=\"https:\/\/csavoly.hu\/wp\/wp-content\/uploads\/2020\/04\/\u00c1bel-Gy\u00f6rgy.jpg 827w, https:\/\/csavoly.hu\/wp\/wp-content\/uploads\/2020\/04\/\u00c1bel-Gy\u00f6rgy-768x1086.jpg 768w\" sizes=\"(max-width: 827px) 100vw, 827px\" \/><\/figure>\n\n\n\n<figure class=\"wp-block-image\"><img loading=\"lazy\" decoding=\"async\" width=\"827\" height=\"1169\" src=\"https:\/\/csavoly.hu\/wp\/wp-content\/uploads\/2020\/04\/Borosty\u00e1n-N\u00e9pdalk\u00f6r.jpg\" alt=\"\" class=\"wp-image-2911\" srcset=\"https:\/\/csavoly.hu\/wp\/wp-content\/uploads\/2020\/04\/Borosty\u00e1n-N\u00e9pdalk\u00f6r.jpg 827w, https:\/\/csavoly.hu\/wp\/wp-content\/uploads\/2020\/04\/Borosty\u00e1n-N\u00e9pdalk\u00f6r-768x1086.jpg 768w\" sizes=\"(max-width: 827px) 100vw, 827px\" \/><figcaption><br><\/figcaption><\/figure>\n\n\n\n<figure class=\"wp-block-image\"><img loading=\"lazy\" decoding=\"async\" width=\"827\" height=\"1169\" src=\"https:\/\/csavoly.hu\/wp\/wp-content\/uploads\/2020\/04\/Hamr\u00e1k-Tibor.jpg\" alt=\"\" class=\"wp-image-2912\" srcset=\"https:\/\/csavoly.hu\/wp\/wp-content\/uploads\/2020\/04\/Hamr\u00e1k-Tibor.jpg 827w, https:\/\/csavoly.hu\/wp\/wp-content\/uploads\/2020\/04\/Hamr\u00e1k-Tibor-768x1086.jpg 768w\" sizes=\"(max-width: 827px) 100vw, 827px\" \/><\/figure>\n\n\n\n<figure class=\"wp-block-image\"><img loading=\"lazy\" decoding=\"async\" width=\"827\" height=\"1169\" src=\"https:\/\/csavoly.hu\/wp\/wp-content\/uploads\/2020\/04\/P\u00e1lfia-Mih\u00e1ly.jpg\" alt=\"\" class=\"wp-image-2913\" srcset=\"https:\/\/csavoly.hu\/wp\/wp-content\/uploads\/2020\/04\/P\u00e1lfia-Mih\u00e1ly.jpg 827w, https:\/\/csavoly.hu\/wp\/wp-content\/uploads\/2020\/04\/P\u00e1lfia-Mih\u00e1ly-768x1086.jpg 768w\" sizes=\"(max-width: 827px) 100vw, 827px\" \/><\/figure>\n\n\n\n<figure class=\"wp-block-image\"><img loading=\"lazy\" decoding=\"async\" width=\"827\" height=\"1169\" src=\"https:\/\/csavoly.hu\/wp\/wp-content\/uploads\/2020\/04\/T\u00f6r\u00f6k-Gy\u00f6rgy.jpg\" alt=\"\" class=\"wp-image-2914\" srcset=\"https:\/\/csavoly.hu\/wp\/wp-content\/uploads\/2020\/04\/T\u00f6r\u00f6k-Gy\u00f6rgy.jpg 827w, https:\/\/csavoly.hu\/wp\/wp-content\/uploads\/2020\/04\/T\u00f6r\u00f6k-Gy\u00f6rgy-768x1086.jpg 768w\" sizes=\"(max-width: 827px) 100vw, 827px\" \/><\/figure>\n\n\n\n<p style=\"text-align:center\" class=\"has-huge-font-size\"><strong>2017. \u00c9V<\/strong><\/p>\n\n\n\n<figure class=\"wp-block-image\"><img loading=\"lazy\" decoding=\"async\" width=\"827\" height=\"1169\" src=\"https:\/\/csavoly.hu\/wp\/wp-content\/uploads\/2020\/04\/Cs\u00e1volyi-Bunyev\u00e1c-Kult\u00fark\u00f6r-Feln\u0151tt-T\u00e1nccsoportja.jpg\" alt=\"\" class=\"wp-image-2916\" srcset=\"https:\/\/csavoly.hu\/wp\/wp-content\/uploads\/2020\/04\/Cs\u00e1volyi-Bunyev\u00e1c-Kult\u00fark\u00f6r-Feln\u0151tt-T\u00e1nccsoportja.jpg 827w, https:\/\/csavoly.hu\/wp\/wp-content\/uploads\/2020\/04\/Cs\u00e1volyi-Bunyev\u00e1c-Kult\u00fark\u00f6r-Feln\u0151tt-T\u00e1nccsoportja-768x1086.jpg 768w\" sizes=\"(max-width: 827px) 100vw, 827px\" \/><\/figure>\n\n\n\n<figure class=\"wp-block-image\"><img loading=\"lazy\" decoding=\"async\" width=\"827\" height=\"1169\" src=\"https:\/\/csavoly.hu\/wp\/wp-content\/uploads\/2020\/04\/Cs\u00e1volyi-Pl\u00e9b\u00e1niai-Caritas-Csoport.jpg\" alt=\"\" class=\"wp-image-2917\" srcset=\"https:\/\/csavoly.hu\/wp\/wp-content\/uploads\/2020\/04\/Cs\u00e1volyi-Pl\u00e9b\u00e1niai-Caritas-Csoport.jpg 827w, https:\/\/csavoly.hu\/wp\/wp-content\/uploads\/2020\/04\/Cs\u00e1volyi-Pl\u00e9b\u00e1niai-Caritas-Csoport-768x1086.jpg 768w\" sizes=\"(max-width: 827px) 100vw, 827px\" \/><\/figure>\n\n\n\n<figure class=\"wp-block-image\"><img loading=\"lazy\" decoding=\"async\" width=\"827\" height=\"1169\" src=\"https:\/\/csavoly.hu\/wp\/wp-content\/uploads\/2020\/04\/P\u00e1ncsics-\u00c9va.jpg\" alt=\"\" class=\"wp-image-2918\" srcset=\"https:\/\/csavoly.hu\/wp\/wp-content\/uploads\/2020\/04\/P\u00e1ncsics-\u00c9va.jpg 827w, https:\/\/csavoly.hu\/wp\/wp-content\/uploads\/2020\/04\/P\u00e1ncsics-\u00c9va-768x1086.jpg 768w\" sizes=\"(max-width: 827px) 100vw, 827px\" \/><\/figure>\n\n\n\n<p style=\"text-align:center\" class=\"has-huge-font-size\"><strong>2016. \u00c9V<\/strong><\/p>\n\n\n\n<figure class=\"wp-block-image\"><img loading=\"lazy\" decoding=\"async\" width=\"827\" height=\"1169\" src=\"https:\/\/csavoly.hu\/wp\/wp-content\/uploads\/2020\/04\/Dr.-Csap\u00f3-B\u00e1lint.jpg\" alt=\"\" class=\"wp-image-2919\" srcset=\"https:\/\/csavoly.hu\/wp\/wp-content\/uploads\/2020\/04\/Dr.-Csap\u00f3-B\u00e1lint.jpg 827w, https:\/\/csavoly.hu\/wp\/wp-content\/uploads\/2020\/04\/Dr.-Csap\u00f3-B\u00e1lint-768x1086.jpg 768w\" sizes=\"(max-width: 827px) 100vw, 827px\" \/><figcaption><br><br><\/figcaption><\/figure>\n\n\n\n<figure class=\"wp-block-image\"><img loading=\"lazy\" decoding=\"async\" width=\"827\" height=\"1169\" src=\"https:\/\/csavoly.hu\/wp\/wp-content\/uploads\/2020\/04\/Nh.-Babits-L\u00e1szl\u00f3n\u00e9.jpg\" alt=\"\" class=\"wp-image-2920\" srcset=\"https:\/\/csavoly.hu\/wp\/wp-content\/uploads\/2020\/04\/Nh.-Babits-L\u00e1szl\u00f3n\u00e9.jpg 827w, https:\/\/csavoly.hu\/wp\/wp-content\/uploads\/2020\/04\/Nh.-Babits-L\u00e1szl\u00f3n\u00e9-768x1086.jpg 768w\" sizes=\"(max-width: 827px) 100vw, 827px\" \/><\/figure>\n\n\n\n<figure class=\"wp-block-image\"><img loading=\"lazy\" decoding=\"async\" width=\"827\" height=\"1169\" src=\"https:\/\/csavoly.hu\/wp\/wp-content\/uploads\/2020\/04\/D\u00e9k\u00e1ny-Ign\u00e1c.jpg\" alt=\"\" class=\"wp-image-2921\" srcset=\"https:\/\/csavoly.hu\/wp\/wp-content\/uploads\/2020\/04\/D\u00e9k\u00e1ny-Ign\u00e1c.jpg 827w, https:\/\/csavoly.hu\/wp\/wp-content\/uploads\/2020\/04\/D\u00e9k\u00e1ny-Ign\u00e1c-768x1086.jpg 768w\" sizes=\"(max-width: 827px) 100vw, 827px\" \/><\/figure>\n\n\n\n<figure class=\"wp-block-image\"><img loading=\"lazy\" decoding=\"async\" width=\"827\" height=\"1169\" src=\"https:\/\/csavoly.hu\/wp\/wp-content\/uploads\/2020\/04\/Dr.-Galambv\u00e1ri-Jakab.jpg\" alt=\"\" class=\"wp-image-2922\" srcset=\"https:\/\/csavoly.hu\/wp\/wp-content\/uploads\/2020\/04\/Dr.-Galambv\u00e1ri-Jakab.jpg 827w, https:\/\/csavoly.hu\/wp\/wp-content\/uploads\/2020\/04\/Dr.-Galambv\u00e1ri-Jakab-768x1086.jpg 768w\" sizes=\"(max-width: 827px) 100vw, 827px\" \/><\/figure>\n\n\n\n<figure class=\"wp-block-image\"><img loading=\"lazy\" decoding=\"async\" width=\"827\" height=\"1169\" src=\"https:\/\/csavoly.hu\/wp\/wp-content\/uploads\/2020\/04\/Krascsenics-Attila.jpg\" alt=\"\" class=\"wp-image-2923\" srcset=\"https:\/\/csavoly.hu\/wp\/wp-content\/uploads\/2020\/04\/Krascsenics-Attila.jpg 827w, https:\/\/csavoly.hu\/wp\/wp-content\/uploads\/2020\/04\/Krascsenics-Attila-768x1086.jpg 768w\" sizes=\"(max-width: 827px) 100vw, 827px\" \/><\/figure>\n\n\n\n<figure class=\"wp-block-image\"><img loading=\"lazy\" decoding=\"async\" width=\"827\" height=\"1169\" src=\"https:\/\/csavoly.hu\/wp\/wp-content\/uploads\/2020\/04\/L\u00e1szl\u00f3-L\u0151rinc.jpg\" alt=\"\" class=\"wp-image-2924\" srcset=\"https:\/\/csavoly.hu\/wp\/wp-content\/uploads\/2020\/04\/L\u00e1szl\u00f3-L\u0151rinc.jpg 827w, https:\/\/csavoly.hu\/wp\/wp-content\/uploads\/2020\/04\/L\u00e1szl\u00f3-L\u0151rinc-768x1086.jpg 768w\" sizes=\"(max-width: 827px) 100vw, 827px\" \/><\/figure>\n\n\n\n<figure class=\"wp-block-image\"><img loading=\"lazy\" decoding=\"async\" width=\"827\" height=\"1169\" src=\"https:\/\/csavoly.hu\/wp\/wp-content\/uploads\/2020\/04\/T\u00f3th-J\u00f3zsefn\u00e9.jpg\" alt=\"\" class=\"wp-image-2925\" srcset=\"https:\/\/csavoly.hu\/wp\/wp-content\/uploads\/2020\/04\/T\u00f3th-J\u00f3zsefn\u00e9.jpg 827w, https:\/\/csavoly.hu\/wp\/wp-content\/uploads\/2020\/04\/T\u00f3th-J\u00f3zsefn\u00e9-768x1086.jpg 768w\" sizes=\"(max-width: 827px) 100vw, 827px\" \/><\/figure>\n\n\n\n<figure class=\"wp-block-image\"><img loading=\"lazy\" decoding=\"async\" width=\"827\" height=\"1169\" src=\"https:\/\/csavoly.hu\/wp\/wp-content\/uploads\/2020\/04\/Vir\u00e1g-J\u00e1nosn\u00e9.jpg\" alt=\"\" class=\"wp-image-2926\" srcset=\"https:\/\/csavoly.hu\/wp\/wp-content\/uploads\/2020\/04\/Vir\u00e1g-J\u00e1nosn\u00e9.jpg 827w, https:\/\/csavoly.hu\/wp\/wp-content\/uploads\/2020\/04\/Vir\u00e1g-J\u00e1nosn\u00e9-768x1086.jpg 768w\" sizes=\"(max-width: 827px) 100vw, 827px\" \/><\/figure>\n\n\n\n<p style=\"text-align:center\" class=\"has-huge-font-size\"><strong>2009. \u00c9V<\/strong><\/p>\n\n\n\n<figure class=\"wp-block-image\"><img loading=\"lazy\" decoding=\"async\" width=\"827\" height=\"1169\" src=\"https:\/\/csavoly.hu\/wp\/wp-content\/uploads\/2020\/04\/Dr.-M\u00e1ndics-Mih\u00e1ly.jpg\" alt=\"\" class=\"wp-image-2927\" srcset=\"https:\/\/csavoly.hu\/wp\/wp-content\/uploads\/2020\/04\/Dr.-M\u00e1ndics-Mih\u00e1ly.jpg 827w, https:\/\/csavoly.hu\/wp\/wp-content\/uploads\/2020\/04\/Dr.-M\u00e1ndics-Mih\u00e1ly-768x1086.jpg 768w\" sizes=\"(max-width: 827px) 100vw, 827px\" \/><\/figure>\n\n\n\n<figure class=\"wp-block-image\"><img loading=\"lazy\" decoding=\"async\" width=\"827\" height=\"1169\" src=\"https:\/\/csavoly.hu\/wp\/wp-content\/uploads\/2020\/04\/M\u00e1ndity-Istv\u00e1n.jpg\" alt=\"\" class=\"wp-image-2928\" srcset=\"https:\/\/csavoly.hu\/wp\/wp-content\/uploads\/2020\/04\/M\u00e1ndity-Istv\u00e1n.jpg 827w, https:\/\/csavoly.hu\/wp\/wp-content\/uploads\/2020\/04\/M\u00e1ndity-Istv\u00e1n-768x1086.jpg 768w\" sizes=\"(max-width: 827px) 100vw, 827px\" \/><\/figure>\n\n\n\n<figure class=\"wp-block-image\"><img loading=\"lazy\" decoding=\"async\" width=\"827\" height=\"1169\" src=\"https:\/\/csavoly.hu\/wp\/wp-content\/uploads\/2020\/04\/Rancs\u00f3-Ferenc.jpg\" alt=\"\" class=\"wp-image-2929\" srcset=\"https:\/\/csavoly.hu\/wp\/wp-content\/uploads\/2020\/04\/Rancs\u00f3-Ferenc.jpg 827w, https:\/\/csavoly.hu\/wp\/wp-content\/uploads\/2020\/04\/Rancs\u00f3-Ferenc-768x1086.jpg 768w\" sizes=\"(max-width: 827px) 100vw, 827px\" \/><figcaption><br><\/figcaption><\/figure>\n\n\n\n<p style=\"text-align:center\" class=\"has-huge-font-size\"><strong>2008. \u00c9V<\/strong><\/p>\n\n\n\n<figure class=\"wp-block-image\"><img loading=\"lazy\" decoding=\"async\" width=\"827\" height=\"1169\" src=\"https:\/\/csavoly.hu\/wp\/wp-content\/uploads\/2020\/04\/Id.-P\u00e1lfia-Mih\u00e1ly.jpg\" alt=\"\" class=\"wp-image-2930\" srcset=\"https:\/\/csavoly.hu\/wp\/wp-content\/uploads\/2020\/04\/Id.-P\u00e1lfia-Mih\u00e1ly.jpg 827w, https:\/\/csavoly.hu\/wp\/wp-content\/uploads\/2020\/04\/Id.-P\u00e1lfia-Mih\u00e1ly-768x1086.jpg 768w\" sizes=\"(max-width: 827px) 100vw, 827px\" \/><\/figure>\n\n\n\n<figure class=\"wp-block-image\"><img loading=\"lazy\" decoding=\"async\" width=\"827\" height=\"1169\" src=\"https:\/\/csavoly.hu\/wp\/wp-content\/uploads\/2020\/04\/Dr.-Id.-Csap\u00f3-B\u00e1lint.jpg\" alt=\"\" class=\"wp-image-2931\" srcset=\"https:\/\/csavoly.hu\/wp\/wp-content\/uploads\/2020\/04\/Dr.-Id.-Csap\u00f3-B\u00e1lint.jpg 827w, https:\/\/csavoly.hu\/wp\/wp-content\/uploads\/2020\/04\/Dr.-Id.-Csap\u00f3-B\u00e1lint-768x1086.jpg 768w\" sizes=\"(max-width: 827px) 100vw, 827px\" \/><\/figure>\n\n\n\n<figure class=\"wp-block-image\"><img loading=\"lazy\" decoding=\"async\" width=\"827\" height=\"1169\" src=\"https:\/\/csavoly.hu\/wp\/wp-content\/uploads\/2020\/04\/Kenyeres-Imre.jpg\" alt=\"\" class=\"wp-image-2932\" srcset=\"https:\/\/csavoly.hu\/wp\/wp-content\/uploads\/2020\/04\/Kenyeres-Imre.jpg 827w, https:\/\/csavoly.hu\/wp\/wp-content\/uploads\/2020\/04\/Kenyeres-Imre-768x1086.jpg 768w\" sizes=\"(max-width: 827px) 100vw, 827px\" \/><\/figure>\n\n\n\n<figure class=\"wp-block-image\"><img loading=\"lazy\" decoding=\"async\" width=\"827\" height=\"1169\" src=\"https:\/\/csavoly.hu\/wp\/wp-content\/uploads\/2020\/04\/Kenyeres-Zolt\u00e1n.jpg\" alt=\"\" class=\"wp-image-2933\" srcset=\"https:\/\/csavoly.hu\/wp\/wp-content\/uploads\/2020\/04\/Kenyeres-Zolt\u00e1n.jpg 827w, https:\/\/csavoly.hu\/wp\/wp-content\/uploads\/2020\/04\/Kenyeres-Zolt\u00e1n-768x1086.jpg 768w\" sizes=\"(max-width: 827px) 100vw, 827px\" \/><\/figure>\n\n\n\n<p style=\"text-align:center\" class=\"has-huge-font-size\"><strong>1935. \u00c9V<\/strong><\/p>\n\n\n\n<figure class=\"wp-block-image\"><img loading=\"lazy\" decoding=\"async\" width=\"827\" height=\"1169\" src=\"https:\/\/csavoly.hu\/wp\/wp-content\/uploads\/2020\/04\/Dr.-Marshall-Ferenc.jpg\" alt=\"\" class=\"wp-image-2934\" srcset=\"https:\/\/csavoly.hu\/wp\/wp-content\/uploads\/2020\/04\/Dr.-Marshall-Ferenc.jpg 827w, https:\/\/csavoly.hu\/wp\/wp-content\/uploads\/2020\/04\/Dr.-Marshall-Ferenc-768x1086.jpg 768w\" sizes=\"(max-width: 827px) 100vw, 827px\" \/><\/figure>\n","protected":false},"excerpt":{"rendered":"<p>2022. \u00c9V 2020. \u00c9V 2019. \u00c9V 2018. \u00c9V 2017. \u00c9V 2016. \u00c9V 2009. \u00c9V 2008. \u00c9V 1935. \u00c9V<\/p>\n","protected":false},"author":3,"featured_media":0,"parent":0,"menu_order":0,"comment_status":"closed","ping_status":"closed","template":"","meta":{"footnotes":""},"class_list":["post-2733","page","type-page","status-publish","hentry"],"_links":{"self":[{"href":"https:\/\/csavoly.hu\/wp\/index.php?rest_route=\/wp\/v2\/pages\/2733"}],"collection":[{"href":"https:\/\/csavoly.hu\/wp\/index.php?rest_route=\/wp\/v2\/pages"}],"about":[{"href":"https:\/\/csavoly.hu\/wp\/index.php?rest_route=\/wp\/v2\/types\/page"}],"author":[{"embeddable":true,"href":"https:\/\/csavoly.hu\/wp\/index.php?rest_route=\/wp\/v2\/users\/3"}],"replies":[{"embeddable":true,"href":"https:\/\/csavoly.hu\/wp\/index.php?rest_route=%2Fwp%2Fv2%2Fcomments&post=2733"}],"version-history":[{"count":12,"href":"https:\/\/csavoly.hu\/wp\/index.php?rest_route=\/wp\/v2\/pages\/2733\/revisions"}],"predecessor-version":[{"id":4991,"href":"https:\/\/csavoly.hu\/wp\/index.php?rest_route=\/wp\/v2\/pages\/2733\/revisions\/4991"}],"wp:attachment":[{"href":"https:\/\/csavoly.hu\/wp\/index.php?rest_route=%2Fwp%2Fv2%2Fmedia&parent=2733"}],"curies":[{"name":"wp","href":"https:\/\/api.w.org\/{rel}","templated":true}]}}