{"id":2852,"date":"2020-04-29T08:45:06","date_gmt":"2020-04-29T06:45:06","guid":{"rendered":"http:\/\/csavoly.hu\/wp\/?page_id=2852"},"modified":"2023-07-18T12:40:30","modified_gmt":"2023-07-18T10:40:30","slug":"elerhetosegek","status":"publish","type":"page","link":"https:\/\/csavoly.hu\/wp\/?page_id=2852","title":{"rendered":"el\u00e9rhet\u0151s\u00e9gek"},"content":{"rendered":"\n<figure class=\"wp-block-image\"><a href=\"https:\/\/csavoly.hu\/wp\/wp-content\/uploads\/2023\/07\/152af00933c4d386869825b0a7addbbb-0.jpeg\" target=\"_blank\" rel=\"noreferrer noopener\"><img loading=\"lazy\" decoding=\"async\" width=\"1654\" height=\"2339\" src=\"https:\/\/csavoly.hu\/wp\/wp-content\/uploads\/2023\/07\/152af00933c4d386869825b0a7addbbb-0.jpeg\" alt=\"\" class=\"wp-image-6038\" srcset=\"https:\/\/csavoly.hu\/wp\/wp-content\/uploads\/2023\/07\/152af00933c4d386869825b0a7addbbb-0.jpeg 1654w, https:\/\/csavoly.hu\/wp\/wp-content\/uploads\/2023\/07\/152af00933c4d386869825b0a7addbbb-0-768x1086.jpeg 768w\" sizes=\"(max-width: 1654px) 100vw, 1654px\" \/><\/a><\/figure>\n\n\n\n<figure class=\"wp-block-image\"><a href=\"https:\/\/csavoly.hu\/wp\/wp-content\/uploads\/2023\/07\/152af00933c4d386869825b0a7addbbb-1.jpeg\" target=\"_blank\" rel=\"noreferrer noopener\"><img loading=\"lazy\" decoding=\"async\" width=\"1654\" height=\"2339\" src=\"https:\/\/csavoly.hu\/wp\/wp-content\/uploads\/2023\/07\/152af00933c4d386869825b0a7addbbb-1.jpeg\" alt=\"\" class=\"wp-image-6039\" srcset=\"https:\/\/csavoly.hu\/wp\/wp-content\/uploads\/2023\/07\/152af00933c4d386869825b0a7addbbb-1.jpeg 1654w, https:\/\/csavoly.hu\/wp\/wp-content\/uploads\/2023\/07\/152af00933c4d386869825b0a7addbbb-1-768x1086.jpeg 768w\" sizes=\"(max-width: 1654px) 100vw, 1654px\" \/><\/a><\/figure>\n","protected":false},"excerpt":{"rendered":"","protected":false},"author":3,"featured_media":0,"parent":0,"menu_order":0,"comment_status":"closed","ping_status":"closed","template":"","meta":{"footnotes":""},"class_list":["post-2852","page","type-page","status-publish","hentry"],"_links":{"self":[{"href":"https:\/\/csavoly.hu\/wp\/index.php?rest_route=\/wp\/v2\/pages\/2852"}],"collection":[{"href":"https:\/\/csavoly.hu\/wp\/index.php?rest_route=\/wp\/v2\/pages"}],"about":[{"href":"https:\/\/csavoly.hu\/wp\/index.php?rest_route=\/wp\/v2\/types\/page"}],"author":[{"embeddable":true,"href":"https:\/\/csavoly.hu\/wp\/index.php?rest_route=\/wp\/v2\/users\/3"}],"replies":[{"embeddable":true,"href":"https:\/\/csavoly.hu\/wp\/index.php?rest_route=%2Fwp%2Fv2%2Fcomments&post=2852"}],"version-history":[{"count":28,"href":"https:\/\/csavoly.hu\/wp\/index.php?rest_route=\/wp\/v2\/pages\/2852\/revisions"}],"predecessor-version":[{"id":6040,"href":"https:\/\/csavoly.hu\/wp\/index.php?rest_route=\/wp\/v2\/pages\/2852\/revisions\/6040"}],"wp:attachment":[{"href":"https:\/\/csavoly.hu\/wp\/index.php?rest_route=%2Fwp%2Fv2%2Fmedia&parent=2852"}],"curies":[{"name":"wp","href":"https:\/\/api.w.org\/{rel}","templated":true}]}}