{"id":30,"date":"2015-09-22T18:24:54","date_gmt":"2015-09-22T18:24:54","guid":{"rendered":"http:\/\/csavoly.hu\/wp\/?page_id=30"},"modified":"2023-01-16T09:13:25","modified_gmt":"2023-01-16T07:13:25","slug":"intezmenyek","status":"publish","type":"page","link":"https:\/\/csavoly.hu\/wp\/?page_id=30","title":{"rendered":"Int\u00e9zm\u00e9nyek"},"content":{"rendered":"\n<p class=\"has-medium-font-size\"><a rel=\"noreferrer noopener\" aria-label=\"K\u00f6nyvt\u00e1r, Inform\u00e1ci\u00f3s \u00e9s K\u00f6z\u00f6ss\u00e9gi Hely (opens in a new tab)\" href=\"https:\/\/csavoly.hu\/wp\/?page_id=562\" target=\"_blank\">K\u00f6nyvt\u00e1r, Inform\u00e1ci\u00f3s \u00e9s K\u00f6z\u00f6ss\u00e9gi Hely<\/a><\/p>\n\n\n\n<p class=\"has-medium-font-size\"><a rel=\"noreferrer noopener\" aria-label=\"Cs\u00e1volyi Napk\u00f6zi Otthonos \u00d3voda (opens in a new tab)\" href=\"https:\/\/csavoly.hu\/wp\/?p=91\" target=\"_blank\">Cs\u00e1volyi Napk\u00f6zi Otthonos \u00d3voda \u00e9s B\u00f6lcs\u0151de<\/a><\/p>\n\n\n\n<p class=\"has-medium-font-size\"><a rel=\"noreferrer noopener\" aria-label=\"Integr\u00e1lt K\u00f6z\u00f6ss\u00e9gi \u00e9s Szolg\u00e1ltat\u00f3 T\u00e9r (IKSZT) (opens in a new tab)\" href=\"https:\/\/csavoly.hu\/wp\/?p=93\" target=\"_blank\">Integr\u00e1lt K\u00f6z\u00f6ss\u00e9gi \u00e9s Szolg\u00e1ltat\u00f3 T\u00e9r (IKSZT)<\/a><\/p>\n\n\n\n<p class=\"has-medium-font-size\"><a rel=\"noreferrer noopener\" aria-label=\"Falum\u00fazeum (opens in a new tab)\" href=\"https:\/\/csavoly.hu\/wp\/?page_id=1327\" target=\"_blank\">Falum\u00fazeum<\/a><\/p>\n\n\n\n<p class=\"has-medium-font-size\"><a rel=\"noreferrer noopener\" aria-label=\"Orvosi rendel\u0151 (opens in a new tab)\" href=\"https:\/\/csavoly.hu\/wp\/?page_id=2507\" target=\"_blank\">Orvosi rendel\u0151<\/a><\/p>\n\n\n\n<p class=\"has-medium-font-size\"><a rel=\"noreferrer noopener\" aria-label=\"V\u00e9d\u0151n\u0151 (opens in a new tab)\" href=\"https:\/\/csavoly.hu\/wp\/?p=95\" target=\"_blank\">V\u00e9d\u0151n\u0151<\/a><\/p>\n\n\n\n<p class=\"has-medium-font-size\"><a href=\"https:\/\/csavoly.hu\/wp\/?page_id=2513\" target=\"_blank\" rel=\"noreferrer noopener\" aria-label=\"Tov\u00e1bbi int\u00e9zm\u00e9nyeink (opens in a new tab)\">Tov\u00e1bbi int\u00e9zm\u00e9nyeink<\/a><\/p>\n","protected":false},"excerpt":{"rendered":"<p>K\u00f6nyvt\u00e1r, Inform\u00e1ci\u00f3s \u00e9s K\u00f6z\u00f6ss\u00e9gi Hely Cs\u00e1volyi Napk\u00f6zi Otthonos \u00d3voda \u00e9s B\u00f6lcs\u0151de Integr\u00e1lt K\u00f6z\u00f6ss\u00e9gi \u00e9s Szolg\u00e1ltat\u00f3 T\u00e9r (IKSZT) Falum\u00fazeum Orvosi rendel\u0151 V\u00e9d\u0151n\u0151 Tov\u00e1bbi int\u00e9zm\u00e9nyeink<\/p>\n","protected":false},"author":1,"featured_media":0,"parent":0,"menu_order":0,"comment_status":"closed","ping_status":"closed","template":"","meta":{"footnotes":""},"class_list":["post-30","page","type-page","status-publish","hentry"],"_links":{"self":[{"href":"https:\/\/csavoly.hu\/wp\/index.php?rest_route=\/wp\/v2\/pages\/30"}],"collection":[{"href":"https:\/\/csavoly.hu\/wp\/index.php?rest_route=\/wp\/v2\/pages"}],"about":[{"href":"https:\/\/csavoly.hu\/wp\/index.php?rest_route=\/wp\/v2\/types\/page"}],"author":[{"embeddable":true,"href":"https:\/\/csavoly.hu\/wp\/index.php?rest_route=\/wp\/v2\/users\/1"}],"replies":[{"embeddable":true,"href":"https:\/\/csavoly.hu\/wp\/index.php?rest_route=%2Fwp%2Fv2%2Fcomments&post=30"}],"version-history":[{"count":3,"href":"https:\/\/csavoly.hu\/wp\/index.php?rest_route=\/wp\/v2\/pages\/30\/revisions"}],"predecessor-version":[{"id":5183,"href":"https:\/\/csavoly.hu\/wp\/index.php?rest_route=\/wp\/v2\/pages\/30\/revisions\/5183"}],"wp:attachment":[{"href":"https:\/\/csavoly.hu\/wp\/index.php?rest_route=%2Fwp%2Fv2%2Fmedia&parent=30"}],"curies":[{"name":"wp","href":"https:\/\/api.w.org\/{rel}","templated":true}]}}