{"id":311,"date":"2015-10-12T07:20:13","date_gmt":"2015-10-12T07:20:13","guid":{"rendered":"http:\/\/csavoly.hu\/wp\/?page_id=311"},"modified":"2022-07-04T13:38:53","modified_gmt":"2022-07-04T11:38:53","slug":"onkormanyzati-hirmondo","status":"publish","type":"page","link":"https:\/\/csavoly.hu\/wp\/?page_id=311","title":{"rendered":"\u00d6nkorm\u00e1nyzati H\u00edrmond\u00f3"},"content":{"rendered":"<p><a href=\"https:\/\/csavoly.hu\/wp\/wp-content\/uploads\/2015\/10\/\u00d6nkorm\u00e1nyzati-H\u00edrmond\u00f3-20150324.pdf\" target=\"_blank\" rel=\"noopener noreferrer\">2015. \u00e9v 1. sz\u00e1m<\/a><\/p>\n<p><a href=\"https:\/\/csavoly.hu\/wp\/wp-content\/uploads\/2015\/10\/TELJES-\u00daJS\u00c1G2sz\u00e1m.pdf\" target=\"_blank\" rel=\"noopener noreferrer\">2015. \u00e9v 2. sz\u00e1m<\/a><\/p>\n<p><a href=\"https:\/\/csavoly.hu\/wp\/wp-content\/uploads\/2015\/10\/TELJES-\u00daJS\u00c1G-3.-SZ\u00c1M.pdf\" target=\"_blank\" rel=\"noopener noreferrer\">2015. \u00e9v 3. sz\u00e1m<\/a><\/p>\n<p><a href=\"https:\/\/csavoly.hu\/wp\/wp-content\/uploads\/2016\/01\/TELJES-\u00daJS\u00c1G-NYOMDAK\u00c9SZ-1217.pdf\" target=\"_blank\" rel=\"noopener noreferrer\">2015. \u00e9v 4. sz\u00e1m<\/a><\/p>\n<p>&#8212;&#8212;&#8212;&#8212;&#8212;&#8212;&#8212;&#8211;<\/p>\n<p><a href=\"https:\/\/csavoly.hu\/wp\/wp-content\/uploads\/2016\/03\/\u00d6nkorm\u00e1nyzati-H\u00edrmond\u00f3-II.-\u00e9vfolyam-1.-sz\u00e1m.pdf\" target=\"_blank\" rel=\"noopener noreferrer\">2016. \u00e9v 1. sz\u00e1m<\/a><\/p>\n<p><a href=\"https:\/\/csavoly.hu\/wp\/wp-content\/uploads\/2016\/08\/TELJES-\u00daJS\u00c1G-20162sz\u00e1m.pdf\" target=\"_blank\" rel=\"noopener noreferrer\">2016. \u00e9v 2. sz\u00e1m<\/a><\/p>\n<p><a href=\"https:\/\/csavoly.hu\/wp\/wp-content\/uploads\/2016\/10\/TELJES-\u00daJS\u00c1G-20163sz\u00e1m-nyomdak\u00e9sz.pdf\" target=\"_blank\" rel=\"noopener noreferrer\">2016. \u00e9v 3. sz\u00e1m<\/a><\/p>\n<p><a href=\"https:\/\/csavoly.hu\/wp\/wp-content\/uploads\/2016\/12\/TELJES-\u00daJS\u00c1G-20164sz\u00e1m-nyomdak\u00e9sz.pdf\" target=\"_blank\" rel=\"noopener noreferrer\">2016. \u00e9v 4. sz\u00e1m<\/a><\/p>\n<p>&#8212;&#8212;&#8212;&#8212;&#8212;&#8212;&#8212;&#8211;<\/p>\n<p><a href=\"https:\/\/csavoly.hu\/wp\/wp-content\/uploads\/2017\/04\/TELJES-\u00daJS\u00c1G-20171sz\u00e1mj\u00f3pdf.pdf\" target=\"_blank\" rel=\"noopener noreferrer\">2017. \u00e9v 1. sz\u00e1m<\/a><\/p>\n<p><a href=\"https:\/\/csavoly.hu\/wp\/wp-content\/uploads\/2017\/07\/\u00d6nkorm\u00e1nyzati-H\u00edrmond\u00f3-nyomdak\u00e9sz.pdf\" target=\"_blank\" rel=\"noopener noreferrer\">2017. \u00e9v 2. sz\u00e1m<\/a><\/p>\n<p><a href=\"https:\/\/csavoly.hu\/wp\/wp-content\/uploads\/2017\/10\/TELJES-\u00daJS\u00c1G-20173sz\u00e1m-nyomda.pdf\" target=\"_blank\" rel=\"noopener noreferrer\">2017. \u00e9v 3. sz\u00e1m<\/a><\/p>\n<p><a href=\"https:\/\/csavoly.hu\/wp\/wp-content\/uploads\/2017\/12\/\u00d6nkorm\u00e1nyzati-H\u00edrmond\u00f3-III.-\u00e9vfolyam-4.-sz\u00e1m.pdf\" target=\"_blank\" rel=\"noopener noreferrer\">2017. \u00e9v 4. sz\u00e1m<\/a><\/p>\n<hr>\n<p><a href=\"https:\/\/csavoly.hu\/wp\/wp-content\/uploads\/2018\/03\/TELJES-\u00daJS\u00c1G-2018\u00e9v-1sz\u00e1m.pdf\" target=\"_blank\" rel=\"noopener noreferrer\">2018. \u00e9v 1. sz\u00e1m<\/a><\/p>\n<p><a href=\"https:\/\/csavoly.hu\/wp\/wp-content\/uploads\/2018\/06\/\u00d6nkorm\u00e1nyzati-H\u00edrmond\u00f3-2018.-\u00e9v-2.-sz\u00e1m.pdf\" target=\"_blank\" rel=\"noopener noreferrer\">2018. \u00e9v 2. sz\u00e1m<\/a><\/p>\n<p><a href=\"https:\/\/csavoly.hu\/wp\/wp-content\/uploads\/2018\/10\/Cs\u00e1voly-\u00d6nkorm\u00e1nyzati-H\u00edrmond\u00f3-IV.-\u00e9vfolyam-3.-sz\u00e1m-k\u00e9sz-p\u00e9ld\u00e1ny.pdf\" target=\"_blank\" rel=\"noopener noreferrer\">2018. \u00e9v 3. sz\u00e1m<\/a><\/p>\n<p><a href=\"https:\/\/csavoly.hu\/wp\/wp-content\/uploads\/2018\/12\/\u00d6nkorm\u00e1nyzati-H\u00edrmond\u00f3-IV.-\u00e9vfolyam-4.-sz\u00e1m.pdf\" target=\"_blank\" rel=\"noopener noreferrer\">2018. \u00e9v 4. sz\u00e1m<\/a><\/p>\n<hr>\n<p><a href=\"https:\/\/csavoly.hu\/wp\/wp-content\/uploads\/2019\/04\/\u00d6nkorm\u00e1nyzati-H\u00edrmond\u00f3-2019.-\u00e9v-1.-sz\u00e1m.pdf\" target=\"_blank\" rel=\"noopener noreferrer\">2019. \u00e9v 1. sz\u00e1m<\/a><\/p>\n<p><a href=\"https:\/\/csavoly.hu\/wp\/wp-content\/uploads\/2019\/10\/\u00d6nkorm\u00e1nyzati-H\u00edrmond\u00f3-V.-\u00e9vfolyam-2.-sz\u00e1m.pdf\" target=\"_blank\" rel=\"noopener noreferrer\">2019. \u00e9v 2. sz\u00e1m<\/a><\/p>\n<p><a href=\"https:\/\/csavoly.hu\/wp\/wp-content\/uploads\/2019\/12\/\u00d6nkorm\u00e1nyzati-H\u00edrmond\u00f3-2019.-\u00e9v.-3.-sz\u00e1m.pdf\">2019. \u00e9v 3. sz\u00e1m<\/a><\/p>\n<p>&#8212;&#8212;&#8212;&#8212;&#8212;&#8212;&#8212;&#8212;&#8212;&#8212;-<\/p>\n\n\n<p><a rel=\"noreferrer noopener\" aria-label=\"2020. \u00e9v 1. sz\u00e1m (\u00faj f\u00fcl\u00f6n nyitja meg)\" href=\"https:\/\/csavoly.hu\/wp\/wp-content\/uploads\/2020\/04\/\u00d6nkorm\u00e1nyzati-H\u00edrmond\u00f3-2020.-\u00e9v-1.-sz\u00e1m-nyomdak\u00e9sz3.pdf\" target=\"_blank\">2020. \u00e9v 1. sz\u00e1m<\/a><\/p>\n\n\n\n<p><a rel=\"noreferrer noopener\" aria-label=\"2020. \u00e9v 2. sz\u00e1m (opens in a new tab)\" href=\"https:\/\/csavoly.hu\/wp\/wp-content\/uploads\/2020\/12\/\u00d6nkorm\u00e1nyzati-H\u00edrmond\u00f3-VI.-\u00e9vfolyam-2.-sz\u00e1m-1.pdf\" target=\"_blank\">2020. \u00e9v 2. sz\u00e1m<\/a><\/p>\n\n\n\n<p>&#8212;&#8212;&#8212;&#8212;&#8212;&#8212;&#8212;&#8212;&#8212;&#8212;&#8211;<\/p>\n\n\n\n<p><a rel=\"noreferrer noopener\" aria-label=\"2021. \u00e9v 1. sz\u00e1m (opens in a new tab)\" href=\"https:\/\/csavoly.hu\/wp\/wp-content\/uploads\/2021\/10\/%c3%96nkorm%c3%a1nyzati-H%c3%adrmon%c3%b3-VII.-%c3%a9vfolyam-1.-sz%c3%a1m-2.pdf\" target=\"_blank\">2021. \u00e9v 1. sz\u00e1m<\/a><\/p>\n\n\n\n<p>&#8212;&#8212;&#8212;&#8212;&#8212;&#8212;&#8212;&#8212;&#8212;&#8212;&#8211;<\/p>\n\n\n\n<p><a href=\"https:\/\/csavoly.hu\/wp\/wp-content\/uploads\/2022\/07\/TELJES-\u00daJS\u00c1G-2022\u00e9v-1sz\u00e1m-1.pdf\" target=\"_blank\" rel=\"noreferrer noopener\" aria-label=\"2022. \u00e9v 1. sz\u00e1m (opens in a new tab)\">2022. \u00e9v 1. sz\u00e1m<\/a><\/p>\n\n\n\n<hr class=\"wp-block-separator\"\/>\n\n\n\n<hr class=\"wp-block-separator\"\/>\n\n\n\n<hr class=\"wp-block-separator\"\/>\n","protected":false},"excerpt":{"rendered":"<p>2015. \u00e9v 1. sz\u00e1m 2015. \u00e9v 2. sz\u00e1m 2015. \u00e9v 3. sz\u00e1m 2015. \u00e9v 4. sz\u00e1m &#8212;&#8212;&#8212;&#8212;&#8212;&#8212;&#8212;&#8211; 2016. \u00e9v 1. sz\u00e1m 2016. \u00e9v 2. sz\u00e1m 2016. \u00e9v 3. sz\u00e1m 2016. \u00e9v 4. sz\u00e1m &#8212;&#8212;&#8212;&#8212;&#8212;&#8212;&#8212;&#8211; 2017. \u00e9v 1. sz\u00e1m 2017. \u00e9v 2. sz\u00e1m 2017. \u00e9v 3. sz\u00e1m 2017. \u00e9v 4. sz\u00e1m 2018. \u00e9v 1. sz\u00e1m 2018. &hellip; <a href=\"https:\/\/csavoly.hu\/wp\/?page_id=311\" class=\"more-link\"><span class=\"screen-reader-text\">\u00d6nkorm\u00e1nyzati H\u00edrmond\u00f3<\/span> b\u0151vebben&#8230; <span class=\"meta-nav\">&rarr;<\/span><\/a><\/p>\n","protected":false},"author":1,"featured_media":0,"parent":0,"menu_order":0,"comment_status":"closed","ping_status":"closed","template":"","meta":{"footnotes":""},"class_list":["post-311","page","type-page","status-publish","hentry"],"_links":{"self":[{"href":"https:\/\/csavoly.hu\/wp\/index.php?rest_route=\/wp\/v2\/pages\/311"}],"collection":[{"href":"https:\/\/csavoly.hu\/wp\/index.php?rest_route=\/wp\/v2\/pages"}],"about":[{"href":"https:\/\/csavoly.hu\/wp\/index.php?rest_route=\/wp\/v2\/types\/page"}],"author":[{"embeddable":true,"href":"https:\/\/csavoly.hu\/wp\/index.php?rest_route=\/wp\/v2\/users\/1"}],"replies":[{"embeddable":true,"href":"https:\/\/csavoly.hu\/wp\/index.php?rest_route=%2Fwp%2Fv2%2Fcomments&post=311"}],"version-history":[{"count":14,"href":"https:\/\/csavoly.hu\/wp\/index.php?rest_route=\/wp\/v2\/pages\/311\/revisions"}],"predecessor-version":[{"id":4885,"href":"https:\/\/csavoly.hu\/wp\/index.php?rest_route=\/wp\/v2\/pages\/311\/revisions\/4885"}],"wp:attachment":[{"href":"https:\/\/csavoly.hu\/wp\/index.php?rest_route=%2Fwp%2Fv2%2Fmedia&parent=311"}],"curies":[{"name":"wp","href":"https:\/\/api.w.org\/{rel}","templated":true}]}}