{"id":34,"date":"2015-09-22T18:25:05","date_gmt":"2015-09-22T18:25:05","guid":{"rendered":"http:\/\/csavoly.hu\/wp\/?page_id=34"},"modified":"2020-05-12T09:05:41","modified_gmt":"2020-05-12T07:05:41","slug":"egyesuletek","status":"publish","type":"page","link":"https:\/\/csavoly.hu\/wp\/?page_id=34","title":{"rendered":"Egyes\u00fcletek"},"content":{"rendered":"\n<p class=\"has-medium-font-size\"><a rel=\"noreferrer noopener\" aria-label=\"D\u00e9l-Vid\u00e9k K\u00e9zilabda Sport Egyes\u00fclet (opens in a new tab)\" href=\"https:\/\/csavoly.hu\/wp\/?page_id=1999\" target=\"_blank\">D\u00e9l-Vid\u00e9k K\u00e9zilabda Sport Egyes\u00fclet<\/a><\/p>\n\n\n\n<p class=\"has-medium-font-size\"><a rel=\"noreferrer noopener\" aria-label=\"Cs\u00e1volyi Sportk\u00f6r (labdar\u00fag\u00e1s) (opens in a new tab)\" href=\"https:\/\/csavoly.hu\/wp\/?page_id=103\" target=\"_blank\">Cs\u00e1volyi Sportk\u00f6r (labdar\u00fag\u00e1s)<\/a><\/p>\n\n\n\n<p class=\"has-medium-font-size\"><a href=\"https:\/\/csavoly.hu\/wp\/?page_id=107\" target=\"_blank\" rel=\"noreferrer noopener\" aria-label=\"Horg\u00e1szegyes\u00fclet (opens in a new tab)\">Horg\u00e1szegyes\u00fclet<\/a><\/p>\n","protected":false},"excerpt":{"rendered":"<p>D\u00e9l-Vid\u00e9k K\u00e9zilabda Sport Egyes\u00fclet Cs\u00e1volyi Sportk\u00f6r (labdar\u00fag\u00e1s) Horg\u00e1szegyes\u00fclet<\/p>\n","protected":false},"author":1,"featured_media":0,"parent":0,"menu_order":0,"comment_status":"closed","ping_status":"closed","template":"","meta":{"footnotes":""},"class_list":["post-34","page","type-page","status-publish","hentry"],"_links":{"self":[{"href":"https:\/\/csavoly.hu\/wp\/index.php?rest_route=\/wp\/v2\/pages\/34"}],"collection":[{"href":"https:\/\/csavoly.hu\/wp\/index.php?rest_route=\/wp\/v2\/pages"}],"about":[{"href":"https:\/\/csavoly.hu\/wp\/index.php?rest_route=\/wp\/v2\/types\/page"}],"author":[{"embeddable":true,"href":"https:\/\/csavoly.hu\/wp\/index.php?rest_route=\/wp\/v2\/users\/1"}],"replies":[{"embeddable":true,"href":"https:\/\/csavoly.hu\/wp\/index.php?rest_route=%2Fwp%2Fv2%2Fcomments&post=34"}],"version-history":[{"count":4,"href":"https:\/\/csavoly.hu\/wp\/index.php?rest_route=\/wp\/v2\/pages\/34\/revisions"}],"predecessor-version":[{"id":3108,"href":"https:\/\/csavoly.hu\/wp\/index.php?rest_route=\/wp\/v2\/pages\/34\/revisions\/3108"}],"wp:attachment":[{"href":"https:\/\/csavoly.hu\/wp\/index.php?rest_route=%2Fwp%2Fv2%2Fmedia&parent=34"}],"curies":[{"name":"wp","href":"https:\/\/api.w.org\/{rel}","templated":true}]}}