{"id":3481,"date":"2020-08-04T14:34:40","date_gmt":"2020-08-04T12:34:40","guid":{"rendered":"http:\/\/csavoly.hu\/wp\/?page_id=3481"},"modified":"2020-08-04T14:37:51","modified_gmt":"2020-08-04T12:37:51","slug":"temetoi-kapolna","status":"publish","type":"page","link":"https:\/\/csavoly.hu\/wp\/?page_id=3481","title":{"rendered":"Temet\u0150i K\u00e1polna"},"content":{"rendered":"\n<p>Temet\u0151i K\u00e1polna<\/p>\n\n\n\n<p><sup>1 <\/sup>A temet\u0151ben 1929-ben \u00faj k\u00e1polna \u00e9p\u00fclt. Fritz J\u00f3zsef \u00e9s s\u00f3gora voltak az \u00e9p\u00edttet\u0151k, akik az \u00e9p\u00edt\u0151 K\u00f3bor Ferenc v\u00e1llalkoz\u00f3t azzal b\u00edzt\u00e1k meg, hogy k\u00f6lts\u00e9g\u00fckre utazzon Olaszorsz\u00e1gba, arra a helyre ahol Tam\u00e1s fi\u00fak h\u0151si hal\u00e1lt halt. Ottani k\u00e1poln\u00e1kat tekintse meg, s a k\u00f6rletben domin\u00e1l\u00f3 k\u00e1poln\u00e1t mint\u00e1zza meg Cs\u00e1volyon. \u00cdgy tervezte, \u00e9s fel is \u00e9p\u00edtette romantikus, eklektikus st\u00edlusban, ahogy \u00c9szak-Lombardi\u00e1ban jellemz\u0151. N\u00e9mi t\u00falz\u00e1ssal, tal\u00e1n haz\u00e1nkban nincsen p\u00e1rja, a k\u00f6rny\u00e9ken biztosan nincs. Ma ravataloz\u00f3k\u00e9nt is funkcion\u00e1l. A csal\u00e1d 152\/1931. sz. aj\u00e1nd\u00e9koz\u00e1si lev\u00e9l \u00e9rtelm\u00e9ben a k\u00e1polna tulajdonjog\u00e1t Cs\u00e1voly k\u00f6zs\u00e9g k\u00f6zigazgat\u00e1s\u00e1ra ruh\u00e1zza, m\u00edg az alagsori temetkez\u00e9si helyre a temetkez\u00e9si jogot 2031-ig a Hamh\u00e1ber csal\u00e1dra. Ma \u00d6nkorm\u00e1nyzati tulajdon \u2013 a temet\u0151vel- 873 tulajdoni lap 794. hrsz. bejegyz\u00e9ssel.<\/p>\n\n\n\n<figure class=\"wp-block-image\"><a href=\"https:\/\/csavoly.hu\/wp\/wp-content\/uploads\/2020\/08\/116790520_2494425380854562_7424244578565930297_n-m\u00e1solata.jpg\" target=\"_blank\" rel=\"noreferrer noopener\"><img loading=\"lazy\" decoding=\"async\" width=\"2048\" height=\"1365\" src=\"https:\/\/csavoly.hu\/wp\/wp-content\/uploads\/2020\/08\/116790520_2494425380854562_7424244578565930297_n-m\u00e1solata.jpg\" alt=\"\" class=\"wp-image-3476\" srcset=\"https:\/\/csavoly.hu\/wp\/wp-content\/uploads\/2020\/08\/116790520_2494425380854562_7424244578565930297_n-m\u00e1solata.jpg 2048w, https:\/\/csavoly.hu\/wp\/wp-content\/uploads\/2020\/08\/116790520_2494425380854562_7424244578565930297_n-m\u00e1solata-768x512.jpg 768w\" sizes=\"(max-width: 2048px) 100vw, 2048px\" \/><\/a><\/figure>\n\n\n\n<p><sup>2 <\/sup>Sz\u00f3lni kell m\u00e9g a k\u00e1polna festett sz\u00ednes d\u00edszes ablakair\u00f3l is. Az olt\u00e1r feletti h\u00e1rmas ablak k\u00f6zep\u00e9n Szent Mih\u00e1ly ker\u00fclt \u00e1br\u00e1zol\u00e1sra, hisz \u0151 a temet\u0151 v\u00e9d\u0151szentje. <\/p>\n\n\n\n<p>I. Szent Mih\u00e1ly; II. Szent Borb\u00e1la; III. Sz\u0171z M\u00e1ria; IV. Szent Erzs\u00e9bet; V. Szent J\u00f3zsef; VI. Szent Tam\u00e1s; VII. Szent P\u00e9ter. \u00c9rdekess\u00e9g m\u00e9g, hogy az \u00e9p\u00edttet\u0151k csal\u00e1dtagjainak keresztnevei azonosak a szentek neveivel.<\/p>\n\n\n\n<figure class=\"wp-block-image\"><a href=\"https:\/\/csavoly.hu\/wp\/wp-content\/uploads\/2020\/08\/117037951_331286778047338_8770216168403684335_n-1.jpg\" target=\"_blank\" rel=\"noreferrer noopener\"><img loading=\"lazy\" decoding=\"async\" width=\"2048\" height=\"1365\" src=\"https:\/\/csavoly.hu\/wp\/wp-content\/uploads\/2020\/08\/117037951_331286778047338_8770216168403684335_n-1.jpg\" alt=\"\" class=\"wp-image-3475\" srcset=\"https:\/\/csavoly.hu\/wp\/wp-content\/uploads\/2020\/08\/117037951_331286778047338_8770216168403684335_n-1.jpg 2048w, https:\/\/csavoly.hu\/wp\/wp-content\/uploads\/2020\/08\/117037951_331286778047338_8770216168403684335_n-1-768x512.jpg 768w\" sizes=\"(max-width: 2048px) 100vw, 2048px\" \/><\/a><figcaption> <br>Szent Mih\u00e1ly <br><\/figcaption><\/figure>\n\n\n\n<figure class=\"wp-block-image\"><a href=\"https:\/\/csavoly.hu\/wp\/wp-content\/uploads\/2020\/08\/116784389_595637684457997_1789665116197098478_n-m\u00e1solata.jpg\" target=\"_blank\" rel=\"noreferrer noopener\"><img loading=\"lazy\" decoding=\"async\" width=\"2048\" height=\"1365\" src=\"https:\/\/csavoly.hu\/wp\/wp-content\/uploads\/2020\/08\/116784389_595637684457997_1789665116197098478_n-m\u00e1solata.jpg\" alt=\"\" class=\"wp-image-3479\" srcset=\"https:\/\/csavoly.hu\/wp\/wp-content\/uploads\/2020\/08\/116784389_595637684457997_1789665116197098478_n-m\u00e1solata.jpg 2048w, https:\/\/csavoly.hu\/wp\/wp-content\/uploads\/2020\/08\/116784389_595637684457997_1789665116197098478_n-m\u00e1solata-768x512.jpg 768w\" sizes=\"(max-width: 2048px) 100vw, 2048px\" \/><\/a><figcaption> <br>Szent Borb\u00e1la <\/figcaption><\/figure>\n\n\n\n<figure class=\"wp-block-image\"><a href=\"https:\/\/csavoly.hu\/wp\/wp-content\/uploads\/2020\/08\/116800097_589329881951626_2242491065318228473_n-1.jpg\" target=\"_blank\" rel=\"noreferrer noopener\"><img loading=\"lazy\" decoding=\"async\" width=\"2048\" height=\"1365\" src=\"https:\/\/csavoly.hu\/wp\/wp-content\/uploads\/2020\/08\/116800097_589329881951626_2242491065318228473_n.jpg\" alt=\"\" class=\"wp-image-3469\" srcset=\"https:\/\/csavoly.hu\/wp\/wp-content\/uploads\/2020\/08\/116800097_589329881951626_2242491065318228473_n.jpg 2048w, https:\/\/csavoly.hu\/wp\/wp-content\/uploads\/2020\/08\/116800097_589329881951626_2242491065318228473_n-768x512.jpg 768w\" sizes=\"(max-width: 2048px) 100vw, 2048px\" \/><\/a><figcaption> <br>Sz\u0171z M\u00e1ria <\/figcaption><\/figure>\n\n\n\n<figure class=\"wp-block-image\"><a href=\"https:\/\/csavoly.hu\/wp\/wp-content\/uploads\/2020\/08\/116754773_2703479219975652_1726417279490062062_n-m\u00e1solata.jpg\" target=\"_blank\" rel=\"noreferrer noopener\"><img loading=\"lazy\" decoding=\"async\" width=\"2048\" height=\"1365\" src=\"https:\/\/csavoly.hu\/wp\/wp-content\/uploads\/2020\/08\/116754773_2703479219975652_1726417279490062062_n-m\u00e1solata.jpg\" alt=\"\" class=\"wp-image-3478\" srcset=\"https:\/\/csavoly.hu\/wp\/wp-content\/uploads\/2020\/08\/116754773_2703479219975652_1726417279490062062_n-m\u00e1solata.jpg 2048w, https:\/\/csavoly.hu\/wp\/wp-content\/uploads\/2020\/08\/116754773_2703479219975652_1726417279490062062_n-m\u00e1solata-768x512.jpg 768w\" sizes=\"(max-width: 2048px) 100vw, 2048px\" \/><\/a><figcaption> <br>Szent Erzs\u00e9bet <\/figcaption><\/figure>\n\n\n\n<figure class=\"wp-block-image\"><a href=\"https:\/\/csavoly.hu\/wp\/wp-content\/uploads\/2020\/08\/116868438_3455659704485106_913873387701088690_n-1.jpg\" target=\"_blank\" rel=\"noreferrer noopener\"><img loading=\"lazy\" decoding=\"async\" width=\"2048\" height=\"1365\" src=\"https:\/\/csavoly.hu\/wp\/wp-content\/uploads\/2020\/08\/116868438_3455659704485106_913873387701088690_n-1.jpg\" alt=\"\" class=\"wp-image-3474\" srcset=\"https:\/\/csavoly.hu\/wp\/wp-content\/uploads\/2020\/08\/116868438_3455659704485106_913873387701088690_n-1.jpg 2048w, https:\/\/csavoly.hu\/wp\/wp-content\/uploads\/2020\/08\/116868438_3455659704485106_913873387701088690_n-1-768x512.jpg 768w\" sizes=\"(max-width: 2048px) 100vw, 2048px\" \/><\/a><figcaption> <br>Szent J\u00f3zsef <\/figcaption><\/figure>\n\n\n\n<figure class=\"wp-block-image\"><a href=\"https:\/\/csavoly.hu\/wp\/wp-content\/uploads\/2020\/08\/116726786_2653056974952433_3105874145206960479_n-m\u00e1solata.jpg\" target=\"_blank\" rel=\"noreferrer noopener\"><img loading=\"lazy\" decoding=\"async\" width=\"2048\" height=\"1365\" src=\"https:\/\/csavoly.hu\/wp\/wp-content\/uploads\/2020\/08\/116726786_2653056974952433_3105874145206960479_n-m\u00e1solata.jpg\" alt=\"\" class=\"wp-image-3477\" srcset=\"https:\/\/csavoly.hu\/wp\/wp-content\/uploads\/2020\/08\/116726786_2653056974952433_3105874145206960479_n-m\u00e1solata.jpg 2048w, https:\/\/csavoly.hu\/wp\/wp-content\/uploads\/2020\/08\/116726786_2653056974952433_3105874145206960479_n-m\u00e1solata-768x512.jpg 768w\" sizes=\"(max-width: 2048px) 100vw, 2048px\" \/><\/a><figcaption> <br>Szent Tam\u00e1s <\/figcaption><\/figure>\n\n\n\n<figure class=\"wp-block-image\"><a href=\"https:\/\/csavoly.hu\/wp\/wp-content\/uploads\/2020\/08\/116868438_3455659704485106_913873387701088690_n.jpg\" target=\"_blank\" rel=\"noreferrer noopener\"><img loading=\"lazy\" decoding=\"async\" width=\"2048\" height=\"1365\" src=\"https:\/\/csavoly.hu\/wp\/wp-content\/uploads\/2020\/08\/116868438_3455659704485106_913873387701088690_n.jpg\" alt=\"\" class=\"wp-image-3470\" srcset=\"https:\/\/csavoly.hu\/wp\/wp-content\/uploads\/2020\/08\/116868438_3455659704485106_913873387701088690_n.jpg 2048w, https:\/\/csavoly.hu\/wp\/wp-content\/uploads\/2020\/08\/116868438_3455659704485106_913873387701088690_n-768x512.jpg 768w\" sizes=\"(max-width: 2048px) 100vw, 2048px\" \/><\/a><figcaption> <br> Szent P\u00e9ter <\/figcaption><\/figure>\n\n\n\n<p><sup>3 <\/sup>Ez a\nm\u0171v\u00e9szeti alkot\u00e1s m\u00e1r a m\u00e1sodik, melyet Ercsi Dezs\u0151 Eigel m\u0171v\u00e9szt\u0151l v\u00e1s\u00e1rolt\nsz\u00fcl\u0151faluj\u00e1nak. 1995-ben \u201eJ\u00e9zus mennybe menetele\u201d c. k\u00e9pz\u0151m\u0171v\u00e9szeti alkot\u00e1st\n(190*153) a cs\u00e1volyi temet\u0151 k\u00e1poln\u00e1j\u00e1nak aj\u00e1nd\u00e9kozott.<\/p>\n\n\n\n<figure class=\"wp-block-image\"><a href=\"https:\/\/csavoly.hu\/wp\/wp-content\/uploads\/2020\/08\/116792047_326811475140512_5431065151752618142_n.jpg\" target=\"_blank\" rel=\"noreferrer noopener\"><img loading=\"lazy\" decoding=\"async\" width=\"2048\" height=\"1365\" src=\"https:\/\/csavoly.hu\/wp\/wp-content\/uploads\/2020\/08\/116792047_326811475140512_5431065151752618142_n.jpg\" alt=\"\" class=\"wp-image-3468\" srcset=\"https:\/\/csavoly.hu\/wp\/wp-content\/uploads\/2020\/08\/116792047_326811475140512_5431065151752618142_n.jpg 2048w, https:\/\/csavoly.hu\/wp\/wp-content\/uploads\/2020\/08\/116792047_326811475140512_5431065151752618142_n-768x512.jpg 768w\" sizes=\"(max-width: 2048px) 100vw, 2048px\" \/><\/a><figcaption> <br>\u201eJ\u00e9zus mennybe menetele\u201d <\/figcaption><\/figure>\n\n\n\n<p><sup>1.<\/sup>Dr. M\u00e1ndics Mih\u00e1ly: Cs\u00e1volyi\nEml\u00e9khelyek 52. oldal<\/p>\n\n\n\n<p><sup>2.<\/sup> Dr. M\u00e1ndics Mih\u00e1ly: A Cs\u00e1volyi\nKatolikusok Hit\u00e9lete 82. oldal<\/p>\n\n\n\n<p><sup>3.<\/sup>Dr. M\u00e1ndics Mih\u00e1ly: Cs\u00e1volyi\nEml\u00e9khelyek 122. oldal<\/p>\n<div class=\"pvc_clear\"><\/div><p id=\"pvc_stats_3481\" class=\"pvc_stats all  \" data-element-id=\"3481\" style=\"\"><i class=\"pvc-stats-icon medium\" aria-hidden=\"true\"><svg aria-hidden=\"true\" focusable=\"false\" data-prefix=\"far\" data-icon=\"chart-bar\" role=\"img\" xmlns=\"http:\/\/www.w3.org\/2000\/svg\" viewBox=\"0 0 512 512\" class=\"svg-inline--fa fa-chart-bar fa-w-16 fa-2x\"><path fill=\"currentColor\" d=\"M396.8 352h22.4c6.4 0 12.8-6.4 12.8-12.8V108.8c0-6.4-6.4-12.8-12.8-12.8h-22.4c-6.4 0-12.8 6.4-12.8 12.8v230.4c0 6.4 6.4 12.8 12.8 12.8zm-192 0h22.4c6.4 0 12.8-6.4 12.8-12.8V140.8c0-6.4-6.4-12.8-12.8-12.8h-22.4c-6.4 0-12.8 6.4-12.8 12.8v198.4c0 6.4 6.4 12.8 12.8 12.8zm96 0h22.4c6.4 0 12.8-6.4 12.8-12.8V204.8c0-6.4-6.4-12.8-12.8-12.8h-22.4c-6.4 0-12.8 6.4-12.8 12.8v134.4c0 6.4 6.4 12.8 12.8 12.8zM496 400H48V80c0-8.84-7.16-16-16-16H16C7.16 64 0 71.16 0 80v336c0 17.67 14.33 32 32 32h464c8.84 0 16-7.16 16-16v-16c0-8.84-7.16-16-16-16zm-387.2-48h22.4c6.4 0 12.8-6.4 12.8-12.8v-70.4c0-6.4-6.4-12.8-12.8-12.8h-22.4c-6.4 0-12.8 6.4-12.8 12.8v70.4c0 6.4 6.4 12.8 12.8 12.8z\" class=\"\"><\/path><\/svg><\/i> <img loading=\"lazy\" decoding=\"async\" width=\"16\" height=\"16\" alt=\"Loading\" src=\"https:\/\/csavoly.hu\/wp\/wp-content\/plugins\/page-views-count\/ajax-loader-2x.gif\" border=0 \/><\/p><div class=\"pvc_clear\"><\/div>","protected":false},"excerpt":{"rendered":"<p>Temet\u0151i K\u00e1polna 1 A temet\u0151ben 1929-ben \u00faj k\u00e1polna \u00e9p\u00fclt. Fritz J\u00f3zsef \u00e9s s\u00f3gora voltak az \u00e9p\u00edttet\u0151k, akik az \u00e9p\u00edt\u0151 K\u00f3bor Ferenc v\u00e1llalkoz\u00f3t azzal b\u00edzt\u00e1k meg, hogy k\u00f6lts\u00e9g\u00fckre utazzon Olaszorsz\u00e1gba, arra a helyre ahol Tam\u00e1s fi\u00fak h\u0151si hal\u00e1lt halt. Ottani k\u00e1poln\u00e1kat tekintse meg, s a k\u00f6rletben domin\u00e1l\u00f3 k\u00e1poln\u00e1t mint\u00e1zza meg Cs\u00e1volyon. \u00cdgy tervezte, \u00e9s fel is &hellip; <a href=\"https:\/\/csavoly.hu\/wp\/?page_id=3481\" class=\"more-link\"><span class=\"screen-reader-text\">Temet\u0150i K\u00e1polna<\/span> b\u0151vebben&#8230; <span class=\"meta-nav\">&rarr;<\/span><\/a><\/p>\n<div class=\"pvc_clear\"><\/div>\n<p id=\"pvc_stats_3481\" class=\"pvc_stats all  \" data-element-id=\"3481\" style=\"\"><i class=\"pvc-stats-icon medium\" aria-hidden=\"true\"><svg aria-hidden=\"true\" focusable=\"false\" data-prefix=\"far\" data-icon=\"chart-bar\" role=\"img\" xmlns=\"http:\/\/www.w3.org\/2000\/svg\" viewBox=\"0 0 512 512\" class=\"svg-inline--fa fa-chart-bar fa-w-16 fa-2x\"><path fill=\"currentColor\" d=\"M396.8 352h22.4c6.4 0 12.8-6.4 12.8-12.8V108.8c0-6.4-6.4-12.8-12.8-12.8h-22.4c-6.4 0-12.8 6.4-12.8 12.8v230.4c0 6.4 6.4 12.8 12.8 12.8zm-192 0h22.4c6.4 0 12.8-6.4 12.8-12.8V140.8c0-6.4-6.4-12.8-12.8-12.8h-22.4c-6.4 0-12.8 6.4-12.8 12.8v198.4c0 6.4 6.4 12.8 12.8 12.8zm96 0h22.4c6.4 0 12.8-6.4 12.8-12.8V204.8c0-6.4-6.4-12.8-12.8-12.8h-22.4c-6.4 0-12.8 6.4-12.8 12.8v134.4c0 6.4 6.4 12.8 12.8 12.8zM496 400H48V80c0-8.84-7.16-16-16-16H16C7.16 64 0 71.16 0 80v336c0 17.67 14.33 32 32 32h464c8.84 0 16-7.16 16-16v-16c0-8.84-7.16-16-16-16zm-387.2-48h22.4c6.4 0 12.8-6.4 12.8-12.8v-70.4c0-6.4-6.4-12.8-12.8-12.8h-22.4c-6.4 0-12.8 6.4-12.8 12.8v70.4c0 6.4 6.4 12.8 12.8 12.8z\" class=\"\"><\/path><\/svg><\/i> <img loading=\"lazy\" decoding=\"async\" width=\"16\" height=\"16\" alt=\"Loading\" src=\"https:\/\/csavoly.hu\/wp\/wp-content\/plugins\/page-views-count\/ajax-loader-2x.gif\" border=0 \/><\/p>\n<div class=\"pvc_clear\"><\/div>\n","protected":false},"author":3,"featured_media":0,"parent":0,"menu_order":0,"comment_status":"closed","ping_status":"closed","template":"","meta":{"footnotes":""},"class_list":["post-3481","page","type-page","status-publish","hentry"],"_links":{"self":[{"href":"https:\/\/csavoly.hu\/wp\/index.php?rest_route=\/wp\/v2\/pages\/3481"}],"collection":[{"href":"https:\/\/csavoly.hu\/wp\/index.php?rest_route=\/wp\/v2\/pages"}],"about":[{"href":"https:\/\/csavoly.hu\/wp\/index.php?rest_route=\/wp\/v2\/types\/page"}],"author":[{"embeddable":true,"href":"https:\/\/csavoly.hu\/wp\/index.php?rest_route=\/wp\/v2\/users\/3"}],"replies":[{"embeddable":true,"href":"https:\/\/csavoly.hu\/wp\/index.php?rest_route=%2Fwp%2Fv2%2Fcomments&post=3481"}],"version-history":[{"count":2,"href":"https:\/\/csavoly.hu\/wp\/index.php?rest_route=\/wp\/v2\/pages\/3481\/revisions"}],"predecessor-version":[{"id":3484,"href":"https:\/\/csavoly.hu\/wp\/index.php?rest_route=\/wp\/v2\/pages\/3481\/revisions\/3484"}],"wp:attachment":[{"href":"https:\/\/csavoly.hu\/wp\/index.php?rest_route=%2Fwp%2Fv2%2Fmedia&parent=3481"}],"curies":[{"name":"wp","href":"https:\/\/api.w.org\/{rel}","templated":true}]}}