{"id":3495,"date":"2020-08-05T10:31:34","date_gmt":"2020-08-05T08:31:34","guid":{"rendered":"http:\/\/csavoly.hu\/wp\/?page_id=3495"},"modified":"2020-08-05T12:52:35","modified_gmt":"2020-08-05T10:52:35","slug":"pieta-2","status":"publish","type":"page","link":"https:\/\/csavoly.hu\/wp\/?page_id=3495","title":{"rendered":"Pi\u00e9ta"},"content":{"rendered":"\n<p>Pi\u00e9ta<\/p>\n\n\n\n<p><sup>1<\/sup>A cs\u00e1volyi nagy, j\u00e1rv\u00e1nyos, fert\u0151z\u0151 betegs\u00e9gek \u2013 pestis, kolera\u2026 &#8211; (1738-ban 70 szem\u00e9ly , 1831-ben-ben 123 f\u0151, 1833-ban 144 melyb\u0151l 118 a gyermek, 1855-ben 61 szem\u00e9ly\u2026) \u00e1ldozataira eml\u00e9keztet\u00a0 az 1859-ben \u00e1ll\u00edtott k\u00e9t eml\u00e9m\u0171, melyet Cs\u00e1voly k\u00f6zs\u00e9ge \u00e1ll\u00edtatott fel k\u00f6zadakoz\u00e1sb\u00f3l. <br> Ezekb\u0151l egyik a Pi\u00e9ta \u201ef\u00e1jdalmas anya\u201d<\/p>\n\n\n\n<p>Michelangello olasz mester annyi f\u00e1jdalommal \u00e1br\u00e1zolta a\nhalott Krisztust sirat\u00f3 M\u00e1ri\u00e1t, hogy az messze t\u00faln\u0151 az egyszer\u0171 vall\u00e1sos\njelenetn\u00e9l: minden gyermek\u00e9t gy\u00e1szol\u00f3 f\u00f6ldi anya,&nbsp; minden v\u00e9gtelen emberi gy\u00e1sz megtestes\u00edt\u0151j\u00e9v\u00e9\nv\u00e1lik. Anyai gy\u00e1szt faragott k\u0151be.<\/p>\n\n\n\n<p>Pi\u00e9ta szobor \u2013 a keresztr\u0151l levett Krisztust \u00f6l\u00e9ben tart\u00f3 \u00e9s\nfi\u00e1t sirat\u00f3 M\u00e1ria k\u00e9pz\u0151m\u0171v\u00e9szeti \u00e1br\u00e1zol\u00e1s \u2013 alkot\u00f3ja Kleitsch Mikl\u00f3s\nszobr\u00e1szm\u0171v\u00e9sz Apatinb\u00f3l. A Temet\u0151i k\u00e1polna m\u00f6g\u00f6tt ker\u00fclt elhelyez\u00e9sre, ahov\u00e1 a\nj\u00e1rv\u00e1nyos betegs\u00e9gben elhunytakat temett\u00e9k s\u0171r\u0171n egym\u00e1s mell\u00e9.<\/p>\n\n\n\n<p><sup>1.<\/sup>Dr. M\u00e1ndics Mih\u00e1ly: Cs\u00e1volyi Eml\u00e9khelyek 80. oldal<\/p>\n\n\n\n<figure class=\"wp-block-image\"><a href=\"https:\/\/csavoly.hu\/wp\/wp-content\/uploads\/2020\/08\/117241665_304585334223387_7670451013296736562_n.jpg\" target=\"_blank\" rel=\"noreferrer noopener\"><img loading=\"lazy\" decoding=\"async\" width=\"2048\" height=\"1365\" src=\"https:\/\/csavoly.hu\/wp\/wp-content\/uploads\/2020\/08\/117241665_304585334223387_7670451013296736562_n.jpg\" alt=\"\" class=\"wp-image-3494\" srcset=\"https:\/\/csavoly.hu\/wp\/wp-content\/uploads\/2020\/08\/117241665_304585334223387_7670451013296736562_n.jpg 2048w, https:\/\/csavoly.hu\/wp\/wp-content\/uploads\/2020\/08\/117241665_304585334223387_7670451013296736562_n-768x512.jpg 768w\" sizes=\"(max-width: 2048px) 100vw, 2048px\" \/><\/a><\/figure>\n\n\n\n<figure class=\"wp-block-image\"><a href=\"https:\/\/csavoly.hu\/wp\/wp-content\/uploads\/2020\/08\/116874808_602888457061981_2140105040017339821_n.jpg\" target=\"_blank\" rel=\"noreferrer noopener\"><img loading=\"lazy\" decoding=\"async\" width=\"2048\" height=\"1365\" src=\"https:\/\/csavoly.hu\/wp\/wp-content\/uploads\/2020\/08\/116874808_602888457061981_2140105040017339821_n.jpg\" alt=\"\" class=\"wp-image-3493\" srcset=\"https:\/\/csavoly.hu\/wp\/wp-content\/uploads\/2020\/08\/116874808_602888457061981_2140105040017339821_n.jpg 2048w, https:\/\/csavoly.hu\/wp\/wp-content\/uploads\/2020\/08\/116874808_602888457061981_2140105040017339821_n-768x512.jpg 768w\" sizes=\"(max-width: 2048px) 100vw, 2048px\" \/><\/a><\/figure>\n\n\n\n<figure class=\"wp-block-image\"><a href=\"https:\/\/csavoly.hu\/wp\/wp-content\/uploads\/2020\/08\/116820504_1194312140917265_3381751943837934309_n.jpg\" target=\"_blank\" rel=\"noreferrer noopener\"><img loading=\"lazy\" decoding=\"async\" width=\"2048\" height=\"1365\" src=\"https:\/\/csavoly.hu\/wp\/wp-content\/uploads\/2020\/08\/116820504_1194312140917265_3381751943837934309_n.jpg\" alt=\"\" class=\"wp-image-3492\" srcset=\"https:\/\/csavoly.hu\/wp\/wp-content\/uploads\/2020\/08\/116820504_1194312140917265_3381751943837934309_n.jpg 2048w, https:\/\/csavoly.hu\/wp\/wp-content\/uploads\/2020\/08\/116820504_1194312140917265_3381751943837934309_n-768x512.jpg 768w\" sizes=\"(max-width: 2048px) 100vw, 2048px\" \/><\/a><\/figure>\n<div class=\"pvc_clear\"><\/div><p id=\"pvc_stats_3495\" class=\"pvc_stats all  \" data-element-id=\"3495\" style=\"\"><i class=\"pvc-stats-icon medium\" aria-hidden=\"true\"><svg aria-hidden=\"true\" focusable=\"false\" data-prefix=\"far\" data-icon=\"chart-bar\" role=\"img\" xmlns=\"http:\/\/www.w3.org\/2000\/svg\" viewBox=\"0 0 512 512\" class=\"svg-inline--fa fa-chart-bar fa-w-16 fa-2x\"><path fill=\"currentColor\" d=\"M396.8 352h22.4c6.4 0 12.8-6.4 12.8-12.8V108.8c0-6.4-6.4-12.8-12.8-12.8h-22.4c-6.4 0-12.8 6.4-12.8 12.8v230.4c0 6.4 6.4 12.8 12.8 12.8zm-192 0h22.4c6.4 0 12.8-6.4 12.8-12.8V140.8c0-6.4-6.4-12.8-12.8-12.8h-22.4c-6.4 0-12.8 6.4-12.8 12.8v198.4c0 6.4 6.4 12.8 12.8 12.8zm96 0h22.4c6.4 0 12.8-6.4 12.8-12.8V204.8c0-6.4-6.4-12.8-12.8-12.8h-22.4c-6.4 0-12.8 6.4-12.8 12.8v134.4c0 6.4 6.4 12.8 12.8 12.8zM496 400H48V80c0-8.84-7.16-16-16-16H16C7.16 64 0 71.16 0 80v336c0 17.67 14.33 32 32 32h464c8.84 0 16-7.16 16-16v-16c0-8.84-7.16-16-16-16zm-387.2-48h22.4c6.4 0 12.8-6.4 12.8-12.8v-70.4c0-6.4-6.4-12.8-12.8-12.8h-22.4c-6.4 0-12.8 6.4-12.8 12.8v70.4c0 6.4 6.4 12.8 12.8 12.8z\" class=\"\"><\/path><\/svg><\/i> <img loading=\"lazy\" decoding=\"async\" width=\"16\" height=\"16\" alt=\"Loading\" src=\"https:\/\/csavoly.hu\/wp\/wp-content\/plugins\/page-views-count\/ajax-loader-2x.gif\" border=0 \/><\/p><div class=\"pvc_clear\"><\/div>","protected":false},"excerpt":{"rendered":"<p>Pi\u00e9ta 1A cs\u00e1volyi nagy, j\u00e1rv\u00e1nyos, fert\u0151z\u0151 betegs\u00e9gek \u2013 pestis, kolera\u2026 &#8211; (1738-ban 70 szem\u00e9ly , 1831-ben-ben 123 f\u0151, 1833-ban 144 melyb\u0151l 118 a gyermek, 1855-ben 61 szem\u00e9ly\u2026) \u00e1ldozataira eml\u00e9keztet\u00a0 az 1859-ben \u00e1ll\u00edtott k\u00e9t eml\u00e9m\u0171, melyet Cs\u00e1voly k\u00f6zs\u00e9ge \u00e1ll\u00edtatott fel k\u00f6zadakoz\u00e1sb\u00f3l. Ezekb\u0151l egyik a Pi\u00e9ta \u201ef\u00e1jdalmas anya\u201d Michelangello olasz mester annyi f\u00e1jdalommal \u00e1br\u00e1zolta a halott Krisztust &hellip; <a href=\"https:\/\/csavoly.hu\/wp\/?page_id=3495\" class=\"more-link\"><span class=\"screen-reader-text\">Pi\u00e9ta<\/span> b\u0151vebben&#8230; <span class=\"meta-nav\">&rarr;<\/span><\/a><\/p>\n<div class=\"pvc_clear\"><\/div>\n<p id=\"pvc_stats_3495\" class=\"pvc_stats all  \" data-element-id=\"3495\" style=\"\"><i class=\"pvc-stats-icon medium\" aria-hidden=\"true\"><svg aria-hidden=\"true\" focusable=\"false\" data-prefix=\"far\" data-icon=\"chart-bar\" role=\"img\" xmlns=\"http:\/\/www.w3.org\/2000\/svg\" viewBox=\"0 0 512 512\" class=\"svg-inline--fa fa-chart-bar fa-w-16 fa-2x\"><path fill=\"currentColor\" d=\"M396.8 352h22.4c6.4 0 12.8-6.4 12.8-12.8V108.8c0-6.4-6.4-12.8-12.8-12.8h-22.4c-6.4 0-12.8 6.4-12.8 12.8v230.4c0 6.4 6.4 12.8 12.8 12.8zm-192 0h22.4c6.4 0 12.8-6.4 12.8-12.8V140.8c0-6.4-6.4-12.8-12.8-12.8h-22.4c-6.4 0-12.8 6.4-12.8 12.8v198.4c0 6.4 6.4 12.8 12.8 12.8zm96 0h22.4c6.4 0 12.8-6.4 12.8-12.8V204.8c0-6.4-6.4-12.8-12.8-12.8h-22.4c-6.4 0-12.8 6.4-12.8 12.8v134.4c0 6.4 6.4 12.8 12.8 12.8zM496 400H48V80c0-8.84-7.16-16-16-16H16C7.16 64 0 71.16 0 80v336c0 17.67 14.33 32 32 32h464c8.84 0 16-7.16 16-16v-16c0-8.84-7.16-16-16-16zm-387.2-48h22.4c6.4 0 12.8-6.4 12.8-12.8v-70.4c0-6.4-6.4-12.8-12.8-12.8h-22.4c-6.4 0-12.8 6.4-12.8 12.8v70.4c0 6.4 6.4 12.8 12.8 12.8z\" class=\"\"><\/path><\/svg><\/i> <img loading=\"lazy\" decoding=\"async\" width=\"16\" height=\"16\" alt=\"Loading\" src=\"https:\/\/csavoly.hu\/wp\/wp-content\/plugins\/page-views-count\/ajax-loader-2x.gif\" border=0 \/><\/p>\n<div class=\"pvc_clear\"><\/div>\n","protected":false},"author":3,"featured_media":0,"parent":0,"menu_order":0,"comment_status":"closed","ping_status":"closed","template":"","meta":{"footnotes":""},"class_list":["post-3495","page","type-page","status-publish","hentry"],"_links":{"self":[{"href":"https:\/\/csavoly.hu\/wp\/index.php?rest_route=\/wp\/v2\/pages\/3495"}],"collection":[{"href":"https:\/\/csavoly.hu\/wp\/index.php?rest_route=\/wp\/v2\/pages"}],"about":[{"href":"https:\/\/csavoly.hu\/wp\/index.php?rest_route=\/wp\/v2\/types\/page"}],"author":[{"embeddable":true,"href":"https:\/\/csavoly.hu\/wp\/index.php?rest_route=\/wp\/v2\/users\/3"}],"replies":[{"embeddable":true,"href":"https:\/\/csavoly.hu\/wp\/index.php?rest_route=%2Fwp%2Fv2%2Fcomments&post=3495"}],"version-history":[{"count":2,"href":"https:\/\/csavoly.hu\/wp\/index.php?rest_route=\/wp\/v2\/pages\/3495\/revisions"}],"predecessor-version":[{"id":3498,"href":"https:\/\/csavoly.hu\/wp\/index.php?rest_route=\/wp\/v2\/pages\/3495\/revisions\/3498"}],"wp:attachment":[{"href":"https:\/\/csavoly.hu\/wp\/index.php?rest_route=%2Fwp%2Fv2%2Fmedia&parent=3495"}],"curies":[{"name":"wp","href":"https:\/\/api.w.org\/{rel}","templated":true}]}}