{"id":3592,"date":"2020-10-05T10:59:54","date_gmt":"2020-10-05T08:59:54","guid":{"rendered":"http:\/\/csavoly.hu\/wp\/?page_id=3592"},"modified":"2020-11-25T12:01:18","modified_gmt":"2020-11-25T10:01:18","slug":"bursa-hungarica-2021","status":"publish","type":"page","link":"https:\/\/csavoly.hu\/wp\/?page_id=3592","title":{"rendered":"BURSA HUNGARICA 2021."},"content":{"rendered":"\n<p class=\"has-medium-font-size\"><a rel=\"noreferrer noopener\" aria-label=\"A tipus\u00fa p\u00e1ly\u00e1zati ki\u00edr\u00e1s (opens in a new tab)\" href=\"https:\/\/csavoly.hu\/wp\/wp-content\/uploads\/2020\/10\/A-tipus\u00fa-p\u00e1ly\u00e1zati-ki\u00edras-2021..pdf\" target=\"_blank\">A tipus\u00fa p\u00e1ly\u00e1zati ki\u00edr\u00e1s<\/a><\/p>\n\n\n\n<p class=\"has-medium-font-size\"><a rel=\"noreferrer noopener\" aria-label=\"B tipus\u00fa p\u00e1ly\u00e1zati ki\u00edr\u00e1s (opens in a new tab)\" href=\"https:\/\/csavoly.hu\/wp\/wp-content\/uploads\/2020\/10\/B-tipus\u00fa-p\u00e1ly\u00e1zati-ki\u00edr\u00e1s-2021..pdf\" target=\"_blank\">B tipus\u00fa p\u00e1ly\u00e1zati ki\u00edr\u00e1s<\/a><\/p>\n\n\n\n<p class=\"has-medium-font-size\"><a rel=\"noreferrer noopener\" aria-label=\"1 mell\u00e9klet (opens in a new tab)\" href=\"https:\/\/csavoly.hu\/wp\/wp-content\/uploads\/2020\/10\/1_mell\u00e9klet.docx\" target=\"_blank\">1 mell\u00e9klet<\/a><\/p>\n\n\n\n<p class=\"has-medium-font-size\"><a rel=\"noreferrer noopener\" aria-label=\"2 mell\u00e9klet (opens in a new tab)\" href=\"https:\/\/csavoly.hu\/wp\/wp-content\/uploads\/2020\/10\/2_mell\u00e9klet.docx\" target=\"_blank\">2 mell\u00e9klet<\/a><\/p>\n\n\n\n<p class=\"has-medium-font-size\"><a rel=\"noreferrer noopener\" aria-label=\"3 mell\u00e9klet (opens in a new tab)\" href=\"https:\/\/csavoly.hu\/wp\/wp-content\/uploads\/2020\/10\/3_mell\u00e9klet.docx\" target=\"_blank\">3 mell\u00e9klet<\/a><\/p>\n\n\n\n<p class=\"has-medium-font-size\"><a rel=\"noreferrer noopener\" aria-label=\"Elb\u00edr\u00e1l\u00e1s (opens in a new tab)\" href=\"https:\/\/csavoly.hu\/wp\/wp-content\/uploads\/2020\/11\/20kiv188_pm_Bursa-p\u00e1ly\u00e1zatokr\u00f3l-d\u00f6nt\u00e9s-szem\u00e9lyes-adatok-n\u00e9lk\u00fcl.pdf\" target=\"_blank\">P\u00e1ly\u00e1zatok elb\u00edr\u00e1l\u00e1sa<\/a><\/p>\n<div class=\"pvc_clear\"><\/div><p id=\"pvc_stats_3592\" class=\"pvc_stats all  \" data-element-id=\"3592\" style=\"\"><i class=\"pvc-stats-icon medium\" aria-hidden=\"true\"><svg aria-hidden=\"true\" focusable=\"false\" data-prefix=\"far\" data-icon=\"chart-bar\" role=\"img\" xmlns=\"http:\/\/www.w3.org\/2000\/svg\" viewBox=\"0 0 512 512\" class=\"svg-inline--fa fa-chart-bar fa-w-16 fa-2x\"><path fill=\"currentColor\" d=\"M396.8 352h22.4c6.4 0 12.8-6.4 12.8-12.8V108.8c0-6.4-6.4-12.8-12.8-12.8h-22.4c-6.4 0-12.8 6.4-12.8 12.8v230.4c0 6.4 6.4 12.8 12.8 12.8zm-192 0h22.4c6.4 0 12.8-6.4 12.8-12.8V140.8c0-6.4-6.4-12.8-12.8-12.8h-22.4c-6.4 0-12.8 6.4-12.8 12.8v198.4c0 6.4 6.4 12.8 12.8 12.8zm96 0h22.4c6.4 0 12.8-6.4 12.8-12.8V204.8c0-6.4-6.4-12.8-12.8-12.8h-22.4c-6.4 0-12.8 6.4-12.8 12.8v134.4c0 6.4 6.4 12.8 12.8 12.8zM496 400H48V80c0-8.84-7.16-16-16-16H16C7.16 64 0 71.16 0 80v336c0 17.67 14.33 32 32 32h464c8.84 0 16-7.16 16-16v-16c0-8.84-7.16-16-16-16zm-387.2-48h22.4c6.4 0 12.8-6.4 12.8-12.8v-70.4c0-6.4-6.4-12.8-12.8-12.8h-22.4c-6.4 0-12.8 6.4-12.8 12.8v70.4c0 6.4 6.4 12.8 12.8 12.8z\" class=\"\"><\/path><\/svg><\/i> <img loading=\"lazy\" decoding=\"async\" width=\"16\" height=\"16\" alt=\"Loading\" src=\"https:\/\/csavoly.hu\/wp\/wp-content\/plugins\/page-views-count\/ajax-loader-2x.gif\" border=0 \/><\/p><div class=\"pvc_clear\"><\/div>","protected":false},"excerpt":{"rendered":"<p>A tipus\u00fa p\u00e1ly\u00e1zati ki\u00edr\u00e1s B tipus\u00fa p\u00e1ly\u00e1zati ki\u00edr\u00e1s 1 mell\u00e9klet 2 mell\u00e9klet 3 mell\u00e9klet P\u00e1ly\u00e1zatok elb\u00edr\u00e1l\u00e1sa<\/p>\n<div class=\"pvc_clear\"><\/div>\n<p id=\"pvc_stats_3592\" class=\"pvc_stats all  \" data-element-id=\"3592\" style=\"\"><i class=\"pvc-stats-icon medium\" aria-hidden=\"true\"><svg aria-hidden=\"true\" focusable=\"false\" data-prefix=\"far\" data-icon=\"chart-bar\" role=\"img\" xmlns=\"http:\/\/www.w3.org\/2000\/svg\" viewBox=\"0 0 512 512\" class=\"svg-inline--fa fa-chart-bar fa-w-16 fa-2x\"><path fill=\"currentColor\" d=\"M396.8 352h22.4c6.4 0 12.8-6.4 12.8-12.8V108.8c0-6.4-6.4-12.8-12.8-12.8h-22.4c-6.4 0-12.8 6.4-12.8 12.8v230.4c0 6.4 6.4 12.8 12.8 12.8zm-192 0h22.4c6.4 0 12.8-6.4 12.8-12.8V140.8c0-6.4-6.4-12.8-12.8-12.8h-22.4c-6.4 0-12.8 6.4-12.8 12.8v198.4c0 6.4 6.4 12.8 12.8 12.8zm96 0h22.4c6.4 0 12.8-6.4 12.8-12.8V204.8c0-6.4-6.4-12.8-12.8-12.8h-22.4c-6.4 0-12.8 6.4-12.8 12.8v134.4c0 6.4 6.4 12.8 12.8 12.8zM496 400H48V80c0-8.84-7.16-16-16-16H16C7.16 64 0 71.16 0 80v336c0 17.67 14.33 32 32 32h464c8.84 0 16-7.16 16-16v-16c0-8.84-7.16-16-16-16zm-387.2-48h22.4c6.4 0 12.8-6.4 12.8-12.8v-70.4c0-6.4-6.4-12.8-12.8-12.8h-22.4c-6.4 0-12.8 6.4-12.8 12.8v70.4c0 6.4 6.4 12.8 12.8 12.8z\" class=\"\"><\/path><\/svg><\/i> <img loading=\"lazy\" decoding=\"async\" width=\"16\" height=\"16\" alt=\"Loading\" src=\"https:\/\/csavoly.hu\/wp\/wp-content\/plugins\/page-views-count\/ajax-loader-2x.gif\" border=0 \/><\/p>\n<div class=\"pvc_clear\"><\/div>\n","protected":false},"author":3,"featured_media":0,"parent":0,"menu_order":0,"comment_status":"closed","ping_status":"closed","template":"","meta":{"footnotes":""},"class_list":["post-3592","page","type-page","status-publish","hentry"],"_links":{"self":[{"href":"https:\/\/csavoly.hu\/wp\/index.php?rest_route=\/wp\/v2\/pages\/3592"}],"collection":[{"href":"https:\/\/csavoly.hu\/wp\/index.php?rest_route=\/wp\/v2\/pages"}],"about":[{"href":"https:\/\/csavoly.hu\/wp\/index.php?rest_route=\/wp\/v2\/types\/page"}],"author":[{"embeddable":true,"href":"https:\/\/csavoly.hu\/wp\/index.php?rest_route=\/wp\/v2\/users\/3"}],"replies":[{"embeddable":true,"href":"https:\/\/csavoly.hu\/wp\/index.php?rest_route=%2Fwp%2Fv2%2Fcomments&post=3592"}],"version-history":[{"count":11,"href":"https:\/\/csavoly.hu\/wp\/index.php?rest_route=\/wp\/v2\/pages\/3592\/revisions"}],"predecessor-version":[{"id":3746,"href":"https:\/\/csavoly.hu\/wp\/index.php?rest_route=\/wp\/v2\/pages\/3592\/revisions\/3746"}],"wp:attachment":[{"href":"https:\/\/csavoly.hu\/wp\/index.php?rest_route=%2Fwp%2Fv2%2Fmedia&parent=3592"}],"curies":[{"name":"wp","href":"https:\/\/api.w.org\/{rel}","templated":true}]}}