{"id":379,"date":"2016-01-07T14:52:02","date_gmt":"2016-01-07T14:52:02","guid":{"rendered":"http:\/\/csavoly.hu\/wp\/?page_id=379"},"modified":"2016-01-08T10:22:31","modified_gmt":"2016-01-08T10:22:31","slug":"ertektar","status":"publish","type":"page","link":"https:\/\/csavoly.hu\/wp\/?page_id=379","title":{"rendered":"\u00c9rt\u00e9kt\u00e1r"},"content":{"rendered":"<p style=\"text-align: center;\">Megalakult a Cs\u00e1voly Telep\u00fcl\u00e9si \u00c9rt\u00e9kt\u00e1r!<\/p>\n<p style=\"text-align: center;\">\n<p style=\"text-align: center;\">Cs\u00e1voly K\u00f6zs\u00e9g \u00d6nkorm\u00e1nyzat\u00e1nak K\u00e9pvisel\u0151 Test\u00fclete 2015. november 18-i test\u00fcleti \u00fcl\u00e9s\u00e9n a Telep\u00fcl\u00e9si \u00c9rt\u00e9kt\u00e1r l\u00e9trehoz\u00e1sa v\u00e9gett, k\u00e9pvisel\u0151i kezdem\u00e9nyez\u00e9sre megalap\u00edtotta a Cs\u00e1voly Telep\u00fcl\u00e9si \u00c9rt\u00e9kt\u00e1r Bizotts\u00e1got. A Bizotts\u00e1g feladata a k\u00f6zs\u00e9g\u00fcnkben fellelhet\u0151 telep\u00fcl\u00e9si \u00e9rt\u00e9kek azonos\u00edt\u00e1sa valamint nemzeti \u00e9rt\u00e9kek adatait tartalmaz\u00f3 gy\u0171jtem\u00e9ny l\u00e9trehoz\u00e1sa. Hogy mi sz\u00e1m\u00edt telep\u00fcl\u00e9si \u00e9rt\u00e9knek? A magyar nemzeti \u00e9rt\u00e9kekr\u0151l \u00e9s Hungarikumokr\u00f3l sz\u00f3l\u00f3 2012. \u00e9vi XXX. t\u00f6rv\u00e9ny ezt hosszan r\u00e9szletezi, de r\u00f6viden: minden, amit az adott k\u00f6z\u00f6ss\u00e9g a m\u00faltj\u00e1b\u00f3l \u00e9s jelen\u00e9b\u0151l meg\u0151rz\u00e9sre \u00e9rdemesnek tart, legyen az gy\u0171jtem\u00e9ny, n\u00e9pszok\u00e1s, \u00e9p\u00edt\u00e9szeti-, k\u00f6rnyezeti \u00e9rt\u00e9k. Ezen \u00e9rt\u00e9kek felt\u00e1r\u00e1s\u00e1ban fontos szerep jut a k\u00f6z\u00f6ss\u00e9g tagjainak, mivel egy adott \u00e9rt\u00e9k felv\u00e9tel\u00e9t a Telep\u00fcl\u00e9si \u00c9rt\u00e9kt\u00e1rba b\u00e1rmely mag\u00e1nszem\u00e9ly \u00e9s civil szervezet javasolhatja a 114\/2013. (VII. 16.) Korm. rendelet 1. sz. mell\u00e9klet\u00e9be foglalt nyomtatv\u00e1nyon. A min\u00e9l b\u0151vebb \u00c9rt\u00e9kt\u00e1r l\u00e9trehoz\u00e1s\u00e1hoz szeretn\u00e9nk bevonni a lakoss\u00e1got is, ez\u00e9rt a nyomtatv\u00e1nyt kihelyezz\u00fck a Polg\u00e1rmesteri Hivatalban \u00e9s az IKSzT irod\u00e1j\u00e1ban. A Bizotts\u00e1g sz\u00f3beli bejelent\u00e9s alapj\u00e1n is fogad javaslatot, mely esetben azt maga \u00e1ll\u00edtja \u00f6ssze.<\/p>\n<p style=\"text-align: center;\">A javaslatokat az \u00c9rt\u00e9kt\u00e1r Bizotts\u00e1g b\u00edr\u00e1lja el, viszont d\u00f6nt\u00e9seinek el\u0151k\u00e9sz\u00edt\u00e9s\u00e9be mindig bevonja a helyi \u00e9rt\u00e9k helyes meg\u00edt\u00e9l\u00e9s\u00e9t seg\u00edt\u0151 szem\u00e9lyeket, civil szervezeteket. A telep\u00fcl\u00e9s \u00e9rt\u00e9kek a nemzeti \u00e9rt\u00e9kek hierarchi\u00e1j\u00e1ban az els\u0151 l\u00e9pcs\u0151t jelentik, a kiemelt figyelmet \u00e9rdeml\u0151k felterjeszt\u00e9sre ker\u00fclnek ak\u00e1r a Megyei \u00c9rt\u00e9kt\u00e1rba-, ak\u00e1r a Magyar \u00c9rt\u00e9kt\u00e1rba val\u00f3 felv\u00e9telre.<\/p>\n<p style=\"text-align: center;\">Az \u00e9rt\u00e9kt\u00e1r l\u00e9te illetve a telep\u00fcl\u00e9si \u00e9rt\u00e9k c\u00edmz\u00e9s lehet\u0151s\u00e9get ad bemutat\u00f3 helyeken val\u00f3 szerepl\u00e9sre, valamint a folyamatosan meghirdet\u00e9sre ker\u00fcl\u0151 p\u00e1ly\u00e1zatokon val\u00f3 r\u00e9szv\u00e9telre.<\/p>\n<p style=\"text-align: center;\">Ez\u00faton k\u00e9rj\u00fck a lakoss\u00e1got, javaslataikkal seg\u00edts\u00e9k a min\u00e9l teljesebb felm\u00e9r\u00e9st, melyhez seg\u00edts\u00e9get ny\u00fajtunk, valamint a k\u00e9s\u0151bbiekben, a t\u00e9m\u00e1ban j\u00e1rtas szak\u00e9rt\u0151 bevon\u00e1s\u00e1val t\u00e1j\u00e9koztat\u00f3 f\u00f3rumot tartunk.<\/p>\n<p style=\"text-align: center;\">T\u00e1mogat\u00f3 seg\u00edts\u00e9g\u00fcket k\u00f6sz\u00f6nve, boldog kar\u00e1csonyt \u00e9s sikerekben gazdag boldog \u00faj\u00e9vet k\u00edv\u00e1n az \u00c9rt\u00e9kt\u00e1r Bizotts\u00e1g!<\/p>\n<p style=\"text-align: center;\">\n<p style=\"text-align: center;\">Tettinger Andrea\u00a0\u00a0\u00a0\u00a0\u00a0\u00a0\u00a0\u00a0\u00a0\u00a0\u00a0\u00a0\u00a0\u00a0\u00a0\u00a0\u00a0\u00a0\u00a0\u00a0\u00a0\u00a0\u00a0\u00a0\u00a0\u00a0\u00a0 Krupa-T\u00f3thn\u00e9 S\u00e1godi M\u00e1ria\u00a0\u00a0\u00a0\u00a0\u00a0\u00a0\u00a0\u00a0\u00a0\u00a0\u00a0\u00a0\u00a0\u00a0\u00a0\u00a0\u00a0\u00a0\u00a0\u00a0\u00a0\u00a0 Ber\u00e9nyi Attila<\/p>\n<p style=\"text-align: center;\">tagok<\/p>\n<div class=\"pvc_clear\"><\/div>\n<p id=\"pvc_stats_379\" class=\"pvc_stats all  \" data-element-id=\"379\" style=\"\"><i class=\"pvc-stats-icon medium\" aria-hidden=\"true\"><svg aria-hidden=\"true\" focusable=\"false\" data-prefix=\"far\" data-icon=\"chart-bar\" role=\"img\" xmlns=\"http:\/\/www.w3.org\/2000\/svg\" viewBox=\"0 0 512 512\" class=\"svg-inline--fa fa-chart-bar fa-w-16 fa-2x\"><path fill=\"currentColor\" d=\"M396.8 352h22.4c6.4 0 12.8-6.4 12.8-12.8V108.8c0-6.4-6.4-12.8-12.8-12.8h-22.4c-6.4 0-12.8 6.4-12.8 12.8v230.4c0 6.4 6.4 12.8 12.8 12.8zm-192 0h22.4c6.4 0 12.8-6.4 12.8-12.8V140.8c0-6.4-6.4-12.8-12.8-12.8h-22.4c-6.4 0-12.8 6.4-12.8 12.8v198.4c0 6.4 6.4 12.8 12.8 12.8zm96 0h22.4c6.4 0 12.8-6.4 12.8-12.8V204.8c0-6.4-6.4-12.8-12.8-12.8h-22.4c-6.4 0-12.8 6.4-12.8 12.8v134.4c0 6.4 6.4 12.8 12.8 12.8zM496 400H48V80c0-8.84-7.16-16-16-16H16C7.16 64 0 71.16 0 80v336c0 17.67 14.33 32 32 32h464c8.84 0 16-7.16 16-16v-16c0-8.84-7.16-16-16-16zm-387.2-48h22.4c6.4 0 12.8-6.4 12.8-12.8v-70.4c0-6.4-6.4-12.8-12.8-12.8h-22.4c-6.4 0-12.8 6.4-12.8 12.8v70.4c0 6.4 6.4 12.8 12.8 12.8z\" class=\"\"><\/path><\/svg><\/i> <img loading=\"lazy\" decoding=\"async\" width=\"16\" height=\"16\" alt=\"Loading\" src=\"https:\/\/csavoly.hu\/wp\/wp-content\/plugins\/page-views-count\/ajax-loader-2x.gif\" border=0 \/><\/p>\n<div class=\"pvc_clear\"><\/div>\n","protected":false},"excerpt":{"rendered":"<p>Megalakult a Cs\u00e1voly Telep\u00fcl\u00e9si \u00c9rt\u00e9kt\u00e1r! Cs\u00e1voly K\u00f6zs\u00e9g \u00d6nkorm\u00e1nyzat\u00e1nak K\u00e9pvisel\u0151 Test\u00fclete 2015. november 18-i test\u00fcleti \u00fcl\u00e9s\u00e9n a Telep\u00fcl\u00e9si \u00c9rt\u00e9kt\u00e1r l\u00e9trehoz\u00e1sa v\u00e9gett, k\u00e9pvisel\u0151i kezdem\u00e9nyez\u00e9sre megalap\u00edtotta a Cs\u00e1voly Telep\u00fcl\u00e9si \u00c9rt\u00e9kt\u00e1r Bizotts\u00e1got. A Bizotts\u00e1g feladata a k\u00f6zs\u00e9g\u00fcnkben fellelhet\u0151 telep\u00fcl\u00e9si \u00e9rt\u00e9kek azonos\u00edt\u00e1sa valamint nemzeti \u00e9rt\u00e9kek adatait tartalmaz\u00f3 gy\u0171jtem\u00e9ny l\u00e9trehoz\u00e1sa. Hogy mi sz\u00e1m\u00edt telep\u00fcl\u00e9si \u00e9rt\u00e9knek? A magyar nemzeti \u00e9rt\u00e9kekr\u0151l \u00e9s Hungarikumokr\u00f3l &hellip; <a href=\"https:\/\/csavoly.hu\/wp\/?page_id=379\" class=\"more-link\"><span class=\"screen-reader-text\">\u00c9rt\u00e9kt\u00e1r<\/span> b\u0151vebben&#8230; <span class=\"meta-nav\">&rarr;<\/span><\/a><\/p>\n<div class=\"pvc_clear\"><\/div>\n<p id=\"pvc_stats_379\" class=\"pvc_stats all  \" data-element-id=\"379\" style=\"\"><i class=\"pvc-stats-icon medium\" aria-hidden=\"true\"><svg aria-hidden=\"true\" focusable=\"false\" data-prefix=\"far\" data-icon=\"chart-bar\" role=\"img\" xmlns=\"http:\/\/www.w3.org\/2000\/svg\" viewBox=\"0 0 512 512\" class=\"svg-inline--fa fa-chart-bar fa-w-16 fa-2x\"><path fill=\"currentColor\" d=\"M396.8 352h22.4c6.4 0 12.8-6.4 12.8-12.8V108.8c0-6.4-6.4-12.8-12.8-12.8h-22.4c-6.4 0-12.8 6.4-12.8 12.8v230.4c0 6.4 6.4 12.8 12.8 12.8zm-192 0h22.4c6.4 0 12.8-6.4 12.8-12.8V140.8c0-6.4-6.4-12.8-12.8-12.8h-22.4c-6.4 0-12.8 6.4-12.8 12.8v198.4c0 6.4 6.4 12.8 12.8 12.8zm96 0h22.4c6.4 0 12.8-6.4 12.8-12.8V204.8c0-6.4-6.4-12.8-12.8-12.8h-22.4c-6.4 0-12.8 6.4-12.8 12.8v134.4c0 6.4 6.4 12.8 12.8 12.8zM496 400H48V80c0-8.84-7.16-16-16-16H16C7.16 64 0 71.16 0 80v336c0 17.67 14.33 32 32 32h464c8.84 0 16-7.16 16-16v-16c0-8.84-7.16-16-16-16zm-387.2-48h22.4c6.4 0 12.8-6.4 12.8-12.8v-70.4c0-6.4-6.4-12.8-12.8-12.8h-22.4c-6.4 0-12.8 6.4-12.8 12.8v70.4c0 6.4 6.4 12.8 12.8 12.8z\" class=\"\"><\/path><\/svg><\/i> <img loading=\"lazy\" decoding=\"async\" width=\"16\" height=\"16\" alt=\"Loading\" src=\"https:\/\/csavoly.hu\/wp\/wp-content\/plugins\/page-views-count\/ajax-loader-2x.gif\" border=0 \/><\/p>\n<div class=\"pvc_clear\"><\/div>\n","protected":false},"author":3,"featured_media":0,"parent":0,"menu_order":0,"comment_status":"closed","ping_status":"closed","template":"","meta":{"footnotes":""},"class_list":["post-379","page","type-page","status-publish","hentry"],"_links":{"self":[{"href":"https:\/\/csavoly.hu\/wp\/index.php?rest_route=\/wp\/v2\/pages\/379"}],"collection":[{"href":"https:\/\/csavoly.hu\/wp\/index.php?rest_route=\/wp\/v2\/pages"}],"about":[{"href":"https:\/\/csavoly.hu\/wp\/index.php?rest_route=\/wp\/v2\/types\/page"}],"author":[{"embeddable":true,"href":"https:\/\/csavoly.hu\/wp\/index.php?rest_route=\/wp\/v2\/users\/3"}],"replies":[{"embeddable":true,"href":"https:\/\/csavoly.hu\/wp\/index.php?rest_route=%2Fwp%2Fv2%2Fcomments&post=379"}],"version-history":[{"count":0,"href":"https:\/\/csavoly.hu\/wp\/index.php?rest_route=\/wp\/v2\/pages\/379\/revisions"}],"wp:attachment":[{"href":"https:\/\/csavoly.hu\/wp\/index.php?rest_route=%2Fwp%2Fv2%2Fmedia&parent=379"}],"curies":[{"name":"wp","href":"https:\/\/api.w.org\/{rel}","templated":true}]}}