{"id":4214,"date":"2021-05-26T08:24:18","date_gmt":"2021-05-26T06:24:18","guid":{"rendered":"http:\/\/csavoly.hu\/wp\/?page_id=4214"},"modified":"2022-02-07T13:52:11","modified_gmt":"2022-02-07T11:52:11","slug":"elnyert-palyazatok","status":"publish","type":"page","link":"https:\/\/csavoly.hu\/wp\/?page_id=4214","title":{"rendered":"ELNYERT P\u00c1LY\u00c1ZATOK"},"content":{"rendered":"\n<p class=\"has-medium-font-size\"><a href=\"https:\/\/csavoly.hu\/wp\/?page_id=4642\" target=\"_blank\" rel=\"noreferrer noopener\" aria-label=\"Energetikai fel\u00faj\u00edt\u00e1s Cs\u00e1voly K\u00f6zs\u00e9gi\n\u00d6nkorm\u00e1nyzat\u00e1nak \u00e9p\u00fcletein  (opens in a new tab)\">Energetikai fel\u00faj\u00edt\u00e1s Cs\u00e1voly K\u00f6zs\u00e9gi<br>\u00d6nkorm\u00e1nyzat\u00e1nak \u00e9p\u00fcletein <\/a><\/p>\n\n\n\n<h4 class=\"wp-block-heading\"><a rel=\"noreferrer noopener\" aria-label=\"\u00d6NKORM\u00c1NYZATI TULAJDONBAN L\u00c9V\u0150 INGATLANOK FEJLESZT\u00c9SE \u2013 2021 (opens in a new tab)\" href=\"https:\/\/csavoly.hu\/wp\/?page_id=4470\" target=\"_blank\">\u00d6nkorm\u00e1nyzati tulajdonban l\u00e9v\u0151 ingatlanok fejleszt\u00e9se &#8211; 2021<\/a><\/h4>\n\n\n\n<p class=\"has-medium-font-size\"><a href=\"https:\/\/csavoly.hu\/wp\/?page_id=4429\" target=\"_blank\" rel=\"noreferrer noopener\" aria-label=\"J\u00e1rdafel\u00faj\u00edt\u00e1s (opens in a new tab)\">J\u00e1rdafel\u00faj\u00edt\u00e1s<\/a><\/p>\n\n\n\n<p class=\"has-medium-font-size\"><a rel=\"noreferrer noopener\" aria-label=\"Mini b\u00f6lcs\u0151de kialak\u00edt\u00e1sa (opens in a new tab)\" href=\"https:\/\/csavoly.hu\/wp\/?page_id=4217\" target=\"_blank\">Mini b\u00f6lcs\u0151de kialak\u00edt\u00e1sa<\/a><\/p>\n\n\n\n<p class=\"has-medium-font-size\"><a rel=\"noreferrer noopener\" aria-label=\"Eg\u00e9szs\u00e9gh\u00e1z fel\u00faj\u00edt\u00e1sa (opens in a new tab)\" href=\"https:\/\/csavoly.hu\/wp\/?page_id=4219\" target=\"_blank\">Eg\u00e9szs\u00e9gh\u00e1z fel\u00faj\u00edt\u00e1sa<\/a><\/p>\n\n\n\n<p class=\"has-medium-font-size\"><a rel=\"noreferrer noopener\" aria-label=\"Eg\u00e9szs\u00e9gh\u00e1z fel\u00faj\u00edt\u00e1sa (Magyar Falu Program) (opens in a new tab)\" href=\"https:\/\/csavoly.hu\/wp\/?page_id=4234\" target=\"_blank\">Eg\u00e9szs\u00e9gh\u00e1z fel\u00faj\u00edt\u00e1sa (Magyar Falu Program)<\/a><\/p>\n\n\n\n<p class=\"has-medium-font-size\"><a rel=\"noreferrer noopener\" aria-label=\"EFOP-1.5.3-2017-00123 (opens in a new tab)\" href=\"http:\/\/www.efop153.bajaionkormanyzat.hu\/\" target=\"_blank\">EFOP-1.5.3-16-2017-00123<\/a><\/p>\n\n\n\n<p class=\"has-medium-font-size\"><a href=\"http:\/\/www.efop392.bajaionkormanyzat.hu\/\" target=\"_blank\" rel=\"noreferrer noopener\" aria-label=\"EFOP-3.9.2-16-2017-00053 (opens in a new tab)\">EFOP-3.9.2-16-2017-00053<\/a><\/p>\n<div class=\"pvc_clear\"><\/div><p id=\"pvc_stats_4214\" class=\"pvc_stats all  \" data-element-id=\"4214\" style=\"\"><i class=\"pvc-stats-icon medium\" aria-hidden=\"true\"><svg aria-hidden=\"true\" focusable=\"false\" data-prefix=\"far\" data-icon=\"chart-bar\" role=\"img\" xmlns=\"http:\/\/www.w3.org\/2000\/svg\" viewBox=\"0 0 512 512\" class=\"svg-inline--fa fa-chart-bar fa-w-16 fa-2x\"><path fill=\"currentColor\" d=\"M396.8 352h22.4c6.4 0 12.8-6.4 12.8-12.8V108.8c0-6.4-6.4-12.8-12.8-12.8h-22.4c-6.4 0-12.8 6.4-12.8 12.8v230.4c0 6.4 6.4 12.8 12.8 12.8zm-192 0h22.4c6.4 0 12.8-6.4 12.8-12.8V140.8c0-6.4-6.4-12.8-12.8-12.8h-22.4c-6.4 0-12.8 6.4-12.8 12.8v198.4c0 6.4 6.4 12.8 12.8 12.8zm96 0h22.4c6.4 0 12.8-6.4 12.8-12.8V204.8c0-6.4-6.4-12.8-12.8-12.8h-22.4c-6.4 0-12.8 6.4-12.8 12.8v134.4c0 6.4 6.4 12.8 12.8 12.8zM496 400H48V80c0-8.84-7.16-16-16-16H16C7.16 64 0 71.16 0 80v336c0 17.67 14.33 32 32 32h464c8.84 0 16-7.16 16-16v-16c0-8.84-7.16-16-16-16zm-387.2-48h22.4c6.4 0 12.8-6.4 12.8-12.8v-70.4c0-6.4-6.4-12.8-12.8-12.8h-22.4c-6.4 0-12.8 6.4-12.8 12.8v70.4c0 6.4 6.4 12.8 12.8 12.8z\" class=\"\"><\/path><\/svg><\/i> <img loading=\"lazy\" decoding=\"async\" width=\"16\" height=\"16\" alt=\"Loading\" src=\"https:\/\/csavoly.hu\/wp\/wp-content\/plugins\/page-views-count\/ajax-loader-2x.gif\" border=0 \/><\/p><div class=\"pvc_clear\"><\/div>","protected":false},"excerpt":{"rendered":"<p>Energetikai fel\u00faj\u00edt\u00e1s Cs\u00e1voly K\u00f6zs\u00e9gi\u00d6nkorm\u00e1nyzat\u00e1nak \u00e9p\u00fcletein \u00d6nkorm\u00e1nyzati tulajdonban l\u00e9v\u0151 ingatlanok fejleszt\u00e9se &#8211; 2021 J\u00e1rdafel\u00faj\u00edt\u00e1s Mini b\u00f6lcs\u0151de kialak\u00edt\u00e1sa Eg\u00e9szs\u00e9gh\u00e1z fel\u00faj\u00edt\u00e1sa Eg\u00e9szs\u00e9gh\u00e1z fel\u00faj\u00edt\u00e1sa (Magyar Falu Program) EFOP-1.5.3-16-2017-00123 EFOP-3.9.2-16-2017-00053<\/p>\n<div class=\"pvc_clear\"><\/div>\n<p id=\"pvc_stats_4214\" class=\"pvc_stats all  \" data-element-id=\"4214\" style=\"\"><i class=\"pvc-stats-icon medium\" aria-hidden=\"true\"><svg aria-hidden=\"true\" focusable=\"false\" data-prefix=\"far\" data-icon=\"chart-bar\" role=\"img\" xmlns=\"http:\/\/www.w3.org\/2000\/svg\" viewBox=\"0 0 512 512\" class=\"svg-inline--fa fa-chart-bar fa-w-16 fa-2x\"><path fill=\"currentColor\" d=\"M396.8 352h22.4c6.4 0 12.8-6.4 12.8-12.8V108.8c0-6.4-6.4-12.8-12.8-12.8h-22.4c-6.4 0-12.8 6.4-12.8 12.8v230.4c0 6.4 6.4 12.8 12.8 12.8zm-192 0h22.4c6.4 0 12.8-6.4 12.8-12.8V140.8c0-6.4-6.4-12.8-12.8-12.8h-22.4c-6.4 0-12.8 6.4-12.8 12.8v198.4c0 6.4 6.4 12.8 12.8 12.8zm96 0h22.4c6.4 0 12.8-6.4 12.8-12.8V204.8c0-6.4-6.4-12.8-12.8-12.8h-22.4c-6.4 0-12.8 6.4-12.8 12.8v134.4c0 6.4 6.4 12.8 12.8 12.8zM496 400H48V80c0-8.84-7.16-16-16-16H16C7.16 64 0 71.16 0 80v336c0 17.67 14.33 32 32 32h464c8.84 0 16-7.16 16-16v-16c0-8.84-7.16-16-16-16zm-387.2-48h22.4c6.4 0 12.8-6.4 12.8-12.8v-70.4c0-6.4-6.4-12.8-12.8-12.8h-22.4c-6.4 0-12.8 6.4-12.8 12.8v70.4c0 6.4 6.4 12.8 12.8 12.8z\" class=\"\"><\/path><\/svg><\/i> <img loading=\"lazy\" decoding=\"async\" width=\"16\" height=\"16\" alt=\"Loading\" src=\"https:\/\/csavoly.hu\/wp\/wp-content\/plugins\/page-views-count\/ajax-loader-2x.gif\" border=0 \/><\/p>\n<div class=\"pvc_clear\"><\/div>\n","protected":false},"author":3,"featured_media":0,"parent":0,"menu_order":0,"comment_status":"closed","ping_status":"closed","template":"","meta":{"footnotes":""},"class_list":["post-4214","page","type-page","status-publish","hentry"],"_links":{"self":[{"href":"https:\/\/csavoly.hu\/wp\/index.php?rest_route=\/wp\/v2\/pages\/4214"}],"collection":[{"href":"https:\/\/csavoly.hu\/wp\/index.php?rest_route=\/wp\/v2\/pages"}],"about":[{"href":"https:\/\/csavoly.hu\/wp\/index.php?rest_route=\/wp\/v2\/types\/page"}],"author":[{"embeddable":true,"href":"https:\/\/csavoly.hu\/wp\/index.php?rest_route=\/wp\/v2\/users\/3"}],"replies":[{"embeddable":true,"href":"https:\/\/csavoly.hu\/wp\/index.php?rest_route=%2Fwp%2Fv2%2Fcomments&post=4214"}],"version-history":[{"count":13,"href":"https:\/\/csavoly.hu\/wp\/index.php?rest_route=\/wp\/v2\/pages\/4214\/revisions"}],"predecessor-version":[{"id":4646,"href":"https:\/\/csavoly.hu\/wp\/index.php?rest_route=\/wp\/v2\/pages\/4214\/revisions\/4646"}],"wp:attachment":[{"href":"https:\/\/csavoly.hu\/wp\/index.php?rest_route=%2Fwp%2Fv2%2Fmedia&parent=4214"}],"curies":[{"name":"wp","href":"https:\/\/api.w.org\/{rel}","templated":true}]}}