{"id":4217,"date":"2021-05-26T08:27:32","date_gmt":"2021-05-26T06:27:32","guid":{"rendered":"http:\/\/csavoly.hu\/wp\/?page_id=4217"},"modified":"2023-01-16T10:25:41","modified_gmt":"2023-01-16T08:25:41","slug":"mini-bolcsode-kialakitasa","status":"publish","type":"page","link":"https:\/\/csavoly.hu\/wp\/?page_id=4217","title":{"rendered":"MINI B\u00d6LCS\u0150DE KIALAK\u00cdT\u00c1SA"},"content":{"rendered":"\n<figure class=\"wp-block-image\"><img loading=\"lazy\" decoding=\"async\" width=\"2234\" height=\"3226\" src=\"https:\/\/csavoly.hu\/wp\/wp-content\/uploads\/2021\/05\/TOP-b\u00f6lcsi-projektismertet\u0151-B\u00d6LCS\u0150DE.jpg\" alt=\"\" class=\"wp-image-4226\" srcset=\"https:\/\/csavoly.hu\/wp\/wp-content\/uploads\/2021\/05\/TOP-b\u00f6lcsi-projektismertet\u0151-B\u00d6LCS\u0150DE.jpg 2234w, https:\/\/csavoly.hu\/wp\/wp-content\/uploads\/2021\/05\/TOP-b\u00f6lcsi-projektismertet\u0151-B\u00d6LCS\u0150DE-768x1109.jpg 768w\" sizes=\"(max-width: 2234px) 100vw, 2234px\" \/><\/figure>\n\n\n\n<figure class=\"wp-block-image\"><a href=\"https:\/\/csavoly.hu\/wp\/wp-content\/uploads\/2023\/01\/megh\u00edv\u00f3-ERFA_2022.02.12._14.00_Mini-B\u00f6lcs\u0151de-kialak\u00edt\u00e1sa-Cs\u00e1volyon_page-0001.jpg\" target=\"_blank\" rel=\"noreferrer noopener\"><img loading=\"lazy\" decoding=\"async\" width=\"1241\" height=\"1755\" src=\"https:\/\/csavoly.hu\/wp\/wp-content\/uploads\/2023\/01\/megh\u00edv\u00f3-ERFA_2022.02.12._14.00_Mini-B\u00f6lcs\u0151de-kialak\u00edt\u00e1sa-Cs\u00e1volyon_page-0001.jpg\" alt=\"\" class=\"wp-image-5210\" srcset=\"https:\/\/csavoly.hu\/wp\/wp-content\/uploads\/2023\/01\/megh\u00edv\u00f3-ERFA_2022.02.12._14.00_Mini-B\u00f6lcs\u0151de-kialak\u00edt\u00e1sa-Cs\u00e1volyon_page-0001.jpg 1241w, https:\/\/csavoly.hu\/wp\/wp-content\/uploads\/2023\/01\/megh\u00edv\u00f3-ERFA_2022.02.12._14.00_Mini-B\u00f6lcs\u0151de-kialak\u00edt\u00e1sa-Cs\u00e1volyon_page-0001-768x1086.jpg 768w\" sizes=\"(max-width: 1241px) 100vw, 1241px\" \/><\/a><\/figure>\n\n\n\n<figure class=\"wp-block-image\"><a href=\"https:\/\/csavoly.hu\/wp\/wp-content\/uploads\/2023\/01\/z\u00e1r\u00f3-sajtokozlemeny_ERFA_z\u00e1r\u00f3_b\u00f6lcsi_20220212_page-0001.jpg\" target=\"_blank\" rel=\"noreferrer noopener\"><img loading=\"lazy\" decoding=\"async\" width=\"1241\" height=\"1755\" src=\"https:\/\/csavoly.hu\/wp\/wp-content\/uploads\/2023\/01\/z\u00e1r\u00f3-sajtokozlemeny_ERFA_z\u00e1r\u00f3_b\u00f6lcsi_20220212_page-0001.jpg\" alt=\"\" class=\"wp-image-5211\" srcset=\"https:\/\/csavoly.hu\/wp\/wp-content\/uploads\/2023\/01\/z\u00e1r\u00f3-sajtokozlemeny_ERFA_z\u00e1r\u00f3_b\u00f6lcsi_20220212_page-0001.jpg 1241w, https:\/\/csavoly.hu\/wp\/wp-content\/uploads\/2023\/01\/z\u00e1r\u00f3-sajtokozlemeny_ERFA_z\u00e1r\u00f3_b\u00f6lcsi_20220212_page-0001-768x1086.jpg 768w\" sizes=\"(max-width: 1241px) 100vw, 1241px\" \/><\/a><\/figure>\n\n\n\n<p>\u00c9p\u00edt\u00e9s:<\/p>\n\n\n\n<figure class=\"wp-block-image\"><a href=\"https:\/\/csavoly.hu\/wp\/wp-content\/uploads\/2023\/01\/322779016_680520057071661_6953353443415825457_n.jpg\" target=\"_blank\" rel=\"noreferrer noopener\"><img loading=\"lazy\" decoding=\"async\" width=\"960\" height=\"720\" src=\"https:\/\/csavoly.hu\/wp\/wp-content\/uploads\/2023\/01\/322779016_680520057071661_6953353443415825457_n.jpg\" alt=\"\" class=\"wp-image-5222\" srcset=\"https:\/\/csavoly.hu\/wp\/wp-content\/uploads\/2023\/01\/322779016_680520057071661_6953353443415825457_n.jpg 960w, https:\/\/csavoly.hu\/wp\/wp-content\/uploads\/2023\/01\/322779016_680520057071661_6953353443415825457_n-768x576.jpg 768w\" sizes=\"(max-width: 960px) 100vw, 960px\" \/><\/a><\/figure>\n\n\n\n<figure class=\"wp-block-image\"><a href=\"https:\/\/csavoly.hu\/wp\/wp-content\/uploads\/2023\/01\/323754333_2181038542080433_9194119059710891133_n.jpg\" target=\"_blank\" rel=\"noreferrer noopener\"><img loading=\"lazy\" decoding=\"async\" width=\"2048\" height=\"1366\" src=\"https:\/\/csavoly.hu\/wp\/wp-content\/uploads\/2023\/01\/323754333_2181038542080433_9194119059710891133_n.jpg\" alt=\"\" class=\"wp-image-5228\" srcset=\"https:\/\/csavoly.hu\/wp\/wp-content\/uploads\/2023\/01\/323754333_2181038542080433_9194119059710891133_n.jpg 2048w, https:\/\/csavoly.hu\/wp\/wp-content\/uploads\/2023\/01\/323754333_2181038542080433_9194119059710891133_n-768x512.jpg 768w\" sizes=\"(max-width: 2048px) 100vw, 2048px\" \/><\/a><\/figure>\n\n\n\n<figure class=\"wp-block-image\"><a href=\"https:\/\/csavoly.hu\/wp\/wp-content\/uploads\/2023\/01\/324910371_753120452981490_3632384182592052354_n.jpg\" target=\"_blank\" rel=\"noreferrer noopener\"><img loading=\"lazy\" decoding=\"async\" width=\"2048\" height=\"1366\" src=\"https:\/\/csavoly.hu\/wp\/wp-content\/uploads\/2023\/01\/324910371_753120452981490_3632384182592052354_n.jpg\" alt=\"\" class=\"wp-image-5223\" srcset=\"https:\/\/csavoly.hu\/wp\/wp-content\/uploads\/2023\/01\/324910371_753120452981490_3632384182592052354_n.jpg 2048w, https:\/\/csavoly.hu\/wp\/wp-content\/uploads\/2023\/01\/324910371_753120452981490_3632384182592052354_n-768x512.jpg 768w\" sizes=\"(max-width: 2048px) 100vw, 2048px\" \/><\/a><\/figure>\n\n\n\n<figure class=\"wp-block-image\"><a href=\"https:\/\/csavoly.hu\/wp\/wp-content\/uploads\/2023\/01\/323584957_932429021455020_6483496268004121829_n.jpg\" target=\"_blank\" rel=\"noreferrer noopener\"><img loading=\"lazy\" decoding=\"async\" width=\"2048\" height=\"1366\" src=\"https:\/\/csavoly.hu\/wp\/wp-content\/uploads\/2023\/01\/323584957_932429021455020_6483496268004121829_n.jpg\" alt=\"\" class=\"wp-image-5219\" srcset=\"https:\/\/csavoly.hu\/wp\/wp-content\/uploads\/2023\/01\/323584957_932429021455020_6483496268004121829_n.jpg 2048w, https:\/\/csavoly.hu\/wp\/wp-content\/uploads\/2023\/01\/323584957_932429021455020_6483496268004121829_n-768x512.jpg 768w\" sizes=\"(max-width: 2048px) 100vw, 2048px\" \/><\/a><\/figure>\n\n\n\n<figure class=\"wp-block-image\"><a href=\"https:\/\/csavoly.hu\/wp\/wp-content\/uploads\/2023\/01\/324443805_764514065103281_7590038365728015293_n.jpg\" target=\"_blank\" rel=\"noreferrer noopener\"><img loading=\"lazy\" decoding=\"async\" width=\"2048\" height=\"1366\" src=\"https:\/\/csavoly.hu\/wp\/wp-content\/uploads\/2023\/01\/324443805_764514065103281_7590038365728015293_n.jpg\" alt=\"\" class=\"wp-image-5226\" srcset=\"https:\/\/csavoly.hu\/wp\/wp-content\/uploads\/2023\/01\/324443805_764514065103281_7590038365728015293_n.jpg 2048w, https:\/\/csavoly.hu\/wp\/wp-content\/uploads\/2023\/01\/324443805_764514065103281_7590038365728015293_n-768x512.jpg 768w\" sizes=\"(max-width: 2048px) 100vw, 2048px\" \/><\/a><figcaption><br><br><\/figcaption><\/figure>\n\n\n\n<figure class=\"wp-block-image\"><a href=\"https:\/\/csavoly.hu\/wp\/wp-content\/uploads\/2023\/01\/322777967_689309089338953_6084275899840481505_n.jpg\" target=\"_blank\" rel=\"noreferrer noopener\"><img loading=\"lazy\" decoding=\"async\" width=\"2048\" height=\"1366\" src=\"https:\/\/csavoly.hu\/wp\/wp-content\/uploads\/2023\/01\/322777967_689309089338953_6084275899840481505_n.jpg\" alt=\"\" class=\"wp-image-5227\" srcset=\"https:\/\/csavoly.hu\/wp\/wp-content\/uploads\/2023\/01\/322777967_689309089338953_6084275899840481505_n.jpg 2048w, https:\/\/csavoly.hu\/wp\/wp-content\/uploads\/2023\/01\/322777967_689309089338953_6084275899840481505_n-768x512.jpg 768w\" sizes=\"(max-width: 2048px) 100vw, 2048px\" \/><\/a><\/figure>\n\n\n\n<figure class=\"wp-block-image\"><a href=\"https:\/\/csavoly.hu\/wp\/wp-content\/uploads\/2023\/01\/323701561_852198136004708_6807696269982589503_n.jpg\" target=\"_blank\" rel=\"noreferrer noopener\"><img loading=\"lazy\" decoding=\"async\" width=\"2048\" height=\"1366\" src=\"https:\/\/csavoly.hu\/wp\/wp-content\/uploads\/2023\/01\/323701561_852198136004708_6807696269982589503_n.jpg\" alt=\"\" class=\"wp-image-5225\" srcset=\"https:\/\/csavoly.hu\/wp\/wp-content\/uploads\/2023\/01\/323701561_852198136004708_6807696269982589503_n.jpg 2048w, https:\/\/csavoly.hu\/wp\/wp-content\/uploads\/2023\/01\/323701561_852198136004708_6807696269982589503_n-768x512.jpg 768w\" sizes=\"(max-width: 2048px) 100vw, 2048px\" \/><\/a><\/figure>\n\n\n\n<figure class=\"wp-block-image\"><a href=\"https:\/\/csavoly.hu\/wp\/wp-content\/uploads\/2023\/01\/324836866_1514225225740303_3945822834712855437_n.jpg\" target=\"_blank\" rel=\"noreferrer noopener\"><img loading=\"lazy\" decoding=\"async\" width=\"2048\" height=\"1366\" src=\"https:\/\/csavoly.hu\/wp\/wp-content\/uploads\/2023\/01\/324836866_1514225225740303_3945822834712855437_n.jpg\" alt=\"\" class=\"wp-image-5215\" srcset=\"https:\/\/csavoly.hu\/wp\/wp-content\/uploads\/2023\/01\/324836866_1514225225740303_3945822834712855437_n.jpg 2048w, https:\/\/csavoly.hu\/wp\/wp-content\/uploads\/2023\/01\/324836866_1514225225740303_3945822834712855437_n-768x512.jpg 768w\" sizes=\"(max-width: 2048px) 100vw, 2048px\" \/><\/a><\/figure>\n\n\n\n<figure class=\"wp-block-image\"><a href=\"https:\/\/csavoly.hu\/wp\/wp-content\/uploads\/2023\/01\/322347834_1570692103410350_4365612247186999679_n.jpg\" target=\"_blank\" rel=\"noreferrer noopener\"><img loading=\"lazy\" decoding=\"async\" width=\"2048\" height=\"1366\" src=\"https:\/\/csavoly.hu\/wp\/wp-content\/uploads\/2023\/01\/322347834_1570692103410350_4365612247186999679_n.jpg\" alt=\"\" class=\"wp-image-5214\" srcset=\"https:\/\/csavoly.hu\/wp\/wp-content\/uploads\/2023\/01\/322347834_1570692103410350_4365612247186999679_n.jpg 2048w, https:\/\/csavoly.hu\/wp\/wp-content\/uploads\/2023\/01\/322347834_1570692103410350_4365612247186999679_n-768x512.jpg 768w\" sizes=\"(max-width: 2048px) 100vw, 2048px\" \/><\/a><\/figure>\n\n\n\n<figure class=\"wp-block-image\"><a href=\"https:\/\/csavoly.hu\/wp\/wp-content\/uploads\/2023\/01\/322368514_3341770989484020_3244341993359102620_n.jpg\" target=\"_blank\" rel=\"noreferrer noopener\"><img loading=\"lazy\" decoding=\"async\" width=\"2048\" height=\"1366\" src=\"https:\/\/csavoly.hu\/wp\/wp-content\/uploads\/2023\/01\/322368514_3341770989484020_3244341993359102620_n.jpg\" alt=\"\" class=\"wp-image-5224\" srcset=\"https:\/\/csavoly.hu\/wp\/wp-content\/uploads\/2023\/01\/322368514_3341770989484020_3244341993359102620_n.jpg 2048w, https:\/\/csavoly.hu\/wp\/wp-content\/uploads\/2023\/01\/322368514_3341770989484020_3244341993359102620_n-768x512.jpg 768w\" sizes=\"(max-width: 2048px) 100vw, 2048px\" \/><\/a><\/figure>\n\n\n\n<figure class=\"wp-block-image\"><a href=\"https:\/\/csavoly.hu\/wp\/wp-content\/uploads\/2023\/01\/324836866_1514225225740303_3945822834712855437_n.jpg\" target=\"_blank\" rel=\"noreferrer noopener\"><img loading=\"lazy\" decoding=\"async\" width=\"2048\" height=\"1366\" src=\"https:\/\/csavoly.hu\/wp\/wp-content\/uploads\/2023\/01\/324836866_1514225225740303_3945822834712855437_n.jpg\" alt=\"\" class=\"wp-image-5215\" srcset=\"https:\/\/csavoly.hu\/wp\/wp-content\/uploads\/2023\/01\/324836866_1514225225740303_3945822834712855437_n.jpg 2048w, https:\/\/csavoly.hu\/wp\/wp-content\/uploads\/2023\/01\/324836866_1514225225740303_3945822834712855437_n-768x512.jpg 768w\" sizes=\"(max-width: 2048px) 100vw, 2048px\" \/><\/a><\/figure>\n\n\n\n<figure class=\"wp-block-image\"><a href=\"https:\/\/csavoly.hu\/wp\/wp-content\/uploads\/2023\/01\/320884181_1287685748461593_8663955089799176731_n.jpg\" target=\"_blank\" rel=\"noreferrer noopener\"><img loading=\"lazy\" decoding=\"async\" width=\"2048\" height=\"1366\" src=\"https:\/\/csavoly.hu\/wp\/wp-content\/uploads\/2023\/01\/320884181_1287685748461593_8663955089799176731_n.jpg\" alt=\"\" class=\"wp-image-5216\" srcset=\"https:\/\/csavoly.hu\/wp\/wp-content\/uploads\/2023\/01\/320884181_1287685748461593_8663955089799176731_n.jpg 2048w, https:\/\/csavoly.hu\/wp\/wp-content\/uploads\/2023\/01\/320884181_1287685748461593_8663955089799176731_n-768x512.jpg 768w\" sizes=\"(max-width: 2048px) 100vw, 2048px\" \/><\/a><\/figure>\n\n\n\n<figure class=\"wp-block-image\"><a href=\"https:\/\/csavoly.hu\/wp\/wp-content\/uploads\/2023\/01\/323140363_708082197731565_2044985625963574766_n.jpg\" target=\"_blank\" rel=\"noreferrer noopener\"><img loading=\"lazy\" decoding=\"async\" width=\"2048\" height=\"1366\" src=\"https:\/\/csavoly.hu\/wp\/wp-content\/uploads\/2023\/01\/323140363_708082197731565_2044985625963574766_n.jpg\" alt=\"\" class=\"wp-image-5217\" srcset=\"https:\/\/csavoly.hu\/wp\/wp-content\/uploads\/2023\/01\/323140363_708082197731565_2044985625963574766_n.jpg 2048w, https:\/\/csavoly.hu\/wp\/wp-content\/uploads\/2023\/01\/323140363_708082197731565_2044985625963574766_n-768x512.jpg 768w\" sizes=\"(max-width: 2048px) 100vw, 2048px\" \/><\/a><\/figure>\n\n\n\n<figure class=\"wp-block-image\"><a href=\"https:\/\/csavoly.hu\/wp\/wp-content\/uploads\/2023\/01\/324624654_3336439549956576_2145762547446968620_n.jpg\" target=\"_blank\" rel=\"noreferrer noopener\"><img loading=\"lazy\" decoding=\"async\" width=\"2048\" height=\"1366\" src=\"https:\/\/csavoly.hu\/wp\/wp-content\/uploads\/2023\/01\/324624654_3336439549956576_2145762547446968620_n.jpg\" alt=\"\" class=\"wp-image-5221\" srcset=\"https:\/\/csavoly.hu\/wp\/wp-content\/uploads\/2023\/01\/324624654_3336439549956576_2145762547446968620_n.jpg 2048w, https:\/\/csavoly.hu\/wp\/wp-content\/uploads\/2023\/01\/324624654_3336439549956576_2145762547446968620_n-768x512.jpg 768w\" sizes=\"(max-width: 2048px) 100vw, 2048px\" \/><\/a><\/figure>\n\n\n\n<figure class=\"wp-block-image\"><a href=\"https:\/\/csavoly.hu\/wp\/wp-content\/uploads\/2023\/01\/325028532_1824129107962203_1335954723400081502_n.jpg\" target=\"_blank\" rel=\"noreferrer noopener\"><img loading=\"lazy\" decoding=\"async\" width=\"2048\" height=\"1366\" src=\"https:\/\/csavoly.hu\/wp\/wp-content\/uploads\/2023\/01\/325028532_1824129107962203_1335954723400081502_n.jpg\" alt=\"\" class=\"wp-image-5220\" srcset=\"https:\/\/csavoly.hu\/wp\/wp-content\/uploads\/2023\/01\/325028532_1824129107962203_1335954723400081502_n.jpg 2048w, https:\/\/csavoly.hu\/wp\/wp-content\/uploads\/2023\/01\/325028532_1824129107962203_1335954723400081502_n-768x512.jpg 768w\" sizes=\"(max-width: 2048px) 100vw, 2048px\" \/><\/a><\/figure>\n\n\n\n<p>\u00c1tad\u00f3:<\/p>\n\n\n\n<figure class=\"wp-block-image\"><a href=\"https:\/\/csavoly.hu\/wp\/wp-content\/uploads\/2023\/01\/322951576_931537411559689_202804188491576304_n.jpg\" target=\"_blank\" rel=\"noreferrer noopener\"><img loading=\"lazy\" decoding=\"async\" width=\"2048\" height=\"1366\" src=\"https:\/\/csavoly.hu\/wp\/wp-content\/uploads\/2023\/01\/322951576_931537411559689_202804188491576304_n.jpg\" alt=\"\" class=\"wp-image-5189\" srcset=\"https:\/\/csavoly.hu\/wp\/wp-content\/uploads\/2023\/01\/322951576_931537411559689_202804188491576304_n.jpg 2048w, https:\/\/csavoly.hu\/wp\/wp-content\/uploads\/2023\/01\/322951576_931537411559689_202804188491576304_n-768x512.jpg 768w\" sizes=\"(max-width: 2048px) 100vw, 2048px\" \/><\/a><figcaption><br><br><\/figcaption><\/figure>\n\n\n\n<figure class=\"wp-block-image\"><a href=\"https:\/\/csavoly.hu\/wp\/wp-content\/uploads\/2023\/01\/323713452_1216200239319706_5966512533640129197_n.jpg\" target=\"_blank\" rel=\"noreferrer noopener\"><img loading=\"lazy\" decoding=\"async\" width=\"2048\" height=\"1366\" src=\"https:\/\/csavoly.hu\/wp\/wp-content\/uploads\/2023\/01\/323713452_1216200239319706_5966512533640129197_n.jpg\" alt=\"\" class=\"wp-image-5186\" srcset=\"https:\/\/csavoly.hu\/wp\/wp-content\/uploads\/2023\/01\/323713452_1216200239319706_5966512533640129197_n.jpg 2048w, https:\/\/csavoly.hu\/wp\/wp-content\/uploads\/2023\/01\/323713452_1216200239319706_5966512533640129197_n-768x512.jpg 768w\" sizes=\"(max-width: 2048px) 100vw, 2048px\" \/><\/a><figcaption><br><br><\/figcaption><\/figure>\n\n\n\n<figure class=\"wp-block-image\"><a href=\"https:\/\/csavoly.hu\/wp\/wp-content\/uploads\/2023\/01\/325175788_490735419671000_4838563064597210170_n.jpg\" target=\"_blank\" rel=\"noreferrer noopener\"><img loading=\"lazy\" decoding=\"async\" width=\"2048\" height=\"1366\" src=\"https:\/\/csavoly.hu\/wp\/wp-content\/uploads\/2023\/01\/325175788_490735419671000_4838563064597210170_n.jpg\" alt=\"\" class=\"wp-image-5188\" srcset=\"https:\/\/csavoly.hu\/wp\/wp-content\/uploads\/2023\/01\/325175788_490735419671000_4838563064597210170_n.jpg 2048w, https:\/\/csavoly.hu\/wp\/wp-content\/uploads\/2023\/01\/325175788_490735419671000_4838563064597210170_n-768x512.jpg 768w\" sizes=\"(max-width: 2048px) 100vw, 2048px\" \/><\/a><\/figure>\n\n\n\n<figure class=\"wp-block-image\"><a href=\"https:\/\/csavoly.hu\/wp\/wp-content\/uploads\/2023\/01\/318144057_512110997572663_1964174109931833859_n.jpg\" target=\"_blank\" rel=\"noreferrer noopener\"><img loading=\"lazy\" decoding=\"async\" width=\"2048\" height=\"1366\" src=\"https:\/\/csavoly.hu\/wp\/wp-content\/uploads\/2023\/01\/318144057_512110997572663_1964174109931833859_n.jpg\" alt=\"\" class=\"wp-image-5187\" srcset=\"https:\/\/csavoly.hu\/wp\/wp-content\/uploads\/2023\/01\/318144057_512110997572663_1964174109931833859_n.jpg 2048w, https:\/\/csavoly.hu\/wp\/wp-content\/uploads\/2023\/01\/318144057_512110997572663_1964174109931833859_n-768x512.jpg 768w\" sizes=\"(max-width: 2048px) 100vw, 2048px\" \/><\/a><\/figure>\n\n\n\n<figure class=\"wp-block-image\"><a href=\"https:\/\/csavoly.hu\/wp\/?attachment_id=5185\" target=\"_blank\" rel=\"noreferrer noopener\"><img loading=\"lazy\" decoding=\"async\" width=\"2048\" height=\"1366\" src=\"https:\/\/csavoly.hu\/wp\/wp-content\/uploads\/2023\/01\/273712471_525083212176966_5784938754783913900_n.jpg\" alt=\"\" class=\"wp-image-5185\" srcset=\"https:\/\/csavoly.hu\/wp\/wp-content\/uploads\/2023\/01\/273712471_525083212176966_5784938754783913900_n.jpg 2048w, https:\/\/csavoly.hu\/wp\/wp-content\/uploads\/2023\/01\/273712471_525083212176966_5784938754783913900_n-768x512.jpg 768w\" sizes=\"(max-width: 2048px) 100vw, 2048px\" \/><\/a><\/figure>\n\n\n\n<p>M\u0171k\u00f6d\u00e9s napjainkban: <a href=\"https:\/\/csavoly.hu\/wp\/?p=91\" target=\"_blank\" rel=\"noreferrer noopener\" aria-label=\" (opens in a new tab)\">https:\/\/csavoly.hu\/wp\/?p=91<\/a><br><br><\/p>\n\n\n\n<figure class=\"wp-block-embed is-type-rich is-provider-koszontjuk-csavoly-kozseg-hivatalos-honlapjan\"><div class=\"wp-block-embed__wrapper\">\nhttps:\/\/csavoly.hu\/wp\/?p=91\n<\/div><\/figure>\n<div class=\"pvc_clear\"><\/div><p id=\"pvc_stats_4217\" class=\"pvc_stats all  \" data-element-id=\"4217\" style=\"\"><i class=\"pvc-stats-icon medium\" aria-hidden=\"true\"><svg aria-hidden=\"true\" focusable=\"false\" data-prefix=\"far\" data-icon=\"chart-bar\" role=\"img\" xmlns=\"http:\/\/www.w3.org\/2000\/svg\" viewBox=\"0 0 512 512\" class=\"svg-inline--fa fa-chart-bar fa-w-16 fa-2x\"><path fill=\"currentColor\" d=\"M396.8 352h22.4c6.4 0 12.8-6.4 12.8-12.8V108.8c0-6.4-6.4-12.8-12.8-12.8h-22.4c-6.4 0-12.8 6.4-12.8 12.8v230.4c0 6.4 6.4 12.8 12.8 12.8zm-192 0h22.4c6.4 0 12.8-6.4 12.8-12.8V140.8c0-6.4-6.4-12.8-12.8-12.8h-22.4c-6.4 0-12.8 6.4-12.8 12.8v198.4c0 6.4 6.4 12.8 12.8 12.8zm96 0h22.4c6.4 0 12.8-6.4 12.8-12.8V204.8c0-6.4-6.4-12.8-12.8-12.8h-22.4c-6.4 0-12.8 6.4-12.8 12.8v134.4c0 6.4 6.4 12.8 12.8 12.8zM496 400H48V80c0-8.84-7.16-16-16-16H16C7.16 64 0 71.16 0 80v336c0 17.67 14.33 32 32 32h464c8.84 0 16-7.16 16-16v-16c0-8.84-7.16-16-16-16zm-387.2-48h22.4c6.4 0 12.8-6.4 12.8-12.8v-70.4c0-6.4-6.4-12.8-12.8-12.8h-22.4c-6.4 0-12.8 6.4-12.8 12.8v70.4c0 6.4 6.4 12.8 12.8 12.8z\" class=\"\"><\/path><\/svg><\/i> <img loading=\"lazy\" decoding=\"async\" width=\"16\" height=\"16\" alt=\"Loading\" src=\"https:\/\/csavoly.hu\/wp\/wp-content\/plugins\/page-views-count\/ajax-loader-2x.gif\" border=0 \/><\/p><div class=\"pvc_clear\"><\/div>","protected":false},"excerpt":{"rendered":"<p>\u00c9p\u00edt\u00e9s: \u00c1tad\u00f3: M\u0171k\u00f6d\u00e9s napjainkban: https:\/\/csavoly.hu\/wp\/?p=91<\/p>\n<div class=\"pvc_clear\"><\/div>\n<p id=\"pvc_stats_4217\" class=\"pvc_stats all  \" data-element-id=\"4217\" style=\"\"><i class=\"pvc-stats-icon medium\" aria-hidden=\"true\"><svg aria-hidden=\"true\" focusable=\"false\" data-prefix=\"far\" data-icon=\"chart-bar\" role=\"img\" xmlns=\"http:\/\/www.w3.org\/2000\/svg\" viewBox=\"0 0 512 512\" class=\"svg-inline--fa fa-chart-bar fa-w-16 fa-2x\"><path fill=\"currentColor\" d=\"M396.8 352h22.4c6.4 0 12.8-6.4 12.8-12.8V108.8c0-6.4-6.4-12.8-12.8-12.8h-22.4c-6.4 0-12.8 6.4-12.8 12.8v230.4c0 6.4 6.4 12.8 12.8 12.8zm-192 0h22.4c6.4 0 12.8-6.4 12.8-12.8V140.8c0-6.4-6.4-12.8-12.8-12.8h-22.4c-6.4 0-12.8 6.4-12.8 12.8v198.4c0 6.4 6.4 12.8 12.8 12.8zm96 0h22.4c6.4 0 12.8-6.4 12.8-12.8V204.8c0-6.4-6.4-12.8-12.8-12.8h-22.4c-6.4 0-12.8 6.4-12.8 12.8v134.4c0 6.4 6.4 12.8 12.8 12.8zM496 400H48V80c0-8.84-7.16-16-16-16H16C7.16 64 0 71.16 0 80v336c0 17.67 14.33 32 32 32h464c8.84 0 16-7.16 16-16v-16c0-8.84-7.16-16-16-16zm-387.2-48h22.4c6.4 0 12.8-6.4 12.8-12.8v-70.4c0-6.4-6.4-12.8-12.8-12.8h-22.4c-6.4 0-12.8 6.4-12.8 12.8v70.4c0 6.4 6.4 12.8 12.8 12.8z\" class=\"\"><\/path><\/svg><\/i> <img loading=\"lazy\" decoding=\"async\" width=\"16\" height=\"16\" alt=\"Loading\" src=\"https:\/\/csavoly.hu\/wp\/wp-content\/plugins\/page-views-count\/ajax-loader-2x.gif\" border=0 \/><\/p>\n<div class=\"pvc_clear\"><\/div>\n","protected":false},"author":3,"featured_media":0,"parent":0,"menu_order":0,"comment_status":"closed","ping_status":"closed","template":"","meta":{"footnotes":""},"class_list":["post-4217","page","type-page","status-publish","hentry"],"_links":{"self":[{"href":"https:\/\/csavoly.hu\/wp\/index.php?rest_route=\/wp\/v2\/pages\/4217"}],"collection":[{"href":"https:\/\/csavoly.hu\/wp\/index.php?rest_route=\/wp\/v2\/pages"}],"about":[{"href":"https:\/\/csavoly.hu\/wp\/index.php?rest_route=\/wp\/v2\/types\/page"}],"author":[{"embeddable":true,"href":"https:\/\/csavoly.hu\/wp\/index.php?rest_route=\/wp\/v2\/users\/3"}],"replies":[{"embeddable":true,"href":"https:\/\/csavoly.hu\/wp\/index.php?rest_route=%2Fwp%2Fv2%2Fcomments&post=4217"}],"version-history":[{"count":8,"href":"https:\/\/csavoly.hu\/wp\/index.php?rest_route=\/wp\/v2\/pages\/4217\/revisions"}],"predecessor-version":[{"id":5233,"href":"https:\/\/csavoly.hu\/wp\/index.php?rest_route=\/wp\/v2\/pages\/4217\/revisions\/5233"}],"wp:attachment":[{"href":"https:\/\/csavoly.hu\/wp\/index.php?rest_route=%2Fwp%2Fv2%2Fmedia&parent=4217"}],"curies":[{"name":"wp","href":"https:\/\/api.w.org\/{rel}","templated":true}]}}