{"id":4382,"date":"2021-08-12T09:08:50","date_gmt":"2021-08-12T07:08:50","guid":{"rendered":"http:\/\/csavoly.hu\/wp\/?page_id=4382"},"modified":"2021-08-12T09:31:43","modified_gmt":"2021-08-12T07:31:43","slug":"civil-tamogatas-2021","status":"publish","type":"page","link":"https:\/\/csavoly.hu\/wp\/?page_id=4382","title":{"rendered":"CIVIL T\u00c1MOGAT\u00c1S 2021."},"content":{"rendered":"\n<p style=\"text-align:center\">Cs\u00e1voly K\u00f6zs\u00e9gi \u00d6nkorm\u00e1nyzat K\u00e9pvisel\u0151-test\u00fclete&nbsp;<em>P\u00e9nz\u00fcgyi Bizotts\u00e1ga<\/em><\/p>\n\n\n\n<p style=\"text-align:center\">&nbsp;<strong>n y \u00ed l t&nbsp; &nbsp; p \u00e1 l y \u00e1 z a t o t&nbsp; &nbsp; h i r d e t<\/strong><\/p>\n\n\n\n<p style=\"text-align:center\"><strong>Cs\u00e1voly k\u00f6zs\u00e9gben a 2021. \u00e9vben Cs\u00e1voly sz\u00e9khellyel rendelkez\u0151 \u00e9s Cs\u00e1voly k\u00f6zs\u00e9gben m\u0171k\u00f6d\u0151&nbsp;szervezetek, csoportok<\/strong>&nbsp;<strong>m\u0171k\u00f6d\u00e9si<\/strong>&nbsp;<strong>t\u00e1mogat\u00e1s\u00e1ra<\/strong><\/p>\n\n\n\n<p><strong>P\u00e1ly\u00e1zatot ny\u00fajthat be:<\/strong><\/p>\n\n\n\n<p><a>Cs\u00e1voly sz\u00e9khellyel rendelkez\u0151<\/a><\/p>\n\n\n\n<p>a) civil szervezet, nonprofit gazdas\u00e1gi t\u00e1rsas\u00e1g, \u00e1llami fenntart\u00e1s\u00fa int\u00e9zm\u00e9ny,<\/p>\n\n\n\n<p>b) egyh\u00e1zi jogi szem\u00e9ly, bels\u0151 egyh\u00e1zi jogi szem\u00e9ly \u00e9s azok hit\u00e9leti, nevel\u00e9si-oktat\u00e1si, gyermekj\u00f3l\u00e9ti, kultur\u00e1lis vagy szoci\u00e1lis tev\u00e9kenys\u00e9get ell\u00e1t\u00f3 int\u00e9zm\u00e9nye<\/p>\n\n\n\n<p>c) nem jogi szem\u00e9lyis\u00e9g\u0171 csoportok, k\u00f6z\u00f6ss\u00e9gek \u2013 amelyek \u00f6n\u00e1ll\u00f3 banksz\u00e1ml\u00e1val nem rendelkeznek, s ez\u00e1ltal p\u00e9nz\u00fcgyi befogad\u00f3t, bonyol\u00edt\u00f3t kell ig\u00e9nybe venni\u00fck &#8211; (a tov\u00e1bbiakban egy\u00fctt: p\u00e1ly\u00e1z\u00f3).<\/p>\n\n\n\n<p>A p\u00e1ly\u00e1zatot pap\u00edralapon&nbsp;<strong>egy (1) db eredeti p\u00e9ld\u00e1nyban<\/strong>&nbsp;a Hivatalban a&nbsp;<strong>P\u00e9nz\u00fcgyi Bizotts\u00e1g r\u00e9sz\u00e9re<\/strong>&nbsp;sz\u00fcks\u00e9ges beny\u00fajtani.&nbsp;<strong>Postai c\u00edm: 6448 Cs\u00e1voly, Arany J\u00e1nos utca 39.<\/strong><\/p>\n\n\n\n<p>A t\u00e1mogat\u00e1s rendelkez\u00e9sre bocs\u00e1t\u00e1sa (finansz\u00edroz\u00e1s) a t\u00e1mogat\u00e1si jogviszony l\u00e9trej\u00f6tt\u00e9t k\u00f6vet\u0151en egy \u00f6sszegben, t\u00e1mogat\u00e1si el\u0151legk\u00e9nt foly\u00f3s\u00edtva.<\/p>\n\n\n\n<p><strong>P\u00e9nz\u00fcgyi t\u00e1mogat\u00e1si id\u0151szak: 2021. augusztus 15. \u2013 2021. december 31. k\u00f6z\u00e9 es\u0151 id\u0151szak.<\/strong><\/p>\n\n\n\n<p><strong>A t\u00e1mogatott id\u0151szak a 2021. janu\u00e1r 1. \u2013 2021. december 31. k\u00f6z\u00e9 es\u0151 id\u0151szak.<\/strong><\/p>\n\n\n\n<p><strong>A p\u00e1ly\u00e1zat beny\u00fajt\u00e1s\u00e1nak hat\u00e1rideje:&nbsp;&nbsp;&nbsp;&nbsp;<\/strong>&nbsp;&nbsp;&nbsp;&nbsp;&nbsp;&nbsp;&nbsp;&nbsp;&nbsp;&nbsp;&nbsp;&nbsp;&nbsp;&nbsp;<strong>2021. augusztus 31. 24:00 \u00f3ra<\/strong><\/p>\n\n\n\n<p>A p\u00e1ly\u00e1zat&nbsp;<strong>elektronikusan<\/strong>&nbsp;ny\u00fajthat\u00f3 be (<a href=\"mailto:jegyzo@csavoly.hu\" target=\"_blank\" rel=\"noreferrer noopener\">jegyzo@csavoly.hu<\/a>)&nbsp;<strong>\u00e9s eddig vagy az ezt k\u00f6vet\u0151 8 napon bel\u00fcl beny\u00fajtand\u00f3 postai \u00faton&nbsp;<\/strong>(levelez\u00e9si c\u00edm: 6448 Cs\u00e1voly, Arany J\u00e1nos utca 39.)&nbsp;<strong>vagy<\/strong>&nbsp;behozhatja&nbsp;<strong>szem\u00e9lyesen<\/strong>&nbsp;is a Hivatalba (6448 Cs\u00e1voly, Arany J\u00e1nos utca 39.), ha azt a hat\u00e1rnapon 16:00 \u00f3r\u00e1ig \u00e1tadja.<\/p>\n\n\n\n<p>Let\u00f6lthet\u0151 anyagok:<\/p>\n\n\n\n<p>P\u00e1ly\u00e1zati felh\u00edv\u00e1s (.pdf form\u00e1tumban)<br><br>1. mell\u00e9klet:&nbsp;P\u00e1ly\u00e1zati adatlap&nbsp;(.doc form\u00e1tumban)<br>2. mell\u00e9klet:&nbsp; K\u00f6lts\u00e9gvet\u00e9si&nbsp;t\u00e1bl\u00e1zat&nbsp;(.doc form\u00e1tumban)<br>3. mell\u00e9klet:&nbsp;&nbsp;Nyilatkozat&nbsp;(.doc form\u00e1tumban)<br>4. mell\u00e9klet: Banki&nbsp;felhatalmaz\u00f3 lev\u00e9l&nbsp;(.doc form\u00e1tumban)<\/p>\n\n\n\n<p class=\"has-medium-font-size\"><a rel=\"noreferrer noopener\" aria-label=\"P\u00e1ly\u00e1zati felh\u00edv\u00e1s (opens in a new tab)\" href=\"https:\/\/csavoly.hu\/wp\/wp-content\/uploads\/2021\/08\/2021.-\u00e9vi-P\u00c1LY\u00c1ZATI-FELH\u00cdV\u00c1S-civil_Cs_M\u0170K\u00d6D\u00c9SI-t\u00e1mogat\u00e1s.pdf\" target=\"_blank\">P\u00e1ly\u00e1zati felh\u00edv\u00e1s<\/a><\/p>\n\n\n\n<div class=\"wp-block-file\"><a href=\"https:\/\/csavoly.hu\/wp\/wp-content\/uploads\/2021\/08\/1.melleklet_Palyazati.adatlap2021_M\u0170K\u00d6D\u00c9S-1.docx\">1. mell\u00e9klet_Palyazati adatlap 2021.<\/a><a href=\"https:\/\/csavoly.hu\/wp\/wp-content\/uploads\/2021\/08\/1.melleklet_Palyazati.adatlap2021_M\u0170K\u00d6D\u00c9S-1.docx\" class=\"wp-block-file__button\" download>Let\u00f6lt\u00e9s<\/a><\/div>\n\n\n\n<div class=\"wp-block-file\"><a href=\"https:\/\/csavoly.hu\/wp\/wp-content\/uploads\/2021\/08\/2.melleklet_Koltsegvetesi.tablazat2021_M\u0170K\u00d6D\u00c9S-1.doc\">2. mell\u00e9klet_K\u00f6ltsegvet\u00e9si t\u00e1bl\u00e1zat 2021.<\/a><a href=\"https:\/\/csavoly.hu\/wp\/wp-content\/uploads\/2021\/08\/2.melleklet_Koltsegvetesi.tablazat2021_M\u0170K\u00d6D\u00c9S-1.doc\" class=\"wp-block-file__button\" download>Let\u00f6lt\u00e9s<\/a><\/div>\n\n\n\n<div class=\"wp-block-file\"><a href=\"https:\/\/csavoly.hu\/wp\/wp-content\/uploads\/2021\/08\/3.melleklet_Nyilatkozat-2021-1.doc\">3. mell\u00e9klet_Nyilatkozat 2021.<\/a><a href=\"https:\/\/csavoly.hu\/wp\/wp-content\/uploads\/2021\/08\/3.melleklet_Nyilatkozat-2021-1.doc\" class=\"wp-block-file__button\" download>Let\u00f6lt\u00e9s<\/a><\/div>\n\n\n\n<div class=\"wp-block-file\"><a href=\"https:\/\/csavoly.hu\/wp\/wp-content\/uploads\/2021\/08\/4.melleklet_Banki_felhatalmazo_level2021_m\u0171k\u00f6d\u00e9s-1.docx\">4. mell\u00e9klet_Banki_felhatalmaz\u00f3_lev\u00e9l 2021.<\/a><a href=\"https:\/\/csavoly.hu\/wp\/wp-content\/uploads\/2021\/08\/4.melleklet_Banki_felhatalmazo_level2021_m\u0171k\u00f6d\u00e9s-1.docx\" class=\"wp-block-file__button\" download>Let\u00f6lt\u00e9s<\/a><\/div>\n<div class=\"pvc_clear\"><\/div><p id=\"pvc_stats_4382\" class=\"pvc_stats all  \" data-element-id=\"4382\" style=\"\"><i class=\"pvc-stats-icon medium\" aria-hidden=\"true\"><svg aria-hidden=\"true\" focusable=\"false\" data-prefix=\"far\" data-icon=\"chart-bar\" role=\"img\" xmlns=\"http:\/\/www.w3.org\/2000\/svg\" viewBox=\"0 0 512 512\" class=\"svg-inline--fa fa-chart-bar fa-w-16 fa-2x\"><path fill=\"currentColor\" d=\"M396.8 352h22.4c6.4 0 12.8-6.4 12.8-12.8V108.8c0-6.4-6.4-12.8-12.8-12.8h-22.4c-6.4 0-12.8 6.4-12.8 12.8v230.4c0 6.4 6.4 12.8 12.8 12.8zm-192 0h22.4c6.4 0 12.8-6.4 12.8-12.8V140.8c0-6.4-6.4-12.8-12.8-12.8h-22.4c-6.4 0-12.8 6.4-12.8 12.8v198.4c0 6.4 6.4 12.8 12.8 12.8zm96 0h22.4c6.4 0 12.8-6.4 12.8-12.8V204.8c0-6.4-6.4-12.8-12.8-12.8h-22.4c-6.4 0-12.8 6.4-12.8 12.8v134.4c0 6.4 6.4 12.8 12.8 12.8zM496 400H48V80c0-8.84-7.16-16-16-16H16C7.16 64 0 71.16 0 80v336c0 17.67 14.33 32 32 32h464c8.84 0 16-7.16 16-16v-16c0-8.84-7.16-16-16-16zm-387.2-48h22.4c6.4 0 12.8-6.4 12.8-12.8v-70.4c0-6.4-6.4-12.8-12.8-12.8h-22.4c-6.4 0-12.8 6.4-12.8 12.8v70.4c0 6.4 6.4 12.8 12.8 12.8z\" class=\"\"><\/path><\/svg><\/i> <img loading=\"lazy\" decoding=\"async\" width=\"16\" height=\"16\" alt=\"Loading\" src=\"https:\/\/csavoly.hu\/wp\/wp-content\/plugins\/page-views-count\/ajax-loader-2x.gif\" border=0 \/><\/p><div class=\"pvc_clear\"><\/div>","protected":false},"excerpt":{"rendered":"<p>Cs\u00e1voly K\u00f6zs\u00e9gi \u00d6nkorm\u00e1nyzat K\u00e9pvisel\u0151-test\u00fclete&nbsp;P\u00e9nz\u00fcgyi Bizotts\u00e1ga &nbsp;n y \u00ed l t&nbsp; &nbsp; p \u00e1 l y \u00e1 z a t o t&nbsp; &nbsp; h i r d e t Cs\u00e1voly k\u00f6zs\u00e9gben a 2021. \u00e9vben Cs\u00e1voly sz\u00e9khellyel rendelkez\u0151 \u00e9s Cs\u00e1voly k\u00f6zs\u00e9gben m\u0171k\u00f6d\u0151&nbsp;szervezetek, csoportok&nbsp;m\u0171k\u00f6d\u00e9si&nbsp;t\u00e1mogat\u00e1s\u00e1ra P\u00e1ly\u00e1zatot ny\u00fajthat be: Cs\u00e1voly sz\u00e9khellyel rendelkez\u0151 a) civil szervezet, nonprofit gazdas\u00e1gi t\u00e1rsas\u00e1g, \u00e1llami fenntart\u00e1s\u00fa &hellip; <a href=\"https:\/\/csavoly.hu\/wp\/?page_id=4382\" class=\"more-link\"><span class=\"screen-reader-text\">CIVIL T\u00c1MOGAT\u00c1S 2021.<\/span> b\u0151vebben&#8230; <span class=\"meta-nav\">&rarr;<\/span><\/a><\/p>\n<div class=\"pvc_clear\"><\/div>\n<p id=\"pvc_stats_4382\" class=\"pvc_stats all  \" data-element-id=\"4382\" style=\"\"><i class=\"pvc-stats-icon medium\" aria-hidden=\"true\"><svg aria-hidden=\"true\" focusable=\"false\" data-prefix=\"far\" data-icon=\"chart-bar\" role=\"img\" xmlns=\"http:\/\/www.w3.org\/2000\/svg\" viewBox=\"0 0 512 512\" class=\"svg-inline--fa fa-chart-bar fa-w-16 fa-2x\"><path fill=\"currentColor\" d=\"M396.8 352h22.4c6.4 0 12.8-6.4 12.8-12.8V108.8c0-6.4-6.4-12.8-12.8-12.8h-22.4c-6.4 0-12.8 6.4-12.8 12.8v230.4c0 6.4 6.4 12.8 12.8 12.8zm-192 0h22.4c6.4 0 12.8-6.4 12.8-12.8V140.8c0-6.4-6.4-12.8-12.8-12.8h-22.4c-6.4 0-12.8 6.4-12.8 12.8v198.4c0 6.4 6.4 12.8 12.8 12.8zm96 0h22.4c6.4 0 12.8-6.4 12.8-12.8V204.8c0-6.4-6.4-12.8-12.8-12.8h-22.4c-6.4 0-12.8 6.4-12.8 12.8v134.4c0 6.4 6.4 12.8 12.8 12.8zM496 400H48V80c0-8.84-7.16-16-16-16H16C7.16 64 0 71.16 0 80v336c0 17.67 14.33 32 32 32h464c8.84 0 16-7.16 16-16v-16c0-8.84-7.16-16-16-16zm-387.2-48h22.4c6.4 0 12.8-6.4 12.8-12.8v-70.4c0-6.4-6.4-12.8-12.8-12.8h-22.4c-6.4 0-12.8 6.4-12.8 12.8v70.4c0 6.4 6.4 12.8 12.8 12.8z\" class=\"\"><\/path><\/svg><\/i> <img loading=\"lazy\" decoding=\"async\" width=\"16\" height=\"16\" alt=\"Loading\" src=\"https:\/\/csavoly.hu\/wp\/wp-content\/plugins\/page-views-count\/ajax-loader-2x.gif\" border=0 \/><\/p>\n<div class=\"pvc_clear\"><\/div>\n","protected":false},"author":3,"featured_media":0,"parent":0,"menu_order":0,"comment_status":"closed","ping_status":"closed","template":"","meta":{"footnotes":""},"class_list":["post-4382","page","type-page","status-publish","hentry"],"_links":{"self":[{"href":"https:\/\/csavoly.hu\/wp\/index.php?rest_route=\/wp\/v2\/pages\/4382"}],"collection":[{"href":"https:\/\/csavoly.hu\/wp\/index.php?rest_route=\/wp\/v2\/pages"}],"about":[{"href":"https:\/\/csavoly.hu\/wp\/index.php?rest_route=\/wp\/v2\/types\/page"}],"author":[{"embeddable":true,"href":"https:\/\/csavoly.hu\/wp\/index.php?rest_route=\/wp\/v2\/users\/3"}],"replies":[{"embeddable":true,"href":"https:\/\/csavoly.hu\/wp\/index.php?rest_route=%2Fwp%2Fv2%2Fcomments&post=4382"}],"version-history":[{"count":16,"href":"https:\/\/csavoly.hu\/wp\/index.php?rest_route=\/wp\/v2\/pages\/4382\/revisions"}],"predecessor-version":[{"id":4404,"href":"https:\/\/csavoly.hu\/wp\/index.php?rest_route=\/wp\/v2\/pages\/4382\/revisions\/4404"}],"wp:attachment":[{"href":"https:\/\/csavoly.hu\/wp\/index.php?rest_route=%2Fwp%2Fv2%2Fmedia&parent=4382"}],"curies":[{"name":"wp","href":"https:\/\/api.w.org\/{rel}","templated":true}]}}