{"id":4429,"date":"2021-09-23T09:21:56","date_gmt":"2021-09-23T07:21:56","guid":{"rendered":"http:\/\/csavoly.hu\/wp\/?page_id=4429"},"modified":"2021-09-23T09:49:55","modified_gmt":"2021-09-23T07:49:55","slug":"jardafelujitas","status":"publish","type":"page","link":"https:\/\/csavoly.hu\/wp\/?page_id=4429","title":{"rendered":"J\u00c1RDAFEL\u00daJ\u00cdT\u00c1S"},"content":{"rendered":"\n<figure class=\"wp-block-image\"><img loading=\"lazy\" decoding=\"async\" width=\"2063\" height=\"1908\" src=\"https:\/\/csavoly.hu\/wp\/wp-content\/uploads\/2021\/09\/projektismertet\u0151-webre_j\u00e1rdafel\u00faj\u00edt\u00e1s_kezd\u0151-1.jpg\" alt=\"\" class=\"wp-image-4441\" srcset=\"https:\/\/csavoly.hu\/wp\/wp-content\/uploads\/2021\/09\/projektismertet\u0151-webre_j\u00e1rdafel\u00faj\u00edt\u00e1s_kezd\u0151-1.jpg 2063w, https:\/\/csavoly.hu\/wp\/wp-content\/uploads\/2021\/09\/projektismertet\u0151-webre_j\u00e1rdafel\u00faj\u00edt\u00e1s_kezd\u0151-1-768x710.jpg 768w\" sizes=\"(max-width: 2063px) 100vw, 2063px\" \/><\/figure>\n\n\n\n<figure class=\"wp-block-image\"><img loading=\"lazy\" decoding=\"async\" width=\"2063\" height=\"2756\" src=\"https:\/\/csavoly.hu\/wp\/wp-content\/uploads\/2021\/09\/projektismertet\u0151-webre_j\u00e1rdafel\u00faj\u00edt\u00e1s_eredm\u00e9ny-1.jpg\" alt=\"\" class=\"wp-image-4443\" srcset=\"https:\/\/csavoly.hu\/wp\/wp-content\/uploads\/2021\/09\/projektismertet\u0151-webre_j\u00e1rdafel\u00faj\u00edt\u00e1s_eredm\u00e9ny-1.jpg 2063w, https:\/\/csavoly.hu\/wp\/wp-content\/uploads\/2021\/09\/projektismertet\u0151-webre_j\u00e1rdafel\u00faj\u00edt\u00e1s_eredm\u00e9ny-1-768x1026.jpg 768w\" sizes=\"(max-width: 2063px) 100vw, 2063px\" \/><\/figure>\n\n\n\n<figure class=\"wp-block-image\"><img loading=\"lazy\" decoding=\"async\" width=\"2063\" height=\"2756\" src=\"https:\/\/csavoly.hu\/wp\/wp-content\/uploads\/2021\/09\/projektismertet\u0151-webre_j\u00e1rdafel\u00faj\u00edt\u00e1s_eredm\u00e9ny-2.jpg\" alt=\"\" class=\"wp-image-4444\" srcset=\"https:\/\/csavoly.hu\/wp\/wp-content\/uploads\/2021\/09\/projektismertet\u0151-webre_j\u00e1rdafel\u00faj\u00edt\u00e1s_eredm\u00e9ny-2.jpg 2063w, https:\/\/csavoly.hu\/wp\/wp-content\/uploads\/2021\/09\/projektismertet\u0151-webre_j\u00e1rdafel\u00faj\u00edt\u00e1s_eredm\u00e9ny-2-768x1026.jpg 768w\" sizes=\"(max-width: 2063px) 100vw, 2063px\" \/><\/figure>\n\n\n\n<figure class=\"wp-block-image\"><img loading=\"lazy\" decoding=\"async\" width=\"2063\" height=\"2756\" src=\"https:\/\/csavoly.hu\/wp\/wp-content\/uploads\/2021\/09\/projektismertet\u0151-webre_j\u00e1rdafel\u00faj\u00edt\u00e1s_eredm\u00e9ny-3.jpg\" alt=\"\" class=\"wp-image-4445\" srcset=\"https:\/\/csavoly.hu\/wp\/wp-content\/uploads\/2021\/09\/projektismertet\u0151-webre_j\u00e1rdafel\u00faj\u00edt\u00e1s_eredm\u00e9ny-3.jpg 2063w, https:\/\/csavoly.hu\/wp\/wp-content\/uploads\/2021\/09\/projektismertet\u0151-webre_j\u00e1rdafel\u00faj\u00edt\u00e1s_eredm\u00e9ny-3-768x1026.jpg 768w\" sizes=\"(max-width: 2063px) 100vw, 2063px\" \/><\/figure>\n\n\n\n<figure class=\"wp-block-image\"><img loading=\"lazy\" decoding=\"async\" width=\"2063\" height=\"2756\" src=\"https:\/\/csavoly.hu\/wp\/wp-content\/uploads\/2021\/09\/projektismertet\u0151-webre_j\u00e1rdafel\u00faj\u00edt\u00e1s_eredm\u00e9ny-4.jpg\" alt=\"\" class=\"wp-image-4446\" srcset=\"https:\/\/csavoly.hu\/wp\/wp-content\/uploads\/2021\/09\/projektismertet\u0151-webre_j\u00e1rdafel\u00faj\u00edt\u00e1s_eredm\u00e9ny-4.jpg 2063w, https:\/\/csavoly.hu\/wp\/wp-content\/uploads\/2021\/09\/projektismertet\u0151-webre_j\u00e1rdafel\u00faj\u00edt\u00e1s_eredm\u00e9ny-4-768x1026.jpg 768w\" sizes=\"(max-width: 2063px) 100vw, 2063px\" \/><\/figure>\n\n\n\n<figure class=\"wp-block-image\"><img loading=\"lazy\" decoding=\"async\" width=\"2063\" height=\"2756\" src=\"https:\/\/csavoly.hu\/wp\/wp-content\/uploads\/2021\/09\/projektismertet\u0151-webre_j\u00e1rdafel\u00faj\u00edt\u00e1s_eredm\u00e9ny-5.jpg\" alt=\"\" class=\"wp-image-4447\" srcset=\"https:\/\/csavoly.hu\/wp\/wp-content\/uploads\/2021\/09\/projektismertet\u0151-webre_j\u00e1rdafel\u00faj\u00edt\u00e1s_eredm\u00e9ny-5.jpg 2063w, https:\/\/csavoly.hu\/wp\/wp-content\/uploads\/2021\/09\/projektismertet\u0151-webre_j\u00e1rdafel\u00faj\u00edt\u00e1s_eredm\u00e9ny-5-768x1026.jpg 768w\" sizes=\"(max-width: 2063px) 100vw, 2063px\" \/><\/figure>\n\n\n\n<figure class=\"wp-block-image\"><img loading=\"lazy\" decoding=\"async\" width=\"2063\" height=\"2756\" src=\"https:\/\/csavoly.hu\/wp\/wp-content\/uploads\/2021\/09\/projektismertet\u0151-webre_j\u00e1rdafel\u00faj\u00edt\u00e1s_eredm\u00e9ny-6.jpg\" alt=\"\" class=\"wp-image-4448\" srcset=\"https:\/\/csavoly.hu\/wp\/wp-content\/uploads\/2021\/09\/projektismertet\u0151-webre_j\u00e1rdafel\u00faj\u00edt\u00e1s_eredm\u00e9ny-6.jpg 2063w, https:\/\/csavoly.hu\/wp\/wp-content\/uploads\/2021\/09\/projektismertet\u0151-webre_j\u00e1rdafel\u00faj\u00edt\u00e1s_eredm\u00e9ny-6-768x1026.jpg 768w\" sizes=\"(max-width: 2063px) 100vw, 2063px\" \/><\/figure>\n\n\n\n<figure class=\"wp-block-image\"><img loading=\"lazy\" decoding=\"async\" width=\"2063\" height=\"2756\" src=\"https:\/\/csavoly.hu\/wp\/wp-content\/uploads\/2021\/09\/projektismertet\u0151-webre_j\u00e1rdafel\u00faj\u00edt\u00e1s_eredm\u00e9ny-7.jpg\" alt=\"\" class=\"wp-image-4449\" srcset=\"https:\/\/csavoly.hu\/wp\/wp-content\/uploads\/2021\/09\/projektismertet\u0151-webre_j\u00e1rdafel\u00faj\u00edt\u00e1s_eredm\u00e9ny-7.jpg 2063w, https:\/\/csavoly.hu\/wp\/wp-content\/uploads\/2021\/09\/projektismertet\u0151-webre_j\u00e1rdafel\u00faj\u00edt\u00e1s_eredm\u00e9ny-7-768x1026.jpg 768w\" sizes=\"(max-width: 2063px) 100vw, 2063px\" \/><\/figure>\n<div class=\"pvc_clear\"><\/div><p id=\"pvc_stats_4429\" class=\"pvc_stats all  \" data-element-id=\"4429\" style=\"\"><i class=\"pvc-stats-icon medium\" aria-hidden=\"true\"><svg aria-hidden=\"true\" focusable=\"false\" data-prefix=\"far\" data-icon=\"chart-bar\" role=\"img\" xmlns=\"http:\/\/www.w3.org\/2000\/svg\" viewBox=\"0 0 512 512\" class=\"svg-inline--fa fa-chart-bar fa-w-16 fa-2x\"><path fill=\"currentColor\" d=\"M396.8 352h22.4c6.4 0 12.8-6.4 12.8-12.8V108.8c0-6.4-6.4-12.8-12.8-12.8h-22.4c-6.4 0-12.8 6.4-12.8 12.8v230.4c0 6.4 6.4 12.8 12.8 12.8zm-192 0h22.4c6.4 0 12.8-6.4 12.8-12.8V140.8c0-6.4-6.4-12.8-12.8-12.8h-22.4c-6.4 0-12.8 6.4-12.8 12.8v198.4c0 6.4 6.4 12.8 12.8 12.8zm96 0h22.4c6.4 0 12.8-6.4 12.8-12.8V204.8c0-6.4-6.4-12.8-12.8-12.8h-22.4c-6.4 0-12.8 6.4-12.8 12.8v134.4c0 6.4 6.4 12.8 12.8 12.8zM496 400H48V80c0-8.84-7.16-16-16-16H16C7.16 64 0 71.16 0 80v336c0 17.67 14.33 32 32 32h464c8.84 0 16-7.16 16-16v-16c0-8.84-7.16-16-16-16zm-387.2-48h22.4c6.4 0 12.8-6.4 12.8-12.8v-70.4c0-6.4-6.4-12.8-12.8-12.8h-22.4c-6.4 0-12.8 6.4-12.8 12.8v70.4c0 6.4 6.4 12.8 12.8 12.8z\" class=\"\"><\/path><\/svg><\/i> <img loading=\"lazy\" decoding=\"async\" width=\"16\" height=\"16\" alt=\"Loading\" src=\"https:\/\/csavoly.hu\/wp\/wp-content\/plugins\/page-views-count\/ajax-loader-2x.gif\" border=0 \/><\/p><div class=\"pvc_clear\"><\/div>","protected":false},"excerpt":{"rendered":"<div class=\"pvc_clear\"><\/div>\n<p id=\"pvc_stats_4429\" class=\"pvc_stats all  \" data-element-id=\"4429\" style=\"\"><i class=\"pvc-stats-icon medium\" aria-hidden=\"true\"><svg aria-hidden=\"true\" focusable=\"false\" data-prefix=\"far\" data-icon=\"chart-bar\" role=\"img\" xmlns=\"http:\/\/www.w3.org\/2000\/svg\" viewBox=\"0 0 512 512\" class=\"svg-inline--fa fa-chart-bar fa-w-16 fa-2x\"><path fill=\"currentColor\" d=\"M396.8 352h22.4c6.4 0 12.8-6.4 12.8-12.8V108.8c0-6.4-6.4-12.8-12.8-12.8h-22.4c-6.4 0-12.8 6.4-12.8 12.8v230.4c0 6.4 6.4 12.8 12.8 12.8zm-192 0h22.4c6.4 0 12.8-6.4 12.8-12.8V140.8c0-6.4-6.4-12.8-12.8-12.8h-22.4c-6.4 0-12.8 6.4-12.8 12.8v198.4c0 6.4 6.4 12.8 12.8 12.8zm96 0h22.4c6.4 0 12.8-6.4 12.8-12.8V204.8c0-6.4-6.4-12.8-12.8-12.8h-22.4c-6.4 0-12.8 6.4-12.8 12.8v134.4c0 6.4 6.4 12.8 12.8 12.8zM496 400H48V80c0-8.84-7.16-16-16-16H16C7.16 64 0 71.16 0 80v336c0 17.67 14.33 32 32 32h464c8.84 0 16-7.16 16-16v-16c0-8.84-7.16-16-16-16zm-387.2-48h22.4c6.4 0 12.8-6.4 12.8-12.8v-70.4c0-6.4-6.4-12.8-12.8-12.8h-22.4c-6.4 0-12.8 6.4-12.8 12.8v70.4c0 6.4 6.4 12.8 12.8 12.8z\" class=\"\"><\/path><\/svg><\/i> <img loading=\"lazy\" decoding=\"async\" width=\"16\" height=\"16\" alt=\"Loading\" src=\"https:\/\/csavoly.hu\/wp\/wp-content\/plugins\/page-views-count\/ajax-loader-2x.gif\" border=0 \/><\/p>\n<div class=\"pvc_clear\"><\/div>\n","protected":false},"author":3,"featured_media":0,"parent":0,"menu_order":0,"comment_status":"closed","ping_status":"closed","template":"","meta":{"footnotes":""},"class_list":["post-4429","page","type-page","status-publish","hentry"],"_links":{"self":[{"href":"https:\/\/csavoly.hu\/wp\/index.php?rest_route=\/wp\/v2\/pages\/4429"}],"collection":[{"href":"https:\/\/csavoly.hu\/wp\/index.php?rest_route=\/wp\/v2\/pages"}],"about":[{"href":"https:\/\/csavoly.hu\/wp\/index.php?rest_route=\/wp\/v2\/types\/page"}],"author":[{"embeddable":true,"href":"https:\/\/csavoly.hu\/wp\/index.php?rest_route=\/wp\/v2\/users\/3"}],"replies":[{"embeddable":true,"href":"https:\/\/csavoly.hu\/wp\/index.php?rest_route=%2Fwp%2Fv2%2Fcomments&post=4429"}],"version-history":[{"count":7,"href":"https:\/\/csavoly.hu\/wp\/index.php?rest_route=\/wp\/v2\/pages\/4429\/revisions"}],"predecessor-version":[{"id":4450,"href":"https:\/\/csavoly.hu\/wp\/index.php?rest_route=\/wp\/v2\/pages\/4429\/revisions\/4450"}],"wp:attachment":[{"href":"https:\/\/csavoly.hu\/wp\/index.php?rest_route=%2Fwp%2Fv2%2Fmedia&parent=4429"}],"curies":[{"name":"wp","href":"https:\/\/api.w.org\/{rel}","templated":true}]}}