{"id":4480,"date":"2021-10-05T15:04:54","date_gmt":"2021-10-05T13:04:54","guid":{"rendered":"http:\/\/csavoly.hu\/wp\/?page_id=4480"},"modified":"2021-12-08T18:22:37","modified_gmt":"2021-12-08T16:22:37","slug":"bursa-hungarica-2022","status":"publish","type":"page","link":"https:\/\/csavoly.hu\/wp\/?page_id=4480","title":{"rendered":"BURSA HUNGARICA 2022."},"content":{"rendered":"\n<p class=\"has-medium-font-size\"><a rel=\"noreferrer noopener\" aria-label=\"A tipus\u00fa p\u00e1ly\u00e1zati ki\u00edr\u00e1s (opens in a new tab)\" href=\"https:\/\/csavoly.hu\/wp\/wp-content\/uploads\/2021\/10\/A-tipus\u00fa-p\u00e1ly\u00e1zati-ki\u00edras-2022..pdf\" target=\"_blank\">A tipus\u00fa p\u00e1ly\u00e1zati ki\u00edr\u00e1s<\/a><\/p>\n\n\n\n<p class=\"has-medium-font-size\"><a rel=\"noreferrer noopener\" aria-label=\"B tipus\u00fa p\u00e1ly\u00e1zati ki\u00edr\u00e1s (opens in a new tab)\" href=\"https:\/\/csavoly.hu\/wp\/wp-content\/uploads\/2021\/10\/B-tipus\u00fa-p\u00e1ly\u00e1zati-ki\u00edras-2022..pdf\" target=\"_blank\">B tipus\u00fa p\u00e1ly\u00e1zati ki\u00edr\u00e1s<\/a><a rel=\"noreferrer noopener\" aria-label=\"sz\u00e1m\u00fa mell\u00e9klet (opens in a new tab)\" href=\"https:\/\/csavoly.hu\/wp\/wp-content\/uploads\/2021\/10\/1_mell\u00e9klet-nyilatkozat-egy-h\u00e1ztart\u00e1sban-\u00e9l\u0151k-sz\u00e1m\u00e1r\u00f3l.docx\" target=\"_blank\"> <\/a><\/p>\n\n\n\n<p class=\"has-medium-font-size\"><a href=\"https:\/\/csavoly.hu\/wp\/wp-content\/uploads\/2021\/10\/1-mell\u00e9klet-nyilatkozat-egy-h\u00e1ztart\u00e1sban-\u00e9l\u0151k-sz\u00e1m\u00e1r\u00f3l.pdf\" target=\"_blank\" rel=\"noreferrer noopener\" aria-label=\"1 mell\u00e9klet (opens in a new tab)\">1 mell\u00e9klet<\/a><\/p>\n\n\n\n<p class=\"has-medium-font-size\"><a href=\"https:\/\/csavoly.hu\/wp\/wp-content\/uploads\/2021\/10\/2-mell\u00e9klet-nyilatkozat-egyed\u00fcl\u00e1ll\u00f3s\u00e1gr\u00f3l.pdf\" target=\"_blank\" rel=\"noreferrer noopener\" aria-label=\"2 mell\u00e9klet (opens in a new tab)\">2 mell\u00e9klet<\/a><\/p>\n\n\n\n<p class=\"has-medium-font-size\"><a rel=\"noreferrer noopener\" aria-label=\"3 mell\u00e9klet (opens in a new tab)\" href=\"https:\/\/csavoly.hu\/wp\/wp-content\/uploads\/2021\/10\/3-mell\u00e9klet-nyilatkozat-ingatlanr\u00f3l.pdf\" target=\"_blank\">3 mell\u00e9klet<\/a><\/p>\n\n\n\n<p class=\"has-medium-font-size\"><a href=\"https:\/\/csavoly.hu\/wp\/wp-content\/uploads\/2021\/12\/bursa-2022.pdf\" target=\"_blank\" rel=\"noreferrer noopener\" aria-label=\"Beny\u00fajtott p\u00e1ly\u00e1zatok elb\u00edr\u00e1l\u00e1sa (opens in a new tab)\">Beny\u00fajtott p\u00e1ly\u00e1zatok elb\u00edr\u00e1l\u00e1sa<\/a><\/p>\n\n\n\n<p><\/p>\n<div class=\"pvc_clear\"><\/div><p id=\"pvc_stats_4480\" class=\"pvc_stats all  \" data-element-id=\"4480\" style=\"\"><i class=\"pvc-stats-icon medium\" aria-hidden=\"true\"><svg aria-hidden=\"true\" focusable=\"false\" data-prefix=\"far\" data-icon=\"chart-bar\" role=\"img\" xmlns=\"http:\/\/www.w3.org\/2000\/svg\" viewBox=\"0 0 512 512\" class=\"svg-inline--fa fa-chart-bar fa-w-16 fa-2x\"><path fill=\"currentColor\" d=\"M396.8 352h22.4c6.4 0 12.8-6.4 12.8-12.8V108.8c0-6.4-6.4-12.8-12.8-12.8h-22.4c-6.4 0-12.8 6.4-12.8 12.8v230.4c0 6.4 6.4 12.8 12.8 12.8zm-192 0h22.4c6.4 0 12.8-6.4 12.8-12.8V140.8c0-6.4-6.4-12.8-12.8-12.8h-22.4c-6.4 0-12.8 6.4-12.8 12.8v198.4c0 6.4 6.4 12.8 12.8 12.8zm96 0h22.4c6.4 0 12.8-6.4 12.8-12.8V204.8c0-6.4-6.4-12.8-12.8-12.8h-22.4c-6.4 0-12.8 6.4-12.8 12.8v134.4c0 6.4 6.4 12.8 12.8 12.8zM496 400H48V80c0-8.84-7.16-16-16-16H16C7.16 64 0 71.16 0 80v336c0 17.67 14.33 32 32 32h464c8.84 0 16-7.16 16-16v-16c0-8.84-7.16-16-16-16zm-387.2-48h22.4c6.4 0 12.8-6.4 12.8-12.8v-70.4c0-6.4-6.4-12.8-12.8-12.8h-22.4c-6.4 0-12.8 6.4-12.8 12.8v70.4c0 6.4 6.4 12.8 12.8 12.8z\" class=\"\"><\/path><\/svg><\/i> <img loading=\"lazy\" decoding=\"async\" width=\"16\" height=\"16\" alt=\"Loading\" src=\"https:\/\/csavoly.hu\/wp\/wp-content\/plugins\/page-views-count\/ajax-loader-2x.gif\" border=0 \/><\/p><div class=\"pvc_clear\"><\/div>","protected":false},"excerpt":{"rendered":"<p>A tipus\u00fa p\u00e1ly\u00e1zati ki\u00edr\u00e1s B tipus\u00fa p\u00e1ly\u00e1zati ki\u00edr\u00e1s 1 mell\u00e9klet 2 mell\u00e9klet 3 mell\u00e9klet Beny\u00fajtott p\u00e1ly\u00e1zatok elb\u00edr\u00e1l\u00e1sa<\/p>\n<div class=\"pvc_clear\"><\/div>\n<p id=\"pvc_stats_4480\" class=\"pvc_stats all  \" data-element-id=\"4480\" style=\"\"><i class=\"pvc-stats-icon medium\" aria-hidden=\"true\"><svg aria-hidden=\"true\" focusable=\"false\" data-prefix=\"far\" data-icon=\"chart-bar\" role=\"img\" xmlns=\"http:\/\/www.w3.org\/2000\/svg\" viewBox=\"0 0 512 512\" class=\"svg-inline--fa fa-chart-bar fa-w-16 fa-2x\"><path fill=\"currentColor\" d=\"M396.8 352h22.4c6.4 0 12.8-6.4 12.8-12.8V108.8c0-6.4-6.4-12.8-12.8-12.8h-22.4c-6.4 0-12.8 6.4-12.8 12.8v230.4c0 6.4 6.4 12.8 12.8 12.8zm-192 0h22.4c6.4 0 12.8-6.4 12.8-12.8V140.8c0-6.4-6.4-12.8-12.8-12.8h-22.4c-6.4 0-12.8 6.4-12.8 12.8v198.4c0 6.4 6.4 12.8 12.8 12.8zm96 0h22.4c6.4 0 12.8-6.4 12.8-12.8V204.8c0-6.4-6.4-12.8-12.8-12.8h-22.4c-6.4 0-12.8 6.4-12.8 12.8v134.4c0 6.4 6.4 12.8 12.8 12.8zM496 400H48V80c0-8.84-7.16-16-16-16H16C7.16 64 0 71.16 0 80v336c0 17.67 14.33 32 32 32h464c8.84 0 16-7.16 16-16v-16c0-8.84-7.16-16-16-16zm-387.2-48h22.4c6.4 0 12.8-6.4 12.8-12.8v-70.4c0-6.4-6.4-12.8-12.8-12.8h-22.4c-6.4 0-12.8 6.4-12.8 12.8v70.4c0 6.4 6.4 12.8 12.8 12.8z\" class=\"\"><\/path><\/svg><\/i> <img loading=\"lazy\" decoding=\"async\" width=\"16\" height=\"16\" alt=\"Loading\" src=\"https:\/\/csavoly.hu\/wp\/wp-content\/plugins\/page-views-count\/ajax-loader-2x.gif\" border=0 \/><\/p>\n<div class=\"pvc_clear\"><\/div>\n","protected":false},"author":3,"featured_media":0,"parent":0,"menu_order":0,"comment_status":"closed","ping_status":"closed","template":"","meta":{"footnotes":""},"class_list":["post-4480","page","type-page","status-publish","hentry"],"_links":{"self":[{"href":"https:\/\/csavoly.hu\/wp\/index.php?rest_route=\/wp\/v2\/pages\/4480"}],"collection":[{"href":"https:\/\/csavoly.hu\/wp\/index.php?rest_route=\/wp\/v2\/pages"}],"about":[{"href":"https:\/\/csavoly.hu\/wp\/index.php?rest_route=\/wp\/v2\/types\/page"}],"author":[{"embeddable":true,"href":"https:\/\/csavoly.hu\/wp\/index.php?rest_route=\/wp\/v2\/users\/3"}],"replies":[{"embeddable":true,"href":"https:\/\/csavoly.hu\/wp\/index.php?rest_route=%2Fwp%2Fv2%2Fcomments&post=4480"}],"version-history":[{"count":10,"href":"https:\/\/csavoly.hu\/wp\/index.php?rest_route=\/wp\/v2\/pages\/4480\/revisions"}],"predecessor-version":[{"id":4577,"href":"https:\/\/csavoly.hu\/wp\/index.php?rest_route=\/wp\/v2\/pages\/4480\/revisions\/4577"}],"wp:attachment":[{"href":"https:\/\/csavoly.hu\/wp\/index.php?rest_route=%2Fwp%2Fv2%2Fmedia&parent=4480"}],"curies":[{"name":"wp","href":"https:\/\/api.w.org\/{rel}","templated":true}]}}