{"id":4503,"date":"2021-10-21T13:29:26","date_gmt":"2021-10-21T11:29:26","guid":{"rendered":"http:\/\/csavoly.hu\/wp\/?page_id=4503"},"modified":"2021-10-21T13:42:26","modified_gmt":"2021-10-21T11:42:26","slug":"fakivagas","status":"publish","type":"page","link":"https:\/\/csavoly.hu\/wp\/?page_id=4503","title":{"rendered":"Fakiv\u00e1g\u00e1si enged\u00e9ly"},"content":{"rendered":"\n<p>Tisztelt \u00dcgyfeleink,<\/p>\n\n\n\n<p>t\u00f6bben \u00e9rdekl\u0151dtek a <strong>k\u00f6zter\u00fcleten<\/strong> <strong>l\u00e9v\u0151<\/strong> <strong>f\u00e1s sz\u00e1r\u00fa<\/strong><strong> n\u00f6v\u00e9nyek kiv\u00e1g\u00e1s\u00e1r\u00f3l<\/strong>. <\/p>\n\n\n\n<p>T\u00e1j\u00e9koztat\u00e1sul jelzem, hogy a k\u00f6zter\u00fcleten l\u00e9v\u0151 f\u00e1s sz\u00e1r\u00fa n\u00f6v\u00e9ny kiv\u00e1g\u00e1s\u00e1t\na <strong>jegyz\u0151 enged\u00e9lyezi<\/strong>. (A f\u00e1s sz\u00e1r\u00fa n\u00f6v\u00e9nyek v\u00e9delm\u00e9r\u0151l sz\u00f3l\u00f3346\/2008.\n(XII. 30.) Korm. rendelet 6.\u00a7 (1) bekezd\u00e9s.)<\/p>\n\n\n\n<p>Az enged\u00e9ly kiad\u00e1s\u00e1ra ir\u00e1nyul\u00f3 k\u00e9relem a csatolt <strong>formanyomtatv\u00e1nyon<\/strong> <strong>vagy annak\nmegfelel\u0151 tartalommal ny\u00fajthat\u00f3 be. <\/strong><\/p>\n\n\n\n<p>A <strong>k\u00e9relmet G\u00f6d\u00f6n S\u00e1ndorn\u00e9 jegyz\u0151i referensn\u00e9l kell leadni<\/strong> <strong>vagy\na postal\u00e1d\u00e1ba helyezve kell eljuttatni<\/strong>, s G\u00f6d\u00f6n S\u00e1ndorn\u00e9 <strong>minden\nesetben a helysz\u00ednre kimegy, felveszi a sz\u00fcks\u00e9ges jegyz\u0151k\u00f6nyvet<\/strong> \u00e9s a\nhat\u00e1rozatot el\u0151k\u00e9sz\u00edti.<\/p>\n\n\n\n<p>A kiv\u00e1gott n\u00f6v\u00e9ny p\u00f3tl\u00e1s\u00e1t minden esetben besz\u00e9lj\u00e9k meg vele.<\/p>\n\n\n\n<p>A K\u00e9pvisel\u0151-test\u00fclet\nmeghat\u00e1rozta az \u00fan. \u201e<em>F\u00c1S\u00cdT\u00c1SRA, N\u00d6V\u00c9NYTELEP\u00cdT\u00c9SRE JAVASOLT \u0150SHONOS N\u00d6V\u00c9NYEK JEGYZ\u00c9KE<\/em>\u201d-t,\nmelyet lentebb szint\u00e9n k\u00f6zz\u00e9teszek.\nK\u00e9rem n\u00e9zegetni, ut\u00e1nan\u00e9zni, s a p\u00f3tland\u00f3 n\u00f6v\u00e9nyr\u0151l els\u0151sorban ennek alapj\u00e1n\neszerint gondolkodjanak.<\/p>\n\n\n\n<p>A p\u00f3tl\u00e1st a\nmez\u0151\u0151r ellen\u0151rzik, s engem t\u00e1j\u00e9koztatnak err\u0151l.<\/p>\n\n\n\n<p><strong>Probl\u00e9ma eset\u00e9n<\/strong><strong> k\u00e9rem, hogy\nszem\u00e9lyesen velem besz\u00e9ljenek. Id\u0151pont a <\/strong><a href=\"mailto:jegyzo@csavoly.hu\"><strong>jegyzo@csavoly.hu<\/strong><\/a><strong> c\u00edmen vagy a 79\/352-122 sz\u00e1mon.<\/strong><\/p>\n\n\n\n<p>K\u00f6sz\u00f6nettel: <\/p>\n\n\n\n<p>dr. Gyenes Gabriella<\/p>\n\n\n\n<p>jegyz\u0151<\/p>\n\n\n\n<p class=\"has-medium-font-size\"><a rel=\"noreferrer noopener\" aria-label=\"Fakiv\u00e1g\u00e1si k\u00e9relem nyomtatv\u00e1ny (opens in a new tab)\" href=\"https:\/\/csavoly.hu\/wp\/wp-content\/uploads\/2021\/10\/Fakiv\u00e1g\u00e1si-k\u00e9relem-nyomtatv\u00e1ny.pdf\" target=\"_blank\">Fakiv\u00e1g\u00e1si k\u00e9relem nyomtatv\u00e1ny<\/a><\/p>\n\n\n\n<p class=\"has-medium-font-size\"><a rel=\"noreferrer noopener\" aria-label=\"5. sz\u00e1m\u00fa mell\u00e9klet 6\/2019. (V.29.) \u00d6nkorm\u00e1nyzati rendelethez (opens in a new tab)\" href=\"https:\/\/csavoly.hu\/wp\/wp-content\/uploads\/2021\/10\/6-2019.V.29._a-telep\u00fcl\u00e9sk\u00e9p-v\u00e9delm\u00e9r\u0151l_5.mell\u00e9klet.pdf\" target=\"_blank\">5. mell\u00e9klet 6\/2019. (V.29.) \u00d6nkorm\u00e1nyzati rendelethez<\/a><\/p>\n<div class=\"pvc_clear\"><\/div><p id=\"pvc_stats_4503\" class=\"pvc_stats all  \" data-element-id=\"4503\" style=\"\"><i class=\"pvc-stats-icon medium\" aria-hidden=\"true\"><svg aria-hidden=\"true\" focusable=\"false\" data-prefix=\"far\" data-icon=\"chart-bar\" role=\"img\" xmlns=\"http:\/\/www.w3.org\/2000\/svg\" viewBox=\"0 0 512 512\" class=\"svg-inline--fa fa-chart-bar fa-w-16 fa-2x\"><path fill=\"currentColor\" d=\"M396.8 352h22.4c6.4 0 12.8-6.4 12.8-12.8V108.8c0-6.4-6.4-12.8-12.8-12.8h-22.4c-6.4 0-12.8 6.4-12.8 12.8v230.4c0 6.4 6.4 12.8 12.8 12.8zm-192 0h22.4c6.4 0 12.8-6.4 12.8-12.8V140.8c0-6.4-6.4-12.8-12.8-12.8h-22.4c-6.4 0-12.8 6.4-12.8 12.8v198.4c0 6.4 6.4 12.8 12.8 12.8zm96 0h22.4c6.4 0 12.8-6.4 12.8-12.8V204.8c0-6.4-6.4-12.8-12.8-12.8h-22.4c-6.4 0-12.8 6.4-12.8 12.8v134.4c0 6.4 6.4 12.8 12.8 12.8zM496 400H48V80c0-8.84-7.16-16-16-16H16C7.16 64 0 71.16 0 80v336c0 17.67 14.33 32 32 32h464c8.84 0 16-7.16 16-16v-16c0-8.84-7.16-16-16-16zm-387.2-48h22.4c6.4 0 12.8-6.4 12.8-12.8v-70.4c0-6.4-6.4-12.8-12.8-12.8h-22.4c-6.4 0-12.8 6.4-12.8 12.8v70.4c0 6.4 6.4 12.8 12.8 12.8z\" class=\"\"><\/path><\/svg><\/i> <img loading=\"lazy\" decoding=\"async\" width=\"16\" height=\"16\" alt=\"Loading\" src=\"https:\/\/csavoly.hu\/wp\/wp-content\/plugins\/page-views-count\/ajax-loader-2x.gif\" border=0 \/><\/p><div class=\"pvc_clear\"><\/div>","protected":false},"excerpt":{"rendered":"<p>Tisztelt \u00dcgyfeleink, t\u00f6bben \u00e9rdekl\u0151dtek a k\u00f6zter\u00fcleten l\u00e9v\u0151 f\u00e1s sz\u00e1r\u00fa n\u00f6v\u00e9nyek kiv\u00e1g\u00e1s\u00e1r\u00f3l. T\u00e1j\u00e9koztat\u00e1sul jelzem, hogy a k\u00f6zter\u00fcleten l\u00e9v\u0151 f\u00e1s sz\u00e1r\u00fa n\u00f6v\u00e9ny kiv\u00e1g\u00e1s\u00e1t a jegyz\u0151 enged\u00e9lyezi. (A f\u00e1s sz\u00e1r\u00fa n\u00f6v\u00e9nyek v\u00e9delm\u00e9r\u0151l sz\u00f3l\u00f3346\/2008. (XII. 30.) Korm. rendelet 6.\u00a7 (1) bekezd\u00e9s.) Az enged\u00e9ly kiad\u00e1s\u00e1ra ir\u00e1nyul\u00f3 k\u00e9relem a csatolt formanyomtatv\u00e1nyon vagy annak megfelel\u0151 tartalommal ny\u00fajthat\u00f3 be. A k\u00e9relmet G\u00f6d\u00f6n S\u00e1ndorn\u00e9 &hellip; <a href=\"https:\/\/csavoly.hu\/wp\/?page_id=4503\" class=\"more-link\"><span class=\"screen-reader-text\">Fakiv\u00e1g\u00e1si enged\u00e9ly<\/span> b\u0151vebben&#8230; <span class=\"meta-nav\">&rarr;<\/span><\/a><\/p>\n<div class=\"pvc_clear\"><\/div>\n<p id=\"pvc_stats_4503\" class=\"pvc_stats all  \" data-element-id=\"4503\" style=\"\"><i class=\"pvc-stats-icon medium\" aria-hidden=\"true\"><svg aria-hidden=\"true\" focusable=\"false\" data-prefix=\"far\" data-icon=\"chart-bar\" role=\"img\" xmlns=\"http:\/\/www.w3.org\/2000\/svg\" viewBox=\"0 0 512 512\" class=\"svg-inline--fa fa-chart-bar fa-w-16 fa-2x\"><path fill=\"currentColor\" d=\"M396.8 352h22.4c6.4 0 12.8-6.4 12.8-12.8V108.8c0-6.4-6.4-12.8-12.8-12.8h-22.4c-6.4 0-12.8 6.4-12.8 12.8v230.4c0 6.4 6.4 12.8 12.8 12.8zm-192 0h22.4c6.4 0 12.8-6.4 12.8-12.8V140.8c0-6.4-6.4-12.8-12.8-12.8h-22.4c-6.4 0-12.8 6.4-12.8 12.8v198.4c0 6.4 6.4 12.8 12.8 12.8zm96 0h22.4c6.4 0 12.8-6.4 12.8-12.8V204.8c0-6.4-6.4-12.8-12.8-12.8h-22.4c-6.4 0-12.8 6.4-12.8 12.8v134.4c0 6.4 6.4 12.8 12.8 12.8zM496 400H48V80c0-8.84-7.16-16-16-16H16C7.16 64 0 71.16 0 80v336c0 17.67 14.33 32 32 32h464c8.84 0 16-7.16 16-16v-16c0-8.84-7.16-16-16-16zm-387.2-48h22.4c6.4 0 12.8-6.4 12.8-12.8v-70.4c0-6.4-6.4-12.8-12.8-12.8h-22.4c-6.4 0-12.8 6.4-12.8 12.8v70.4c0 6.4 6.4 12.8 12.8 12.8z\" class=\"\"><\/path><\/svg><\/i> <img loading=\"lazy\" decoding=\"async\" width=\"16\" height=\"16\" alt=\"Loading\" src=\"https:\/\/csavoly.hu\/wp\/wp-content\/plugins\/page-views-count\/ajax-loader-2x.gif\" border=0 \/><\/p>\n<div class=\"pvc_clear\"><\/div>\n","protected":false},"author":3,"featured_media":0,"parent":0,"menu_order":0,"comment_status":"closed","ping_status":"closed","template":"","meta":{"footnotes":""},"class_list":["post-4503","page","type-page","status-publish","hentry"],"_links":{"self":[{"href":"https:\/\/csavoly.hu\/wp\/index.php?rest_route=\/wp\/v2\/pages\/4503"}],"collection":[{"href":"https:\/\/csavoly.hu\/wp\/index.php?rest_route=\/wp\/v2\/pages"}],"about":[{"href":"https:\/\/csavoly.hu\/wp\/index.php?rest_route=\/wp\/v2\/types\/page"}],"author":[{"embeddable":true,"href":"https:\/\/csavoly.hu\/wp\/index.php?rest_route=\/wp\/v2\/users\/3"}],"replies":[{"embeddable":true,"href":"https:\/\/csavoly.hu\/wp\/index.php?rest_route=%2Fwp%2Fv2%2Fcomments&post=4503"}],"version-history":[{"count":8,"href":"https:\/\/csavoly.hu\/wp\/index.php?rest_route=\/wp\/v2\/pages\/4503\/revisions"}],"predecessor-version":[{"id":4515,"href":"https:\/\/csavoly.hu\/wp\/index.php?rest_route=\/wp\/v2\/pages\/4503\/revisions\/4515"}],"wp:attachment":[{"href":"https:\/\/csavoly.hu\/wp\/index.php?rest_route=%2Fwp%2Fv2%2Fmedia&parent=4503"}],"curies":[{"name":"wp","href":"https:\/\/api.w.org\/{rel}","templated":true}]}}