{"id":455,"date":"2016-04-13T13:39:48","date_gmt":"2016-04-13T13:39:48","guid":{"rendered":"http:\/\/csavoly.hu\/wp\/?page_id=455"},"modified":"2020-05-12T09:12:47","modified_gmt":"2020-05-12T07:12:47","slug":"letoltheto-dokumentumok","status":"publish","type":"page","link":"https:\/\/csavoly.hu\/wp\/?page_id=455","title":{"rendered":"Let\u00f6lthet\u0151 dokumentumok"},"content":{"rendered":"<h4><a href=\"https:\/\/csavoly.hu\/wp\/?page_id=589\" target=\"_blank\" rel=\"noopener noreferrer\">K\u00d6ZBESZERZ\u00c9S LET\u00d6LTHET\u0150 DOKUMENTUMAI<\/a><\/h4>\n<h4><a href=\"https:\/\/csavoly.hu\/wp\/?page_id=499\" target=\"_blank\" rel=\"noopener noreferrer\">K\u00d6Z\u00c9RDEK\u0170 ADATOK<\/a><\/h4>\n<p><a href=\"https:\/\/csavoly.hu\/wp\/wp-content\/uploads\/2019\/08\/ajanloiv-igenylese-a6_1994.pdf\" target=\"_blank\" rel=\"noopener noreferrer\">Aj\u00e1nl\u00f3\u00edv ig\u00e9nyl\u00e9s a6<\/a><\/p>\n<p><a href=\"https:\/\/csavoly.hu\/wp\/wp-content\/uploads\/2019\/08\/onk_atjelentkezesei_kerelem_2026.pdf\" target=\"_blank\" rel=\"noopener noreferrer\">\u00c1tjelentkezesi k\u00e9relem<\/a><\/p>\n<p><a href=\"https:\/\/csavoly.hu\/wp\/wp-content\/uploads\/2019\/08\/ajanloiv-igenylese-a4_1996.pdf\" target=\"_blank\" rel=\"noopener noreferrer\">Aj\u00e1nl\u00f3\u00edv ig\u00e9nyl\u00e9s a4<\/a><\/p>\n<p><a href=\"https:\/\/csavoly.hu\/wp\/wp-content\/uploads\/2019\/08\/onk_mozgourna_kerelem_2027.pdf\" target=\"_blank\" rel=\"noopener noreferrer\">Mozg\u00f3urna k\u00e9relem<\/a><\/p>\n","protected":false},"excerpt":{"rendered":"<p>K\u00d6ZBESZERZ\u00c9S LET\u00d6LTHET\u0150 DOKUMENTUMAI K\u00d6Z\u00c9RDEK\u0170 ADATOK Aj\u00e1nl\u00f3\u00edv ig\u00e9nyl\u00e9s a6 \u00c1tjelentkezesi k\u00e9relem Aj\u00e1nl\u00f3\u00edv ig\u00e9nyl\u00e9s a4 Mozg\u00f3urna k\u00e9relem<\/p>\n","protected":false},"author":1,"featured_media":0,"parent":0,"menu_order":0,"comment_status":"closed","ping_status":"closed","template":"","meta":{"footnotes":""},"class_list":["post-455","page","type-page","status-publish","hentry"],"_links":{"self":[{"href":"https:\/\/csavoly.hu\/wp\/index.php?rest_route=\/wp\/v2\/pages\/455"}],"collection":[{"href":"https:\/\/csavoly.hu\/wp\/index.php?rest_route=\/wp\/v2\/pages"}],"about":[{"href":"https:\/\/csavoly.hu\/wp\/index.php?rest_route=\/wp\/v2\/types\/page"}],"author":[{"embeddable":true,"href":"https:\/\/csavoly.hu\/wp\/index.php?rest_route=\/wp\/v2\/users\/1"}],"replies":[{"embeddable":true,"href":"https:\/\/csavoly.hu\/wp\/index.php?rest_route=%2Fwp%2Fv2%2Fcomments&post=455"}],"version-history":[{"count":3,"href":"https:\/\/csavoly.hu\/wp\/index.php?rest_route=\/wp\/v2\/pages\/455\/revisions"}],"predecessor-version":[{"id":2805,"href":"https:\/\/csavoly.hu\/wp\/index.php?rest_route=\/wp\/v2\/pages\/455\/revisions\/2805"}],"wp:attachment":[{"href":"https:\/\/csavoly.hu\/wp\/index.php?rest_route=%2Fwp%2Fv2%2Fmedia&parent=455"}],"curies":[{"name":"wp","href":"https:\/\/api.w.org\/{rel}","templated":true}]}}