{"id":457,"date":"2016-04-13T13:38:45","date_gmt":"2016-04-13T13:38:45","guid":{"rendered":"http:\/\/csavoly.hu\/wp\/?page_id=457"},"modified":"2020-05-12T09:12:28","modified_gmt":"2020-05-12T07:12:28","slug":"nyomtatvanyok","status":"publish","type":"page","link":"https:\/\/csavoly.hu\/wp\/?page_id=457","title":{"rendered":"Nyomtatv\u00e1nyok"},"content":{"rendered":"\n<p class=\"has-medium-font-size\"><a rel=\"noreferrer noopener\" aria-label=\"AD\u00d3\u00dcGYI NYOMTATV\u00c1NYOK (\u00faj f\u00fcl\u00f6n nyitja meg)\" href=\"https:\/\/csavoly.hu\/wp\/?page_id=898\" target=\"_blank\">AD\u00d3\u00dcGYI NYOMTATV\u00c1NYOK<\/a><\/p>\n\n\n\n<p class=\"has-medium-font-size\"><a href=\"https:\/\/csavoly.hu\/wp\/?page_id=471\" target=\"_blank\" rel=\"noreferrer noopener\" aria-label=\"KERESKEDELMI IGAZGAT\u00c1S NYOMTATV\u00c1NYAI (\u00faj f\u00fcl\u00f6n nyitja meg)\">KERESKEDELMI IGAZGAT\u00c1S NYOMTATV\u00c1NYAI<\/a><\/p>\n","protected":false},"excerpt":{"rendered":"<p>AD\u00d3\u00dcGYI NYOMTATV\u00c1NYOK KERESKEDELMI IGAZGAT\u00c1S NYOMTATV\u00c1NYAI<\/p>\n","protected":false},"author":1,"featured_media":0,"parent":0,"menu_order":0,"comment_status":"closed","ping_status":"closed","template":"","meta":{"footnotes":""},"class_list":["post-457","page","type-page","status-publish","hentry"],"_links":{"self":[{"href":"https:\/\/csavoly.hu\/wp\/index.php?rest_route=\/wp\/v2\/pages\/457"}],"collection":[{"href":"https:\/\/csavoly.hu\/wp\/index.php?rest_route=\/wp\/v2\/pages"}],"about":[{"href":"https:\/\/csavoly.hu\/wp\/index.php?rest_route=\/wp\/v2\/types\/page"}],"author":[{"embeddable":true,"href":"https:\/\/csavoly.hu\/wp\/index.php?rest_route=\/wp\/v2\/users\/1"}],"replies":[{"embeddable":true,"href":"https:\/\/csavoly.hu\/wp\/index.php?rest_route=%2Fwp%2Fv2%2Fcomments&post=457"}],"version-history":[{"count":2,"href":"https:\/\/csavoly.hu\/wp\/index.php?rest_route=\/wp\/v2\/pages\/457\/revisions"}],"predecessor-version":[{"id":2803,"href":"https:\/\/csavoly.hu\/wp\/index.php?rest_route=\/wp\/v2\/pages\/457\/revisions\/2803"}],"wp:attachment":[{"href":"https:\/\/csavoly.hu\/wp\/index.php?rest_route=%2Fwp%2Fv2%2Fmedia&parent=457"}],"curies":[{"name":"wp","href":"https:\/\/api.w.org\/{rel}","templated":true}]}}