{"id":461,"date":"2016-04-13T13:42:02","date_gmt":"2016-04-13T13:42:02","guid":{"rendered":"http:\/\/csavoly.hu\/wp\/?page_id=461"},"modified":"2021-01-06T09:39:53","modified_gmt":"2021-01-06T07:39:53","slug":"adougyi-nyomtatvanyok","status":"publish","type":"page","link":"https:\/\/csavoly.hu\/wp\/?page_id=461","title":{"rendered":"Ad\u00f3\u00fcgyi nyomtatv\u00e1nyok"},"content":{"rendered":"<p><a href=\"https:\/\/csavoly.hu\/wp\/?attachment_id=464\" rel=\"attachment wp-att-464\">Adatlap m\u00e9lt\u00e1nyoss\u00e1gi k\u00e9relemhez<\/a><br \/><a href=\"https:\/\/csavoly.hu\/wp\/?attachment_id=465\" rel=\"attachment wp-att-465\">Ad\u00f3igazolas k\u00e9relem<\/a> <br \/><a href=\"https:\/\/csavoly.hu\/wp\/?attachment_id=467\" rel=\"attachment wp-att-467\">K\u00e9relem g\u00e9pj\u00e1rm\u0171 t\u00e1rol\u00e1si hely\u00e9nek igazol\u00e1s\u00e1r\u00f3l<\/a><br \/><a href=\"https:\/\/csavoly.hu\/wp\/?attachment_id=469\" rel=\"attachment wp-att-469\">T\u00falfizet\u00e9s visszautal\u00e1sa, sz\u00e1ml\u00e1k k\u00f6z\u00f6tti \u00e1tvezet\u00e9s\u00e9nek k\u00e9relme<\/a><\/p>\n\n\n<div class=\"wp-block-file alignleft\"><a href=\"https:\/\/csavoly.hu\/wp\/wp-content\/uploads\/2021\/01\/2021_Mag\u00e1nszem\u00e9ly_kommun\u00e1lis_ad\u00f3ja_nyomtatv\u00e1ny_kit\u00f6lt\u00e9si_\u00fatmutat\u00f3.pdf\" target=\"_blank\" rel=\"noreferrer noopener\">2021_Mag\u00e1nszem\u00e9ly_kommun\u00e1lis_ad\u00f3ja<br>_nyomtatv\u00e1ny_kit\u00f6lt\u00e9si_\u00fatmutat\u00f3<\/a><a href=\"https:\/\/csavoly.hu\/wp\/wp-content\/uploads\/2021\/01\/2021_Mag\u00e1nszem\u00e9ly_kommun\u00e1lis_ad\u00f3ja_nyomtatv\u00e1ny_kit\u00f6lt\u00e9si_\u00fatmutat\u00f3.pdf\" class=\"wp-block-file__button\" download>Let\u00f6lt\u00e9s<\/a><\/div>\n\n\n\n<p><\/p>\n","protected":false},"excerpt":{"rendered":"<p>Adatlap m\u00e9lt\u00e1nyoss\u00e1gi k\u00e9relemhezAd\u00f3igazolas k\u00e9relem K\u00e9relem g\u00e9pj\u00e1rm\u0171 t\u00e1rol\u00e1si hely\u00e9nek igazol\u00e1s\u00e1r\u00f3lT\u00falfizet\u00e9s visszautal\u00e1sa, sz\u00e1ml\u00e1k k\u00f6z\u00f6tti \u00e1tvezet\u00e9s\u00e9nek k\u00e9relme<\/p>\n","protected":false},"author":1,"featured_media":0,"parent":0,"menu_order":0,"comment_status":"closed","ping_status":"closed","template":"","meta":{"footnotes":""},"class_list":["post-461","page","type-page","status-publish","hentry"],"_links":{"self":[{"href":"https:\/\/csavoly.hu\/wp\/index.php?rest_route=\/wp\/v2\/pages\/461"}],"collection":[{"href":"https:\/\/csavoly.hu\/wp\/index.php?rest_route=\/wp\/v2\/pages"}],"about":[{"href":"https:\/\/csavoly.hu\/wp\/index.php?rest_route=\/wp\/v2\/types\/page"}],"author":[{"embeddable":true,"href":"https:\/\/csavoly.hu\/wp\/index.php?rest_route=\/wp\/v2\/users\/1"}],"replies":[{"embeddable":true,"href":"https:\/\/csavoly.hu\/wp\/index.php?rest_route=%2Fwp%2Fv2%2Fcomments&post=461"}],"version-history":[{"count":6,"href":"https:\/\/csavoly.hu\/wp\/index.php?rest_route=\/wp\/v2\/pages\/461\/revisions"}],"predecessor-version":[{"id":3806,"href":"https:\/\/csavoly.hu\/wp\/index.php?rest_route=\/wp\/v2\/pages\/461\/revisions\/3806"}],"wp:attachment":[{"href":"https:\/\/csavoly.hu\/wp\/index.php?rest_route=%2Fwp%2Fv2%2Fmedia&parent=461"}],"curies":[{"name":"wp","href":"https:\/\/api.w.org\/{rel}","templated":true}]}}