{"id":471,"date":"2016-04-13T13:43:30","date_gmt":"2016-04-13T13:43:30","guid":{"rendered":"http:\/\/csavoly.hu\/wp\/?page_id=471"},"modified":"2016-04-13T13:48:12","modified_gmt":"2016-04-13T13:48:12","slug":"kereskedelmi-igazgatas-nyomtatvanyai","status":"publish","type":"page","link":"https:\/\/csavoly.hu\/wp\/?page_id=471","title":{"rendered":"Kereskedelmi igazgat\u00e1s nyomtatv\u00e1nyai"},"content":{"rendered":"<p><a href=\"https:\/\/csavoly.hu\/wp\/?attachment_id=487\" rel=\"attachment wp-att-487\">K\u00e9relem \u00faj m\u0171k\u00f6d\u00e9si enged\u00e9ly kiad\u00e1s\u00e1hoz, illetve tev\u00e9keny\u00e9sgi k\u00f6r m\u00f3dos\u00edt\u00e1shoz<\/a><br \/>\n<a href=\"https:\/\/csavoly.hu\/wp\/?attachment_id=488\" rel=\"attachment wp-att-488\">Mukodesi-engedely-adataiban-bekovetkezett-valtozasrol-bejelentes<\/a><br \/>\n<a href=\"https:\/\/csavoly.hu\/wp\/?attachment_id=489\" rel=\"attachment wp-att-489\">M\u0171k\u00f6d\u00e9si eng. m\u00f3d. term\u00e9kk\u00f6r v\u00e1lt. miatt<\/a><br \/>\n<a href=\"https:\/\/csavoly.hu\/wp\/?attachment_id=490\" rel=\"attachment wp-att-490\">M\u0170K\u00d6D\u00c9SI ENGED\u00c9LY &#8211; K\u00d6TELES kereskedelmi tev\u00e9kenys\u00e9g<br \/>\nM\u00d3DOS\u00cdT\u00c1S ir\u00e1nti k\u00e9relem<\/a> <a href=\"https:\/\/csavoly.hu\/wp\/?attachment_id=491\" rel=\"attachment wp-att-491\">M\u0171k\u00f6d\u00e9si enged\u00e9ly ir\u00e1nti k\u00e9relem<\/a><br \/>\n<a href=\"https:\/\/csavoly.hu\/wp\/?attachment_id=492\" rel=\"attachment wp-att-492\">Telepeng m\u00f3dosit\u00e1shoz k\u00e9relem<\/a><br \/>\n<a href=\"https:\/\/csavoly.hu\/wp\/?attachment_id=493\" rel=\"attachment wp-att-493\">telepenged\u00e9ly k\u00e9relem<br \/>\n<\/a> <a href=\"https:\/\/csavoly.hu\/wp\/?attachment_id=494\" rel=\"attachment wp-att-494\">bejelenetes_uzlet_nyitvatartasi_ido_valtozasarol<\/a><br \/>\n<a href=\"https:\/\/csavoly.hu\/wp\/?attachment_id=495\" rel=\"attachment wp-att-495\">Bejelent\u00e9k\u00f6teles kereskedelmi tev. k\u00e9relem<\/a><br \/>\n<a href=\"https:\/\/csavoly.hu\/wp\/?attachment_id=496\" rel=\"attachment wp-att-496\">Bejelent\u00e9s m\u0171k\u00f6d\u00e9si eng visszaad\u00e1s\u00e1r\u00f3l<\/a><\/p>\n<div class=\"pvc_clear\"><\/div>\n<p id=\"pvc_stats_471\" class=\"pvc_stats all  \" data-element-id=\"471\" style=\"\"><i class=\"pvc-stats-icon medium\" aria-hidden=\"true\"><svg aria-hidden=\"true\" focusable=\"false\" data-prefix=\"far\" data-icon=\"chart-bar\" role=\"img\" xmlns=\"http:\/\/www.w3.org\/2000\/svg\" viewBox=\"0 0 512 512\" class=\"svg-inline--fa fa-chart-bar fa-w-16 fa-2x\"><path fill=\"currentColor\" d=\"M396.8 352h22.4c6.4 0 12.8-6.4 12.8-12.8V108.8c0-6.4-6.4-12.8-12.8-12.8h-22.4c-6.4 0-12.8 6.4-12.8 12.8v230.4c0 6.4 6.4 12.8 12.8 12.8zm-192 0h22.4c6.4 0 12.8-6.4 12.8-12.8V140.8c0-6.4-6.4-12.8-12.8-12.8h-22.4c-6.4 0-12.8 6.4-12.8 12.8v198.4c0 6.4 6.4 12.8 12.8 12.8zm96 0h22.4c6.4 0 12.8-6.4 12.8-12.8V204.8c0-6.4-6.4-12.8-12.8-12.8h-22.4c-6.4 0-12.8 6.4-12.8 12.8v134.4c0 6.4 6.4 12.8 12.8 12.8zM496 400H48V80c0-8.84-7.16-16-16-16H16C7.16 64 0 71.16 0 80v336c0 17.67 14.33 32 32 32h464c8.84 0 16-7.16 16-16v-16c0-8.84-7.16-16-16-16zm-387.2-48h22.4c6.4 0 12.8-6.4 12.8-12.8v-70.4c0-6.4-6.4-12.8-12.8-12.8h-22.4c-6.4 0-12.8 6.4-12.8 12.8v70.4c0 6.4 6.4 12.8 12.8 12.8z\" class=\"\"><\/path><\/svg><\/i> <img loading=\"lazy\" decoding=\"async\" width=\"16\" height=\"16\" alt=\"Loading\" src=\"https:\/\/csavoly.hu\/wp\/wp-content\/plugins\/page-views-count\/ajax-loader-2x.gif\" border=0 \/><\/p>\n<div class=\"pvc_clear\"><\/div>\n","protected":false},"excerpt":{"rendered":"<p>K\u00e9relem \u00faj m\u0171k\u00f6d\u00e9si enged\u00e9ly kiad\u00e1s\u00e1hoz, illetve tev\u00e9keny\u00e9sgi k\u00f6r m\u00f3dos\u00edt\u00e1shoz Mukodesi-engedely-adataiban-bekovetkezett-valtozasrol-bejelentes M\u0171k\u00f6d\u00e9si eng. m\u00f3d. term\u00e9kk\u00f6r v\u00e1lt. miatt M\u0170K\u00d6D\u00c9SI ENGED\u00c9LY &#8211; K\u00d6TELES kereskedelmi tev\u00e9kenys\u00e9g M\u00d3DOS\u00cdT\u00c1S ir\u00e1nti k\u00e9relem M\u0171k\u00f6d\u00e9si enged\u00e9ly ir\u00e1nti k\u00e9relem Telepeng m\u00f3dosit\u00e1shoz k\u00e9relem telepenged\u00e9ly k\u00e9relem bejelenetes_uzlet_nyitvatartasi_ido_valtozasarol Bejelent\u00e9k\u00f6teles kereskedelmi tev. k\u00e9relem Bejelent\u00e9s m\u0171k\u00f6d\u00e9si eng visszaad\u00e1s\u00e1r\u00f3l<\/p>\n<div class=\"pvc_clear\"><\/div>\n<p id=\"pvc_stats_471\" class=\"pvc_stats all  \" data-element-id=\"471\" style=\"\"><i class=\"pvc-stats-icon medium\" aria-hidden=\"true\"><svg aria-hidden=\"true\" focusable=\"false\" data-prefix=\"far\" data-icon=\"chart-bar\" role=\"img\" xmlns=\"http:\/\/www.w3.org\/2000\/svg\" viewBox=\"0 0 512 512\" class=\"svg-inline--fa fa-chart-bar fa-w-16 fa-2x\"><path fill=\"currentColor\" d=\"M396.8 352h22.4c6.4 0 12.8-6.4 12.8-12.8V108.8c0-6.4-6.4-12.8-12.8-12.8h-22.4c-6.4 0-12.8 6.4-12.8 12.8v230.4c0 6.4 6.4 12.8 12.8 12.8zm-192 0h22.4c6.4 0 12.8-6.4 12.8-12.8V140.8c0-6.4-6.4-12.8-12.8-12.8h-22.4c-6.4 0-12.8 6.4-12.8 12.8v198.4c0 6.4 6.4 12.8 12.8 12.8zm96 0h22.4c6.4 0 12.8-6.4 12.8-12.8V204.8c0-6.4-6.4-12.8-12.8-12.8h-22.4c-6.4 0-12.8 6.4-12.8 12.8v134.4c0 6.4 6.4 12.8 12.8 12.8zM496 400H48V80c0-8.84-7.16-16-16-16H16C7.16 64 0 71.16 0 80v336c0 17.67 14.33 32 32 32h464c8.84 0 16-7.16 16-16v-16c0-8.84-7.16-16-16-16zm-387.2-48h22.4c6.4 0 12.8-6.4 12.8-12.8v-70.4c0-6.4-6.4-12.8-12.8-12.8h-22.4c-6.4 0-12.8 6.4-12.8 12.8v70.4c0 6.4 6.4 12.8 12.8 12.8z\" class=\"\"><\/path><\/svg><\/i> <img loading=\"lazy\" decoding=\"async\" width=\"16\" height=\"16\" alt=\"Loading\" src=\"https:\/\/csavoly.hu\/wp\/wp-content\/plugins\/page-views-count\/ajax-loader-2x.gif\" border=0 \/><\/p>\n<div class=\"pvc_clear\"><\/div>\n","protected":false},"author":1,"featured_media":0,"parent":0,"menu_order":0,"comment_status":"closed","ping_status":"closed","template":"","meta":{"footnotes":""},"class_list":["post-471","page","type-page","status-publish","hentry"],"_links":{"self":[{"href":"https:\/\/csavoly.hu\/wp\/index.php?rest_route=\/wp\/v2\/pages\/471"}],"collection":[{"href":"https:\/\/csavoly.hu\/wp\/index.php?rest_route=\/wp\/v2\/pages"}],"about":[{"href":"https:\/\/csavoly.hu\/wp\/index.php?rest_route=\/wp\/v2\/types\/page"}],"author":[{"embeddable":true,"href":"https:\/\/csavoly.hu\/wp\/index.php?rest_route=\/wp\/v2\/users\/1"}],"replies":[{"embeddable":true,"href":"https:\/\/csavoly.hu\/wp\/index.php?rest_route=%2Fwp%2Fv2%2Fcomments&post=471"}],"version-history":[{"count":0,"href":"https:\/\/csavoly.hu\/wp\/index.php?rest_route=\/wp\/v2\/pages\/471\/revisions"}],"wp:attachment":[{"href":"https:\/\/csavoly.hu\/wp\/index.php?rest_route=%2Fwp%2Fv2%2Fmedia&parent=471"}],"curies":[{"name":"wp","href":"https:\/\/api.w.org\/{rel}","templated":true}]}}