{"id":4804,"date":"2022-05-11T12:33:23","date_gmt":"2022-05-11T10:33:23","guid":{"rendered":"http:\/\/csavoly.hu\/wp\/?page_id=4804"},"modified":"2023-03-09T09:05:04","modified_gmt":"2023-03-09T07:05:04","slug":"szabalyzat","status":"publish","type":"page","link":"https:\/\/csavoly.hu\/wp\/?page_id=4804","title":{"rendered":"Szab\u00e1lyzat"},"content":{"rendered":"\n<div class=\"wp-block-file\"><a href=\"https:\/\/csavoly.hu\/wp\/wp-content\/uploads\/2022\/05\/7.-Jav.-szab.-elf.hat_.-1.pdf\" target=\"_blank\" rel=\"noreferrer noopener\">7. Jav. szab. elf.hat.<\/a><a href=\"https:\/\/csavoly.hu\/wp\/wp-content\/uploads\/2022\/05\/7.-Jav.-szab.-elf.hat_.-1.pdf\" class=\"wp-block-file__button\" download>Let\u00f6lt\u00e9s<\/a><\/div>\n\n\n\n<div class=\"wp-block-file\"><a href=\"https:\/\/csavoly.hu\/wp\/wp-content\/uploads\/2022\/05\/Aj\u00e1nd\u00e9koz\u00e1si-szab\u00e1lyzat-1.pdf\" target=\"_blank\" rel=\"noreferrer noopener\">Aj\u00e1nd\u00e9koz\u00e1si szab\u00e1lyzat<\/a><a href=\"https:\/\/csavoly.hu\/wp\/wp-content\/uploads\/2022\/05\/Aj\u00e1nd\u00e9koz\u00e1si-szab\u00e1lyzat-1.pdf\" class=\"wp-block-file__button\" download>Let\u00f6lt\u00e9s<\/a><\/div>\n\n\n\n<div class=\"wp-block-file\"><a href=\"https:\/\/csavoly.hu\/wp\/wp-content\/uploads\/2022\/05\/Beszerz\u00e9si-szab\u00e1lyzat-1.pdf\">Beszerz\u00e9si szab\u00e1lyzat<\/a><a href=\"https:\/\/csavoly.hu\/wp\/wp-content\/uploads\/2022\/05\/Beszerz\u00e9si-szab\u00e1lyzat-1.pdf\" class=\"wp-block-file__button\" download>Let\u00f6lt\u00e9s<\/a><\/div>\n\n\n\n<div class=\"wp-block-file\"><a href=\"https:\/\/csavoly.hu\/wp\/wp-content\/uploads\/2022\/05\/K\u00fcls\u0151-panaszok.-elj\u00e1r\u00e1srendje-1.pdf\" target=\"_blank\" rel=\"noreferrer noopener\">K\u00fcls\u0151 panaszok. elj\u00e1r\u00e1srendje<\/a><a href=\"https:\/\/csavoly.hu\/wp\/wp-content\/uploads\/2022\/05\/K\u00fcls\u0151-panaszok.-elj\u00e1r\u00e1srendje-1.pdf\" class=\"wp-block-file__button\" download>Let\u00f6lt\u00e9s<\/a><\/div>\n\n\n\n<div class=\"wp-block-file\"><a href=\"https:\/\/csavoly.hu\/wp\/wp-content\/uploads\/2023\/03\/CSNKFT-Eszk\u00f6z\u00f6k-\u00e9s-forr\u00e1sok-\u00e9rt\u00e9kelese.pdf\" target=\"_blank\" rel=\"noreferrer noopener\">CSNKFT-Eszk\u00f6z\u00f6k \u00e9s forr\u00e1sok \u00e9rt\u00e9kelese<\/a><a href=\"https:\/\/csavoly.hu\/wp\/wp-content\/uploads\/2023\/03\/CSNKFT-Eszk\u00f6z\u00f6k-\u00e9s-forr\u00e1sok-\u00e9rt\u00e9kelese.pdf\" class=\"wp-block-file__button\" download>Let\u00f6lt\u00e9s<\/a><\/div>\n\n\n\n<div class=\"wp-block-file\"><a href=\"https:\/\/csavoly.hu\/wp\/wp-content\/uploads\/2023\/03\/CSNKFT-Sz\u00e1mviteli-politika.pdf\" target=\"_blank\" rel=\"noreferrer noopener\">CSNKFT-Sz\u00e1mviteli politika<\/a><a href=\"https:\/\/csavoly.hu\/wp\/wp-content\/uploads\/2023\/03\/CSNKFT-Sz\u00e1mviteli-politika.pdf\" class=\"wp-block-file__button\" download>Let\u00f6lt\u00e9s<\/a><\/div>\n\n\n\n<div class=\"wp-block-file\"><a href=\"https:\/\/csavoly.hu\/wp\/wp-content\/uploads\/2023\/03\/CSNKFT-\u00d6sszef\u00e9rhetetlens\u00e9g.pdf\" target=\"_blank\" rel=\"noreferrer noopener\">CSNKFT-\u00d6sszef\u00e9rhetetlens\u00e9g<\/a><a href=\"https:\/\/csavoly.hu\/wp\/wp-content\/uploads\/2023\/03\/CSNKFT-\u00d6sszef\u00e9rhetetlens\u00e9g.pdf\" class=\"wp-block-file__button\" download>Let\u00f6lt\u00e9s<\/a><\/div>\n\n\n\n<div class=\"wp-block-file\"><a href=\"https:\/\/csavoly.hu\/wp\/wp-content\/uploads\/2023\/03\/CSNKFT-Lelt\u00e1roz\u00e1si.pdf\" target=\"_blank\" rel=\"noreferrer noopener\">CSNKFT-Lelt\u00e1roz\u00e1si<\/a><a href=\"https:\/\/csavoly.hu\/wp\/wp-content\/uploads\/2023\/03\/CSNKFT-Lelt\u00e1roz\u00e1si.pdf\" class=\"wp-block-file__button\" download>Let\u00f6lt\u00e9s<\/a><\/div>\n\n\n\n<div class=\"wp-block-file\"><a href=\"https:\/\/csavoly.hu\/wp\/wp-content\/uploads\/2023\/03\/CSNKFT-Etikai-k\u00f3dex.pdf\" target=\"_blank\" rel=\"noreferrer noopener\">CSNKFT-Etikai k\u00f3dex<\/a><a href=\"https:\/\/csavoly.hu\/wp\/wp-content\/uploads\/2023\/03\/CSNKFT-Etikai-k\u00f3dex.pdf\" class=\"wp-block-file__button\" download>Let\u00f6lt\u00e9s<\/a><\/div>\n\n\n\n<div class=\"wp-block-file\"><a href=\"https:\/\/csavoly.hu\/wp\/wp-content\/uploads\/2023\/03\/CSNKFT-P\u00e9nz-\u00e9s-\u00e9rt\u00e9kkezel\u00e9si.pdf\" target=\"_blank\" rel=\"noreferrer noopener\">CSNKFT-P\u00e9nz-\u00e9s \u00e9rt\u00e9kkezel\u00e9si<\/a><a href=\"https:\/\/csavoly.hu\/wp\/wp-content\/uploads\/2023\/03\/CSNKFT-P\u00e9nz-\u00e9s-\u00e9rt\u00e9kkezel\u00e9si.pdf\" class=\"wp-block-file__button\" download>Let\u00f6lt\u00e9s<\/a><\/div>\n\n\n\n<div class=\"wp-block-file\"><a href=\"https:\/\/csavoly.hu\/wp\/wp-content\/uploads\/2023\/03\/CSNKFT-Integr\u00e1lt-kock\u00e1zatkezel\u00e9s-rendj\u00e9r\u0151l.pdf\" target=\"_blank\" rel=\"noreferrer noopener\">CSNKFT-Integr\u00e1lt kock\u00e1zatkezel\u00e9s rendj\u00e9r\u0151l<\/a><a href=\"https:\/\/csavoly.hu\/wp\/wp-content\/uploads\/2023\/03\/CSNKFT-Integr\u00e1lt-kock\u00e1zatkezel\u00e9s-rendj\u00e9r\u0151l.pdf\" class=\"wp-block-file__button\" download>Let\u00f6lt\u00e9s<\/a><\/div>\n\n\n\n<div class=\"wp-block-file\"><a href=\"https:\/\/csavoly.hu\/wp\/wp-content\/uploads\/2023\/03\/CSNKFT-Integrit\u00e1st-s\u00e9rt\u0151-panaszok-kezel\u00e9se.pdf\" target=\"_blank\" rel=\"noreferrer noopener\">CSNKFT-Integrit\u00e1st s\u00e9rt\u0151 panaszok kezel\u00e9se<\/a><a href=\"https:\/\/csavoly.hu\/wp\/wp-content\/uploads\/2023\/03\/CSNKFT-Integrit\u00e1st-s\u00e9rt\u0151-panaszok-kezel\u00e9se.pdf\" class=\"wp-block-file__button\" download>Let\u00f6lt\u00e9s<\/a><\/div>\n\n\n\n<div class=\"wp-block-file\"><a href=\"https:\/\/csavoly.hu\/wp\/wp-content\/uploads\/2023\/03\/CSNKFT-Sz\u00e1mlarend-1..pdf\" target=\"_blank\" rel=\"noreferrer noopener\">CSNKFT-Sz\u00e1mlarend 1.<\/a><a href=\"https:\/\/csavoly.hu\/wp\/wp-content\/uploads\/2023\/03\/CSNKFT-Sz\u00e1mlarend-1..pdf\" class=\"wp-block-file__button\" download>Let\u00f6lt\u00e9s<\/a><\/div>\n\n\n\n<div class=\"wp-block-file\"><a href=\"https:\/\/csavoly.hu\/wp\/wp-content\/uploads\/2023\/03\/CSNKFT-Sz\u00e1mlarend-2..pdf\" target=\"_blank\" rel=\"noreferrer noopener\">CSNKFT-Sz\u00e1mlarend 2.<\/a><a href=\"https:\/\/csavoly.hu\/wp\/wp-content\/uploads\/2023\/03\/CSNKFT-Sz\u00e1mlarend-2..pdf\" class=\"wp-block-file__button\" download>Let\u00f6lt\u00e9s<\/a><\/div>\n\n\n\n<div class=\"wp-block-file\"><a href=\"https:\/\/csavoly.hu\/wp\/wp-content\/uploads\/2023\/03\/CSNKFT-Sz\u00e1mlarend-3..pdf\" target=\"_blank\" rel=\"noreferrer noopener\">CSNKFT-Sz\u00e1mlarend 3.<\/a><a href=\"https:\/\/csavoly.hu\/wp\/wp-content\/uploads\/2023\/03\/CSNKFT-Sz\u00e1mlarend-3..pdf\" class=\"wp-block-file__button\" download>Let\u00f6lt\u00e9s<\/a><\/div>\n<div class=\"pvc_clear\"><\/div><p id=\"pvc_stats_4804\" class=\"pvc_stats all  \" data-element-id=\"4804\" style=\"\"><i class=\"pvc-stats-icon medium\" aria-hidden=\"true\"><svg aria-hidden=\"true\" focusable=\"false\" data-prefix=\"far\" data-icon=\"chart-bar\" role=\"img\" xmlns=\"http:\/\/www.w3.org\/2000\/svg\" viewBox=\"0 0 512 512\" class=\"svg-inline--fa fa-chart-bar fa-w-16 fa-2x\"><path fill=\"currentColor\" d=\"M396.8 352h22.4c6.4 0 12.8-6.4 12.8-12.8V108.8c0-6.4-6.4-12.8-12.8-12.8h-22.4c-6.4 0-12.8 6.4-12.8 12.8v230.4c0 6.4 6.4 12.8 12.8 12.8zm-192 0h22.4c6.4 0 12.8-6.4 12.8-12.8V140.8c0-6.4-6.4-12.8-12.8-12.8h-22.4c-6.4 0-12.8 6.4-12.8 12.8v198.4c0 6.4 6.4 12.8 12.8 12.8zm96 0h22.4c6.4 0 12.8-6.4 12.8-12.8V204.8c0-6.4-6.4-12.8-12.8-12.8h-22.4c-6.4 0-12.8 6.4-12.8 12.8v134.4c0 6.4 6.4 12.8 12.8 12.8zM496 400H48V80c0-8.84-7.16-16-16-16H16C7.16 64 0 71.16 0 80v336c0 17.67 14.33 32 32 32h464c8.84 0 16-7.16 16-16v-16c0-8.84-7.16-16-16-16zm-387.2-48h22.4c6.4 0 12.8-6.4 12.8-12.8v-70.4c0-6.4-6.4-12.8-12.8-12.8h-22.4c-6.4 0-12.8 6.4-12.8 12.8v70.4c0 6.4 6.4 12.8 12.8 12.8z\" class=\"\"><\/path><\/svg><\/i> <img loading=\"lazy\" decoding=\"async\" width=\"16\" height=\"16\" alt=\"Loading\" src=\"https:\/\/csavoly.hu\/wp\/wp-content\/plugins\/page-views-count\/ajax-loader-2x.gif\" border=0 \/><\/p><div class=\"pvc_clear\"><\/div>","protected":false},"excerpt":{"rendered":"<div class=\"pvc_clear\"><\/div>\n<p id=\"pvc_stats_4804\" class=\"pvc_stats all  \" data-element-id=\"4804\" style=\"\"><i class=\"pvc-stats-icon medium\" aria-hidden=\"true\"><svg aria-hidden=\"true\" focusable=\"false\" data-prefix=\"far\" data-icon=\"chart-bar\" role=\"img\" xmlns=\"http:\/\/www.w3.org\/2000\/svg\" viewBox=\"0 0 512 512\" class=\"svg-inline--fa fa-chart-bar fa-w-16 fa-2x\"><path fill=\"currentColor\" d=\"M396.8 352h22.4c6.4 0 12.8-6.4 12.8-12.8V108.8c0-6.4-6.4-12.8-12.8-12.8h-22.4c-6.4 0-12.8 6.4-12.8 12.8v230.4c0 6.4 6.4 12.8 12.8 12.8zm-192 0h22.4c6.4 0 12.8-6.4 12.8-12.8V140.8c0-6.4-6.4-12.8-12.8-12.8h-22.4c-6.4 0-12.8 6.4-12.8 12.8v198.4c0 6.4 6.4 12.8 12.8 12.8zm96 0h22.4c6.4 0 12.8-6.4 12.8-12.8V204.8c0-6.4-6.4-12.8-12.8-12.8h-22.4c-6.4 0-12.8 6.4-12.8 12.8v134.4c0 6.4 6.4 12.8 12.8 12.8zM496 400H48V80c0-8.84-7.16-16-16-16H16C7.16 64 0 71.16 0 80v336c0 17.67 14.33 32 32 32h464c8.84 0 16-7.16 16-16v-16c0-8.84-7.16-16-16-16zm-387.2-48h22.4c6.4 0 12.8-6.4 12.8-12.8v-70.4c0-6.4-6.4-12.8-12.8-12.8h-22.4c-6.4 0-12.8 6.4-12.8 12.8v70.4c0 6.4 6.4 12.8 12.8 12.8z\" class=\"\"><\/path><\/svg><\/i> <img loading=\"lazy\" decoding=\"async\" width=\"16\" height=\"16\" alt=\"Loading\" src=\"https:\/\/csavoly.hu\/wp\/wp-content\/plugins\/page-views-count\/ajax-loader-2x.gif\" border=0 \/><\/p>\n<div class=\"pvc_clear\"><\/div>\n","protected":false},"author":3,"featured_media":0,"parent":0,"menu_order":0,"comment_status":"closed","ping_status":"closed","template":"","meta":{"footnotes":""},"class_list":["post-4804","page","type-page","status-publish","hentry"],"_links":{"self":[{"href":"https:\/\/csavoly.hu\/wp\/index.php?rest_route=\/wp\/v2\/pages\/4804"}],"collection":[{"href":"https:\/\/csavoly.hu\/wp\/index.php?rest_route=\/wp\/v2\/pages"}],"about":[{"href":"https:\/\/csavoly.hu\/wp\/index.php?rest_route=\/wp\/v2\/types\/page"}],"author":[{"embeddable":true,"href":"https:\/\/csavoly.hu\/wp\/index.php?rest_route=\/wp\/v2\/users\/3"}],"replies":[{"embeddable":true,"href":"https:\/\/csavoly.hu\/wp\/index.php?rest_route=%2Fwp%2Fv2%2Fcomments&post=4804"}],"version-history":[{"count":6,"href":"https:\/\/csavoly.hu\/wp\/index.php?rest_route=\/wp\/v2\/pages\/4804\/revisions"}],"predecessor-version":[{"id":5915,"href":"https:\/\/csavoly.hu\/wp\/index.php?rest_route=\/wp\/v2\/pages\/4804\/revisions\/5915"}],"wp:attachment":[{"href":"https:\/\/csavoly.hu\/wp\/index.php?rest_route=%2Fwp%2Fv2%2Fmedia&parent=4804"}],"curies":[{"name":"wp","href":"https:\/\/api.w.org\/{rel}","templated":true}]}}