{"id":4895,"date":"2022-07-13T11:47:21","date_gmt":"2022-07-13T09:47:21","guid":{"rendered":"http:\/\/csavoly.hu\/wp\/?page_id=4895"},"modified":"2023-03-09T07:34:36","modified_gmt":"2023-03-09T05:34:36","slug":"kommunalis-eszkoz-beszerzese","status":"publish","type":"page","link":"https:\/\/csavoly.hu\/wp\/?page_id=4895","title":{"rendered":"kommun\u00e1lis eszk\u00f6z beszerz\u00e9se"},"content":{"rendered":"\n<figure class=\"wp-block-image\"><a href=\"https:\/\/csavoly.hu\/wp\/wp-content\/uploads\/2022\/07\/projektismertet\u0151-webre_traktor_eredm\u00e9ny-1_00001.jpg\" target=\"_blank\" rel=\"noreferrer noopener\"><img loading=\"lazy\" decoding=\"async\" width=\"1654\" height=\"2339\" src=\"https:\/\/csavoly.hu\/wp\/wp-content\/uploads\/2022\/07\/projektismertet\u0151-webre_traktor_eredm\u00e9ny-1_00001.jpg\" alt=\"\" class=\"wp-image-4893\" srcset=\"https:\/\/csavoly.hu\/wp\/wp-content\/uploads\/2022\/07\/projektismertet\u0151-webre_traktor_eredm\u00e9ny-1_00001.jpg 1654w, https:\/\/csavoly.hu\/wp\/wp-content\/uploads\/2022\/07\/projektismertet\u0151-webre_traktor_eredm\u00e9ny-1_00001-768x1086.jpg 768w\" sizes=\"(max-width: 1654px) 100vw, 1654px\" \/><\/a><\/figure>\n\n\n\n<figure class=\"wp-block-image\"><a href=\"https:\/\/csavoly.hu\/wp\/wp-content\/uploads\/2023\/03\/330976487_1299587717256988_213359923405680795_n.jpg\" target=\"_blank\" rel=\"noreferrer noopener\"><img loading=\"lazy\" decoding=\"async\" width=\"2048\" height=\"1448\" src=\"https:\/\/csavoly.hu\/wp\/wp-content\/uploads\/2023\/03\/330976487_1299587717256988_213359923405680795_n.jpg\" alt=\"\" class=\"wp-image-5900\" srcset=\"https:\/\/csavoly.hu\/wp\/wp-content\/uploads\/2023\/03\/330976487_1299587717256988_213359923405680795_n.jpg 2048w, https:\/\/csavoly.hu\/wp\/wp-content\/uploads\/2023\/03\/330976487_1299587717256988_213359923405680795_n-768x543.jpg 768w\" sizes=\"(max-width: 2048px) 100vw, 2048px\" \/><\/a><\/figure>\n\n\n\n<figure class=\"wp-block-image\"><a href=\"https:\/\/csavoly.hu\/wp\/wp-content\/uploads\/2023\/03\/326202096_769183181386064_310215734282211050_n-2.jpg\" target=\"_blank\" rel=\"noreferrer noopener\"><img loading=\"lazy\" decoding=\"async\" width=\"2048\" height=\"1366\" src=\"https:\/\/csavoly.hu\/wp\/wp-content\/uploads\/2023\/03\/326202096_769183181386064_310215734282211050_n-2.jpg\" alt=\"\" class=\"wp-image-5894\" srcset=\"https:\/\/csavoly.hu\/wp\/wp-content\/uploads\/2023\/03\/326202096_769183181386064_310215734282211050_n-2.jpg 2048w, https:\/\/csavoly.hu\/wp\/wp-content\/uploads\/2023\/03\/326202096_769183181386064_310215734282211050_n-2-768x512.jpg 768w\" sizes=\"(max-width: 2048px) 100vw, 2048px\" \/><\/a><\/figure>\n\n\n\n<figure class=\"wp-block-image\"><a href=\"https:\/\/csavoly.hu\/wp\/wp-content\/uploads\/2023\/03\/331072475_234820665647329_5209226701058553062_n.jpg\" target=\"_blank\" rel=\"noreferrer noopener\"><img loading=\"lazy\" decoding=\"async\" width=\"2048\" height=\"1366\" src=\"https:\/\/csavoly.hu\/wp\/wp-content\/uploads\/2023\/03\/331072475_234820665647329_5209226701058553062_n.jpg\" alt=\"\" class=\"wp-image-5895\" srcset=\"https:\/\/csavoly.hu\/wp\/wp-content\/uploads\/2023\/03\/331072475_234820665647329_5209226701058553062_n.jpg 2048w, https:\/\/csavoly.hu\/wp\/wp-content\/uploads\/2023\/03\/331072475_234820665647329_5209226701058553062_n-768x512.jpg 768w\" sizes=\"(max-width: 2048px) 100vw, 2048px\" \/><\/a><figcaption><br><br><\/figcaption><\/figure>\n\n\n\n<figure class=\"wp-block-image\"><a href=\"https:\/\/csavoly.hu\/wp\/wp-content\/uploads\/2023\/03\/333067338_625079282787921_4113203260358658617_n.jpg\" target=\"_blank\" rel=\"noreferrer noopener\"><img loading=\"lazy\" decoding=\"async\" width=\"2048\" height=\"1366\" src=\"https:\/\/csavoly.hu\/wp\/wp-content\/uploads\/2023\/03\/333067338_625079282787921_4113203260358658617_n.jpg\" alt=\"\" class=\"wp-image-5896\" srcset=\"https:\/\/csavoly.hu\/wp\/wp-content\/uploads\/2023\/03\/333067338_625079282787921_4113203260358658617_n.jpg 2048w, https:\/\/csavoly.hu\/wp\/wp-content\/uploads\/2023\/03\/333067338_625079282787921_4113203260358658617_n-768x512.jpg 768w\" sizes=\"(max-width: 2048px) 100vw, 2048px\" \/><\/a><\/figure>\n\n\n\n<figure class=\"wp-block-image\"><a href=\"https:\/\/csavoly.hu\/wp\/wp-content\/uploads\/2023\/03\/trak2.jpg\" target=\"_blank\" rel=\"noreferrer noopener\"><img loading=\"lazy\" decoding=\"async\" width=\"3508\" height=\"2480\" src=\"https:\/\/csavoly.hu\/wp\/wp-content\/uploads\/2023\/03\/trak2.jpg\" alt=\"\" class=\"wp-image-5899\" srcset=\"https:\/\/csavoly.hu\/wp\/wp-content\/uploads\/2023\/03\/trak2.jpg 3508w, https:\/\/csavoly.hu\/wp\/wp-content\/uploads\/2023\/03\/trak2-768x543.jpg 768w\" sizes=\"(max-width: 3508px) 100vw, 3508px\" \/><\/a><\/figure>\n\n\n\n<figure class=\"wp-block-image\"><a href=\"https:\/\/csavoly.hu\/wp\/wp-content\/uploads\/2022\/07\/projektismertet\u0151-webre_traktor_eredm\u00e9ny-1_00005.jpg\" target=\"_blank\" rel=\"noreferrer noopener\"><img loading=\"lazy\" decoding=\"async\" width=\"1654\" height=\"2339\" src=\"https:\/\/csavoly.hu\/wp\/wp-content\/uploads\/2022\/07\/projektismertet\u0151-webre_traktor_eredm\u00e9ny-1_00005.jpg\" alt=\"\" class=\"wp-image-4889\" srcset=\"https:\/\/csavoly.hu\/wp\/wp-content\/uploads\/2022\/07\/projektismertet\u0151-webre_traktor_eredm\u00e9ny-1_00005.jpg 1654w, https:\/\/csavoly.hu\/wp\/wp-content\/uploads\/2022\/07\/projektismertet\u0151-webre_traktor_eredm\u00e9ny-1_00005-768x1086.jpg 768w\" sizes=\"(max-width: 1654px) 100vw, 1654px\" \/><\/a><figcaption><br><\/figcaption><\/figure>\n\n\n\n<figure class=\"wp-block-image\"><a href=\"https:\/\/csavoly.hu\/wp\/wp-content\/uploads\/2022\/07\/projektismertet\u0151-webre_traktor_eredm\u00e9ny-1_00001.jpg\" target=\"_blank\" rel=\"noreferrer noopener\"><img loading=\"lazy\" decoding=\"async\" width=\"2481\" height=\"3509\" src=\"https:\/\/csavoly.hu\/wp\/wp-content\/uploads\/2022\/07\/projektismertet\u0151-webre_kezd\u0151_traktor-1.jpg\" alt=\"\" class=\"wp-image-4894\" srcset=\"https:\/\/csavoly.hu\/wp\/wp-content\/uploads\/2022\/07\/projektismertet\u0151-webre_kezd\u0151_traktor-1.jpg 2481w, https:\/\/csavoly.hu\/wp\/wp-content\/uploads\/2022\/07\/projektismertet\u0151-webre_kezd\u0151_traktor-1-768x1086.jpg 768w\" sizes=\"(max-width: 2481px) 100vw, 2481px\" \/><\/a><\/figure>\n<div class=\"pvc_clear\"><\/div><p id=\"pvc_stats_4895\" class=\"pvc_stats all  \" data-element-id=\"4895\" style=\"\"><i class=\"pvc-stats-icon medium\" aria-hidden=\"true\"><svg aria-hidden=\"true\" focusable=\"false\" data-prefix=\"far\" data-icon=\"chart-bar\" role=\"img\" xmlns=\"http:\/\/www.w3.org\/2000\/svg\" viewBox=\"0 0 512 512\" class=\"svg-inline--fa fa-chart-bar fa-w-16 fa-2x\"><path fill=\"currentColor\" d=\"M396.8 352h22.4c6.4 0 12.8-6.4 12.8-12.8V108.8c0-6.4-6.4-12.8-12.8-12.8h-22.4c-6.4 0-12.8 6.4-12.8 12.8v230.4c0 6.4 6.4 12.8 12.8 12.8zm-192 0h22.4c6.4 0 12.8-6.4 12.8-12.8V140.8c0-6.4-6.4-12.8-12.8-12.8h-22.4c-6.4 0-12.8 6.4-12.8 12.8v198.4c0 6.4 6.4 12.8 12.8 12.8zm96 0h22.4c6.4 0 12.8-6.4 12.8-12.8V204.8c0-6.4-6.4-12.8-12.8-12.8h-22.4c-6.4 0-12.8 6.4-12.8 12.8v134.4c0 6.4 6.4 12.8 12.8 12.8zM496 400H48V80c0-8.84-7.16-16-16-16H16C7.16 64 0 71.16 0 80v336c0 17.67 14.33 32 32 32h464c8.84 0 16-7.16 16-16v-16c0-8.84-7.16-16-16-16zm-387.2-48h22.4c6.4 0 12.8-6.4 12.8-12.8v-70.4c0-6.4-6.4-12.8-12.8-12.8h-22.4c-6.4 0-12.8 6.4-12.8 12.8v70.4c0 6.4 6.4 12.8 12.8 12.8z\" class=\"\"><\/path><\/svg><\/i> <img loading=\"lazy\" decoding=\"async\" width=\"16\" height=\"16\" alt=\"Loading\" src=\"https:\/\/csavoly.hu\/wp\/wp-content\/plugins\/page-views-count\/ajax-loader-2x.gif\" border=0 \/><\/p><div class=\"pvc_clear\"><\/div>","protected":false},"excerpt":{"rendered":"<div class=\"pvc_clear\"><\/div>\n<p id=\"pvc_stats_4895\" class=\"pvc_stats all  \" data-element-id=\"4895\" style=\"\"><i class=\"pvc-stats-icon medium\" aria-hidden=\"true\"><svg aria-hidden=\"true\" focusable=\"false\" data-prefix=\"far\" data-icon=\"chart-bar\" role=\"img\" xmlns=\"http:\/\/www.w3.org\/2000\/svg\" viewBox=\"0 0 512 512\" class=\"svg-inline--fa fa-chart-bar fa-w-16 fa-2x\"><path fill=\"currentColor\" d=\"M396.8 352h22.4c6.4 0 12.8-6.4 12.8-12.8V108.8c0-6.4-6.4-12.8-12.8-12.8h-22.4c-6.4 0-12.8 6.4-12.8 12.8v230.4c0 6.4 6.4 12.8 12.8 12.8zm-192 0h22.4c6.4 0 12.8-6.4 12.8-12.8V140.8c0-6.4-6.4-12.8-12.8-12.8h-22.4c-6.4 0-12.8 6.4-12.8 12.8v198.4c0 6.4 6.4 12.8 12.8 12.8zm96 0h22.4c6.4 0 12.8-6.4 12.8-12.8V204.8c0-6.4-6.4-12.8-12.8-12.8h-22.4c-6.4 0-12.8 6.4-12.8 12.8v134.4c0 6.4 6.4 12.8 12.8 12.8zM496 400H48V80c0-8.84-7.16-16-16-16H16C7.16 64 0 71.16 0 80v336c0 17.67 14.33 32 32 32h464c8.84 0 16-7.16 16-16v-16c0-8.84-7.16-16-16-16zm-387.2-48h22.4c6.4 0 12.8-6.4 12.8-12.8v-70.4c0-6.4-6.4-12.8-12.8-12.8h-22.4c-6.4 0-12.8 6.4-12.8 12.8v70.4c0 6.4 6.4 12.8 12.8 12.8z\" class=\"\"><\/path><\/svg><\/i> <img loading=\"lazy\" decoding=\"async\" width=\"16\" height=\"16\" alt=\"Loading\" src=\"https:\/\/csavoly.hu\/wp\/wp-content\/plugins\/page-views-count\/ajax-loader-2x.gif\" border=0 \/><\/p>\n<div class=\"pvc_clear\"><\/div>\n","protected":false},"author":3,"featured_media":0,"parent":0,"menu_order":0,"comment_status":"closed","ping_status":"closed","template":"","meta":{"footnotes":""},"class_list":["post-4895","page","type-page","status-publish","hentry"],"_links":{"self":[{"href":"https:\/\/csavoly.hu\/wp\/index.php?rest_route=\/wp\/v2\/pages\/4895"}],"collection":[{"href":"https:\/\/csavoly.hu\/wp\/index.php?rest_route=\/wp\/v2\/pages"}],"about":[{"href":"https:\/\/csavoly.hu\/wp\/index.php?rest_route=\/wp\/v2\/types\/page"}],"author":[{"embeddable":true,"href":"https:\/\/csavoly.hu\/wp\/index.php?rest_route=\/wp\/v2\/users\/3"}],"replies":[{"embeddable":true,"href":"https:\/\/csavoly.hu\/wp\/index.php?rest_route=%2Fwp%2Fv2%2Fcomments&post=4895"}],"version-history":[{"count":2,"href":"https:\/\/csavoly.hu\/wp\/index.php?rest_route=\/wp\/v2\/pages\/4895\/revisions"}],"predecessor-version":[{"id":5901,"href":"https:\/\/csavoly.hu\/wp\/index.php?rest_route=\/wp\/v2\/pages\/4895\/revisions\/5901"}],"wp:attachment":[{"href":"https:\/\/csavoly.hu\/wp\/index.php?rest_route=%2Fwp%2Fv2%2Fmedia&parent=4895"}],"curies":[{"name":"wp","href":"https:\/\/api.w.org\/{rel}","templated":true}]}}