{"id":499,"date":"2016-04-15T12:45:18","date_gmt":"2016-04-15T12:45:18","guid":{"rendered":"http:\/\/csavoly.hu\/wp\/?page_id=499"},"modified":"2020-05-12T09:19:01","modified_gmt":"2020-05-12T07:19:01","slug":"kozerdeku-adatok","status":"publish","type":"page","link":"https:\/\/csavoly.hu\/wp\/?page_id=499","title":{"rendered":"K\u00f6z\u00e9rdek\u0171 adatok"},"content":{"rendered":"<p><a href=\"https:\/\/csavoly.hu\/wp\/?attachment_id=500\" rel=\"attachment wp-att-500\">Ad\u00f3 sz\u00e1mlasz\u00e1mok<\/a><\/p>\n<p><a href=\"https:\/\/csavoly.hu\/wp\/?attachment_id=501\" rel=\"attachment wp-att-501\">Kereskedelmi tev\u00e9kenys\u00e9gek<\/a><\/p>\n<p><a href=\"https:\/\/csavoly.hu\/wp\/?attachment_id=502\" rel=\"attachment wp-att-502\">Telepenged\u00e9lyek<\/a><\/p>\n","protected":false},"excerpt":{"rendered":"<p>Ad\u00f3 sz\u00e1mlasz\u00e1mok Kereskedelmi tev\u00e9kenys\u00e9gek Telepenged\u00e9lyek<\/p>\n","protected":false},"author":1,"featured_media":0,"parent":0,"menu_order":0,"comment_status":"closed","ping_status":"closed","template":"","meta":{"footnotes":""},"class_list":["post-499","page","type-page","status-publish","hentry"],"_links":{"self":[{"href":"https:\/\/csavoly.hu\/wp\/index.php?rest_route=\/wp\/v2\/pages\/499"}],"collection":[{"href":"https:\/\/csavoly.hu\/wp\/index.php?rest_route=\/wp\/v2\/pages"}],"about":[{"href":"https:\/\/csavoly.hu\/wp\/index.php?rest_route=\/wp\/v2\/types\/page"}],"author":[{"embeddable":true,"href":"https:\/\/csavoly.hu\/wp\/index.php?rest_route=\/wp\/v2\/users\/1"}],"replies":[{"embeddable":true,"href":"https:\/\/csavoly.hu\/wp\/index.php?rest_route=%2Fwp%2Fv2%2Fcomments&post=499"}],"version-history":[{"count":1,"href":"https:\/\/csavoly.hu\/wp\/index.php?rest_route=\/wp\/v2\/pages\/499\/revisions"}],"predecessor-version":[{"id":3113,"href":"https:\/\/csavoly.hu\/wp\/index.php?rest_route=\/wp\/v2\/pages\/499\/revisions\/3113"}],"wp:attachment":[{"href":"https:\/\/csavoly.hu\/wp\/index.php?rest_route=%2Fwp%2Fv2%2Fmedia&parent=499"}],"curies":[{"name":"wp","href":"https:\/\/api.w.org\/{rel}","templated":true}]}}