{"id":5009,"date":"2022-09-19T09:04:06","date_gmt":"2022-09-19T07:04:06","guid":{"rendered":"http:\/\/csavoly.hu\/wp\/?page_id=5009"},"modified":"2023-08-17T08:17:56","modified_gmt":"2023-08-17T06:17:56","slug":"hatartalanul-program-2019","status":"publish","type":"page","link":"https:\/\/csavoly.hu\/wp\/?page_id=5009","title":{"rendered":"Hat\u00e1rtalanul Program 2019."},"content":{"rendered":"\n<figure class=\"wp-block-image\"><a href=\"https:\/\/csavoly.hu\/wp\/wp-content\/uploads\/2022\/09\/Erd\u00e9ly-2019.-Cs\u00e1voly-Fels\u0151szentiv\u00e1n-k\u00e9sz-1.jpg\" target=\"_blank\" rel=\"noreferrer noopener\"><img loading=\"lazy\" decoding=\"async\" width=\"1654\" height=\"2339\" src=\"https:\/\/csavoly.hu\/wp\/wp-content\/uploads\/2022\/09\/Erd\u00e9ly-2019.-Cs\u00e1voly-Fels\u0151szentiv\u00e1n-k\u00e9sz-1.jpg\" alt=\"\" class=\"wp-image-5002\" srcset=\"https:\/\/csavoly.hu\/wp\/wp-content\/uploads\/2022\/09\/Erd\u00e9ly-2019.-Cs\u00e1voly-Fels\u0151szentiv\u00e1n-k\u00e9sz-1.jpg 1654w, https:\/\/csavoly.hu\/wp\/wp-content\/uploads\/2022\/09\/Erd\u00e9ly-2019.-Cs\u00e1voly-Fels\u0151szentiv\u00e1n-k\u00e9sz-1-768x1086.jpg 768w\" sizes=\"(max-width: 1654px) 100vw, 1654px\" \/><\/a><\/figure>\n\n\n\n<figure class=\"wp-block-image\"><a href=\"https:\/\/csavoly.hu\/wp\/wp-content\/uploads\/2023\/08\/Erd\u00e9ly-2019.-Cs\u00e1voly-Fels\u0151szentiv\u00e1n-k\u00e9sz-2fel.jpg\" target=\"_blank\" rel=\"noreferrer noopener\"><img loading=\"lazy\" decoding=\"async\" width=\"1654\" height=\"2339\" src=\"https:\/\/csavoly.hu\/wp\/wp-content\/uploads\/2023\/08\/Erd\u00e9ly-2019.-Cs\u00e1voly-Fels\u0151szentiv\u00e1n-k\u00e9sz-2fel.jpg\" alt=\"\" class=\"wp-image-6271\" srcset=\"https:\/\/csavoly.hu\/wp\/wp-content\/uploads\/2023\/08\/Erd\u00e9ly-2019.-Cs\u00e1voly-Fels\u0151szentiv\u00e1n-k\u00e9sz-2fel.jpg 1654w, https:\/\/csavoly.hu\/wp\/wp-content\/uploads\/2023\/08\/Erd\u00e9ly-2019.-Cs\u00e1voly-Fels\u0151szentiv\u00e1n-k\u00e9sz-2fel-768x1086.jpg 768w\" sizes=\"(max-width: 1654px) 100vw, 1654px\" \/><\/a><\/figure>\n\n\n\n<figure class=\"wp-block-image\"><a href=\"https:\/\/csavoly.hu\/wp\/wp-content\/uploads\/2022\/09\/Erd\u00e9ly-2019.-Cs\u00e1voly-Fels\u0151szentiv\u00e1n-k\u00e9sz-3.jpg\" target=\"_blank\" rel=\"noreferrer noopener\"><img loading=\"lazy\" decoding=\"async\" width=\"1654\" height=\"2339\" src=\"https:\/\/csavoly.hu\/wp\/wp-content\/uploads\/2022\/09\/Erd\u00e9ly-2019.-Cs\u00e1voly-Fels\u0151szentiv\u00e1n-k\u00e9sz-3.jpg\" alt=\"\" class=\"wp-image-5004\" srcset=\"https:\/\/csavoly.hu\/wp\/wp-content\/uploads\/2022\/09\/Erd\u00e9ly-2019.-Cs\u00e1voly-Fels\u0151szentiv\u00e1n-k\u00e9sz-3.jpg 1654w, https:\/\/csavoly.hu\/wp\/wp-content\/uploads\/2022\/09\/Erd\u00e9ly-2019.-Cs\u00e1voly-Fels\u0151szentiv\u00e1n-k\u00e9sz-3-768x1086.jpg 768w\" sizes=\"(max-width: 1654px) 100vw, 1654px\" \/><\/a><\/figure>\n\n\n\n<figure class=\"wp-block-image\"><a href=\"https:\/\/csavoly.hu\/wp\/wp-content\/uploads\/2022\/09\/Erd\u00e9ly-2019.-Cs\u00e1voly-Fels\u0151szentiv\u00e1n-k\u00e9sz-4.jpg\" target=\"_blank\" rel=\"noreferrer noopener\"><img loading=\"lazy\" decoding=\"async\" width=\"1654\" height=\"2339\" src=\"https:\/\/csavoly.hu\/wp\/wp-content\/uploads\/2022\/09\/Erd\u00e9ly-2019.-Cs\u00e1voly-Fels\u0151szentiv\u00e1n-k\u00e9sz-4.jpg\" alt=\"\" class=\"wp-image-5005\" srcset=\"https:\/\/csavoly.hu\/wp\/wp-content\/uploads\/2022\/09\/Erd\u00e9ly-2019.-Cs\u00e1voly-Fels\u0151szentiv\u00e1n-k\u00e9sz-4.jpg 1654w, https:\/\/csavoly.hu\/wp\/wp-content\/uploads\/2022\/09\/Erd\u00e9ly-2019.-Cs\u00e1voly-Fels\u0151szentiv\u00e1n-k\u00e9sz-4-768x1086.jpg 768w\" sizes=\"(max-width: 1654px) 100vw, 1654px\" \/><\/a><\/figure>\n\n\n\n<figure class=\"wp-block-image\"><a href=\"https:\/\/csavoly.hu\/wp\/wp-content\/uploads\/2022\/09\/Erd\u00e9ly-2019.-Cs\u00e1voly-Fels\u0151szentiv\u00e1n-k\u00e9sz-5.jpg\" target=\"_blank\" rel=\"noreferrer noopener\"><img loading=\"lazy\" decoding=\"async\" width=\"1654\" height=\"2339\" src=\"https:\/\/csavoly.hu\/wp\/wp-content\/uploads\/2022\/09\/Erd\u00e9ly-2019.-Cs\u00e1voly-Fels\u0151szentiv\u00e1n-k\u00e9sz-5.jpg\" alt=\"\" class=\"wp-image-5006\" srcset=\"https:\/\/csavoly.hu\/wp\/wp-content\/uploads\/2022\/09\/Erd\u00e9ly-2019.-Cs\u00e1voly-Fels\u0151szentiv\u00e1n-k\u00e9sz-5.jpg 1654w, https:\/\/csavoly.hu\/wp\/wp-content\/uploads\/2022\/09\/Erd\u00e9ly-2019.-Cs\u00e1voly-Fels\u0151szentiv\u00e1n-k\u00e9sz-5-768x1086.jpg 768w\" sizes=\"(max-width: 1654px) 100vw, 1654px\" \/><\/a><\/figure>\n\n\n\n<figure class=\"wp-block-image\"><a href=\"https:\/\/csavoly.hu\/wp\/wp-content\/uploads\/2022\/09\/Erd\u00e9ly-2019.-Cs\u00e1voly-Fels\u0151szentiv\u00e1n-k\u00e9sz-6.jpg\" target=\"_blank\" rel=\"noreferrer noopener\"><img loading=\"lazy\" decoding=\"async\" width=\"1654\" height=\"2339\" src=\"https:\/\/csavoly.hu\/wp\/wp-content\/uploads\/2022\/09\/Erd\u00e9ly-2019.-Cs\u00e1voly-Fels\u0151szentiv\u00e1n-k\u00e9sz-6.jpg\" alt=\"\" class=\"wp-image-5007\" srcset=\"https:\/\/csavoly.hu\/wp\/wp-content\/uploads\/2022\/09\/Erd\u00e9ly-2019.-Cs\u00e1voly-Fels\u0151szentiv\u00e1n-k\u00e9sz-6.jpg 1654w, https:\/\/csavoly.hu\/wp\/wp-content\/uploads\/2022\/09\/Erd\u00e9ly-2019.-Cs\u00e1voly-Fels\u0151szentiv\u00e1n-k\u00e9sz-6-768x1086.jpg 768w\" sizes=\"(max-width: 1654px) 100vw, 1654px\" \/><\/a><\/figure>\n\n\n\n<figure class=\"wp-block-image\"><a href=\"https:\/\/csavoly.hu\/wp\/wp-content\/uploads\/2022\/09\/Erd\u00e9ly-2019.-Cs\u00e1voly-Fels\u0151szentiv\u00e1n-k\u00e9sz-7.jpg\" target=\"_blank\" rel=\"noreferrer noopener\"><img loading=\"lazy\" decoding=\"async\" width=\"1654\" height=\"2339\" src=\"https:\/\/csavoly.hu\/wp\/wp-content\/uploads\/2022\/09\/Erd\u00e9ly-2019.-Cs\u00e1voly-Fels\u0151szentiv\u00e1n-k\u00e9sz-7.jpg\" alt=\"\" class=\"wp-image-5008\" srcset=\"https:\/\/csavoly.hu\/wp\/wp-content\/uploads\/2022\/09\/Erd\u00e9ly-2019.-Cs\u00e1voly-Fels\u0151szentiv\u00e1n-k\u00e9sz-7.jpg 1654w, https:\/\/csavoly.hu\/wp\/wp-content\/uploads\/2022\/09\/Erd\u00e9ly-2019.-Cs\u00e1voly-Fels\u0151szentiv\u00e1n-k\u00e9sz-7-768x1086.jpg 768w\" sizes=\"(max-width: 1654px) 100vw, 1654px\" \/><\/a><\/figure>\n<div class=\"pvc_clear\"><\/div><p id=\"pvc_stats_5009\" class=\"pvc_stats all  \" data-element-id=\"5009\" style=\"\"><i class=\"pvc-stats-icon medium\" aria-hidden=\"true\"><svg aria-hidden=\"true\" focusable=\"false\" data-prefix=\"far\" data-icon=\"chart-bar\" role=\"img\" xmlns=\"http:\/\/www.w3.org\/2000\/svg\" viewBox=\"0 0 512 512\" class=\"svg-inline--fa fa-chart-bar fa-w-16 fa-2x\"><path fill=\"currentColor\" d=\"M396.8 352h22.4c6.4 0 12.8-6.4 12.8-12.8V108.8c0-6.4-6.4-12.8-12.8-12.8h-22.4c-6.4 0-12.8 6.4-12.8 12.8v230.4c0 6.4 6.4 12.8 12.8 12.8zm-192 0h22.4c6.4 0 12.8-6.4 12.8-12.8V140.8c0-6.4-6.4-12.8-12.8-12.8h-22.4c-6.4 0-12.8 6.4-12.8 12.8v198.4c0 6.4 6.4 12.8 12.8 12.8zm96 0h22.4c6.4 0 12.8-6.4 12.8-12.8V204.8c0-6.4-6.4-12.8-12.8-12.8h-22.4c-6.4 0-12.8 6.4-12.8 12.8v134.4c0 6.4 6.4 12.8 12.8 12.8zM496 400H48V80c0-8.84-7.16-16-16-16H16C7.16 64 0 71.16 0 80v336c0 17.67 14.33 32 32 32h464c8.84 0 16-7.16 16-16v-16c0-8.84-7.16-16-16-16zm-387.2-48h22.4c6.4 0 12.8-6.4 12.8-12.8v-70.4c0-6.4-6.4-12.8-12.8-12.8h-22.4c-6.4 0-12.8 6.4-12.8 12.8v70.4c0 6.4 6.4 12.8 12.8 12.8z\" class=\"\"><\/path><\/svg><\/i> <img loading=\"lazy\" decoding=\"async\" width=\"16\" height=\"16\" alt=\"Loading\" src=\"https:\/\/csavoly.hu\/wp\/wp-content\/plugins\/page-views-count\/ajax-loader-2x.gif\" border=0 \/><\/p><div class=\"pvc_clear\"><\/div>","protected":false},"excerpt":{"rendered":"<div class=\"pvc_clear\"><\/div>\n<p id=\"pvc_stats_5009\" class=\"pvc_stats all  \" data-element-id=\"5009\" style=\"\"><i class=\"pvc-stats-icon medium\" aria-hidden=\"true\"><svg aria-hidden=\"true\" focusable=\"false\" data-prefix=\"far\" data-icon=\"chart-bar\" role=\"img\" xmlns=\"http:\/\/www.w3.org\/2000\/svg\" viewBox=\"0 0 512 512\" class=\"svg-inline--fa fa-chart-bar fa-w-16 fa-2x\"><path fill=\"currentColor\" d=\"M396.8 352h22.4c6.4 0 12.8-6.4 12.8-12.8V108.8c0-6.4-6.4-12.8-12.8-12.8h-22.4c-6.4 0-12.8 6.4-12.8 12.8v230.4c0 6.4 6.4 12.8 12.8 12.8zm-192 0h22.4c6.4 0 12.8-6.4 12.8-12.8V140.8c0-6.4-6.4-12.8-12.8-12.8h-22.4c-6.4 0-12.8 6.4-12.8 12.8v198.4c0 6.4 6.4 12.8 12.8 12.8zm96 0h22.4c6.4 0 12.8-6.4 12.8-12.8V204.8c0-6.4-6.4-12.8-12.8-12.8h-22.4c-6.4 0-12.8 6.4-12.8 12.8v134.4c0 6.4 6.4 12.8 12.8 12.8zM496 400H48V80c0-8.84-7.16-16-16-16H16C7.16 64 0 71.16 0 80v336c0 17.67 14.33 32 32 32h464c8.84 0 16-7.16 16-16v-16c0-8.84-7.16-16-16-16zm-387.2-48h22.4c6.4 0 12.8-6.4 12.8-12.8v-70.4c0-6.4-6.4-12.8-12.8-12.8h-22.4c-6.4 0-12.8 6.4-12.8 12.8v70.4c0 6.4 6.4 12.8 12.8 12.8z\" class=\"\"><\/path><\/svg><\/i> <img loading=\"lazy\" decoding=\"async\" width=\"16\" height=\"16\" alt=\"Loading\" src=\"https:\/\/csavoly.hu\/wp\/wp-content\/plugins\/page-views-count\/ajax-loader-2x.gif\" border=0 \/><\/p>\n<div class=\"pvc_clear\"><\/div>\n","protected":false},"author":3,"featured_media":0,"parent":0,"menu_order":0,"comment_status":"closed","ping_status":"closed","template":"","meta":{"footnotes":""},"class_list":["post-5009","page","type-page","status-publish","hentry"],"_links":{"self":[{"href":"https:\/\/csavoly.hu\/wp\/index.php?rest_route=\/wp\/v2\/pages\/5009"}],"collection":[{"href":"https:\/\/csavoly.hu\/wp\/index.php?rest_route=\/wp\/v2\/pages"}],"about":[{"href":"https:\/\/csavoly.hu\/wp\/index.php?rest_route=\/wp\/v2\/types\/page"}],"author":[{"embeddable":true,"href":"https:\/\/csavoly.hu\/wp\/index.php?rest_route=\/wp\/v2\/users\/3"}],"replies":[{"embeddable":true,"href":"https:\/\/csavoly.hu\/wp\/index.php?rest_route=%2Fwp%2Fv2%2Fcomments&post=5009"}],"version-history":[{"count":4,"href":"https:\/\/csavoly.hu\/wp\/index.php?rest_route=\/wp\/v2\/pages\/5009\/revisions"}],"predecessor-version":[{"id":6272,"href":"https:\/\/csavoly.hu\/wp\/index.php?rest_route=\/wp\/v2\/pages\/5009\/revisions\/6272"}],"wp:attachment":[{"href":"https:\/\/csavoly.hu\/wp\/index.php?rest_route=%2Fwp%2Fv2%2Fmedia&parent=5009"}],"curies":[{"name":"wp","href":"https:\/\/api.w.org\/{rel}","templated":true}]}}