{"id":505,"date":"2016-05-02T11:14:25","date_gmt":"2016-05-02T11:14:25","guid":{"rendered":"http:\/\/csavoly.hu\/wp\/?page_id=505"},"modified":"2016-05-02T11:56:00","modified_gmt":"2016-05-02T11:56:00","slug":"majalis-2016","status":"publish","type":"page","link":"https:\/\/csavoly.hu\/wp\/?page_id=505","title":{"rendered":"MAJ\u00c1LIS 2016."},"content":{"rendered":"<p>M\u00c1JUSFA \u00c1LL\u00cdT\u00c1S AZ IKSZT EL\u0150TT<\/p>\n<hr \/>\n<p>Id\u00e9n hagyom\u00e1nyt \u0151rz\u0151 tervekkel szervezt\u00fcnk egy &#8222;M\u00e1jusfa \u00e1ll\u00edt\u00e1st&#8221; a Nyugd\u00edjas Klub seg\u00edts\u00e9g\u00e9vel. Azt szeretn\u00e9nk, ha minden \u00e9vben ezent\u00fal legyen k\u00f6zs\u00e9g\u00fcnknek saj\u00e1t m\u00e1jusf\u00e1ja, amit majd k\u00f6z\u00f6sen ki is tudunk t\u00e1ncolni. Ezen program k\u00f6zben meg\u00e9rkezett hozz\u00e1nk a &#8222;Toborz\u00f3 Orsz\u00e1gfut\u00e1s 2016.&#8221; orsz\u00e1gos programsorozat fut\u00f3ja is, akinek k\u00f6zs\u00e9g\u00fcnk Polg\u00e1rmestere z\u00e1szl\u00f3szalagot adott \u00e1t, ezzel k\u00f6sz\u00f6ntve \u0151t. Besz\u00e9ljenek a fot\u00f3k:<\/p>\n<p><a href=\"https:\/\/csavoly.hu\/wp\/wp-content\/uploads\/2016\/05\/DSCF0822.jpg\"><img loading=\"lazy\" decoding=\"async\" class=\"alignnone size-medium wp-image-510\" src=\"https:\/\/csavoly.hu\/wp\/wp-content\/uploads\/2016\/05\/DSCF0822-300x225.jpg\" alt=\"DSCF0822\" width=\"300\" height=\"225\" srcset=\"https:\/\/csavoly.hu\/wp\/wp-content\/uploads\/2016\/05\/DSCF0822-300x225.jpg 300w, https:\/\/csavoly.hu\/wp\/wp-content\/uploads\/2016\/05\/DSCF0822-1024x768.jpg 1024w, https:\/\/csavoly.hu\/wp\/wp-content\/uploads\/2016\/05\/DSCF0822.jpg 2048w\" sizes=\"(max-width: 300px) 100vw, 300px\" \/><\/a><a href=\"https:\/\/csavoly.hu\/wp\/wp-content\/uploads\/2016\/05\/DSCF0830.jpg\"><img loading=\"lazy\" decoding=\"async\" class=\"alignnone size-medium wp-image-511\" src=\"https:\/\/csavoly.hu\/wp\/wp-content\/uploads\/2016\/05\/DSCF0830-300x225.jpg\" alt=\"DSCF0830\" width=\"300\" height=\"225\" srcset=\"https:\/\/csavoly.hu\/wp\/wp-content\/uploads\/2016\/05\/DSCF0830-300x225.jpg 300w, https:\/\/csavoly.hu\/wp\/wp-content\/uploads\/2016\/05\/DSCF0830-1024x768.jpg 1024w, https:\/\/csavoly.hu\/wp\/wp-content\/uploads\/2016\/05\/DSCF0830.jpg 2048w\" sizes=\"(max-width: 300px) 100vw, 300px\" \/><\/a><a href=\"https:\/\/csavoly.hu\/wp\/wp-content\/uploads\/2016\/05\/DSCF0832-e1462188268207.jpg\"><img loading=\"lazy\" decoding=\"async\" class=\"alignnone size-medium wp-image-512\" src=\"https:\/\/csavoly.hu\/wp\/wp-content\/uploads\/2016\/05\/DSCF0832-e1462188268207-225x300.jpg\" alt=\"DSCF0832\" width=\"225\" height=\"300\" srcset=\"https:\/\/csavoly.hu\/wp\/wp-content\/uploads\/2016\/05\/DSCF0832-e1462188268207-225x300.jpg 225w, https:\/\/csavoly.hu\/wp\/wp-content\/uploads\/2016\/05\/DSCF0832-e1462188268207-768x1024.jpg 768w, https:\/\/csavoly.hu\/wp\/wp-content\/uploads\/2016\/05\/DSCF0832-e1462188268207.jpg 1536w\" sizes=\"(max-width: 225px) 100vw, 225px\" \/><\/a><a href=\"https:\/\/csavoly.hu\/wp\/wp-content\/uploads\/2016\/05\/DSCF0855-e1462190128706.jpg\"><img loading=\"lazy\" decoding=\"async\" class=\"alignnone size-medium wp-image-525\" src=\"https:\/\/csavoly.hu\/wp\/wp-content\/uploads\/2016\/05\/DSCF0855-e1462190128706-225x300.jpg\" alt=\"DSCF0855\" width=\"225\" height=\"300\" srcset=\"https:\/\/csavoly.hu\/wp\/wp-content\/uploads\/2016\/05\/DSCF0855-e1462190128706-225x300.jpg 225w, https:\/\/csavoly.hu\/wp\/wp-content\/uploads\/2016\/05\/DSCF0855-e1462190128706-768x1024.jpg 768w, https:\/\/csavoly.hu\/wp\/wp-content\/uploads\/2016\/05\/DSCF0855-e1462190128706.jpg 1536w\" sizes=\"(max-width: 225px) 100vw, 225px\" \/><\/a><a href=\"https:\/\/csavoly.hu\/wp\/wp-content\/uploads\/2016\/05\/DSCF0835.jpg\"><img loading=\"lazy\" decoding=\"async\" class=\"alignnone size-medium wp-image-524\" src=\"https:\/\/csavoly.hu\/wp\/wp-content\/uploads\/2016\/05\/DSCF0835-300x225.jpg\" alt=\"DSCF0835\" width=\"300\" height=\"225\" srcset=\"https:\/\/csavoly.hu\/wp\/wp-content\/uploads\/2016\/05\/DSCF0835-300x225.jpg 300w, https:\/\/csavoly.hu\/wp\/wp-content\/uploads\/2016\/05\/DSCF0835-1024x768.jpg 1024w, https:\/\/csavoly.hu\/wp\/wp-content\/uploads\/2016\/05\/DSCF0835.jpg 2048w\" sizes=\"(max-width: 300px) 100vw, 300px\" \/><\/a><a href=\"https:\/\/csavoly.hu\/wp\/wp-content\/uploads\/2016\/05\/DSCF0859.jpg\"><img loading=\"lazy\" decoding=\"async\" class=\"alignnone size-medium wp-image-526\" src=\"https:\/\/csavoly.hu\/wp\/wp-content\/uploads\/2016\/05\/DSCF0859-300x225.jpg\" alt=\"DSCF0859\" width=\"300\" height=\"225\" srcset=\"https:\/\/csavoly.hu\/wp\/wp-content\/uploads\/2016\/05\/DSCF0859-300x225.jpg 300w, https:\/\/csavoly.hu\/wp\/wp-content\/uploads\/2016\/05\/DSCF0859-1024x768.jpg 1024w, https:\/\/csavoly.hu\/wp\/wp-content\/uploads\/2016\/05\/DSCF0859.jpg 2048w\" sizes=\"(max-width: 300px) 100vw, 300px\" \/><\/a><\/p>\n<p>&nbsp;<\/p>\n<p>MAJ\u00c1LIS A SPORTP\u00c1LY\u00c1N<\/p>\n<hr \/>\n<p>M\u00e1jus 1-\u00e9n vas\u00e1rnap ism\u00e9t levonult a k\u00f6zs\u00e9g apraja-nagyja a sportp\u00e1ly\u00e1ra, hogy k\u00f6z\u00f6sen maj\u00e1lisozhassunk egy j\u00f3t az idei \u00e9vben is. Gyerekeknek ugr\u00e1l\u00f3v\u00e1rral, trambulinnal, p\u00f3nilovagl\u00e1ssal kedveskedt\u00fcnk, k\u00f6z\u00f6s aerobic torn\u00e1val &#8222;\u00e9bredt\u00fcnk&#8221;, majd egy t\u0171zolt\u00f3 bemutat\u00f3 k\u00f6vetkezett, \u00e9s szok\u00e1sokhoz h\u00edven kisp\u00e1ly\u00e1s focitorna, \u00e9s 11-es r\u00fag\u00f3 verseny is volt ter\u00edt\u00e9ken. \u00d6sszess\u00e9g\u00e9ben nagyon j\u00f3l telt el a nap, az id\u0151 is kegyes volt hozz\u00e1nk, \u00edgy felh\u0151tlen\u00fcl fogyaszthattuk el az eb\u00e9det \u00e9s a l\u00e1ngost.<\/p>\n<p>N\u00e9h\u00e1ny fot\u00f3 az esm\u00e9nyr\u0151l:<\/p>\n<p><a href=\"https:\/\/csavoly.hu\/wp\/wp-content\/uploads\/2016\/05\/DSCF0881.jpg\"><img loading=\"lazy\" decoding=\"async\" class=\"alignnone size-medium wp-image-515\" src=\"https:\/\/csavoly.hu\/wp\/wp-content\/uploads\/2016\/05\/DSCF0881-300x225.jpg\" alt=\"DSCF0881\" width=\"300\" height=\"225\" srcset=\"https:\/\/csavoly.hu\/wp\/wp-content\/uploads\/2016\/05\/DSCF0881-300x225.jpg 300w, https:\/\/csavoly.hu\/wp\/wp-content\/uploads\/2016\/05\/DSCF0881-1024x768.jpg 1024w, https:\/\/csavoly.hu\/wp\/wp-content\/uploads\/2016\/05\/DSCF0881.jpg 2048w\" sizes=\"(max-width: 300px) 100vw, 300px\" \/><\/a><a href=\"https:\/\/csavoly.hu\/wp\/wp-content\/uploads\/2016\/05\/DSCF0883.jpg\"><img loading=\"lazy\" decoding=\"async\" class=\"alignnone size-medium wp-image-516\" src=\"https:\/\/csavoly.hu\/wp\/wp-content\/uploads\/2016\/05\/DSCF0883-300x225.jpg\" alt=\"DSCF0883\" width=\"300\" height=\"225\" srcset=\"https:\/\/csavoly.hu\/wp\/wp-content\/uploads\/2016\/05\/DSCF0883-300x225.jpg 300w, https:\/\/csavoly.hu\/wp\/wp-content\/uploads\/2016\/05\/DSCF0883-1024x768.jpg 1024w, https:\/\/csavoly.hu\/wp\/wp-content\/uploads\/2016\/05\/DSCF0883.jpg 2048w\" sizes=\"(max-width: 300px) 100vw, 300px\" \/><\/a><a href=\"https:\/\/csavoly.hu\/wp\/wp-content\/uploads\/2016\/05\/DSCF0884.jpg\"><img loading=\"lazy\" decoding=\"async\" class=\"alignnone size-medium wp-image-517\" src=\"https:\/\/csavoly.hu\/wp\/wp-content\/uploads\/2016\/05\/DSCF0884-300x225.jpg\" alt=\"DSCF0884\" width=\"300\" height=\"225\" srcset=\"https:\/\/csavoly.hu\/wp\/wp-content\/uploads\/2016\/05\/DSCF0884-300x225.jpg 300w, https:\/\/csavoly.hu\/wp\/wp-content\/uploads\/2016\/05\/DSCF0884-1024x768.jpg 1024w, https:\/\/csavoly.hu\/wp\/wp-content\/uploads\/2016\/05\/DSCF0884.jpg 2048w\" sizes=\"(max-width: 300px) 100vw, 300px\" \/><\/a><a href=\"https:\/\/csavoly.hu\/wp\/wp-content\/uploads\/2016\/05\/DSCF0885.jpg\"><img loading=\"lazy\" decoding=\"async\" class=\"alignnone size-medium wp-image-518\" src=\"https:\/\/csavoly.hu\/wp\/wp-content\/uploads\/2016\/05\/DSCF0885-300x225.jpg\" alt=\"DSCF0885\" width=\"300\" height=\"225\" srcset=\"https:\/\/csavoly.hu\/wp\/wp-content\/uploads\/2016\/05\/DSCF0885-300x225.jpg 300w, https:\/\/csavoly.hu\/wp\/wp-content\/uploads\/2016\/05\/DSCF0885-1024x768.jpg 1024w, https:\/\/csavoly.hu\/wp\/wp-content\/uploads\/2016\/05\/DSCF0885.jpg 2048w\" sizes=\"(max-width: 300px) 100vw, 300px\" \/><\/a><a href=\"https:\/\/csavoly.hu\/wp\/wp-content\/uploads\/2016\/05\/DSCF0891.jpg\"><img loading=\"lazy\" decoding=\"async\" class=\"alignnone size-medium wp-image-519\" src=\"https:\/\/csavoly.hu\/wp\/wp-content\/uploads\/2016\/05\/DSCF0891-300x225.jpg\" alt=\"DSCF0891\" width=\"300\" height=\"225\" srcset=\"https:\/\/csavoly.hu\/wp\/wp-content\/uploads\/2016\/05\/DSCF0891-300x225.jpg 300w, https:\/\/csavoly.hu\/wp\/wp-content\/uploads\/2016\/05\/DSCF0891-1024x768.jpg 1024w, https:\/\/csavoly.hu\/wp\/wp-content\/uploads\/2016\/05\/DSCF0891.jpg 2048w\" sizes=\"(max-width: 300px) 100vw, 300px\" \/><\/a><a href=\"https:\/\/csavoly.hu\/wp\/wp-content\/uploads\/2016\/05\/DSCF0912.jpg\"><img loading=\"lazy\" decoding=\"async\" class=\"alignnone size-medium wp-image-520\" src=\"https:\/\/csavoly.hu\/wp\/wp-content\/uploads\/2016\/05\/DSCF0912-300x225.jpg\" alt=\"DSCF0912\" width=\"300\" height=\"225\" srcset=\"https:\/\/csavoly.hu\/wp\/wp-content\/uploads\/2016\/05\/DSCF0912-300x225.jpg 300w, https:\/\/csavoly.hu\/wp\/wp-content\/uploads\/2016\/05\/DSCF0912-1024x768.jpg 1024w, https:\/\/csavoly.hu\/wp\/wp-content\/uploads\/2016\/05\/DSCF0912.jpg 2048w\" sizes=\"(max-width: 300px) 100vw, 300px\" \/><\/a><a href=\"https:\/\/csavoly.hu\/wp\/wp-content\/uploads\/2016\/05\/DSCF0919.jpg\"><img loading=\"lazy\" decoding=\"async\" class=\"alignnone size-medium wp-image-521\" src=\"https:\/\/csavoly.hu\/wp\/wp-content\/uploads\/2016\/05\/DSCF0919-300x225.jpg\" alt=\"DSCF0919\" width=\"300\" height=\"225\" srcset=\"https:\/\/csavoly.hu\/wp\/wp-content\/uploads\/2016\/05\/DSCF0919-300x225.jpg 300w, https:\/\/csavoly.hu\/wp\/wp-content\/uploads\/2016\/05\/DSCF0919-1024x768.jpg 1024w, https:\/\/csavoly.hu\/wp\/wp-content\/uploads\/2016\/05\/DSCF0919.jpg 2048w\" sizes=\"(max-width: 300px) 100vw, 300px\" \/><\/a><a href=\"https:\/\/csavoly.hu\/wp\/wp-content\/uploads\/2016\/05\/DSCF0937.jpg\"><img loading=\"lazy\" decoding=\"async\" class=\"alignnone size-medium wp-image-522\" src=\"https:\/\/csavoly.hu\/wp\/wp-content\/uploads\/2016\/05\/DSCF0937-300x225.jpg\" alt=\"DSCF0937\" width=\"300\" height=\"225\" srcset=\"https:\/\/csavoly.hu\/wp\/wp-content\/uploads\/2016\/05\/DSCF0937-300x225.jpg 300w, https:\/\/csavoly.hu\/wp\/wp-content\/uploads\/2016\/05\/DSCF0937-1024x768.jpg 1024w, https:\/\/csavoly.hu\/wp\/wp-content\/uploads\/2016\/05\/DSCF0937.jpg 2048w\" sizes=\"(max-width: 300px) 100vw, 300px\" \/><\/a><\/p>\n<p>&nbsp;<\/p>\n<div class=\"pvc_clear\"><\/div>\n<p id=\"pvc_stats_505\" class=\"pvc_stats all  \" data-element-id=\"505\" style=\"\"><i class=\"pvc-stats-icon medium\" aria-hidden=\"true\"><svg aria-hidden=\"true\" focusable=\"false\" data-prefix=\"far\" data-icon=\"chart-bar\" role=\"img\" xmlns=\"http:\/\/www.w3.org\/2000\/svg\" viewBox=\"0 0 512 512\" class=\"svg-inline--fa fa-chart-bar fa-w-16 fa-2x\"><path fill=\"currentColor\" d=\"M396.8 352h22.4c6.4 0 12.8-6.4 12.8-12.8V108.8c0-6.4-6.4-12.8-12.8-12.8h-22.4c-6.4 0-12.8 6.4-12.8 12.8v230.4c0 6.4 6.4 12.8 12.8 12.8zm-192 0h22.4c6.4 0 12.8-6.4 12.8-12.8V140.8c0-6.4-6.4-12.8-12.8-12.8h-22.4c-6.4 0-12.8 6.4-12.8 12.8v198.4c0 6.4 6.4 12.8 12.8 12.8zm96 0h22.4c6.4 0 12.8-6.4 12.8-12.8V204.8c0-6.4-6.4-12.8-12.8-12.8h-22.4c-6.4 0-12.8 6.4-12.8 12.8v134.4c0 6.4 6.4 12.8 12.8 12.8zM496 400H48V80c0-8.84-7.16-16-16-16H16C7.16 64 0 71.16 0 80v336c0 17.67 14.33 32 32 32h464c8.84 0 16-7.16 16-16v-16c0-8.84-7.16-16-16-16zm-387.2-48h22.4c6.4 0 12.8-6.4 12.8-12.8v-70.4c0-6.4-6.4-12.8-12.8-12.8h-22.4c-6.4 0-12.8 6.4-12.8 12.8v70.4c0 6.4 6.4 12.8 12.8 12.8z\" class=\"\"><\/path><\/svg><\/i> <img loading=\"lazy\" decoding=\"async\" width=\"16\" height=\"16\" alt=\"Loading\" src=\"https:\/\/csavoly.hu\/wp\/wp-content\/plugins\/page-views-count\/ajax-loader-2x.gif\" border=0 \/><\/p>\n<div class=\"pvc_clear\"><\/div>\n","protected":false},"excerpt":{"rendered":"<p>M\u00c1JUSFA \u00c1LL\u00cdT\u00c1S AZ IKSZT EL\u0150TT Id\u00e9n hagyom\u00e1nyt \u0151rz\u0151 tervekkel szervezt\u00fcnk egy &#8222;M\u00e1jusfa \u00e1ll\u00edt\u00e1st&#8221; a Nyugd\u00edjas Klub seg\u00edts\u00e9g\u00e9vel. Azt szeretn\u00e9nk, ha minden \u00e9vben ezent\u00fal legyen k\u00f6zs\u00e9g\u00fcnknek saj\u00e1t m\u00e1jusf\u00e1ja, amit majd k\u00f6z\u00f6sen ki is tudunk t\u00e1ncolni. Ezen program k\u00f6zben meg\u00e9rkezett hozz\u00e1nk a &#8222;Toborz\u00f3 Orsz\u00e1gfut\u00e1s 2016.&#8221; orsz\u00e1gos programsorozat fut\u00f3ja is, akinek k\u00f6zs\u00e9g\u00fcnk Polg\u00e1rmestere z\u00e1szl\u00f3szalagot adott \u00e1t, ezzel k\u00f6sz\u00f6ntve &hellip; <a href=\"https:\/\/csavoly.hu\/wp\/?page_id=505\" class=\"more-link\"><span class=\"screen-reader-text\">MAJ\u00c1LIS 2016.<\/span> b\u0151vebben&#8230; <span class=\"meta-nav\">&rarr;<\/span><\/a><\/p>\n<div class=\"pvc_clear\"><\/div>\n<p id=\"pvc_stats_505\" class=\"pvc_stats all  \" data-element-id=\"505\" style=\"\"><i class=\"pvc-stats-icon medium\" aria-hidden=\"true\"><svg aria-hidden=\"true\" focusable=\"false\" data-prefix=\"far\" data-icon=\"chart-bar\" role=\"img\" xmlns=\"http:\/\/www.w3.org\/2000\/svg\" viewBox=\"0 0 512 512\" class=\"svg-inline--fa fa-chart-bar fa-w-16 fa-2x\"><path fill=\"currentColor\" d=\"M396.8 352h22.4c6.4 0 12.8-6.4 12.8-12.8V108.8c0-6.4-6.4-12.8-12.8-12.8h-22.4c-6.4 0-12.8 6.4-12.8 12.8v230.4c0 6.4 6.4 12.8 12.8 12.8zm-192 0h22.4c6.4 0 12.8-6.4 12.8-12.8V140.8c0-6.4-6.4-12.8-12.8-12.8h-22.4c-6.4 0-12.8 6.4-12.8 12.8v198.4c0 6.4 6.4 12.8 12.8 12.8zm96 0h22.4c6.4 0 12.8-6.4 12.8-12.8V204.8c0-6.4-6.4-12.8-12.8-12.8h-22.4c-6.4 0-12.8 6.4-12.8 12.8v134.4c0 6.4 6.4 12.8 12.8 12.8zM496 400H48V80c0-8.84-7.16-16-16-16H16C7.16 64 0 71.16 0 80v336c0 17.67 14.33 32 32 32h464c8.84 0 16-7.16 16-16v-16c0-8.84-7.16-16-16-16zm-387.2-48h22.4c6.4 0 12.8-6.4 12.8-12.8v-70.4c0-6.4-6.4-12.8-12.8-12.8h-22.4c-6.4 0-12.8 6.4-12.8 12.8v70.4c0 6.4 6.4 12.8 12.8 12.8z\" class=\"\"><\/path><\/svg><\/i> <img loading=\"lazy\" decoding=\"async\" width=\"16\" height=\"16\" alt=\"Loading\" src=\"https:\/\/csavoly.hu\/wp\/wp-content\/plugins\/page-views-count\/ajax-loader-2x.gif\" border=0 \/><\/p>\n<div class=\"pvc_clear\"><\/div>\n","protected":false},"author":3,"featured_media":0,"parent":0,"menu_order":0,"comment_status":"closed","ping_status":"closed","template":"","meta":{"footnotes":""},"class_list":["post-505","page","type-page","status-publish","hentry"],"_links":{"self":[{"href":"https:\/\/csavoly.hu\/wp\/index.php?rest_route=\/wp\/v2\/pages\/505"}],"collection":[{"href":"https:\/\/csavoly.hu\/wp\/index.php?rest_route=\/wp\/v2\/pages"}],"about":[{"href":"https:\/\/csavoly.hu\/wp\/index.php?rest_route=\/wp\/v2\/types\/page"}],"author":[{"embeddable":true,"href":"https:\/\/csavoly.hu\/wp\/index.php?rest_route=\/wp\/v2\/users\/3"}],"replies":[{"embeddable":true,"href":"https:\/\/csavoly.hu\/wp\/index.php?rest_route=%2Fwp%2Fv2%2Fcomments&post=505"}],"version-history":[{"count":0,"href":"https:\/\/csavoly.hu\/wp\/index.php?rest_route=\/wp\/v2\/pages\/505\/revisions"}],"wp:attachment":[{"href":"https:\/\/csavoly.hu\/wp\/index.php?rest_route=%2Fwp%2Fv2%2Fmedia&parent=505"}],"curies":[{"name":"wp","href":"https:\/\/api.w.org\/{rel}","templated":true}]}}