{"id":52,"date":"2015-09-22T18:34:09","date_gmt":"2015-09-22T18:34:09","guid":{"rendered":"http:\/\/csavoly.hu\/wp\/?p=52"},"modified":"2020-05-13T10:21:18","modified_gmt":"2020-05-13T08:21:18","slug":"rendeletek","status":"publish","type":"page","link":"https:\/\/csavoly.hu\/wp\/?page_id=52","title":{"rendered":"Rendeletek"},"content":{"rendered":"<p style=\"font-weight: 400;\">\n<table style=\"font-weight: 400; height: 35px;\" width=\"805\">\n<tbody>\n<tr>\n<td width=\"50%\"><\/td>\n<\/tr>\n<\/tbody>\n<\/table>\n<p>Tisztelt \u00c9rdekl\u0151d\u0151!<\/p>\n<p style=\"font-weight: 400;\">A Nemzeti Jogszab\u00e1lyt\u00e1rr\u00f3l sz\u00f3l\u00f3 338\/2011. (XII. 29.) Korm. rendelet 4. \u00a7-a alapj\u00e1n a Nemzeti Jogszab\u00e1lyt\u00e1r internetes fel\u00fclet\u00e9n<\/p>\n<p style=\"font-weight: 400;\"><a href=\"http:\/\/www.njt.hu\/njt.php?onkormanyzati_rendeletek\" data-saferedirecturl=\"https:\/\/www.google.com\/url?q=http:\/\/www.njt.hu\/njt.php?onkormanyzati_rendeletek&amp;source=gmail&amp;ust=1585733601829000&amp;usg=AFQjCNHpZ0TvY9sNlPpMKGd01op59ucm5Q\">http:\/\/www.njt.hu\/njt.php?onkormanyzati_rendeletek<\/a><\/p>\n<p style=\"font-weight: 400;\">k\u00f6zz\u00e9 kell tenni a m\u00e9g hat\u00e1lyba nem l\u00e9pett \u00f6nkorm\u00e1nyzati rendeletek 2013. j\u00fanius 30. ut\u00e1n kihirdetett sz\u00f6veg\u00e9t. Egys\u00e9ges szerkezet\u0171 sz\u00f6veggel k\u00f6zz\u00e9 kell tenni tov\u00e1bb\u00e1 valamennyi, 2013. j\u00fanius 30. ut\u00e1n kihirdetett, \u00e9s a lek\u00e9rdez\u00e9s napj\u00e1n hat\u00e1lyos rendeletet, illetve ezek megel\u0151z\u0151 \u00e9s k\u00f6vetkez\u0151 egy-egy id\u0151\u00e1llapot\u00e1t.<\/p>\n<p style=\"font-weight: 400;\">Ennek megfelel\u0151en itt kereshet\u0151k \u00e9s t\u00f6lthet\u0151k le a Cs\u00e1voly K\u00f6zs\u00e9gi \u00d6nkorm\u00e1nyzat K\u00e9pvisel\u0151-test\u00fclete \u00e1ltal megalkotott \u00e9s kihirdetett rendeletek. A m\u00f3dos\u00edt\u00e1sokkal egys\u00e9ges szerkezet\u0171 hat\u00e1lyos rendeletek az al\u00e1bbiak szerint kereshet\u0151k:<\/p>\n<p style=\"font-weight: 400;\"><strong>B\u00e1cs-Kiskun megye kiv\u00e1laszt\u00e1sa<\/strong><\/p>\n<p style=\"font-weight: 400;\"><strong>Cs\u00e1voly telep\u00fcl\u00e9s kiv\u00e1laszt\u00e1sa<\/strong><\/p>\n<p style=\"font-weight: 400;\"><strong>hat\u00e1lyos kiv\u00e1laszt\u00e1sa<\/strong><\/p>\n<p style=\"font-weight: 400;\">\u00e9s az adott z\u00f6ld sz\u00ednnel jelzett rendeletn\u00e9l a napt\u00e1r ikon jelzi a vonatkoz\u00f3 id\u0151\u00e1llapotnak megfelel\u0151 hat\u00e1ly\u00fa sz\u00f6veget \u00e9s a rendelet legv\u00e9g\u00e9n a mell\u00e9klet is let\u00f6lthet\u0151.<\/p>\n<p style=\"font-weight: 400;\">A piros sz\u00ednnel \u00e1th\u00fazott rendeletek m\u00e1r hat\u00e1ly\u00e1t vesztett\u00e9k, a z\u00f6ld sz\u00ednnel jelzettek hat\u00e1lyosak.<\/p>\n<p style=\"font-weight: 400;\">Amennyiben a keres\u00e9sben probl\u00e9m\u00e1ja ad\u00f3dik, k\u00e9rem, jelezze az&nbsp;<a href=\"mailto:ugyintezo@csavoly.hu\">ugyintezo@csavoly.hu<\/a>&nbsp;e-mailc\u00edmen.<\/p>\n","protected":false},"excerpt":{"rendered":"<p>Tisztelt \u00c9rdekl\u0151d\u0151! A Nemzeti Jogszab\u00e1lyt\u00e1rr\u00f3l sz\u00f3l\u00f3 338\/2011. (XII. 29.) Korm. rendelet 4. \u00a7-a alapj\u00e1n a Nemzeti Jogszab\u00e1lyt\u00e1r internetes fel\u00fclet\u00e9n http:\/\/www.njt.hu\/njt.php?onkormanyzati_rendeletek k\u00f6zz\u00e9 kell tenni a m\u00e9g hat\u00e1lyba nem l\u00e9pett \u00f6nkorm\u00e1nyzati rendeletek 2013. j\u00fanius 30. ut\u00e1n kihirdetett sz\u00f6veg\u00e9t. Egys\u00e9ges szerkezet\u0171 sz\u00f6veggel k\u00f6zz\u00e9 kell tenni tov\u00e1bb\u00e1 valamennyi, 2013. j\u00fanius 30. ut\u00e1n kihirdetett, \u00e9s a lek\u00e9rdez\u00e9s napj\u00e1n hat\u00e1lyos rendeletet, &hellip; <a href=\"https:\/\/csavoly.hu\/wp\/?page_id=52\" class=\"more-link\"><span class=\"screen-reader-text\">Rendeletek<\/span> b\u0151vebben&#8230; <span class=\"meta-nav\">&rarr;<\/span><\/a><\/p>\n","protected":false},"author":1,"featured_media":0,"parent":0,"menu_order":0,"comment_status":"closed","ping_status":"open","template":"","meta":{"footnotes":""},"class_list":["post-52","page","type-page","status-publish","hentry"],"_links":{"self":[{"href":"https:\/\/csavoly.hu\/wp\/index.php?rest_route=\/wp\/v2\/pages\/52"}],"collection":[{"href":"https:\/\/csavoly.hu\/wp\/index.php?rest_route=\/wp\/v2\/pages"}],"about":[{"href":"https:\/\/csavoly.hu\/wp\/index.php?rest_route=\/wp\/v2\/types\/page"}],"author":[{"embeddable":true,"href":"https:\/\/csavoly.hu\/wp\/index.php?rest_route=\/wp\/v2\/users\/1"}],"replies":[{"embeddable":true,"href":"https:\/\/csavoly.hu\/wp\/index.php?rest_route=%2Fwp%2Fv2%2Fcomments&post=52"}],"version-history":[{"count":7,"href":"https:\/\/csavoly.hu\/wp\/index.php?rest_route=\/wp\/v2\/pages\/52\/revisions"}],"predecessor-version":[{"id":3135,"href":"https:\/\/csavoly.hu\/wp\/index.php?rest_route=\/wp\/v2\/pages\/52\/revisions\/3135"}],"wp:attachment":[{"href":"https:\/\/csavoly.hu\/wp\/index.php?rest_route=%2Fwp%2Fv2%2Fmedia&parent=52"}],"curies":[{"name":"wp","href":"https:\/\/api.w.org\/{rel}","templated":true}]}}