{"id":5558,"date":"2023-01-31T14:38:47","date_gmt":"2023-01-31T12:38:47","guid":{"rendered":"http:\/\/csavoly.hu\/wp\/?page_id=5558"},"modified":"2023-01-31T14:38:49","modified_gmt":"2023-01-31T12:38:49","slug":"bolcsode-es-egeszseghaz-atado","status":"publish","type":"page","link":"https:\/\/csavoly.hu\/wp\/?page_id=5558","title":{"rendered":"B\u00f6lcs\u0151de \u00e9s  eg\u00e9szs\u00e9gh\u00e1z \u00e1tad\u00f3"},"content":{"rendered":"\n<figure class=\"wp-block-image\"><a href=\"https:\/\/csavoly.hu\/wp\/wp-content\/uploads\/2023\/01\/325261229_1466180577247180_1013684608646694749_n.jpg\" target=\"_blank\" rel=\"noreferrer noopener\"><img loading=\"lazy\" decoding=\"async\" width=\"2048\" height=\"1366\" src=\"https:\/\/csavoly.hu\/wp\/wp-content\/uploads\/2023\/01\/325261229_1466180577247180_1013684608646694749_n.jpg\" alt=\"\" class=\"wp-image-5543\" srcset=\"https:\/\/csavoly.hu\/wp\/wp-content\/uploads\/2023\/01\/325261229_1466180577247180_1013684608646694749_n.jpg 2048w, https:\/\/csavoly.hu\/wp\/wp-content\/uploads\/2023\/01\/325261229_1466180577247180_1013684608646694749_n-768x512.jpg 768w\" sizes=\"(max-width: 2048px) 100vw, 2048px\" \/><\/a><\/figure>\n\n\n\n<figure class=\"wp-block-image\"><a href=\"https:\/\/csavoly.hu\/wp\/wp-content\/uploads\/2023\/01\/323584076_1381571259250903_5919374238153256309_n.jpg\" target=\"_blank\" rel=\"noreferrer noopener\"><img loading=\"lazy\" decoding=\"async\" width=\"2048\" height=\"1366\" src=\"https:\/\/csavoly.hu\/wp\/wp-content\/uploads\/2023\/01\/323584076_1381571259250903_5919374238153256309_n.jpg\" alt=\"\" class=\"wp-image-5547\" srcset=\"https:\/\/csavoly.hu\/wp\/wp-content\/uploads\/2023\/01\/323584076_1381571259250903_5919374238153256309_n.jpg 2048w, https:\/\/csavoly.hu\/wp\/wp-content\/uploads\/2023\/01\/323584076_1381571259250903_5919374238153256309_n-768x512.jpg 768w\" sizes=\"(max-width: 2048px) 100vw, 2048px\" \/><\/a><\/figure>\n\n\n\n<figure class=\"wp-block-image\"><a href=\"https:\/\/csavoly.hu\/wp\/wp-content\/uploads\/2023\/01\/324410234_1122028391789193_747166001917156965_n.jpg\" target=\"_blank\" rel=\"noreferrer noopener\"><img loading=\"lazy\" decoding=\"async\" width=\"2048\" height=\"1366\" src=\"https:\/\/csavoly.hu\/wp\/wp-content\/uploads\/2023\/01\/324410234_1122028391789193_747166001917156965_n.jpg\" alt=\"\" class=\"wp-image-5542\" srcset=\"https:\/\/csavoly.hu\/wp\/wp-content\/uploads\/2023\/01\/324410234_1122028391789193_747166001917156965_n.jpg 2048w, https:\/\/csavoly.hu\/wp\/wp-content\/uploads\/2023\/01\/324410234_1122028391789193_747166001917156965_n-768x512.jpg 768w\" sizes=\"(max-width: 2048px) 100vw, 2048px\" \/><\/a><\/figure>\n\n\n\n<figure class=\"wp-block-image\"><a href=\"https:\/\/csavoly.hu\/wp\/wp-content\/uploads\/2023\/01\/325966347_477809587901747_8320072279993339790_n.jpg\" target=\"_blank\" rel=\"noreferrer noopener\"><img loading=\"lazy\" decoding=\"async\" width=\"2048\" height=\"1366\" src=\"https:\/\/csavoly.hu\/wp\/wp-content\/uploads\/2023\/01\/325966347_477809587901747_8320072279993339790_n.jpg\" alt=\"\" class=\"wp-image-5550\" srcset=\"https:\/\/csavoly.hu\/wp\/wp-content\/uploads\/2023\/01\/325966347_477809587901747_8320072279993339790_n.jpg 2048w, https:\/\/csavoly.hu\/wp\/wp-content\/uploads\/2023\/01\/325966347_477809587901747_8320072279993339790_n-768x512.jpg 768w\" sizes=\"(max-width: 2048px) 100vw, 2048px\" \/><\/a><\/figure>\n\n\n\n<figure class=\"wp-block-image\"><a href=\"https:\/\/csavoly.hu\/wp\/wp-content\/uploads\/2023\/01\/324631189_709060687327171_3708171406502497672_n.jpg\" target=\"_blank\" rel=\"noreferrer noopener\"><img loading=\"lazy\" decoding=\"async\" width=\"2048\" height=\"1366\" src=\"https:\/\/csavoly.hu\/wp\/wp-content\/uploads\/2023\/01\/324631189_709060687327171_3708171406502497672_n.jpg\" alt=\"\" class=\"wp-image-5546\" srcset=\"https:\/\/csavoly.hu\/wp\/wp-content\/uploads\/2023\/01\/324631189_709060687327171_3708171406502497672_n.jpg 2048w, https:\/\/csavoly.hu\/wp\/wp-content\/uploads\/2023\/01\/324631189_709060687327171_3708171406502497672_n-768x512.jpg 768w\" sizes=\"(max-width: 2048px) 100vw, 2048px\" \/><\/a><\/figure>\n\n\n\n<figure class=\"wp-block-image\"><a href=\"https:\/\/csavoly.hu\/wp\/wp-content\/uploads\/2023\/01\/325121253_1128060987884916_1670119374882396091_n.jpg\" target=\"_blank\" rel=\"noreferrer noopener\"><img loading=\"lazy\" decoding=\"async\" width=\"2048\" height=\"1366\" src=\"https:\/\/csavoly.hu\/wp\/wp-content\/uploads\/2023\/01\/325121253_1128060987884916_1670119374882396091_n.jpg\" alt=\"\" class=\"wp-image-5548\" srcset=\"https:\/\/csavoly.hu\/wp\/wp-content\/uploads\/2023\/01\/325121253_1128060987884916_1670119374882396091_n.jpg 2048w, https:\/\/csavoly.hu\/wp\/wp-content\/uploads\/2023\/01\/325121253_1128060987884916_1670119374882396091_n-768x512.jpg 768w\" sizes=\"(max-width: 2048px) 100vw, 2048px\" \/><\/a><\/figure>\n\n\n\n<figure class=\"wp-block-image\"><a href=\"https:\/\/csavoly.hu\/wp\/wp-content\/uploads\/2023\/01\/324618150_1561321124280885_8242578374309449726_n.jpg\" target=\"_blank\" rel=\"noreferrer noopener\"><img loading=\"lazy\" decoding=\"async\" width=\"2048\" height=\"1366\" src=\"https:\/\/csavoly.hu\/wp\/wp-content\/uploads\/2023\/01\/324618150_1561321124280885_8242578374309449726_n.jpg\" alt=\"\" class=\"wp-image-5551\" srcset=\"https:\/\/csavoly.hu\/wp\/wp-content\/uploads\/2023\/01\/324618150_1561321124280885_8242578374309449726_n.jpg 2048w, https:\/\/csavoly.hu\/wp\/wp-content\/uploads\/2023\/01\/324618150_1561321124280885_8242578374309449726_n-768x512.jpg 768w\" sizes=\"(max-width: 2048px) 100vw, 2048px\" \/><\/a><\/figure>\n\n\n\n<figure class=\"wp-block-image\"><a href=\"https:\/\/csavoly.hu\/wp\/wp-content\/uploads\/2023\/01\/324100631_534290208795289_3561281073546016380_n.jpg\" target=\"_blank\" rel=\"noreferrer noopener\"><img loading=\"lazy\" decoding=\"async\" width=\"2048\" height=\"1366\" src=\"https:\/\/csavoly.hu\/wp\/wp-content\/uploads\/2023\/01\/324100631_534290208795289_3561281073546016380_n.jpg\" alt=\"\" class=\"wp-image-5544\" srcset=\"https:\/\/csavoly.hu\/wp\/wp-content\/uploads\/2023\/01\/324100631_534290208795289_3561281073546016380_n.jpg 2048w, https:\/\/csavoly.hu\/wp\/wp-content\/uploads\/2023\/01\/324100631_534290208795289_3561281073546016380_n-768x512.jpg 768w\" sizes=\"(max-width: 2048px) 100vw, 2048px\" \/><\/a><\/figure>\n\n\n\n<figure class=\"wp-block-image\"><a href=\"https:\/\/csavoly.hu\/wp\/wp-content\/uploads\/2023\/01\/324384540_1378658412886051_246976717809922984_n.jpg\" target=\"_blank\" rel=\"noreferrer noopener\"><img loading=\"lazy\" decoding=\"async\" width=\"2048\" height=\"1366\" src=\"https:\/\/csavoly.hu\/wp\/wp-content\/uploads\/2023\/01\/324384540_1378658412886051_246976717809922984_n.jpg\" alt=\"\" class=\"wp-image-5545\" srcset=\"https:\/\/csavoly.hu\/wp\/wp-content\/uploads\/2023\/01\/324384540_1378658412886051_246976717809922984_n.jpg 2048w, https:\/\/csavoly.hu\/wp\/wp-content\/uploads\/2023\/01\/324384540_1378658412886051_246976717809922984_n-768x512.jpg 768w\" sizes=\"(max-width: 2048px) 100vw, 2048px\" \/><\/a><\/figure>\n<div class=\"pvc_clear\"><\/div><p id=\"pvc_stats_5558\" class=\"pvc_stats all  \" data-element-id=\"5558\" style=\"\"><i class=\"pvc-stats-icon medium\" aria-hidden=\"true\"><svg aria-hidden=\"true\" focusable=\"false\" data-prefix=\"far\" data-icon=\"chart-bar\" role=\"img\" xmlns=\"http:\/\/www.w3.org\/2000\/svg\" viewBox=\"0 0 512 512\" class=\"svg-inline--fa fa-chart-bar fa-w-16 fa-2x\"><path fill=\"currentColor\" d=\"M396.8 352h22.4c6.4 0 12.8-6.4 12.8-12.8V108.8c0-6.4-6.4-12.8-12.8-12.8h-22.4c-6.4 0-12.8 6.4-12.8 12.8v230.4c0 6.4 6.4 12.8 12.8 12.8zm-192 0h22.4c6.4 0 12.8-6.4 12.8-12.8V140.8c0-6.4-6.4-12.8-12.8-12.8h-22.4c-6.4 0-12.8 6.4-12.8 12.8v198.4c0 6.4 6.4 12.8 12.8 12.8zm96 0h22.4c6.4 0 12.8-6.4 12.8-12.8V204.8c0-6.4-6.4-12.8-12.8-12.8h-22.4c-6.4 0-12.8 6.4-12.8 12.8v134.4c0 6.4 6.4 12.8 12.8 12.8zM496 400H48V80c0-8.84-7.16-16-16-16H16C7.16 64 0 71.16 0 80v336c0 17.67 14.33 32 32 32h464c8.84 0 16-7.16 16-16v-16c0-8.84-7.16-16-16-16zm-387.2-48h22.4c6.4 0 12.8-6.4 12.8-12.8v-70.4c0-6.4-6.4-12.8-12.8-12.8h-22.4c-6.4 0-12.8 6.4-12.8 12.8v70.4c0 6.4 6.4 12.8 12.8 12.8z\" class=\"\"><\/path><\/svg><\/i> <img loading=\"lazy\" decoding=\"async\" width=\"16\" height=\"16\" alt=\"Loading\" src=\"https:\/\/csavoly.hu\/wp\/wp-content\/plugins\/page-views-count\/ajax-loader-2x.gif\" border=0 \/><\/p><div class=\"pvc_clear\"><\/div>","protected":false},"excerpt":{"rendered":"<div class=\"pvc_clear\"><\/div>\n<p id=\"pvc_stats_5558\" class=\"pvc_stats all  \" data-element-id=\"5558\" style=\"\"><i class=\"pvc-stats-icon medium\" aria-hidden=\"true\"><svg aria-hidden=\"true\" focusable=\"false\" data-prefix=\"far\" data-icon=\"chart-bar\" role=\"img\" xmlns=\"http:\/\/www.w3.org\/2000\/svg\" viewBox=\"0 0 512 512\" class=\"svg-inline--fa fa-chart-bar fa-w-16 fa-2x\"><path fill=\"currentColor\" d=\"M396.8 352h22.4c6.4 0 12.8-6.4 12.8-12.8V108.8c0-6.4-6.4-12.8-12.8-12.8h-22.4c-6.4 0-12.8 6.4-12.8 12.8v230.4c0 6.4 6.4 12.8 12.8 12.8zm-192 0h22.4c6.4 0 12.8-6.4 12.8-12.8V140.8c0-6.4-6.4-12.8-12.8-12.8h-22.4c-6.4 0-12.8 6.4-12.8 12.8v198.4c0 6.4 6.4 12.8 12.8 12.8zm96 0h22.4c6.4 0 12.8-6.4 12.8-12.8V204.8c0-6.4-6.4-12.8-12.8-12.8h-22.4c-6.4 0-12.8 6.4-12.8 12.8v134.4c0 6.4 6.4 12.8 12.8 12.8zM496 400H48V80c0-8.84-7.16-16-16-16H16C7.16 64 0 71.16 0 80v336c0 17.67 14.33 32 32 32h464c8.84 0 16-7.16 16-16v-16c0-8.84-7.16-16-16-16zm-387.2-48h22.4c6.4 0 12.8-6.4 12.8-12.8v-70.4c0-6.4-6.4-12.8-12.8-12.8h-22.4c-6.4 0-12.8 6.4-12.8 12.8v70.4c0 6.4 6.4 12.8 12.8 12.8z\" class=\"\"><\/path><\/svg><\/i> <img loading=\"lazy\" decoding=\"async\" width=\"16\" height=\"16\" alt=\"Loading\" src=\"https:\/\/csavoly.hu\/wp\/wp-content\/plugins\/page-views-count\/ajax-loader-2x.gif\" border=0 \/><\/p>\n<div class=\"pvc_clear\"><\/div>\n","protected":false},"author":3,"featured_media":0,"parent":0,"menu_order":0,"comment_status":"closed","ping_status":"closed","template":"","meta":{"footnotes":""},"class_list":["post-5558","page","type-page","status-publish","hentry"],"_links":{"self":[{"href":"https:\/\/csavoly.hu\/wp\/index.php?rest_route=\/wp\/v2\/pages\/5558"}],"collection":[{"href":"https:\/\/csavoly.hu\/wp\/index.php?rest_route=\/wp\/v2\/pages"}],"about":[{"href":"https:\/\/csavoly.hu\/wp\/index.php?rest_route=\/wp\/v2\/types\/page"}],"author":[{"embeddable":true,"href":"https:\/\/csavoly.hu\/wp\/index.php?rest_route=\/wp\/v2\/users\/3"}],"replies":[{"embeddable":true,"href":"https:\/\/csavoly.hu\/wp\/index.php?rest_route=%2Fwp%2Fv2%2Fcomments&post=5558"}],"version-history":[{"count":1,"href":"https:\/\/csavoly.hu\/wp\/index.php?rest_route=\/wp\/v2\/pages\/5558\/revisions"}],"predecessor-version":[{"id":5559,"href":"https:\/\/csavoly.hu\/wp\/index.php?rest_route=\/wp\/v2\/pages\/5558\/revisions\/5559"}],"wp:attachment":[{"href":"https:\/\/csavoly.hu\/wp\/index.php?rest_route=%2Fwp%2Fv2%2Fmedia&parent=5558"}],"curies":[{"name":"wp","href":"https:\/\/api.w.org\/{rel}","templated":true}]}}