{"id":562,"date":"2016-07-11T11:32:49","date_gmt":"2016-07-11T11:32:49","guid":{"rendered":"http:\/\/csavoly.hu\/wp\/?page_id=562"},"modified":"2021-06-24T07:55:48","modified_gmt":"2021-06-24T05:55:48","slug":"konyvtar-informacios-es-kozossegi-hely","status":"publish","type":"page","link":"https:\/\/csavoly.hu\/wp\/?page_id=562","title":{"rendered":"K\u00f6nyvt\u00e1r, Inform\u00e1ci\u00f3s \u00e9s K\u00f6z\u00f6ss\u00e9gi Hely"},"content":{"rendered":"<p>A k\u00f6nyvt\u00e1r szolg\u00e1ltat\u00e1sait bemutat\u00f3 oldal el\u00e9rhet\u0151s\u00e9ge:<\/p>\n<p><a href=\"http:\/\/bacstudastar.hu\/csavoly\" target=\"_blank\" rel=\"noopener noreferrer\">http:\/\/bacstudastar.hu\/csavoly<\/a><\/p>\n<p><strong>El\u00e9rhet\u0151s\u00e9gek:<\/strong><\/p>\n<p><strong>Cs\u00e1voly, Arany J\u00e1nos utca 25.<\/strong><\/p>\n<p><strong>E-mail: csavolykonyvtar@freemail.hu<\/strong><\/p>\n<p><strong>Telefon: 0679 500326<\/strong><\/p>\n<p><a href=\"https:\/\/csavoly.hu\/wp\/wp-content\/uploads\/2016\/07\/k\u00f6nyvt\u00e1r.jpg\"><img loading=\"lazy\" decoding=\"async\" class=\"alignnone wp-image-568\" src=\"https:\/\/csavoly.hu\/wp\/wp-content\/uploads\/2016\/07\/k\u00f6nyvt\u00e1r-300x172.jpg\" alt=\"k\u00f6nyvt\u00e1r\" width=\"419\" height=\"240\" srcset=\"https:\/\/csavoly.hu\/wp\/wp-content\/uploads\/2016\/07\/k\u00f6nyvt\u00e1r-300x172.jpg 300w, https:\/\/csavoly.hu\/wp\/wp-content\/uploads\/2016\/07\/k\u00f6nyvt\u00e1r-1024x586.jpg 1024w\" sizes=\"(max-width: 419px) 100vw, 419px\" \/><\/a><\/p>\n<p><strong>Nyitva tart\u00e1s<\/strong><\/p>\n<p><strong>\u00a0 \u00a0 H\u00e9tf\u0151: \u00a0 \u00a0 \u00a0 \u00a0 \u00a0 \u00a0 \u00a09-12 \u00a0 \u00a014-18 \u00f3r\u00e1ig<\/strong><\/p>\n<p><strong>\u00a0 \u00a0 Kedd: \u00a0 \u00a0 \u00a0 \u00a0 \u00a0 \u00a0 14-18 \u00a0\u00f3r\u00e1ig<\/strong><\/p>\n<p><strong>\u00a0 \u00a0 Szerda: \u00a0 \u00a0 \u00a0 \u00a0 \u00a0 9-12 \u00a0 \u00a014-18 \u00a0\u00f3r\u00e1ig<\/strong><\/p>\n<p><strong>\u00a0 \u00a0 Cs\u00fct\u00f6rt\u00f6k: \u00a0 \u00a014-18 \u00a0\u00f3r\u00e1ig<\/strong><\/p>\n<p><strong>\u00a0 \u00a0 P\u00e9ntek: \u00a0 \u00a0 \u00a0 \u00a0 \u00a0 9-12 \u00a0 14-18 \u00a0\u00f3r\u00e1ig<\/strong><\/p>\n<p><strong>Szolg\u00e1ltat\u00e1saink:<\/strong><\/p>\n<ul>\n<li><strong>K\u00f6nyveket, foly\u00f3iratokat, hangosk\u00f6nyveket k\u00f6lcs\u00f6n\u00f6zhet, a k\u00f6lcs\u00f6nz\u00e9sben l\u00e9v\u0151 k\u00f6nyvekre el\u0151jegyz\u00e9st k\u00e9rhet<\/strong><\/li>\n<li><strong>A k\u00e9zik\u00f6nyveket helyben haszn\u00e1lhatja<\/strong><\/li>\n<li><strong>Helyben olvashatja a N\u0151k Lapja, a Junior Loves Nemzet, a Kerti Kalend\u00e1rium, a Praktika, az \u0150stermel\u0151, a Brav\u00f3 \u00e9s a Pet\u0151fi N\u00e9pe legfrissebb sz\u00e1mait<\/strong><\/li>\n<li><strong>K\u00f6nyvt\u00e1rk\u00f6zi k\u00f6lcs\u00f6nz\u00e9st k\u00e9rhet<\/strong><\/li>\n<li><strong>Sz\u00e1m\u00edt\u00f3g\u00e9pes szolg\u00e1ltat\u00e1sokat vehet ig\u00e9nybe, t\u00e1j\u00e9koz\u00f3dhat az interneten<\/strong><\/li>\n<li><strong>Digitaliz\u00e1lt nemzeti kult\u00far\u00e1lis \u00e9rt\u00e9keket ismerhet meg a MaNDa Ponton<\/strong><\/li>\n<li><strong>Eur\u00f3pai Uni\u00f3val Kapcsolatos inform\u00e1ci\u00f3khoz juthat<\/strong><\/li>\n<li><strong>T\u00e9r\u00edt\u00e9s ellen\u00e9ben technikai szolg\u00e1ltat\u00e1sokat k\u00e9rhet: f\u00e9nym\u00e1sol\u00e1st, nyomtat\u00e1st, szkennel\u00e9st<\/strong><\/li>\n<li><strong>Rendezv\u00e9nyeken, klubfoglalkoz\u00e1sokon, tanfolyamokon vehet r\u00e9szt<\/strong><\/li>\n<li><strong>H\u00f6c\u00f6gtet\u0151ket, mond\u00f3k\u00e1kat tanulhat kisbab\u00e1j\u00e1val<\/strong><\/li>\n<li><strong>A gyerekeket k\u00f6nyvt\u00e1ri foglalkoz\u00e1sok v\u00e1rj\u00e1k<\/strong><\/li>\n<\/ul>\n<p style=\"text-align: center;\"><em>L\u00e1togassa \u00d6n is a k\u00f6nyvt\u00e1rat!<\/em><\/p>\n<p>&#8212;&#8212;&#8212;&#8212;&#8212;&#8212;&#8212;&#8212;&#8212;&#8212;&#8212;&#8212;&#8212;&#8212;&#8212;&#8212;&#8212;&#8212;&#8212;&#8212;&#8212;&#8212;&#8212;&#8212;&#8212;&#8212;&#8212;&#8212;&#8212;&#8212;&#8212;&#8212;&#8212;&#8212;&#8212;&#8212;&#8212;&#8212;&#8212;&#8212;&#8212;&#8212;&#8212;&#8212;&#8212;&#8212;&#8212;&#8212;&#8212;&#8212;&#8212;&#8212;<\/p>\n<p style=\"text-align: center;\">Cs\u00e1volyon a K\u00f6nyvt\u00e1r, Inform\u00e1ci\u00f3s \u00e9s K\u00f6z\u00f6ss\u00e9gi Hely<\/p>\n<p style=\"text-align: center;\">a <strong>B\u00e1cs-Kiskun Megyei Katona J\u00f3zsef K\u00f6nyvt\u00e1r<\/strong> szolg\u00e1ltat\u00f3helyek\u00e9nt m\u0171k\u00f6dik.<\/p>\n<p style=\"text-align: center;\">A k\u00f6nyvt\u00e1r meg\u00faj\u00edt\u00e1sa 2013-ban<\/p>\n<p style=\"text-align: center;\">a<strong> Nemzeti Kultur\u00e1lis Alap<\/strong> \u00e9s a <strong>helyi \u00f6nkorm\u00e1nyzat<\/strong><\/p>\n<p style=\"text-align: center;\">t\u00e1mogat\u00e1s\u00e1val val\u00f3sult meg.<\/p>\n<div class=\"pvc_clear\"><\/div>\n<p id=\"pvc_stats_562\" class=\"pvc_stats all  \" data-element-id=\"562\" style=\"\"><i class=\"pvc-stats-icon medium\" aria-hidden=\"true\"><svg aria-hidden=\"true\" focusable=\"false\" data-prefix=\"far\" data-icon=\"chart-bar\" role=\"img\" xmlns=\"http:\/\/www.w3.org\/2000\/svg\" viewBox=\"0 0 512 512\" class=\"svg-inline--fa fa-chart-bar fa-w-16 fa-2x\"><path fill=\"currentColor\" d=\"M396.8 352h22.4c6.4 0 12.8-6.4 12.8-12.8V108.8c0-6.4-6.4-12.8-12.8-12.8h-22.4c-6.4 0-12.8 6.4-12.8 12.8v230.4c0 6.4 6.4 12.8 12.8 12.8zm-192 0h22.4c6.4 0 12.8-6.4 12.8-12.8V140.8c0-6.4-6.4-12.8-12.8-12.8h-22.4c-6.4 0-12.8 6.4-12.8 12.8v198.4c0 6.4 6.4 12.8 12.8 12.8zm96 0h22.4c6.4 0 12.8-6.4 12.8-12.8V204.8c0-6.4-6.4-12.8-12.8-12.8h-22.4c-6.4 0-12.8 6.4-12.8 12.8v134.4c0 6.4 6.4 12.8 12.8 12.8zM496 400H48V80c0-8.84-7.16-16-16-16H16C7.16 64 0 71.16 0 80v336c0 17.67 14.33 32 32 32h464c8.84 0 16-7.16 16-16v-16c0-8.84-7.16-16-16-16zm-387.2-48h22.4c6.4 0 12.8-6.4 12.8-12.8v-70.4c0-6.4-6.4-12.8-12.8-12.8h-22.4c-6.4 0-12.8 6.4-12.8 12.8v70.4c0 6.4 6.4 12.8 12.8 12.8z\" class=\"\"><\/path><\/svg><\/i> <img loading=\"lazy\" decoding=\"async\" width=\"16\" height=\"16\" alt=\"Loading\" src=\"https:\/\/csavoly.hu\/wp\/wp-content\/plugins\/page-views-count\/ajax-loader-2x.gif\" border=0 \/><\/p>\n<div class=\"pvc_clear\"><\/div>\n","protected":false},"excerpt":{"rendered":"<p>A k\u00f6nyvt\u00e1r szolg\u00e1ltat\u00e1sait bemutat\u00f3 oldal el\u00e9rhet\u0151s\u00e9ge: http:\/\/bacstudastar.hu\/csavoly El\u00e9rhet\u0151s\u00e9gek: Cs\u00e1voly, Arany J\u00e1nos utca 25. E-mail: csavolykonyvtar@freemail.hu Telefon: 0679 500326 Nyitva tart\u00e1s \u00a0 \u00a0 H\u00e9tf\u0151: \u00a0 \u00a0 \u00a0 \u00a0 \u00a0 \u00a0 \u00a09-12 \u00a0 \u00a014-18 \u00f3r\u00e1ig \u00a0 \u00a0 Kedd: \u00a0 \u00a0 \u00a0 \u00a0 \u00a0 \u00a0 14-18 \u00a0\u00f3r\u00e1ig \u00a0 \u00a0 Szerda: \u00a0 \u00a0 \u00a0 \u00a0 \u00a0 9-12 \u00a0 \u00a014-18 &hellip; <a href=\"https:\/\/csavoly.hu\/wp\/?page_id=562\" class=\"more-link\"><span class=\"screen-reader-text\">K\u00f6nyvt\u00e1r, Inform\u00e1ci\u00f3s \u00e9s K\u00f6z\u00f6ss\u00e9gi Hely<\/span> b\u0151vebben&#8230; <span class=\"meta-nav\">&rarr;<\/span><\/a><\/p>\n<div class=\"pvc_clear\"><\/div>\n<p id=\"pvc_stats_562\" class=\"pvc_stats all  \" data-element-id=\"562\" style=\"\"><i class=\"pvc-stats-icon medium\" aria-hidden=\"true\"><svg aria-hidden=\"true\" focusable=\"false\" data-prefix=\"far\" data-icon=\"chart-bar\" role=\"img\" xmlns=\"http:\/\/www.w3.org\/2000\/svg\" viewBox=\"0 0 512 512\" class=\"svg-inline--fa fa-chart-bar fa-w-16 fa-2x\"><path fill=\"currentColor\" d=\"M396.8 352h22.4c6.4 0 12.8-6.4 12.8-12.8V108.8c0-6.4-6.4-12.8-12.8-12.8h-22.4c-6.4 0-12.8 6.4-12.8 12.8v230.4c0 6.4 6.4 12.8 12.8 12.8zm-192 0h22.4c6.4 0 12.8-6.4 12.8-12.8V140.8c0-6.4-6.4-12.8-12.8-12.8h-22.4c-6.4 0-12.8 6.4-12.8 12.8v198.4c0 6.4 6.4 12.8 12.8 12.8zm96 0h22.4c6.4 0 12.8-6.4 12.8-12.8V204.8c0-6.4-6.4-12.8-12.8-12.8h-22.4c-6.4 0-12.8 6.4-12.8 12.8v134.4c0 6.4 6.4 12.8 12.8 12.8zM496 400H48V80c0-8.84-7.16-16-16-16H16C7.16 64 0 71.16 0 80v336c0 17.67 14.33 32 32 32h464c8.84 0 16-7.16 16-16v-16c0-8.84-7.16-16-16-16zm-387.2-48h22.4c6.4 0 12.8-6.4 12.8-12.8v-70.4c0-6.4-6.4-12.8-12.8-12.8h-22.4c-6.4 0-12.8 6.4-12.8 12.8v70.4c0 6.4 6.4 12.8 12.8 12.8z\" class=\"\"><\/path><\/svg><\/i> <img loading=\"lazy\" decoding=\"async\" width=\"16\" height=\"16\" alt=\"Loading\" src=\"https:\/\/csavoly.hu\/wp\/wp-content\/plugins\/page-views-count\/ajax-loader-2x.gif\" border=0 \/><\/p>\n<div class=\"pvc_clear\"><\/div>\n","protected":false},"author":3,"featured_media":0,"parent":0,"menu_order":0,"comment_status":"closed","ping_status":"closed","template":"","meta":{"footnotes":""},"class_list":["post-562","page","type-page","status-publish","hentry"],"_links":{"self":[{"href":"https:\/\/csavoly.hu\/wp\/index.php?rest_route=\/wp\/v2\/pages\/562"}],"collection":[{"href":"https:\/\/csavoly.hu\/wp\/index.php?rest_route=\/wp\/v2\/pages"}],"about":[{"href":"https:\/\/csavoly.hu\/wp\/index.php?rest_route=\/wp\/v2\/types\/page"}],"author":[{"embeddable":true,"href":"https:\/\/csavoly.hu\/wp\/index.php?rest_route=\/wp\/v2\/users\/3"}],"replies":[{"embeddable":true,"href":"https:\/\/csavoly.hu\/wp\/index.php?rest_route=%2Fwp%2Fv2%2Fcomments&post=562"}],"version-history":[{"count":1,"href":"https:\/\/csavoly.hu\/wp\/index.php?rest_route=\/wp\/v2\/pages\/562\/revisions"}],"predecessor-version":[{"id":4268,"href":"https:\/\/csavoly.hu\/wp\/index.php?rest_route=\/wp\/v2\/pages\/562\/revisions\/4268"}],"wp:attachment":[{"href":"https:\/\/csavoly.hu\/wp\/index.php?rest_route=%2Fwp%2Fv2%2Fmedia&parent=562"}],"curies":[{"name":"wp","href":"https:\/\/api.w.org\/{rel}","templated":true}]}}