{"id":5713,"date":"2023-02-07T10:02:53","date_gmt":"2023-02-07T08:02:53","guid":{"rendered":"http:\/\/csavoly.hu\/wp\/?page_id=5713"},"modified":"2023-02-07T10:27:10","modified_gmt":"2023-02-07T08:27:10","slug":"mellekletek","status":"publish","type":"page","link":"https:\/\/csavoly.hu\/wp\/?page_id=5713","title":{"rendered":"MELL\u00c9KLETEK, t\u00e9rk\u00e9pek"},"content":{"rendered":"\n<h1 class=\"wp-block-heading\"><a href=\"https:\/\/or.njt.hu\/download\/1952\/resources\/EJR_20713713-1._mell_klet_csavoly_szabalyozas_foly_kulterulet.pdf\" target=\"_blank\" rel=\"noreferrer noopener\" aria-label=\" (\u00faj f\u00fcl\u00f6n nyitja meg)\">1. IGAZGAT\u00c1SI TER\u00dcLET <br><\/a><br> <br><a rel=\"noreferrer noopener\" aria-label=\" (\u00faj f\u00fcl\u00f6n nyitja meg)\" href=\"https:\/\/or.njt.hu\/download\/1952\/resources\/EJR_21142463-2._mell_klet_csavoly_szabalyozas_foly_belterulet.pdf\" target=\"_blank\">2. BELTER\u00dcLET \u00c9S CSATLAKOZ\u00d3 BE\u00c9P\u00cdT\u00c9SRE SZ\u00c1NT TER\u00dcLET <\/a><\/h1>\n\n\n\n<h1 class=\"wp-block-heading\"><a rel=\"noreferrer noopener\" aria-label=\"3. BE\u00c9P\u00cdT\u00c9SRE SZ\u00c1NT \u00c9P\u00cdT\u00c9SI \u00d6VEZETEK R\u00c9SZLETES EL\u0150\u00cdR\u00c1SAI (\u00faj f\u00fcl\u00f6n nyitja meg)\" href=\"https:\/\/or.njt.hu\/download\/1952\/resources\/EJR_20714627-3._mell_klet_Be_p_t_sre_sz_nt__p_t_si__vezetek_r_szletes_el__r_sai.pdf\" target=\"_blank\">3. BE\u00c9P\u00cdT\u00c9SRE SZ\u00c1NT \u00c9P\u00cdT\u00c9SI \u00d6VEZETEK R\u00c9SZLETES EL\u0150\u00cdR\u00c1SAI<\/a><\/h1>\n\n\n\n<h1 class=\"wp-block-heading\"><a href=\"https:\/\/or.njt.hu\/download\/1952\/resources\/EJR_20714629-4._mell_klet_Be_p_t_sre_nem_sz_nt__vezetek_el__r_sai.pdf\" target=\"_blank\" rel=\"noreferrer noopener\" aria-label=\" (\u00faj f\u00fcl\u00f6n nyitja meg)\">4. BE\u00c9P\u00cdT\u00c9SRE NEM SZ\u00c1NT \u00d6VEZETEK EL\u0150\u00cdR\u00c1SAI<\/a><\/h1>\n\n\n\n<h1 class=\"wp-block-heading\"><a href=\"https:\/\/or.njt.hu\/download\/1952\/resources\/EJR_20714645-5._mell_klet__llattart___p_tm_nyek_v_d_t_vols_gai.pdf\" target=\"_blank\" rel=\"noreferrer noopener\" aria-label=\"5. \u00c1LLATTART\u00d3 \u00c9P\u00cdTM\u00c9NYEK V\u00c9D\u0150T\u00c1VOLS\u00c1GAI (\u00faj f\u00fcl\u00f6n nyitja meg)\">5. \u00c1LLATTART\u00d3 \u00c9P\u00cdTM\u00c9NYEK V\u00c9D\u0150T\u00c1VOLS\u00c1GAI<\/a><\/h1>\n\n\n\n<h1 class=\"wp-block-heading\"><a href=\"https:\/\/or.njt.hu\/download\/1952\/resources\/EJR_20714648-6._mell_klet_Tervezett_k_zleked_si_ter_letek_mintakeresztszelv_nyei.pdf\" target=\"_blank\" rel=\"noreferrer noopener\" aria-label=\"6. TERVEZETT K\u00d6ZLEKED\u00c9SI TER\u00dcLETEK MINTAKERESZTSZELV\u00c9NYEI (\u00faj f\u00fcl\u00f6n nyitja meg)\">6. TERVEZETT K\u00d6ZLEKED\u00c9SI TER\u00dcLETEK MINTAKERESZTSZELV\u00c9NYEI<\/a><\/h1>\n\n\n\n<h1 class=\"wp-block-heading\"><a href=\"https:\/\/or.njt.hu\/download\/1952\/resources\/EJR_20715401-7._mell_klet_napelempark_lehat_rol_sa.pdf\" target=\"_blank\" rel=\"noreferrer noopener\" aria-label=\"7. B\u00c1CS-KISKUN MEGYEI TER\u00dcLETRENDEZ\u00c9SI TERV \u201cNAPELEMPARK ELHELYEZ\u00c9S\u00c9RE SZOLG\u00c1L\u00d3 K\u00dcL\u00d6NLEGES\u201d \u00d6VEZET LEHAT\u00c1ROL\u00c1SA (\u00faj f\u00fcl\u00f6n nyitja meg)\">7. B\u00c1CS-KISKUN MEGYEI TER\u00dcLETRENDEZ\u00c9SI TERV \u201cNAPELEMPARK ELHELYEZ\u00c9S\u00c9RE SZOLG\u00c1L\u00d3 K\u00dcL\u00d6NLEGES\u201d \u00d6VEZET LEHAT\u00c1ROL\u00c1SA<\/a><\/h1>\n<div class=\"pvc_clear\"><\/div><p id=\"pvc_stats_5713\" class=\"pvc_stats all  \" data-element-id=\"5713\" style=\"\"><i class=\"pvc-stats-icon medium\" aria-hidden=\"true\"><svg aria-hidden=\"true\" focusable=\"false\" data-prefix=\"far\" data-icon=\"chart-bar\" role=\"img\" xmlns=\"http:\/\/www.w3.org\/2000\/svg\" viewBox=\"0 0 512 512\" class=\"svg-inline--fa fa-chart-bar fa-w-16 fa-2x\"><path fill=\"currentColor\" d=\"M396.8 352h22.4c6.4 0 12.8-6.4 12.8-12.8V108.8c0-6.4-6.4-12.8-12.8-12.8h-22.4c-6.4 0-12.8 6.4-12.8 12.8v230.4c0 6.4 6.4 12.8 12.8 12.8zm-192 0h22.4c6.4 0 12.8-6.4 12.8-12.8V140.8c0-6.4-6.4-12.8-12.8-12.8h-22.4c-6.4 0-12.8 6.4-12.8 12.8v198.4c0 6.4 6.4 12.8 12.8 12.8zm96 0h22.4c6.4 0 12.8-6.4 12.8-12.8V204.8c0-6.4-6.4-12.8-12.8-12.8h-22.4c-6.4 0-12.8 6.4-12.8 12.8v134.4c0 6.4 6.4 12.8 12.8 12.8zM496 400H48V80c0-8.84-7.16-16-16-16H16C7.16 64 0 71.16 0 80v336c0 17.67 14.33 32 32 32h464c8.84 0 16-7.16 16-16v-16c0-8.84-7.16-16-16-16zm-387.2-48h22.4c6.4 0 12.8-6.4 12.8-12.8v-70.4c0-6.4-6.4-12.8-12.8-12.8h-22.4c-6.4 0-12.8 6.4-12.8 12.8v70.4c0 6.4 6.4 12.8 12.8 12.8z\" class=\"\"><\/path><\/svg><\/i> <img loading=\"lazy\" decoding=\"async\" width=\"16\" height=\"16\" alt=\"Loading\" src=\"https:\/\/csavoly.hu\/wp\/wp-content\/plugins\/page-views-count\/ajax-loader-2x.gif\" border=0 \/><\/p><div class=\"pvc_clear\"><\/div>","protected":false},"excerpt":{"rendered":"<p>1. IGAZGAT\u00c1SI TER\u00dcLET 2. BELTER\u00dcLET \u00c9S CSATLAKOZ\u00d3 BE\u00c9P\u00cdT\u00c9SRE SZ\u00c1NT TER\u00dcLET 3. BE\u00c9P\u00cdT\u00c9SRE SZ\u00c1NT \u00c9P\u00cdT\u00c9SI \u00d6VEZETEK R\u00c9SZLETES EL\u0150\u00cdR\u00c1SAI 4. BE\u00c9P\u00cdT\u00c9SRE NEM SZ\u00c1NT \u00d6VEZETEK EL\u0150\u00cdR\u00c1SAI 5. \u00c1LLATTART\u00d3 \u00c9P\u00cdTM\u00c9NYEK V\u00c9D\u0150T\u00c1VOLS\u00c1GAI 6. TERVEZETT K\u00d6ZLEKED\u00c9SI TER\u00dcLETEK MINTAKERESZTSZELV\u00c9NYEI 7. B\u00c1CS-KISKUN MEGYEI TER\u00dcLETRENDEZ\u00c9SI TERV \u201cNAPELEMPARK ELHELYEZ\u00c9S\u00c9RE SZOLG\u00c1L\u00d3 K\u00dcL\u00d6NLEGES\u201d \u00d6VEZET LEHAT\u00c1ROL\u00c1SA<\/p>\n<div class=\"pvc_clear\"><\/div>\n<p id=\"pvc_stats_5713\" class=\"pvc_stats all  \" data-element-id=\"5713\" style=\"\"><i class=\"pvc-stats-icon medium\" aria-hidden=\"true\"><svg aria-hidden=\"true\" focusable=\"false\" data-prefix=\"far\" data-icon=\"chart-bar\" role=\"img\" xmlns=\"http:\/\/www.w3.org\/2000\/svg\" viewBox=\"0 0 512 512\" class=\"svg-inline--fa fa-chart-bar fa-w-16 fa-2x\"><path fill=\"currentColor\" d=\"M396.8 352h22.4c6.4 0 12.8-6.4 12.8-12.8V108.8c0-6.4-6.4-12.8-12.8-12.8h-22.4c-6.4 0-12.8 6.4-12.8 12.8v230.4c0 6.4 6.4 12.8 12.8 12.8zm-192 0h22.4c6.4 0 12.8-6.4 12.8-12.8V140.8c0-6.4-6.4-12.8-12.8-12.8h-22.4c-6.4 0-12.8 6.4-12.8 12.8v198.4c0 6.4 6.4 12.8 12.8 12.8zm96 0h22.4c6.4 0 12.8-6.4 12.8-12.8V204.8c0-6.4-6.4-12.8-12.8-12.8h-22.4c-6.4 0-12.8 6.4-12.8 12.8v134.4c0 6.4 6.4 12.8 12.8 12.8zM496 400H48V80c0-8.84-7.16-16-16-16H16C7.16 64 0 71.16 0 80v336c0 17.67 14.33 32 32 32h464c8.84 0 16-7.16 16-16v-16c0-8.84-7.16-16-16-16zm-387.2-48h22.4c6.4 0 12.8-6.4 12.8-12.8v-70.4c0-6.4-6.4-12.8-12.8-12.8h-22.4c-6.4 0-12.8 6.4-12.8 12.8v70.4c0 6.4 6.4 12.8 12.8 12.8z\" class=\"\"><\/path><\/svg><\/i> <img loading=\"lazy\" decoding=\"async\" width=\"16\" height=\"16\" alt=\"Loading\" src=\"https:\/\/csavoly.hu\/wp\/wp-content\/plugins\/page-views-count\/ajax-loader-2x.gif\" border=0 \/><\/p>\n<div class=\"pvc_clear\"><\/div>\n","protected":false},"author":3,"featured_media":0,"parent":0,"menu_order":0,"comment_status":"closed","ping_status":"closed","template":"","meta":{"footnotes":""},"class_list":["post-5713","page","type-page","status-publish","hentry"],"_links":{"self":[{"href":"https:\/\/csavoly.hu\/wp\/index.php?rest_route=\/wp\/v2\/pages\/5713"}],"collection":[{"href":"https:\/\/csavoly.hu\/wp\/index.php?rest_route=\/wp\/v2\/pages"}],"about":[{"href":"https:\/\/csavoly.hu\/wp\/index.php?rest_route=\/wp\/v2\/types\/page"}],"author":[{"embeddable":true,"href":"https:\/\/csavoly.hu\/wp\/index.php?rest_route=\/wp\/v2\/users\/3"}],"replies":[{"embeddable":true,"href":"https:\/\/csavoly.hu\/wp\/index.php?rest_route=%2Fwp%2Fv2%2Fcomments&post=5713"}],"version-history":[{"count":6,"href":"https:\/\/csavoly.hu\/wp\/index.php?rest_route=\/wp\/v2\/pages\/5713\/revisions"}],"predecessor-version":[{"id":5728,"href":"https:\/\/csavoly.hu\/wp\/index.php?rest_route=\/wp\/v2\/pages\/5713\/revisions\/5728"}],"wp:attachment":[{"href":"https:\/\/csavoly.hu\/wp\/index.php?rest_route=%2Fwp%2Fv2%2Fmedia&parent=5713"}],"curies":[{"name":"wp","href":"https:\/\/api.w.org\/{rel}","templated":true}]}}